{"id":3010,"date":"2024-04-09T12:02:38","date_gmt":"2024-04-09T10:02:38","guid":{"rendered":"https:\/\/www.drewnianamagia.pl\/?post_type=product&#038;p=3010"},"modified":"2025-12-15T21:00:07","modified_gmt":"2025-12-15T20:00:07","slug":"bony-od-zony-pomysl-na-prezent-dla-meza","status":"publish","type":"product","link":"https:\/\/www.drewnianamagia.pl\/index.php\/produkt\/bony-od-zony-pomysl-na-prezent-dla-meza\/","title":{"rendered":"Bony od \u017bony &#8211; pomys\u0142 na prezent dla m\u0119\u017ca"},"content":{"rendered":"<p style=\"text-align: center;\"><strong>Bony od \u017bony &#8211; pomys\u0142 na prezent dla m\u0119\u017ca.<\/strong><\/p>\n<p style=\"text-align: center;\">Idealny na Urodziny, Rocznice, Imieniny, Walentynki, Dzie\u0144 Ch\u0142opaka, a tak\u017ce bez okazji, <span style=\"color: #ff0000;\">bo ka\u017cdy moment jest dobry do celebrowania wsp\u00f3lnych chwil \ud83d\ude42<\/span><\/p>\n<p style=\"text-align: center;\"><img loading=\"lazy\" decoding=\"async\" class=\"aligncenter size-full wp-image-2976\" src=\"https:\/\/www.drewnianamagia.pl\/wp-content\/uploads\/2024\/04\/bony-animacja.gif\" alt=\"Tablica - bony od zony - animacja\" width=\"300\" height=\"300\" \/><\/p>\n<p>Tablica grawerowana z wysokiej jako\u015bci sklejki z bonami do wy\u0142amania, kt\u00f3re uszcz\u0119\u015bliwi\u0105 ka\u017cdego m\u0119\u017ca. Mo\u017cesz spersonalizowa\u0107 ten produkt podaj\u0105c w\u0142asne propozycje.<\/p>\n<p><span style=\"color: #ff0000;\">Szczeg\u00f3\u0142y produktu:<\/span><\/p>\n<ol>\n<li><span style=\"color: #ff0000;\"><strong>Personalizacja<\/strong><\/span>\n<ul>\n<li>Mo\u017cliwo\u015b\u0107 zmiany tre\u015bci ka\u017cdego bonu (daj nam zna\u0107 je\u015bli chcesz je zmieni\u0107)<\/li>\n<li>Mo\u017cliwo\u015b\u0107 ustalenia tre\u015bci dla ostatniego &#8222;pustego&#8221; bonu<\/li>\n<li>W przypadku braku informacji dotycz\u0105cych modyfikacji &#8211; wykonamy tablic\u0119 o tre\u015bci jak w ofercie.<\/li>\n<\/ul>\n<\/li>\n<li>\u00a0<strong>Wymiary<\/strong>\n<ul>\n<li>szeroko\u015b\u0107 tablicy:\u00a0 25cm<\/li>\n<li>wysoko\u015b\u0107 tablicy: 19 cm<\/li>\n<li>grubo\u015b\u0107 tablicy: ok. 3mm<\/li>\n<li>wymiary ka\u017cdego bonu: 6 cm x 3,5 cm<\/li>\n<\/ul>\n<\/li>\n<li><strong>Materia\u0142 i pozosta\u0142e informacje:<\/strong>\n<ul>\n<li>Wysokiej jako\u015bci sklejka<\/li>\n<li>Wyra\u017any i g\u0142\u0119boki grawer laserowy<\/li>\n<li>R\u0119cznie szlifowana<\/li>\n<li>Zawiera 6 bon\u00f3w<\/li>\n<li>\u0141atwe wy\u0142amywanie bon\u00f3w &#8211; \u0142\u0105czniki dodatkowo precyzyjnie naci\u0119te.<\/li>\n<\/ul>\n<\/li>\n<\/ol>\n<p>&nbsp;<\/p>\n<p>&nbsp;<\/p>\n","protected":false},"excerpt":{"rendered":"<p>Bony od \u017bony &#8211; pomys\u0142 na prezent dla m\u0119\u017ca. Idealny na Urodziny, Rocznice, Imieniny, Walentynki, Dzie\u0144 Ch\u0142opaka, a tak\u017ce bez okazji, bo ka\u017cdy moment jest dobry do celebrowania wsp\u00f3lnych chwil \ud83d\ude42 Tablica grawerowana z wysokiej jako\u015bci sklejki z bonami do wy\u0142amania, kt\u00f3re uszcz\u0119\u015bliwi\u0105 ka\u017cdego m\u0119\u017ca. Mo\u017cesz spersonalizowa\u0107 ten produkt podaj\u0105c w\u0142asne propozycje. Szczeg\u00f3\u0142y produktu: Personalizacja [&hellip;]<\/p>\n","protected":false},"featured_media":2979,"comment_status":"open","ping_status":"closed","template":"","meta":{"_acf_changed":false},"product_brand":[],"product_cat":[109,92,105,96,99],"product_tag":[54],"class_list":{"0":"post-3010","1":"product","2":"type-product","3":"status-publish","4":"has-post-thumbnail","6":"product_cat-dzien-chlopaka","7":"product_cat-gadzety","8":"product_cat-rocznice","9":"product_cat-urodziny-imieniny","10":"product_cat-walentynki","11":"product_tag-personalizacja","13":"first","14":"instock","15":"taxable","16":"shipping-taxable","17":"purchasable","18":"product-type-simple"},"acf":[],"yoast_head":"<!-- This site is optimized with the Yoast SEO plugin v27.5 - https:\/\/yoast.com\/product\/yoast-seo-wordpress\/ -->\n<title>Bony od \u017bony - pomys\u0142 na prezent dla m\u0119\u017ca - Drewniana Magia<\/title>\n<meta name=\"description\" content=\"Pomys\u0142 na prezent dla m\u0119\u017ca - Bony do wykorzystania u \u017cony z mo\u017cliwo\u015bci\u0105 personalizacji. Drewniana tablica z bonami do wy\u0142amania.\" \/>\n<meta name=\"robots\" content=\"index, follow, max-snippet:-1, max-image-preview:large, max-video-preview:-1\" \/>\n<link rel=\"canonical\" href=\"https:\/\/www.drewnianamagia.pl\/index.php\/produkt\/bony-od-zony-pomysl-na-prezent-dla-meza\/\" \/>\n<meta property=\"og:locale\" content=\"pl_PL\" \/>\n<meta property=\"og:type\" content=\"article\" \/>\n<meta property=\"og:title\" content=\"Bony od \u017bony - pomys\u0142 na prezent dla m\u0119\u017ca - Drewniana Magia\" \/>\n<meta property=\"og:description\" content=\"Pomys\u0142 na prezent dla m\u0119\u017ca - Bony do wykorzystania u \u017cony z mo\u017cliwo\u015bci\u0105 personalizacji. Drewniana tablica z bonami do wy\u0142amania.\" \/>\n<meta property=\"og:url\" content=\"https:\/\/www.drewnianamagia.pl\/index.php\/produkt\/bony-od-zony-pomysl-na-prezent-dla-meza\/\" \/>\n<meta property=\"og:site_name\" content=\"Drewniana Magia\" \/>\n<meta property=\"article:publisher\" content=\"https:\/\/facebook.com\/BelasDrewnianaMagia\" \/>\n<meta property=\"article:modified_time\" content=\"2025-12-15T20:00:07+00:00\" \/>\n<meta property=\"og:image\" content=\"https:\/\/www.drewnianamagia.pl\/wp-content\/uploads\/2024\/04\/bony-od-zony-1.jpg\" \/>\n\t<meta property=\"og:image:width\" content=\"1000\" \/>\n\t<meta property=\"og:image:height\" content=\"1000\" \/>\n\t<meta property=\"og:image:type\" content=\"image\/jpeg\" \/>\n<meta name=\"twitter:card\" content=\"summary_large_image\" \/>\n<meta name=\"twitter:label1\" content=\"Szacowany czas czytania\" \/>\n\t<meta name=\"twitter:data1\" content=\"2 minuty\" \/>\n<script type=\"application\/ld+json\" class=\"yoast-schema-graph\">{\"@context\":\"https:\\\/\\\/schema.org\",\"@graph\":[{\"@type\":\"WebPage\",\"@id\":\"https:\\\/\\\/www.drewnianamagia.pl\\\/index.php\\\/produkt\\\/bony-od-zony-pomysl-na-prezent-dla-meza\\\/\",\"url\":\"https:\\\/\\\/www.drewnianamagia.pl\\\/index.php\\\/produkt\\\/bony-od-zony-pomysl-na-prezent-dla-meza\\\/\",\"name\":\"Bony od \u017bony - pomys\u0142 na prezent dla m\u0119\u017ca - Drewniana Magia\",\"isPartOf\":{\"@id\":\"https:\\\/\\\/www.drewnianamagia.pl\\\/#website\"},\"primaryImageOfPage\":{\"@id\":\"https:\\\/\\\/www.drewnianamagia.pl\\\/index.php\\\/produkt\\\/bony-od-zony-pomysl-na-prezent-dla-meza\\\/#primaryimage\"},\"image\":{\"@id\":\"https:\\\/\\\/www.drewnianamagia.pl\\\/index.php\\\/produkt\\\/bony-od-zony-pomysl-na-prezent-dla-meza\\\/#primaryimage\"},\"thumbnailUrl\":\"https:\\\/\\\/www.drewnianamagia.pl\\\/wp-content\\\/uploads\\\/2024\\\/04\\\/bony-od-zony-1.jpg\",\"datePublished\":\"2024-04-09T10:02:38+00:00\",\"dateModified\":\"2025-12-15T20:00:07+00:00\",\"description\":\"Pomys\u0142 na prezent dla m\u0119\u017ca - Bony do wykorzystania u \u017cony z mo\u017cliwo\u015bci\u0105 personalizacji. Drewniana tablica z bonami do wy\u0142amania.\",\"breadcrumb\":{\"@id\":\"https:\\\/\\\/www.drewnianamagia.pl\\\/index.php\\\/produkt\\\/bony-od-zony-pomysl-na-prezent-dla-meza\\\/#breadcrumb\"},\"inLanguage\":\"pl-PL\",\"potentialAction\":[{\"@type\":\"ReadAction\",\"target\":[\"https:\\\/\\\/www.drewnianamagia.pl\\\/index.php\\\/produkt\\\/bony-od-zony-pomysl-na-prezent-dla-meza\\\/\"]}]},{\"@type\":\"ImageObject\",\"inLanguage\":\"pl-PL\",\"@id\":\"https:\\\/\\\/www.drewnianamagia.pl\\\/index.php\\\/produkt\\\/bony-od-zony-pomysl-na-prezent-dla-meza\\\/#primaryimage\",\"url\":\"https:\\\/\\\/www.drewnianamagia.pl\\\/wp-content\\\/uploads\\\/2024\\\/04\\\/bony-od-zony-1.jpg\",\"contentUrl\":\"https:\\\/\\\/www.drewnianamagia.pl\\\/wp-content\\\/uploads\\\/2024\\\/04\\\/bony-od-zony-1.jpg\",\"width\":1000,\"height\":1000,\"caption\":\"Bony od \u017cony - tablica\"},{\"@type\":\"BreadcrumbList\",\"@id\":\"https:\\\/\\\/www.drewnianamagia.pl\\\/index.php\\\/produkt\\\/bony-od-zony-pomysl-na-prezent-dla-meza\\\/#breadcrumb\",\"itemListElement\":[{\"@type\":\"ListItem\",\"position\":1,\"name\":\"Strona g\u0142\u00f3wna\",\"item\":\"https:\\\/\\\/www.drewnianamagia.pl\\\/\"},{\"@type\":\"ListItem\",\"position\":2,\"name\":\"Sklep\",\"item\":\"https:\\\/\\\/www.drewnianamagia.pl\\\/index.php\\\/sklep-internetowy-drewnianamagia\\\/\"},{\"@type\":\"ListItem\",\"position\":3,\"name\":\"Bony od \u017bony &#8211; pomys\u0142 na prezent dla m\u0119\u017ca\"}]},{\"@type\":\"WebSite\",\"@id\":\"https:\\\/\\\/www.drewnianamagia.pl\\\/#website\",\"url\":\"https:\\\/\\\/www.drewnianamagia.pl\\\/\",\"name\":\"Drewniana Magia\",\"description\":\"Personalizowane prezenty i dekoracje z drewna i druku 3D, na ka\u017cd\u0105 okazj\u0119 i okoliczno\u015b\u0107. Urodziny, Chrzest, Przyj\u0119cie, \u015awi\u0119ta, \u015alub\",\"publisher\":{\"@id\":\"https:\\\/\\\/www.drewnianamagia.pl\\\/#organization\"},\"potentialAction\":[{\"@type\":\"SearchAction\",\"target\":{\"@type\":\"EntryPoint\",\"urlTemplate\":\"https:\\\/\\\/www.drewnianamagia.pl\\\/?s={search_term_string}\"},\"query-input\":{\"@type\":\"PropertyValueSpecification\",\"valueRequired\":true,\"valueName\":\"search_term_string\"}}],\"inLanguage\":\"pl-PL\"},{\"@type\":\"Organization\",\"@id\":\"https:\\\/\\\/www.drewnianamagia.pl\\\/#organization\",\"name\":\"Drewniana Magia\",\"url\":\"https:\\\/\\\/www.drewnianamagia.pl\\\/\",\"logo\":{\"@type\":\"ImageObject\",\"inLanguage\":\"pl-PL\",\"@id\":\"https:\\\/\\\/www.drewnianamagia.pl\\\/#\\\/schema\\\/logo\\\/image\\\/\",\"url\":\"https:\\\/\\\/www.drewnianamagia.pl\\\/wp-content\\\/uploads\\\/2024\\\/02\\\/cropped-LOGO-DrewnianaMagia-375x188-1.png\",\"contentUrl\":\"https:\\\/\\\/www.drewnianamagia.pl\\\/wp-content\\\/uploads\\\/2024\\\/02\\\/cropped-LOGO-DrewnianaMagia-375x188-1.png\",\"width\":374,\"height\":188,\"caption\":\"Drewniana Magia\"},\"image\":{\"@id\":\"https:\\\/\\\/www.drewnianamagia.pl\\\/#\\\/schema\\\/logo\\\/image\\\/\"},\"sameAs\":[\"https:\\\/\\\/facebook.com\\\/BelasDrewnianaMagia\"]}]}<\/script>\n<!-- \/ Yoast SEO plugin. -->","yoast_head_json":{"title":"Bony od \u017bony - pomys\u0142 na prezent dla m\u0119\u017ca - Drewniana Magia","description":"Pomys\u0142 na prezent dla m\u0119\u017ca - Bony do wykorzystania u \u017cony z mo\u017cliwo\u015bci\u0105 personalizacji. Drewniana tablica z bonami do wy\u0142amania.","robots":{"index":"index","follow":"follow","max-snippet":"max-snippet:-1","max-image-preview":"max-image-preview:large","max-video-preview":"max-video-preview:-1"},"canonical":"https:\/\/www.drewnianamagia.pl\/index.php\/produkt\/bony-od-zony-pomysl-na-prezent-dla-meza\/","og_locale":"pl_PL","og_type":"article","og_title":"Bony od \u017bony - pomys\u0142 na prezent dla m\u0119\u017ca - Drewniana Magia","og_description":"Pomys\u0142 na prezent dla m\u0119\u017ca - Bony do wykorzystania u \u017cony z mo\u017cliwo\u015bci\u0105 personalizacji. Drewniana tablica z bonami do wy\u0142amania.","og_url":"https:\/\/www.drewnianamagia.pl\/index.php\/produkt\/bony-od-zony-pomysl-na-prezent-dla-meza\/","og_site_name":"Drewniana Magia","article_publisher":"https:\/\/facebook.com\/BelasDrewnianaMagia","article_modified_time":"2025-12-15T20:00:07+00:00","og_image":[{"width":1000,"height":1000,"url":"https:\/\/www.drewnianamagia.pl\/wp-content\/uploads\/2024\/04\/bony-od-zony-1.jpg","type":"image\/jpeg"}],"twitter_card":"summary_large_image","twitter_misc":{"Szacowany czas czytania":"2 minuty"},"schema":{"@context":"https:\/\/schema.org","@graph":[{"@type":"WebPage","@id":"https:\/\/www.drewnianamagia.pl\/index.php\/produkt\/bony-od-zony-pomysl-na-prezent-dla-meza\/","url":"https:\/\/www.drewnianamagia.pl\/index.php\/produkt\/bony-od-zony-pomysl-na-prezent-dla-meza\/","name":"Bony od \u017bony - pomys\u0142 na prezent dla m\u0119\u017ca - Drewniana Magia","isPartOf":{"@id":"https:\/\/www.drewnianamagia.pl\/#website"},"primaryImageOfPage":{"@id":"https:\/\/www.drewnianamagia.pl\/index.php\/produkt\/bony-od-zony-pomysl-na-prezent-dla-meza\/#primaryimage"},"image":{"@id":"https:\/\/www.drewnianamagia.pl\/index.php\/produkt\/bony-od-zony-pomysl-na-prezent-dla-meza\/#primaryimage"},"thumbnailUrl":"https:\/\/www.drewnianamagia.pl\/wp-content\/uploads\/2024\/04\/bony-od-zony-1.jpg","datePublished":"2024-04-09T10:02:38+00:00","dateModified":"2025-12-15T20:00:07+00:00","description":"Pomys\u0142 na prezent dla m\u0119\u017ca - Bony do wykorzystania u \u017cony z mo\u017cliwo\u015bci\u0105 personalizacji. Drewniana tablica z bonami do wy\u0142amania.","breadcrumb":{"@id":"https:\/\/www.drewnianamagia.pl\/index.php\/produkt\/bony-od-zony-pomysl-na-prezent-dla-meza\/#breadcrumb"},"inLanguage":"pl-PL","potentialAction":[{"@type":"ReadAction","target":["https:\/\/www.drewnianamagia.pl\/index.php\/produkt\/bony-od-zony-pomysl-na-prezent-dla-meza\/"]}]},{"@type":"ImageObject","inLanguage":"pl-PL","@id":"https:\/\/www.drewnianamagia.pl\/index.php\/produkt\/bony-od-zony-pomysl-na-prezent-dla-meza\/#primaryimage","url":"https:\/\/www.drewnianamagia.pl\/wp-content\/uploads\/2024\/04\/bony-od-zony-1.jpg","contentUrl":"https:\/\/www.drewnianamagia.pl\/wp-content\/uploads\/2024\/04\/bony-od-zony-1.jpg","width":1000,"height":1000,"caption":"Bony od \u017cony - tablica"},{"@type":"BreadcrumbList","@id":"https:\/\/www.drewnianamagia.pl\/index.php\/produkt\/bony-od-zony-pomysl-na-prezent-dla-meza\/#breadcrumb","itemListElement":[{"@type":"ListItem","position":1,"name":"Strona g\u0142\u00f3wna","item":"https:\/\/www.drewnianamagia.pl\/"},{"@type":"ListItem","position":2,"name":"Sklep","item":"https:\/\/www.drewnianamagia.pl\/index.php\/sklep-internetowy-drewnianamagia\/"},{"@type":"ListItem","position":3,"name":"Bony od \u017bony &#8211; pomys\u0142 na prezent dla m\u0119\u017ca"}]},{"@type":"WebSite","@id":"https:\/\/www.drewnianamagia.pl\/#website","url":"https:\/\/www.drewnianamagia.pl\/","name":"Drewniana Magia","description":"Personalizowane prezenty i dekoracje z drewna i druku 3D, na ka\u017cd\u0105 okazj\u0119 i okoliczno\u015b\u0107. Urodziny, Chrzest, Przyj\u0119cie, \u015awi\u0119ta, \u015alub","publisher":{"@id":"https:\/\/www.drewnianamagia.pl\/#organization"},"potentialAction":[{"@type":"SearchAction","target":{"@type":"EntryPoint","urlTemplate":"https:\/\/www.drewnianamagia.pl\/?s={search_term_string}"},"query-input":{"@type":"PropertyValueSpecification","valueRequired":true,"valueName":"search_term_string"}}],"inLanguage":"pl-PL"},{"@type":"Organization","@id":"https:\/\/www.drewnianamagia.pl\/#organization","name":"Drewniana Magia","url":"https:\/\/www.drewnianamagia.pl\/","logo":{"@type":"ImageObject","inLanguage":"pl-PL","@id":"https:\/\/www.drewnianamagia.pl\/#\/schema\/logo\/image\/","url":"https:\/\/www.drewnianamagia.pl\/wp-content\/uploads\/2024\/02\/cropped-LOGO-DrewnianaMagia-375x188-1.png","contentUrl":"https:\/\/www.drewnianamagia.pl\/wp-content\/uploads\/2024\/02\/cropped-LOGO-DrewnianaMagia-375x188-1.png","width":374,"height":188,"caption":"Drewniana Magia"},"image":{"@id":"https:\/\/www.drewnianamagia.pl\/#\/schema\/logo\/image\/"},"sameAs":["https:\/\/facebook.com\/BelasDrewnianaMagia"]}]}},"_links":{"self":[{"href":"https:\/\/www.drewnianamagia.pl\/index.php\/wp-json\/wp\/v2\/product\/3010","targetHints":{"allow":["GET"]}}],"collection":[{"href":"https:\/\/www.drewnianamagia.pl\/index.php\/wp-json\/wp\/v2\/product"}],"about":[{"href":"https:\/\/www.drewnianamagia.pl\/index.php\/wp-json\/wp\/v2\/types\/product"}],"replies":[{"embeddable":true,"href":"https:\/\/www.drewnianamagia.pl\/index.php\/wp-json\/wp\/v2\/comments?post=3010"}],"wp:featuredmedia":[{"embeddable":true,"href":"https:\/\/www.drewnianamagia.pl\/index.php\/wp-json\/wp\/v2\/media\/2979"}],"wp:attachment":[{"href":"https:\/\/www.drewnianamagia.pl\/index.php\/wp-json\/wp\/v2\/media?parent=3010"}],"wp:term":[{"taxonomy":"product_brand","embeddable":true,"href":"https:\/\/www.drewnianamagia.pl\/index.php\/wp-json\/wp\/v2\/product_brand?post=3010"},{"taxonomy":"product_cat","embeddable":true,"href":"https:\/\/www.drewnianamagia.pl\/index.php\/wp-json\/wp\/v2\/product_cat?post=3010"},{"taxonomy":"product_tag","embeddable":true,"href":"https:\/\/www.drewnianamagia.pl\/index.php\/wp-json\/wp\/v2\/product_tag?post=3010"}],"curies":[{"name":"wp","href":"https:\/\/api.w.org\/{rel}","templated":true}]}}