{"id":3003,"date":"2024-04-08T15:42:10","date_gmt":"2024-04-08T13:42:10","guid":{"rendered":"https:\/\/www.drewnianamagia.pl\/?post_type=product&#038;p=3003"},"modified":"2025-07-01T16:08:23","modified_gmt":"2025-07-01T14:08:23","slug":"drewniane-pudelko-na-pieniadze-urodziny-komunia-slub","status":"publish","type":"product","link":"https:\/\/www.drewnianamagia.pl\/index.php\/produkt\/drewniane-pudelko-na-pieniadze-urodziny-komunia-slub\/","title":{"rendered":"Drewniane pude\u0142ko na pieni\u0105dze &#8211; urodziny, komunia, \u015blub"},"content":{"rendered":"<p style=\"text-align: center;\"><strong>Drewniane pude\u0142ko na pieni\u0105dze &#8211;\u00a0 Urodziny, Imieniny, Komunia, \u015alub<\/strong><\/p>\n<p><strong>Wyr\u00f3\u017cnij si\u0119 i zamiast koperty z pieni\u0119dzmi, podaruj je w spersonalizowanym drewnianym pude\u0142ku zgrawerem.<\/strong><\/p>\n<p>Nasze personalizowane pude\u0142ko na pieni\u0105dze to idealny spos\u00f3b na podkre\u015blenie wyj\u0105tkowej okazji.\u00a0 Wyj\u0105tkowy spos\u00f3b na przekazanie \u017cycze\u0144 oraz zapakowanie got\u00f3wki lub innych drobnych przedmiot\u00f3w.<\/p>\n<p><img loading=\"lazy\" decoding=\"async\" class=\"aligncenter size-full wp-image-2982\" src=\"https:\/\/www.drewnianamagia.pl\/wp-content\/uploads\/2024\/04\/pudelko-animacja.gif\" alt=\"personalizowane pudelko - animacja\" width=\"300\" height=\"300\" \/><\/p>\n<p><strong>Wymiary zewn\u0119trze pude\u0142ka:<\/strong><\/p>\n<ul>\n<li>d\u0142ugo\u015b\u0107: 16,50 cm<\/li>\n<li>szeroko\u015b\u0107: 10,70 cm<\/li>\n<li>wysoko\u015b\u0107 : 3,55 cm<\/li>\n<\/ul>\n<p><strong>Wymiary wewn\u0119trzne pude\u0142ka:<\/strong><\/p>\n<ul>\n<li>d\u0142ugo\u015b\u0107: 15,30 cm<\/li>\n<li>szeroko\u015b\u0107:\u00a0 8,30 cm<\/li>\n<li>wysoko\u015b\u0107: 2,00 cm<\/li>\n<\/ul>\n<figure class=\"wp-block-image\"><\/figure>\n<figure class=\"wp-block-image\"><\/figure>\n<p>Wygrawerujemy tre\u015b\u0107 Twoich \u017cycze\u0144 w \u015brodku pude\u0142ka oraz dowoln\u0105 tre\u015b\u0107 na wieczku. Dodatkowo mo\u017cesz wybra\u0107 jedn\u0105 z kilkudziesi\u0119ciu grafik, kt\u00f3r\u0105 wygrawerujemy na g\u00f3rze pude\u0142ka. Wykorzystanie personalizacji sprawia, \u017ce ten prezent staje si\u0119 jeszcze bardziej wyj\u0105tkowy i niepowtarzalny.<\/p>\n<p><strong>Nie zapomnij przekaza\u0107 nam niezb\u0119dnych danych do personalizacji:<\/strong><\/p>\n<ul>\n<li>numer wybranej grafiki (np.: &#8222;grafika nr 54&#8221;)<\/li>\n<li>tre\u015b\u0107 obok grafiki (np.: &#8222;Kacper i Jagoda 20.04.2024&#8221;)<\/li>\n<li>tre\u015b\u0107 grawerowana wewn\u0105trz pude\u0142ka &#8211; dowolne \u017cyczenia \/ dedykacja, co tylko chcesz.<\/li>\n<\/ul>\n<p>Wszelkie napisy i grafiki s\u0105 grawerowane laserowo, co gwarantuje trwa\u0142o\u015b\u0107 personalizacji na d\u0142ugie lata.<\/p>\n<figure id=\"attachment_2991\" aria-describedby=\"caption-attachment-2991\" style=\"width: 300px\" class=\"wp-caption aligncenter\"><img loading=\"lazy\" decoding=\"async\" class=\"size-medium wp-image-2991\" src=\"https:\/\/www.drewnianamagia.pl\/wp-content\/uploads\/2024\/04\/pudelko-na-pieniadze-5-300x300.jpg\" alt=\"grawer na pude\u0142ku\" width=\"300\" height=\"300\" srcset=\"https:\/\/www.drewnianamagia.pl\/wp-content\/uploads\/2024\/04\/pudelko-na-pieniadze-5-300x300.jpg 300w, https:\/\/www.drewnianamagia.pl\/wp-content\/uploads\/2024\/04\/pudelko-na-pieniadze-5-324x324.jpg 324w, https:\/\/www.drewnianamagia.pl\/wp-content\/uploads\/2024\/04\/pudelko-na-pieniadze-5-100x100.jpg 100w, https:\/\/www.drewnianamagia.pl\/wp-content\/uploads\/2024\/04\/pudelko-na-pieniadze-5-416x416.jpg 416w, https:\/\/www.drewnianamagia.pl\/wp-content\/uploads\/2024\/04\/pudelko-na-pieniadze-5-150x150.jpg 150w, https:\/\/www.drewnianamagia.pl\/wp-content\/uploads\/2024\/04\/pudelko-na-pieniadze-5-768x768.jpg 768w, https:\/\/www.drewnianamagia.pl\/wp-content\/uploads\/2024\/04\/pudelko-na-pieniadze-5.jpg 1000w\" sizes=\"auto, (max-width: 300px) 100vw, 300px\" \/><figcaption id=\"caption-attachment-2991\" class=\"wp-caption-text\">Mocny i wyra\u017any grawer, r\u0119cznie szlifowany<\/figcaption><\/figure>\n<p>&nbsp;<\/p>\n<p><strong>Do pude\u0142ka do\u0142\u0105czymy 6 obr\u0119czy na got\u00f3wk\u0119 oraz sznurek jutowy do zawi\u0105zania pude\u0142ka.<\/strong><\/p>\n<p>Pude\u0142ko na pieni\u0105dze jest praktycznym rozwi\u0105zaniem dla tych, kt\u00f3rzy preferuj\u0105 prezenty pieni\u0119\u017cne. Jest to nie tylko oryginalny spos\u00f3b wr\u0119czenia pieni\u0119dzy, ale r\u00f3wnie\u017c funkcjonalne pude\u0142ko na przechowywanie got\u00f3wki lub innych drobnych przedmiot\u00f3w.<\/p>\n<p>Nie tylko b\u0119dzie to niezapomniany prezent dla bliskiej osoby, ale r\u00f3wnie\u017c pi\u0119kne pude\u0142ko, kt\u00f3re mo\u017cna trzyma\u0107 jako pami\u0105tk\u0119. Zachowuj\u0105c je, mo\u017cna wr\u00f3ci\u0107 do wyj\u0105tkowej chwili, w kt\u00f3rej zosta\u0142o podarowane.<\/p>\n<p>Sk\u0142adaj\u0105c zam\u00f3wienie na pude\u0142ko, otrzymasz unikalny produkt, kt\u00f3ry zostanie stworzony specjalnie dla Ciebie. To pi\u0119kny i wyj\u0105tkowy prezent, kt\u00f3ry z pewno\u015bci\u0105 ucieszy solenizanta.<\/p>\n<p>Nasze pude\u0142ko bez problemu mie\u015bci nawet du\u017ce nomina\u0142y, co wa\u017cne gdy chcemy umie\u015bci\u0107 kwot\u0119 500z\u0142 w 1 banknocie.<\/p>\n<p><strong>W sk\u0142ad oferty wchodzi:<\/strong><\/p>\n<ul>\n<li>Personalizowane pude\u0142ko<\/li>\n<li>6 szt. obr\u0119czy na pieni\u0105dze<\/li>\n<li>Sznurek Jutowy<\/li>\n<\/ul>\n<p><em>Banknoty oraz wst\u0105\u017cki pokazane na zdj\u0119ciach nie wchodz\u0105 w sk\u0142ad zestawu.<\/em><\/p>\n","protected":false},"excerpt":{"rendered":"<p>Drewniane pude\u0142ko na pieni\u0105dze &#8211;\u00a0 Urodziny, Imieniny, Komunia, \u015alub Wyr\u00f3\u017cnij si\u0119 i zamiast koperty z pieni\u0119dzmi, podaruj je w spersonalizowanym drewnianym pude\u0142ku zgrawerem. Nasze personalizowane pude\u0142ko na pieni\u0105dze to idealny spos\u00f3b na podkre\u015blenie wyj\u0105tkowej okazji.\u00a0 Wyj\u0105tkowy spos\u00f3b na przekazanie \u017cycze\u0144 oraz zapakowanie got\u00f3wki lub innych drobnych przedmiot\u00f3w. Wymiary zewn\u0119trze pude\u0142ka: d\u0142ugo\u015b\u0107: 16,50 cm szeroko\u015b\u0107: 10,70 [&hellip;]<\/p>\n","protected":false},"featured_media":2987,"comment_status":"open","ping_status":"closed","template":"","meta":{"_acf_changed":false},"product_brand":[],"product_cat":[97,30,98,96],"product_tag":[54],"class_list":{"0":"post-3003","1":"product","2":"type-product","3":"status-publish","4":"has-post-thumbnail","6":"product_cat-chrzest-komunia","7":"product_cat-pudelka","8":"product_cat-slub-wesele","9":"product_cat-urodziny-imieniny","10":"product_tag-personalizacja","12":"first","13":"instock","14":"taxable","15":"shipping-taxable","16":"purchasable","17":"product-type-simple"},"acf":[],"yoast_head":"<!-- This site is optimized with the Yoast SEO plugin v27.5 - https:\/\/yoast.com\/product\/yoast-seo-wordpress\/ -->\n<title>Drewniane pude\u0142ko na pieni\u0105dze - urodziny, komunia, \u015blub - Drewniana Magia<\/title>\n<meta name=\"description\" content=\"Personalizowane - grawerowane drewniane pude\u0142ko na pieni\u0105dze. Przeka\u017c got\u00f3wk\u0119 w wyj\u0105tkowy spos\u00f3b. Idealne na urodziny, imieniny, Komuni\u0119, \u015alub.\" \/>\n<meta name=\"robots\" content=\"index, follow, max-snippet:-1, max-image-preview:large, max-video-preview:-1\" \/>\n<link rel=\"canonical\" href=\"https:\/\/www.drewnianamagia.pl\/index.php\/produkt\/drewniane-pudelko-na-pieniadze-urodziny-komunia-slub\/\" \/>\n<meta property=\"og:locale\" content=\"pl_PL\" \/>\n<meta property=\"og:type\" content=\"article\" \/>\n<meta property=\"og:title\" content=\"Drewniane pude\u0142ko na pieni\u0105dze - urodziny, komunia, \u015blub - Drewniana Magia\" \/>\n<meta property=\"og:description\" content=\"Personalizowane - grawerowane drewniane pude\u0142ko na pieni\u0105dze. Przeka\u017c got\u00f3wk\u0119 w wyj\u0105tkowy spos\u00f3b. Idealne na urodziny, imieniny, Komuni\u0119, \u015alub.\" \/>\n<meta property=\"og:url\" content=\"https:\/\/www.drewnianamagia.pl\/index.php\/produkt\/drewniane-pudelko-na-pieniadze-urodziny-komunia-slub\/\" \/>\n<meta property=\"og:site_name\" content=\"Drewniana Magia\" \/>\n<meta property=\"article:publisher\" content=\"https:\/\/facebook.com\/BelasDrewnianaMagia\" \/>\n<meta property=\"article:modified_time\" content=\"2025-07-01T14:08:23+00:00\" \/>\n<meta property=\"og:image\" content=\"https:\/\/www.drewnianamagia.pl\/wp-content\/uploads\/2024\/04\/pudelko-na-pieniadze-1.jpg\" \/>\n\t<meta property=\"og:image:width\" content=\"1000\" \/>\n\t<meta property=\"og:image:height\" content=\"1000\" \/>\n\t<meta property=\"og:image:type\" content=\"image\/jpeg\" \/>\n<meta name=\"twitter:card\" content=\"summary_large_image\" \/>\n<meta name=\"twitter:label1\" content=\"Szacowany czas czytania\" \/>\n\t<meta name=\"twitter:data1\" content=\"3 minuty\" \/>\n<script type=\"application\/ld+json\" class=\"yoast-schema-graph\">{\"@context\":\"https:\\\/\\\/schema.org\",\"@graph\":[{\"@type\":\"WebPage\",\"@id\":\"https:\\\/\\\/www.drewnianamagia.pl\\\/index.php\\\/produkt\\\/drewniane-pudelko-na-pieniadze-urodziny-komunia-slub\\\/\",\"url\":\"https:\\\/\\\/www.drewnianamagia.pl\\\/index.php\\\/produkt\\\/drewniane-pudelko-na-pieniadze-urodziny-komunia-slub\\\/\",\"name\":\"Drewniane pude\u0142ko na pieni\u0105dze - urodziny, komunia, \u015blub - Drewniana Magia\",\"isPartOf\":{\"@id\":\"https:\\\/\\\/www.drewnianamagia.pl\\\/#website\"},\"primaryImageOfPage\":{\"@id\":\"https:\\\/\\\/www.drewnianamagia.pl\\\/index.php\\\/produkt\\\/drewniane-pudelko-na-pieniadze-urodziny-komunia-slub\\\/#primaryimage\"},\"image\":{\"@id\":\"https:\\\/\\\/www.drewnianamagia.pl\\\/index.php\\\/produkt\\\/drewniane-pudelko-na-pieniadze-urodziny-komunia-slub\\\/#primaryimage\"},\"thumbnailUrl\":\"https:\\\/\\\/www.drewnianamagia.pl\\\/wp-content\\\/uploads\\\/2024\\\/04\\\/pudelko-na-pieniadze-1.jpg\",\"datePublished\":\"2024-04-08T13:42:10+00:00\",\"dateModified\":\"2025-07-01T14:08:23+00:00\",\"description\":\"Personalizowane - grawerowane drewniane pude\u0142ko na pieni\u0105dze. Przeka\u017c got\u00f3wk\u0119 w wyj\u0105tkowy spos\u00f3b. Idealne na urodziny, imieniny, Komuni\u0119, \u015alub.\",\"breadcrumb\":{\"@id\":\"https:\\\/\\\/www.drewnianamagia.pl\\\/index.php\\\/produkt\\\/drewniane-pudelko-na-pieniadze-urodziny-komunia-slub\\\/#breadcrumb\"},\"inLanguage\":\"pl-PL\",\"potentialAction\":[{\"@type\":\"ReadAction\",\"target\":[\"https:\\\/\\\/www.drewnianamagia.pl\\\/index.php\\\/produkt\\\/drewniane-pudelko-na-pieniadze-urodziny-komunia-slub\\\/\"]}]},{\"@type\":\"ImageObject\",\"inLanguage\":\"pl-PL\",\"@id\":\"https:\\\/\\\/www.drewnianamagia.pl\\\/index.php\\\/produkt\\\/drewniane-pudelko-na-pieniadze-urodziny-komunia-slub\\\/#primaryimage\",\"url\":\"https:\\\/\\\/www.drewnianamagia.pl\\\/wp-content\\\/uploads\\\/2024\\\/04\\\/pudelko-na-pieniadze-1.jpg\",\"contentUrl\":\"https:\\\/\\\/www.drewnianamagia.pl\\\/wp-content\\\/uploads\\\/2024\\\/04\\\/pudelko-na-pieniadze-1.jpg\",\"width\":1000,\"height\":1000,\"caption\":\"Pude\u0142ka na pieni\u0105dze\"},{\"@type\":\"BreadcrumbList\",\"@id\":\"https:\\\/\\\/www.drewnianamagia.pl\\\/index.php\\\/produkt\\\/drewniane-pudelko-na-pieniadze-urodziny-komunia-slub\\\/#breadcrumb\",\"itemListElement\":[{\"@type\":\"ListItem\",\"position\":1,\"name\":\"Strona g\u0142\u00f3wna\",\"item\":\"https:\\\/\\\/www.drewnianamagia.pl\\\/\"},{\"@type\":\"ListItem\",\"position\":2,\"name\":\"Sklep\",\"item\":\"https:\\\/\\\/www.drewnianamagia.pl\\\/index.php\\\/sklep-internetowy-drewnianamagia\\\/\"},{\"@type\":\"ListItem\",\"position\":3,\"name\":\"Drewniane pude\u0142ko na pieni\u0105dze &#8211; urodziny, komunia, \u015blub\"}]},{\"@type\":\"WebSite\",\"@id\":\"https:\\\/\\\/www.drewnianamagia.pl\\\/#website\",\"url\":\"https:\\\/\\\/www.drewnianamagia.pl\\\/\",\"name\":\"Drewniana Magia\",\"description\":\"Personalizowane prezenty i dekoracje z drewna i druku 3D, na ka\u017cd\u0105 okazj\u0119 i okoliczno\u015b\u0107. Urodziny, Chrzest, Przyj\u0119cie, \u015awi\u0119ta, \u015alub\",\"publisher\":{\"@id\":\"https:\\\/\\\/www.drewnianamagia.pl\\\/#organization\"},\"potentialAction\":[{\"@type\":\"SearchAction\",\"target\":{\"@type\":\"EntryPoint\",\"urlTemplate\":\"https:\\\/\\\/www.drewnianamagia.pl\\\/?s={search_term_string}\"},\"query-input\":{\"@type\":\"PropertyValueSpecification\",\"valueRequired\":true,\"valueName\":\"search_term_string\"}}],\"inLanguage\":\"pl-PL\"},{\"@type\":\"Organization\",\"@id\":\"https:\\\/\\\/www.drewnianamagia.pl\\\/#organization\",\"name\":\"Drewniana Magia\",\"url\":\"https:\\\/\\\/www.drewnianamagia.pl\\\/\",\"logo\":{\"@type\":\"ImageObject\",\"inLanguage\":\"pl-PL\",\"@id\":\"https:\\\/\\\/www.drewnianamagia.pl\\\/#\\\/schema\\\/logo\\\/image\\\/\",\"url\":\"https:\\\/\\\/www.drewnianamagia.pl\\\/wp-content\\\/uploads\\\/2024\\\/02\\\/cropped-LOGO-DrewnianaMagia-375x188-1.png\",\"contentUrl\":\"https:\\\/\\\/www.drewnianamagia.pl\\\/wp-content\\\/uploads\\\/2024\\\/02\\\/cropped-LOGO-DrewnianaMagia-375x188-1.png\",\"width\":374,\"height\":188,\"caption\":\"Drewniana Magia\"},\"image\":{\"@id\":\"https:\\\/\\\/www.drewnianamagia.pl\\\/#\\\/schema\\\/logo\\\/image\\\/\"},\"sameAs\":[\"https:\\\/\\\/facebook.com\\\/BelasDrewnianaMagia\"]}]}<\/script>\n<!-- \/ Yoast SEO plugin. -->","yoast_head_json":{"title":"Drewniane pude\u0142ko na pieni\u0105dze - urodziny, komunia, \u015blub - Drewniana Magia","description":"Personalizowane - grawerowane drewniane pude\u0142ko na pieni\u0105dze. Przeka\u017c got\u00f3wk\u0119 w wyj\u0105tkowy spos\u00f3b. Idealne na urodziny, imieniny, Komuni\u0119, \u015alub.","robots":{"index":"index","follow":"follow","max-snippet":"max-snippet:-1","max-image-preview":"max-image-preview:large","max-video-preview":"max-video-preview:-1"},"canonical":"https:\/\/www.drewnianamagia.pl\/index.php\/produkt\/drewniane-pudelko-na-pieniadze-urodziny-komunia-slub\/","og_locale":"pl_PL","og_type":"article","og_title":"Drewniane pude\u0142ko na pieni\u0105dze - urodziny, komunia, \u015blub - Drewniana Magia","og_description":"Personalizowane - grawerowane drewniane pude\u0142ko na pieni\u0105dze. Przeka\u017c got\u00f3wk\u0119 w wyj\u0105tkowy spos\u00f3b. Idealne na urodziny, imieniny, Komuni\u0119, \u015alub.","og_url":"https:\/\/www.drewnianamagia.pl\/index.php\/produkt\/drewniane-pudelko-na-pieniadze-urodziny-komunia-slub\/","og_site_name":"Drewniana Magia","article_publisher":"https:\/\/facebook.com\/BelasDrewnianaMagia","article_modified_time":"2025-07-01T14:08:23+00:00","og_image":[{"width":1000,"height":1000,"url":"https:\/\/www.drewnianamagia.pl\/wp-content\/uploads\/2024\/04\/pudelko-na-pieniadze-1.jpg","type":"image\/jpeg"}],"twitter_card":"summary_large_image","twitter_misc":{"Szacowany czas czytania":"3 minuty"},"schema":{"@context":"https:\/\/schema.org","@graph":[{"@type":"WebPage","@id":"https:\/\/www.drewnianamagia.pl\/index.php\/produkt\/drewniane-pudelko-na-pieniadze-urodziny-komunia-slub\/","url":"https:\/\/www.drewnianamagia.pl\/index.php\/produkt\/drewniane-pudelko-na-pieniadze-urodziny-komunia-slub\/","name":"Drewniane pude\u0142ko na pieni\u0105dze - urodziny, komunia, \u015blub - Drewniana Magia","isPartOf":{"@id":"https:\/\/www.drewnianamagia.pl\/#website"},"primaryImageOfPage":{"@id":"https:\/\/www.drewnianamagia.pl\/index.php\/produkt\/drewniane-pudelko-na-pieniadze-urodziny-komunia-slub\/#primaryimage"},"image":{"@id":"https:\/\/www.drewnianamagia.pl\/index.php\/produkt\/drewniane-pudelko-na-pieniadze-urodziny-komunia-slub\/#primaryimage"},"thumbnailUrl":"https:\/\/www.drewnianamagia.pl\/wp-content\/uploads\/2024\/04\/pudelko-na-pieniadze-1.jpg","datePublished":"2024-04-08T13:42:10+00:00","dateModified":"2025-07-01T14:08:23+00:00","description":"Personalizowane - grawerowane drewniane pude\u0142ko na pieni\u0105dze. Przeka\u017c got\u00f3wk\u0119 w wyj\u0105tkowy spos\u00f3b. Idealne na urodziny, imieniny, Komuni\u0119, \u015alub.","breadcrumb":{"@id":"https:\/\/www.drewnianamagia.pl\/index.php\/produkt\/drewniane-pudelko-na-pieniadze-urodziny-komunia-slub\/#breadcrumb"},"inLanguage":"pl-PL","potentialAction":[{"@type":"ReadAction","target":["https:\/\/www.drewnianamagia.pl\/index.php\/produkt\/drewniane-pudelko-na-pieniadze-urodziny-komunia-slub\/"]}]},{"@type":"ImageObject","inLanguage":"pl-PL","@id":"https:\/\/www.drewnianamagia.pl\/index.php\/produkt\/drewniane-pudelko-na-pieniadze-urodziny-komunia-slub\/#primaryimage","url":"https:\/\/www.drewnianamagia.pl\/wp-content\/uploads\/2024\/04\/pudelko-na-pieniadze-1.jpg","contentUrl":"https:\/\/www.drewnianamagia.pl\/wp-content\/uploads\/2024\/04\/pudelko-na-pieniadze-1.jpg","width":1000,"height":1000,"caption":"Pude\u0142ka na pieni\u0105dze"},{"@type":"BreadcrumbList","@id":"https:\/\/www.drewnianamagia.pl\/index.php\/produkt\/drewniane-pudelko-na-pieniadze-urodziny-komunia-slub\/#breadcrumb","itemListElement":[{"@type":"ListItem","position":1,"name":"Strona g\u0142\u00f3wna","item":"https:\/\/www.drewnianamagia.pl\/"},{"@type":"ListItem","position":2,"name":"Sklep","item":"https:\/\/www.drewnianamagia.pl\/index.php\/sklep-internetowy-drewnianamagia\/"},{"@type":"ListItem","position":3,"name":"Drewniane pude\u0142ko na pieni\u0105dze &#8211; urodziny, komunia, \u015blub"}]},{"@type":"WebSite","@id":"https:\/\/www.drewnianamagia.pl\/#website","url":"https:\/\/www.drewnianamagia.pl\/","name":"Drewniana Magia","description":"Personalizowane prezenty i dekoracje z drewna i druku 3D, na ka\u017cd\u0105 okazj\u0119 i okoliczno\u015b\u0107. Urodziny, Chrzest, Przyj\u0119cie, \u015awi\u0119ta, \u015alub","publisher":{"@id":"https:\/\/www.drewnianamagia.pl\/#organization"},"potentialAction":[{"@type":"SearchAction","target":{"@type":"EntryPoint","urlTemplate":"https:\/\/www.drewnianamagia.pl\/?s={search_term_string}"},"query-input":{"@type":"PropertyValueSpecification","valueRequired":true,"valueName":"search_term_string"}}],"inLanguage":"pl-PL"},{"@type":"Organization","@id":"https:\/\/www.drewnianamagia.pl\/#organization","name":"Drewniana Magia","url":"https:\/\/www.drewnianamagia.pl\/","logo":{"@type":"ImageObject","inLanguage":"pl-PL","@id":"https:\/\/www.drewnianamagia.pl\/#\/schema\/logo\/image\/","url":"https:\/\/www.drewnianamagia.pl\/wp-content\/uploads\/2024\/02\/cropped-LOGO-DrewnianaMagia-375x188-1.png","contentUrl":"https:\/\/www.drewnianamagia.pl\/wp-content\/uploads\/2024\/02\/cropped-LOGO-DrewnianaMagia-375x188-1.png","width":374,"height":188,"caption":"Drewniana Magia"},"image":{"@id":"https:\/\/www.drewnianamagia.pl\/#\/schema\/logo\/image\/"},"sameAs":["https:\/\/facebook.com\/BelasDrewnianaMagia"]}]}},"_links":{"self":[{"href":"https:\/\/www.drewnianamagia.pl\/index.php\/wp-json\/wp\/v2\/product\/3003","targetHints":{"allow":["GET"]}}],"collection":[{"href":"https:\/\/www.drewnianamagia.pl\/index.php\/wp-json\/wp\/v2\/product"}],"about":[{"href":"https:\/\/www.drewnianamagia.pl\/index.php\/wp-json\/wp\/v2\/types\/product"}],"replies":[{"embeddable":true,"href":"https:\/\/www.drewnianamagia.pl\/index.php\/wp-json\/wp\/v2\/comments?post=3003"}],"wp:featuredmedia":[{"embeddable":true,"href":"https:\/\/www.drewnianamagia.pl\/index.php\/wp-json\/wp\/v2\/media\/2987"}],"wp:attachment":[{"href":"https:\/\/www.drewnianamagia.pl\/index.php\/wp-json\/wp\/v2\/media?parent=3003"}],"wp:term":[{"taxonomy":"product_brand","embeddable":true,"href":"https:\/\/www.drewnianamagia.pl\/index.php\/wp-json\/wp\/v2\/product_brand?post=3003"},{"taxonomy":"product_cat","embeddable":true,"href":"https:\/\/www.drewnianamagia.pl\/index.php\/wp-json\/wp\/v2\/product_cat?post=3003"},{"taxonomy":"product_tag","embeddable":true,"href":"https:\/\/www.drewnianamagia.pl\/index.php\/wp-json\/wp\/v2\/product_tag?post=3003"}],"curies":[{"name":"wp","href":"https:\/\/api.w.org\/{rel}","templated":true}]}}