{"id":2811,"date":"2024-03-27T15:29:09","date_gmt":"2024-03-27T14:29:09","guid":{"rendered":"https:\/\/www.drewnianamagia.pl\/?post_type=product&#038;p=2811"},"modified":"2025-03-31T10:42:23","modified_gmt":"2025-03-31T08:42:23","slug":"prosba-do-chrzestnych-o-bycie-chrzestnym-zaproszenie-na-chrzest","status":"publish","type":"product","link":"https:\/\/www.drewnianamagia.pl\/index.php\/produkt\/prosba-do-chrzestnych-o-bycie-chrzestnym-zaproszenie-na-chrzest\/","title":{"rendered":"Pro\u015bba do Chrzestnych o bycie Chrzestnym &#8211; zaproszenie na Chrzest"},"content":{"rendered":"<p style=\"text-align: center;\"><strong>Zestaw 2 zaprosze\u0144!<\/strong><\/p>\n<p>Wyj\u0105tkowe zaproszenia do bycia Chrzestnym ju\u017c czekaj\u0105! Stw\u00f3rz niezapomniane chwile i popro\u015b o t\u0119 wyj\u0105tkow\u0105 rol\u0119 z niezwyk\u0142ym stylem!<\/p>\n<p>Oferujemy wyj\u0105tkow\u0105 propozycj\u0119 zaprosze\u0144 do bycia Chrzestnym &#8211; serduszka z wyci\u0119t\u0105 st\u00f3pk\u0105 wykonane z wysokiej jako\u015bci sklejki.<\/p>\n<p><img loading=\"lazy\" decoding=\"async\" class=\"aligncenter size-full wp-image-2801\" src=\"https:\/\/www.drewnianamagia.pl\/wp-content\/uploads\/2024\/03\/zaproszenie-chrzest-animacja.gif\" alt=\"zaproszenia - animacja\" width=\"300\" height=\"300\" \/><\/p>\n<p>Personalizacja tego wyj\u0105tkowego prezentu polega na umieszczeniu imion Chrzestnych oraz imienia dziecka, co sprawi, \u017ce to niezwyk\u0142e wydarzenie pozostanie na d\u0142ugo w pami\u0119ci.<\/p>\n<p>Nasze zaproszenia do bycia Chrzestnym wykonujemy z najwi\u0119ksz\u0105 staranno\u015bci\u0105. Umieszczamy je w foliowym woreczku, gotowe do wr\u0119czenia, co stanowi dodatkow\u0105 warto\u015b\u0107.<\/p>\n<p>Wymiary ka\u017cdego zaproszenia to 11 x 13 cm, wykonane z drewna, co nadaje im wyj\u0105tkowy charakter.<\/p>\n<p>Oferta obejmuje dwa zaproszenia &#8211; dla Matki Chrzestnej i Ojca Chrzestnego!<\/p>\n<p>Ka\u017cdy detal wykonany z pasj\u0105, by nada\u0107 wyj\u0105tkowy kszta\u0142t Twoim emocjom i chwilom.<\/p>\n<p><strong>Personalizacja:<\/strong><\/p>\n<ul>\n<li>Podaj adresat\u00f3w np: &#8222;Ciociu Agato&#8221;, &#8222;Wujku Dawidzie&#8221;<\/li>\n<li>Podaj imi\u0119 dziecka np: &#8222;Kornelka&#8221;<\/li>\n<\/ul>\n<p>Nie zapomnij poda\u0107 imion proszonych os\u00f3b w odmienionej wersji &#8211; tak jak chcesz by zosta\u0142o wygrawerowane, nadaj\u0105c zaproszeniom jeszcze bardziej osobisty charakter.<\/p>\n","protected":false},"excerpt":{"rendered":"<p>Zestaw 2 zaprosze\u0144! Wyj\u0105tkowe zaproszenia do bycia Chrzestnym ju\u017c czekaj\u0105! Stw\u00f3rz niezapomniane chwile i popro\u015b o t\u0119 wyj\u0105tkow\u0105 rol\u0119 z niezwyk\u0142ym stylem! Oferujemy wyj\u0105tkow\u0105 propozycj\u0119 zaprosze\u0144 do bycia Chrzestnym &#8211; serduszka z wyci\u0119t\u0105 st\u00f3pk\u0105 wykonane z wysokiej jako\u015bci sklejki. Personalizacja tego wyj\u0105tkowego prezentu polega na umieszczeniu imion Chrzestnych oraz imienia dziecka, co sprawi, \u017ce to [&hellip;]<\/p>\n","protected":false},"featured_media":2798,"comment_status":"open","ping_status":"closed","template":"","meta":{"_acf_changed":false},"product_brand":[],"product_cat":[97,92],"product_tag":[54,116],"class_list":{"0":"post-2811","1":"product","2":"type-product","3":"status-publish","4":"has-post-thumbnail","6":"product_cat-chrzest-komunia","7":"product_cat-gadzety","8":"product_tag-personalizacja","9":"product_tag-zaproszenie","11":"first","12":"instock","13":"taxable","14":"shipping-taxable","15":"purchasable","16":"product-type-simple"},"acf":[],"yoast_head":"<!-- This site is optimized with the Yoast SEO plugin v27.5 - https:\/\/yoast.com\/product\/yoast-seo-wordpress\/ -->\n<title>Pro\u015bba do Chrzestnych o bycie Chrzestnym - zaproszenie na Chrzest - Drewniana Magia<\/title>\n<meta name=\"description\" content=\"Wyj\u0105tkowe, personalizowane zaproszenia - pro\u015bby dla przysz\u0142ych rodzic\u00f3w Chrzestnych. Wykonane z wysokiej jako\u015bci materia\u0142u.\" \/>\n<meta name=\"robots\" content=\"index, follow, max-snippet:-1, max-image-preview:large, max-video-preview:-1\" \/>\n<link rel=\"canonical\" href=\"https:\/\/www.drewnianamagia.pl\/index.php\/produkt\/prosba-do-chrzestnych-o-bycie-chrzestnym-zaproszenie-na-chrzest\/\" \/>\n<meta property=\"og:locale\" content=\"pl_PL\" \/>\n<meta property=\"og:type\" content=\"article\" \/>\n<meta property=\"og:title\" content=\"Pro\u015bba do Chrzestnych o bycie Chrzestnym - zaproszenie na Chrzest - Drewniana Magia\" \/>\n<meta property=\"og:description\" content=\"Wyj\u0105tkowe, personalizowane zaproszenia - pro\u015bby dla przysz\u0142ych rodzic\u00f3w Chrzestnych. Wykonane z wysokiej jako\u015bci materia\u0142u.\" \/>\n<meta property=\"og:url\" content=\"https:\/\/www.drewnianamagia.pl\/index.php\/produkt\/prosba-do-chrzestnych-o-bycie-chrzestnym-zaproszenie-na-chrzest\/\" \/>\n<meta property=\"og:site_name\" content=\"Drewniana Magia\" \/>\n<meta property=\"article:publisher\" content=\"https:\/\/facebook.com\/BelasDrewnianaMagia\" \/>\n<meta property=\"article:modified_time\" content=\"2025-03-31T08:42:23+00:00\" \/>\n<meta property=\"og:image\" content=\"https:\/\/www.drewnianamagia.pl\/wp-content\/uploads\/2024\/03\/Zaproszenia-Chrzestni-z-pytaniem.jpg\" \/>\n\t<meta property=\"og:image:width\" content=\"1000\" \/>\n\t<meta property=\"og:image:height\" content=\"1000\" \/>\n\t<meta property=\"og:image:type\" content=\"image\/jpeg\" \/>\n<meta name=\"twitter:card\" content=\"summary_large_image\" \/>\n<meta name=\"twitter:label1\" content=\"Szacowany czas czytania\" \/>\n\t<meta name=\"twitter:data1\" content=\"2 minuty\" \/>\n<script type=\"application\/ld+json\" class=\"yoast-schema-graph\">{\"@context\":\"https:\\\/\\\/schema.org\",\"@graph\":[{\"@type\":\"WebPage\",\"@id\":\"https:\\\/\\\/www.drewnianamagia.pl\\\/index.php\\\/produkt\\\/prosba-do-chrzestnych-o-bycie-chrzestnym-zaproszenie-na-chrzest\\\/\",\"url\":\"https:\\\/\\\/www.drewnianamagia.pl\\\/index.php\\\/produkt\\\/prosba-do-chrzestnych-o-bycie-chrzestnym-zaproszenie-na-chrzest\\\/\",\"name\":\"Pro\u015bba do Chrzestnych o bycie Chrzestnym - zaproszenie na Chrzest - Drewniana Magia\",\"isPartOf\":{\"@id\":\"https:\\\/\\\/www.drewnianamagia.pl\\\/#website\"},\"primaryImageOfPage\":{\"@id\":\"https:\\\/\\\/www.drewnianamagia.pl\\\/index.php\\\/produkt\\\/prosba-do-chrzestnych-o-bycie-chrzestnym-zaproszenie-na-chrzest\\\/#primaryimage\"},\"image\":{\"@id\":\"https:\\\/\\\/www.drewnianamagia.pl\\\/index.php\\\/produkt\\\/prosba-do-chrzestnych-o-bycie-chrzestnym-zaproszenie-na-chrzest\\\/#primaryimage\"},\"thumbnailUrl\":\"https:\\\/\\\/www.drewnianamagia.pl\\\/wp-content\\\/uploads\\\/2024\\\/03\\\/Zaproszenia-Chrzestni-z-pytaniem.jpg\",\"datePublished\":\"2024-03-27T14:29:09+00:00\",\"dateModified\":\"2025-03-31T08:42:23+00:00\",\"description\":\"Wyj\u0105tkowe, personalizowane zaproszenia - pro\u015bby dla przysz\u0142ych rodzic\u00f3w Chrzestnych. Wykonane z wysokiej jako\u015bci materia\u0142u.\",\"breadcrumb\":{\"@id\":\"https:\\\/\\\/www.drewnianamagia.pl\\\/index.php\\\/produkt\\\/prosba-do-chrzestnych-o-bycie-chrzestnym-zaproszenie-na-chrzest\\\/#breadcrumb\"},\"inLanguage\":\"pl-PL\",\"potentialAction\":[{\"@type\":\"ReadAction\",\"target\":[\"https:\\\/\\\/www.drewnianamagia.pl\\\/index.php\\\/produkt\\\/prosba-do-chrzestnych-o-bycie-chrzestnym-zaproszenie-na-chrzest\\\/\"]}]},{\"@type\":\"ImageObject\",\"inLanguage\":\"pl-PL\",\"@id\":\"https:\\\/\\\/www.drewnianamagia.pl\\\/index.php\\\/produkt\\\/prosba-do-chrzestnych-o-bycie-chrzestnym-zaproszenie-na-chrzest\\\/#primaryimage\",\"url\":\"https:\\\/\\\/www.drewnianamagia.pl\\\/wp-content\\\/uploads\\\/2024\\\/03\\\/Zaproszenia-Chrzestni-z-pytaniem.jpg\",\"contentUrl\":\"https:\\\/\\\/www.drewnianamagia.pl\\\/wp-content\\\/uploads\\\/2024\\\/03\\\/Zaproszenia-Chrzestni-z-pytaniem.jpg\",\"width\":1000,\"height\":1000,\"caption\":\"Zaproszenia - pro\u015bba dla rodzic\u00f3w Chrzestnych\"},{\"@type\":\"BreadcrumbList\",\"@id\":\"https:\\\/\\\/www.drewnianamagia.pl\\\/index.php\\\/produkt\\\/prosba-do-chrzestnych-o-bycie-chrzestnym-zaproszenie-na-chrzest\\\/#breadcrumb\",\"itemListElement\":[{\"@type\":\"ListItem\",\"position\":1,\"name\":\"Strona g\u0142\u00f3wna\",\"item\":\"https:\\\/\\\/www.drewnianamagia.pl\\\/\"},{\"@type\":\"ListItem\",\"position\":2,\"name\":\"Sklep\",\"item\":\"https:\\\/\\\/www.drewnianamagia.pl\\\/index.php\\\/sklep-internetowy-drewnianamagia\\\/\"},{\"@type\":\"ListItem\",\"position\":3,\"name\":\"Pro\u015bba do Chrzestnych o bycie Chrzestnym &#8211; zaproszenie na Chrzest\"}]},{\"@type\":\"WebSite\",\"@id\":\"https:\\\/\\\/www.drewnianamagia.pl\\\/#website\",\"url\":\"https:\\\/\\\/www.drewnianamagia.pl\\\/\",\"name\":\"Drewniana Magia\",\"description\":\"Personalizowane prezenty i dekoracje z drewna i druku 3D, na ka\u017cd\u0105 okazj\u0119 i okoliczno\u015b\u0107. Urodziny, Chrzest, Przyj\u0119cie, \u015awi\u0119ta, \u015alub\",\"publisher\":{\"@id\":\"https:\\\/\\\/www.drewnianamagia.pl\\\/#organization\"},\"potentialAction\":[{\"@type\":\"SearchAction\",\"target\":{\"@type\":\"EntryPoint\",\"urlTemplate\":\"https:\\\/\\\/www.drewnianamagia.pl\\\/?s={search_term_string}\"},\"query-input\":{\"@type\":\"PropertyValueSpecification\",\"valueRequired\":true,\"valueName\":\"search_term_string\"}}],\"inLanguage\":\"pl-PL\"},{\"@type\":\"Organization\",\"@id\":\"https:\\\/\\\/www.drewnianamagia.pl\\\/#organization\",\"name\":\"Drewniana Magia\",\"url\":\"https:\\\/\\\/www.drewnianamagia.pl\\\/\",\"logo\":{\"@type\":\"ImageObject\",\"inLanguage\":\"pl-PL\",\"@id\":\"https:\\\/\\\/www.drewnianamagia.pl\\\/#\\\/schema\\\/logo\\\/image\\\/\",\"url\":\"https:\\\/\\\/www.drewnianamagia.pl\\\/wp-content\\\/uploads\\\/2024\\\/02\\\/cropped-LOGO-DrewnianaMagia-375x188-1.png\",\"contentUrl\":\"https:\\\/\\\/www.drewnianamagia.pl\\\/wp-content\\\/uploads\\\/2024\\\/02\\\/cropped-LOGO-DrewnianaMagia-375x188-1.png\",\"width\":374,\"height\":188,\"caption\":\"Drewniana Magia\"},\"image\":{\"@id\":\"https:\\\/\\\/www.drewnianamagia.pl\\\/#\\\/schema\\\/logo\\\/image\\\/\"},\"sameAs\":[\"https:\\\/\\\/facebook.com\\\/BelasDrewnianaMagia\"]}]}<\/script>\n<!-- \/ Yoast SEO plugin. -->","yoast_head_json":{"title":"Pro\u015bba do Chrzestnych o bycie Chrzestnym - zaproszenie na Chrzest - Drewniana Magia","description":"Wyj\u0105tkowe, personalizowane zaproszenia - pro\u015bby dla przysz\u0142ych rodzic\u00f3w Chrzestnych. Wykonane z wysokiej jako\u015bci materia\u0142u.","robots":{"index":"index","follow":"follow","max-snippet":"max-snippet:-1","max-image-preview":"max-image-preview:large","max-video-preview":"max-video-preview:-1"},"canonical":"https:\/\/www.drewnianamagia.pl\/index.php\/produkt\/prosba-do-chrzestnych-o-bycie-chrzestnym-zaproszenie-na-chrzest\/","og_locale":"pl_PL","og_type":"article","og_title":"Pro\u015bba do Chrzestnych o bycie Chrzestnym - zaproszenie na Chrzest - Drewniana Magia","og_description":"Wyj\u0105tkowe, personalizowane zaproszenia - pro\u015bby dla przysz\u0142ych rodzic\u00f3w Chrzestnych. Wykonane z wysokiej jako\u015bci materia\u0142u.","og_url":"https:\/\/www.drewnianamagia.pl\/index.php\/produkt\/prosba-do-chrzestnych-o-bycie-chrzestnym-zaproszenie-na-chrzest\/","og_site_name":"Drewniana Magia","article_publisher":"https:\/\/facebook.com\/BelasDrewnianaMagia","article_modified_time":"2025-03-31T08:42:23+00:00","og_image":[{"width":1000,"height":1000,"url":"https:\/\/www.drewnianamagia.pl\/wp-content\/uploads\/2024\/03\/Zaproszenia-Chrzestni-z-pytaniem.jpg","type":"image\/jpeg"}],"twitter_card":"summary_large_image","twitter_misc":{"Szacowany czas czytania":"2 minuty"},"schema":{"@context":"https:\/\/schema.org","@graph":[{"@type":"WebPage","@id":"https:\/\/www.drewnianamagia.pl\/index.php\/produkt\/prosba-do-chrzestnych-o-bycie-chrzestnym-zaproszenie-na-chrzest\/","url":"https:\/\/www.drewnianamagia.pl\/index.php\/produkt\/prosba-do-chrzestnych-o-bycie-chrzestnym-zaproszenie-na-chrzest\/","name":"Pro\u015bba do Chrzestnych o bycie Chrzestnym - zaproszenie na Chrzest - Drewniana Magia","isPartOf":{"@id":"https:\/\/www.drewnianamagia.pl\/#website"},"primaryImageOfPage":{"@id":"https:\/\/www.drewnianamagia.pl\/index.php\/produkt\/prosba-do-chrzestnych-o-bycie-chrzestnym-zaproszenie-na-chrzest\/#primaryimage"},"image":{"@id":"https:\/\/www.drewnianamagia.pl\/index.php\/produkt\/prosba-do-chrzestnych-o-bycie-chrzestnym-zaproszenie-na-chrzest\/#primaryimage"},"thumbnailUrl":"https:\/\/www.drewnianamagia.pl\/wp-content\/uploads\/2024\/03\/Zaproszenia-Chrzestni-z-pytaniem.jpg","datePublished":"2024-03-27T14:29:09+00:00","dateModified":"2025-03-31T08:42:23+00:00","description":"Wyj\u0105tkowe, personalizowane zaproszenia - pro\u015bby dla przysz\u0142ych rodzic\u00f3w Chrzestnych. Wykonane z wysokiej jako\u015bci materia\u0142u.","breadcrumb":{"@id":"https:\/\/www.drewnianamagia.pl\/index.php\/produkt\/prosba-do-chrzestnych-o-bycie-chrzestnym-zaproszenie-na-chrzest\/#breadcrumb"},"inLanguage":"pl-PL","potentialAction":[{"@type":"ReadAction","target":["https:\/\/www.drewnianamagia.pl\/index.php\/produkt\/prosba-do-chrzestnych-o-bycie-chrzestnym-zaproszenie-na-chrzest\/"]}]},{"@type":"ImageObject","inLanguage":"pl-PL","@id":"https:\/\/www.drewnianamagia.pl\/index.php\/produkt\/prosba-do-chrzestnych-o-bycie-chrzestnym-zaproszenie-na-chrzest\/#primaryimage","url":"https:\/\/www.drewnianamagia.pl\/wp-content\/uploads\/2024\/03\/Zaproszenia-Chrzestni-z-pytaniem.jpg","contentUrl":"https:\/\/www.drewnianamagia.pl\/wp-content\/uploads\/2024\/03\/Zaproszenia-Chrzestni-z-pytaniem.jpg","width":1000,"height":1000,"caption":"Zaproszenia - pro\u015bba dla rodzic\u00f3w Chrzestnych"},{"@type":"BreadcrumbList","@id":"https:\/\/www.drewnianamagia.pl\/index.php\/produkt\/prosba-do-chrzestnych-o-bycie-chrzestnym-zaproszenie-na-chrzest\/#breadcrumb","itemListElement":[{"@type":"ListItem","position":1,"name":"Strona g\u0142\u00f3wna","item":"https:\/\/www.drewnianamagia.pl\/"},{"@type":"ListItem","position":2,"name":"Sklep","item":"https:\/\/www.drewnianamagia.pl\/index.php\/sklep-internetowy-drewnianamagia\/"},{"@type":"ListItem","position":3,"name":"Pro\u015bba do Chrzestnych o bycie Chrzestnym &#8211; zaproszenie na Chrzest"}]},{"@type":"WebSite","@id":"https:\/\/www.drewnianamagia.pl\/#website","url":"https:\/\/www.drewnianamagia.pl\/","name":"Drewniana Magia","description":"Personalizowane prezenty i dekoracje z drewna i druku 3D, na ka\u017cd\u0105 okazj\u0119 i okoliczno\u015b\u0107. Urodziny, Chrzest, Przyj\u0119cie, \u015awi\u0119ta, \u015alub","publisher":{"@id":"https:\/\/www.drewnianamagia.pl\/#organization"},"potentialAction":[{"@type":"SearchAction","target":{"@type":"EntryPoint","urlTemplate":"https:\/\/www.drewnianamagia.pl\/?s={search_term_string}"},"query-input":{"@type":"PropertyValueSpecification","valueRequired":true,"valueName":"search_term_string"}}],"inLanguage":"pl-PL"},{"@type":"Organization","@id":"https:\/\/www.drewnianamagia.pl\/#organization","name":"Drewniana Magia","url":"https:\/\/www.drewnianamagia.pl\/","logo":{"@type":"ImageObject","inLanguage":"pl-PL","@id":"https:\/\/www.drewnianamagia.pl\/#\/schema\/logo\/image\/","url":"https:\/\/www.drewnianamagia.pl\/wp-content\/uploads\/2024\/02\/cropped-LOGO-DrewnianaMagia-375x188-1.png","contentUrl":"https:\/\/www.drewnianamagia.pl\/wp-content\/uploads\/2024\/02\/cropped-LOGO-DrewnianaMagia-375x188-1.png","width":374,"height":188,"caption":"Drewniana Magia"},"image":{"@id":"https:\/\/www.drewnianamagia.pl\/#\/schema\/logo\/image\/"},"sameAs":["https:\/\/facebook.com\/BelasDrewnianaMagia"]}]}},"_links":{"self":[{"href":"https:\/\/www.drewnianamagia.pl\/index.php\/wp-json\/wp\/v2\/product\/2811","targetHints":{"allow":["GET"]}}],"collection":[{"href":"https:\/\/www.drewnianamagia.pl\/index.php\/wp-json\/wp\/v2\/product"}],"about":[{"href":"https:\/\/www.drewnianamagia.pl\/index.php\/wp-json\/wp\/v2\/types\/product"}],"replies":[{"embeddable":true,"href":"https:\/\/www.drewnianamagia.pl\/index.php\/wp-json\/wp\/v2\/comments?post=2811"}],"wp:featuredmedia":[{"embeddable":true,"href":"https:\/\/www.drewnianamagia.pl\/index.php\/wp-json\/wp\/v2\/media\/2798"}],"wp:attachment":[{"href":"https:\/\/www.drewnianamagia.pl\/index.php\/wp-json\/wp\/v2\/media?parent=2811"}],"wp:term":[{"taxonomy":"product_brand","embeddable":true,"href":"https:\/\/www.drewnianamagia.pl\/index.php\/wp-json\/wp\/v2\/product_brand?post=2811"},{"taxonomy":"product_cat","embeddable":true,"href":"https:\/\/www.drewnianamagia.pl\/index.php\/wp-json\/wp\/v2\/product_cat?post=2811"},{"taxonomy":"product_tag","embeddable":true,"href":"https:\/\/www.drewnianamagia.pl\/index.php\/wp-json\/wp\/v2\/product_tag?post=2811"}],"curies":[{"name":"wp","href":"https:\/\/api.w.org\/{rel}","templated":true}]}}