{"id":2808,"date":"2024-03-27T14:45:05","date_gmt":"2024-03-27T13:45:05","guid":{"rendered":"https:\/\/www.drewnianamagia.pl\/?post_type=product&#038;p=2808"},"modified":"2024-12-13T12:28:04","modified_gmt":"2024-12-13T11:28:04","slug":"baner-girlanda-na-przyjecie-oraz-do-pokoju-dzieciecego-imie-choragiewki","status":"publish","type":"product","link":"https:\/\/www.drewnianamagia.pl\/index.php\/produkt\/baner-girlanda-na-przyjecie-oraz-do-pokoju-dzieciecego-imie-choragiewki\/","title":{"rendered":"Baner Girlanda na przyj\u0119cie oraz do pokoju dzieci\u0119cego &#8211; Imi\u0119 chor\u0105giewki"},"content":{"rendered":"<p style=\"text-align: center;\"><strong>Girlanda z imieniem lub dowolnym tekstem<\/strong><\/p>\n<p style=\"text-align: center;\">Cena za 1 liter\u0119<\/p>\n<p>Wyj\u0105tkowa i stylowa girlanda z imieniem to doskona\u0142y dodatek dekoracyjny do pokoju dzieci\u0119cego oraz na przyj\u0119cie urodzinowe, Chrzest, Komuni\u0119. Ka\u017cda chor\u0105giewka jest wykonana z wysokiej jako\u015bci lekkiej i g\u0142adkiej sklejki o grubo\u015bci ok. 3 mm, co nadaje jej elegancki wygl\u0105d. Pierwsza i ostatnia tabliczka ozdobione s\u0105 pi\u0119knym grawerem, dodaj\u0105cym uroku ca\u0142o\u015bci (do wyboru jeden z dw\u00f3ch wariant\u00f3w). \u015arodkowe tabliczki zawieraj\u0105 wygrawerowane litery imienia, zachowuj\u0105c prostot\u0119 i elegancj\u0119.<\/p>\n<p><strong>Cena dotyczy zakupu 1 tabliczki<\/strong> &#8211; zam\u00f3w tyle sztuk produktu z ilu liter ma si\u0119 sk\u0142ada\u0107 twoja girlanda.<\/p>\n<p>Wymiary 1 tabliczki: 85 x 100 mm<\/p>\n<p>Dodatkowy element dekoracyjny stanowi\u0105 drewniane kulki umieszczone mi\u0119dzy literkami, kt\u00f3re nadaj\u0105 girlandzie wyj\u0105tkowego charakteru i efektownego wygl\u0105du. Przyk\u0142adowo, przy zakupie 8 liter otrzymasz 9 kulek, co dodatkowo urozmaica kompozycj\u0119.<\/p>\n<p>W zestawie znajduje si\u0119 r\u00f3wnie\u017c sznurek jutowy, kt\u00f3ry umo\u017cliwia \u0142atwe zawieszenie girlandy. Wszystkie elementy otrzymasz osobno, co pozwala na samodzielne z\u0142o\u017cenie girlandy i zabezpiecza produkt przed uszkodzeniem w transprocie.<\/p>\n<p><img loading=\"lazy\" decoding=\"async\" class=\"aligncenter wp-image-2826 size-medium\" src=\"https:\/\/www.drewnianamagia.pl\/wp-content\/uploads\/2024\/03\/girlanda-literki-tlo-300x300.jpg\" alt=\"litery na czerwonym tle\" width=\"300\" height=\"300\" srcset=\"https:\/\/www.drewnianamagia.pl\/wp-content\/uploads\/2024\/03\/girlanda-literki-tlo-300x300.jpg 300w, https:\/\/www.drewnianamagia.pl\/wp-content\/uploads\/2024\/03\/girlanda-literki-tlo-324x324.jpg 324w, https:\/\/www.drewnianamagia.pl\/wp-content\/uploads\/2024\/03\/girlanda-literki-tlo-100x100.jpg 100w, https:\/\/www.drewnianamagia.pl\/wp-content\/uploads\/2024\/03\/girlanda-literki-tlo-416x416.jpg 416w, https:\/\/www.drewnianamagia.pl\/wp-content\/uploads\/2024\/03\/girlanda-literki-tlo-150x150.jpg 150w, https:\/\/www.drewnianamagia.pl\/wp-content\/uploads\/2024\/03\/girlanda-literki-tlo-768x768.jpg 768w, https:\/\/www.drewnianamagia.pl\/wp-content\/uploads\/2024\/03\/girlanda-literki-tlo.jpg 1000w\" sizes=\"auto, (max-width: 300px) 100vw, 300px\" \/><\/p>\n<p><strong>W celu finalizacji zam\u00f3wienia potrzebujemy nast\u0119puj\u0105cych informacji:<\/strong><\/p>\n<ol>\n<li>TEKST jaki mamy umie\u015bci\u0107 na tabliczkach (ka\u017cda litera to 1 tabliczka &#8211; pami\u0119taj aby dokona\u0107 zakupu tylu szt. produktu ile liter ma by\u0107 wygrawerowanych) Mo\u017ce by\u0107 to imi\u0119, lub dowolny inny tekst. Grawerowane s\u0105 wielkie litery oraz cyfry (zgodnie z wzorcem).<\/li>\n<li>Wariant wyko\u0144czenia pierwszej i ostatniej tabliczki (wzory widoczne w zdj\u0119ciach) &#8211; w przypadku braku tej informacji, wy\u015blemy wersj\u0119 nr 2.<\/li>\n<\/ol>\n<p>Girlanda z imieniem to nie tylko pi\u0119kna ozdoba r\u00f3\u017cnego rodzaju przyj\u0119\u0107, ale r\u00f3wnie\u017c wyj\u0105tkowy spos\u00f3b personalizacji pokoju Twojego dziecka. Stw\u00f3rz dla niego przestrze\u0144, kt\u00f3ra b\u0119dzie jego kr\u00f3lestwem do zabawy i nauki, dzi\u0119ki tej unikalnej dekoracji.<\/p>\n<p><strong>W przesy\u0142ce otrzymasz:<\/strong><\/p>\n<ul>\n<li>Spersonalizowane tabliczki (z ustalonymi przez siebie literami)<\/li>\n<li>Drewniane kulki w ilo\u015bci pozwalaj\u0105cej na prze\u0142o\u017cenie ich pomi\u0119dzy tabliczkami<\/li>\n<li>Sznurek jutowy o d\u0142ugo\u015bci dopasowanej do ilo\u015bci zam\u00f3wionych liter (szeroko\u015b\u0107 girlandy + 60cm.)<\/li>\n<\/ul>\n","protected":false},"excerpt":{"rendered":"<p>Girlanda z imieniem lub dowolnym tekstem Cena za 1 liter\u0119 Wyj\u0105tkowa i stylowa girlanda z imieniem to doskona\u0142y dodatek dekoracyjny do pokoju dzieci\u0119cego oraz na przyj\u0119cie urodzinowe, Chrzest, Komuni\u0119. Ka\u017cda chor\u0105giewka jest wykonana z wysokiej jako\u015bci lekkiej i g\u0142adkiej sklejki o grubo\u015bci ok. 3 mm, co nadaje jej elegancki wygl\u0105d. Pierwsza i ostatnia tabliczka ozdobione [&hellip;]<\/p>\n","protected":false},"featured_media":2790,"comment_status":"open","ping_status":"closed","template":"","meta":{"_acf_changed":false},"product_brand":[],"product_cat":[97,49,92,106,105,98,96],"product_tag":[72,54,115,79],"class_list":{"0":"post-2808","1":"product","2":"type-product","3":"status-publish","4":"has-post-thumbnail","6":"product_cat-chrzest-komunia","7":"product_cat-dekoracje","8":"product_cat-gadzety","9":"product_cat-narodziny-dziecka","10":"product_cat-rocznice","11":"product_cat-slub-wesele","12":"product_cat-urodziny-imieniny","13":"product_tag-impreza","14":"product_tag-personalizacja","15":"product_tag-pokoj-dziecka","16":"product_tag-przyjecie","18":"first","19":"instock","20":"taxable","21":"shipping-taxable","22":"purchasable","23":"product-type-simple"},"acf":[],"yoast_head":"<!-- This site is optimized with the Yoast SEO plugin v27.5 - https:\/\/yoast.com\/product\/yoast-seo-wordpress\/ -->\n<title>Baner Girlanda na przyj\u0119cie oraz do pokoju dzieci\u0119cego - Imi\u0119 chor\u0105giewki - Drewniana Magia<\/title>\n<meta name=\"description\" content=\"Pi\u0119kna i wyj\u0105tkowa personalizowana drewniana girlanda. Zam\u00f3w i zap\u0142a\u0107 za tyle liter ile potrzebujesz. R\u0119cznie szlifowane tabliczki z dowolnymi literami.\" \/>\n<meta name=\"robots\" content=\"index, follow, max-snippet:-1, max-image-preview:large, max-video-preview:-1\" \/>\n<link rel=\"canonical\" href=\"https:\/\/www.drewnianamagia.pl\/index.php\/produkt\/baner-girlanda-na-przyjecie-oraz-do-pokoju-dzieciecego-imie-choragiewki\/\" \/>\n<meta property=\"og:locale\" content=\"pl_PL\" \/>\n<meta property=\"og:type\" content=\"article\" \/>\n<meta property=\"og:title\" content=\"Baner Girlanda na przyj\u0119cie oraz do pokoju dzieci\u0119cego - Imi\u0119 chor\u0105giewki - Drewniana Magia\" \/>\n<meta property=\"og:description\" content=\"Pi\u0119kna i wyj\u0105tkowa personalizowana drewniana girlanda. Zam\u00f3w i zap\u0142a\u0107 za tyle liter ile potrzebujesz. R\u0119cznie szlifowane tabliczki z dowolnymi literami.\" \/>\n<meta property=\"og:url\" content=\"https:\/\/www.drewnianamagia.pl\/index.php\/produkt\/baner-girlanda-na-przyjecie-oraz-do-pokoju-dzieciecego-imie-choragiewki\/\" \/>\n<meta property=\"og:site_name\" content=\"Drewniana Magia\" \/>\n<meta property=\"article:publisher\" content=\"https:\/\/facebook.com\/BelasDrewnianaMagia\" \/>\n<meta property=\"article:modified_time\" content=\"2024-12-13T11:28:04+00:00\" \/>\n<meta property=\"og:image\" content=\"https:\/\/www.drewnianamagia.pl\/wp-content\/uploads\/2024\/03\/girlanda-gotowa-2.jpg\" \/>\n\t<meta property=\"og:image:width\" content=\"1890\" \/>\n\t<meta property=\"og:image:height\" content=\"1890\" \/>\n\t<meta property=\"og:image:type\" content=\"image\/jpeg\" \/>\n<meta name=\"twitter:card\" content=\"summary_large_image\" \/>\n<meta name=\"twitter:label1\" content=\"Szacowany czas czytania\" \/>\n\t<meta name=\"twitter:data1\" content=\"3 minuty\" \/>\n<script type=\"application\/ld+json\" class=\"yoast-schema-graph\">{\"@context\":\"https:\\\/\\\/schema.org\",\"@graph\":[{\"@type\":\"WebPage\",\"@id\":\"https:\\\/\\\/www.drewnianamagia.pl\\\/index.php\\\/produkt\\\/baner-girlanda-na-przyjecie-oraz-do-pokoju-dzieciecego-imie-choragiewki\\\/\",\"url\":\"https:\\\/\\\/www.drewnianamagia.pl\\\/index.php\\\/produkt\\\/baner-girlanda-na-przyjecie-oraz-do-pokoju-dzieciecego-imie-choragiewki\\\/\",\"name\":\"Baner Girlanda na przyj\u0119cie oraz do pokoju dzieci\u0119cego - Imi\u0119 chor\u0105giewki - Drewniana Magia\",\"isPartOf\":{\"@id\":\"https:\\\/\\\/www.drewnianamagia.pl\\\/#website\"},\"primaryImageOfPage\":{\"@id\":\"https:\\\/\\\/www.drewnianamagia.pl\\\/index.php\\\/produkt\\\/baner-girlanda-na-przyjecie-oraz-do-pokoju-dzieciecego-imie-choragiewki\\\/#primaryimage\"},\"image\":{\"@id\":\"https:\\\/\\\/www.drewnianamagia.pl\\\/index.php\\\/produkt\\\/baner-girlanda-na-przyjecie-oraz-do-pokoju-dzieciecego-imie-choragiewki\\\/#primaryimage\"},\"thumbnailUrl\":\"https:\\\/\\\/www.drewnianamagia.pl\\\/wp-content\\\/uploads\\\/2024\\\/03\\\/girlanda-gotowa-2.jpg\",\"datePublished\":\"2024-03-27T13:45:05+00:00\",\"dateModified\":\"2024-12-13T11:28:04+00:00\",\"description\":\"Pi\u0119kna i wyj\u0105tkowa personalizowana drewniana girlanda. Zam\u00f3w i zap\u0142a\u0107 za tyle liter ile potrzebujesz. R\u0119cznie szlifowane tabliczki z dowolnymi literami.\",\"breadcrumb\":{\"@id\":\"https:\\\/\\\/www.drewnianamagia.pl\\\/index.php\\\/produkt\\\/baner-girlanda-na-przyjecie-oraz-do-pokoju-dzieciecego-imie-choragiewki\\\/#breadcrumb\"},\"inLanguage\":\"pl-PL\",\"potentialAction\":[{\"@type\":\"ReadAction\",\"target\":[\"https:\\\/\\\/www.drewnianamagia.pl\\\/index.php\\\/produkt\\\/baner-girlanda-na-przyjecie-oraz-do-pokoju-dzieciecego-imie-choragiewki\\\/\"]}]},{\"@type\":\"ImageObject\",\"inLanguage\":\"pl-PL\",\"@id\":\"https:\\\/\\\/www.drewnianamagia.pl\\\/index.php\\\/produkt\\\/baner-girlanda-na-przyjecie-oraz-do-pokoju-dzieciecego-imie-choragiewki\\\/#primaryimage\",\"url\":\"https:\\\/\\\/www.drewnianamagia.pl\\\/wp-content\\\/uploads\\\/2024\\\/03\\\/girlanda-gotowa-2.jpg\",\"contentUrl\":\"https:\\\/\\\/www.drewnianamagia.pl\\\/wp-content\\\/uploads\\\/2024\\\/03\\\/girlanda-gotowa-2.jpg\",\"width\":1890,\"height\":1890,\"caption\":\"girlanda\"},{\"@type\":\"BreadcrumbList\",\"@id\":\"https:\\\/\\\/www.drewnianamagia.pl\\\/index.php\\\/produkt\\\/baner-girlanda-na-przyjecie-oraz-do-pokoju-dzieciecego-imie-choragiewki\\\/#breadcrumb\",\"itemListElement\":[{\"@type\":\"ListItem\",\"position\":1,\"name\":\"Strona g\u0142\u00f3wna\",\"item\":\"https:\\\/\\\/www.drewnianamagia.pl\\\/\"},{\"@type\":\"ListItem\",\"position\":2,\"name\":\"Sklep\",\"item\":\"https:\\\/\\\/www.drewnianamagia.pl\\\/index.php\\\/sklep-internetowy-drewnianamagia\\\/\"},{\"@type\":\"ListItem\",\"position\":3,\"name\":\"Baner Girlanda na przyj\u0119cie oraz do pokoju dzieci\u0119cego &#8211; Imi\u0119 chor\u0105giewki\"}]},{\"@type\":\"WebSite\",\"@id\":\"https:\\\/\\\/www.drewnianamagia.pl\\\/#website\",\"url\":\"https:\\\/\\\/www.drewnianamagia.pl\\\/\",\"name\":\"Drewniana Magia\",\"description\":\"Personalizowane prezenty i dekoracje z drewna i druku 3D, na ka\u017cd\u0105 okazj\u0119 i okoliczno\u015b\u0107. Urodziny, Chrzest, Przyj\u0119cie, \u015awi\u0119ta, \u015alub\",\"publisher\":{\"@id\":\"https:\\\/\\\/www.drewnianamagia.pl\\\/#organization\"},\"potentialAction\":[{\"@type\":\"SearchAction\",\"target\":{\"@type\":\"EntryPoint\",\"urlTemplate\":\"https:\\\/\\\/www.drewnianamagia.pl\\\/?s={search_term_string}\"},\"query-input\":{\"@type\":\"PropertyValueSpecification\",\"valueRequired\":true,\"valueName\":\"search_term_string\"}}],\"inLanguage\":\"pl-PL\"},{\"@type\":\"Organization\",\"@id\":\"https:\\\/\\\/www.drewnianamagia.pl\\\/#organization\",\"name\":\"Drewniana Magia\",\"url\":\"https:\\\/\\\/www.drewnianamagia.pl\\\/\",\"logo\":{\"@type\":\"ImageObject\",\"inLanguage\":\"pl-PL\",\"@id\":\"https:\\\/\\\/www.drewnianamagia.pl\\\/#\\\/schema\\\/logo\\\/image\\\/\",\"url\":\"https:\\\/\\\/www.drewnianamagia.pl\\\/wp-content\\\/uploads\\\/2024\\\/02\\\/cropped-LOGO-DrewnianaMagia-375x188-1.png\",\"contentUrl\":\"https:\\\/\\\/www.drewnianamagia.pl\\\/wp-content\\\/uploads\\\/2024\\\/02\\\/cropped-LOGO-DrewnianaMagia-375x188-1.png\",\"width\":374,\"height\":188,\"caption\":\"Drewniana Magia\"},\"image\":{\"@id\":\"https:\\\/\\\/www.drewnianamagia.pl\\\/#\\\/schema\\\/logo\\\/image\\\/\"},\"sameAs\":[\"https:\\\/\\\/facebook.com\\\/BelasDrewnianaMagia\"]}]}<\/script>\n<!-- \/ Yoast SEO plugin. -->","yoast_head_json":{"title":"Baner Girlanda na przyj\u0119cie oraz do pokoju dzieci\u0119cego - Imi\u0119 chor\u0105giewki - Drewniana Magia","description":"Pi\u0119kna i wyj\u0105tkowa personalizowana drewniana girlanda. Zam\u00f3w i zap\u0142a\u0107 za tyle liter ile potrzebujesz. R\u0119cznie szlifowane tabliczki z dowolnymi literami.","robots":{"index":"index","follow":"follow","max-snippet":"max-snippet:-1","max-image-preview":"max-image-preview:large","max-video-preview":"max-video-preview:-1"},"canonical":"https:\/\/www.drewnianamagia.pl\/index.php\/produkt\/baner-girlanda-na-przyjecie-oraz-do-pokoju-dzieciecego-imie-choragiewki\/","og_locale":"pl_PL","og_type":"article","og_title":"Baner Girlanda na przyj\u0119cie oraz do pokoju dzieci\u0119cego - Imi\u0119 chor\u0105giewki - Drewniana Magia","og_description":"Pi\u0119kna i wyj\u0105tkowa personalizowana drewniana girlanda. Zam\u00f3w i zap\u0142a\u0107 za tyle liter ile potrzebujesz. R\u0119cznie szlifowane tabliczki z dowolnymi literami.","og_url":"https:\/\/www.drewnianamagia.pl\/index.php\/produkt\/baner-girlanda-na-przyjecie-oraz-do-pokoju-dzieciecego-imie-choragiewki\/","og_site_name":"Drewniana Magia","article_publisher":"https:\/\/facebook.com\/BelasDrewnianaMagia","article_modified_time":"2024-12-13T11:28:04+00:00","og_image":[{"width":1890,"height":1890,"url":"https:\/\/www.drewnianamagia.pl\/wp-content\/uploads\/2024\/03\/girlanda-gotowa-2.jpg","type":"image\/jpeg"}],"twitter_card":"summary_large_image","twitter_misc":{"Szacowany czas czytania":"3 minuty"},"schema":{"@context":"https:\/\/schema.org","@graph":[{"@type":"WebPage","@id":"https:\/\/www.drewnianamagia.pl\/index.php\/produkt\/baner-girlanda-na-przyjecie-oraz-do-pokoju-dzieciecego-imie-choragiewki\/","url":"https:\/\/www.drewnianamagia.pl\/index.php\/produkt\/baner-girlanda-na-przyjecie-oraz-do-pokoju-dzieciecego-imie-choragiewki\/","name":"Baner Girlanda na przyj\u0119cie oraz do pokoju dzieci\u0119cego - Imi\u0119 chor\u0105giewki - Drewniana Magia","isPartOf":{"@id":"https:\/\/www.drewnianamagia.pl\/#website"},"primaryImageOfPage":{"@id":"https:\/\/www.drewnianamagia.pl\/index.php\/produkt\/baner-girlanda-na-przyjecie-oraz-do-pokoju-dzieciecego-imie-choragiewki\/#primaryimage"},"image":{"@id":"https:\/\/www.drewnianamagia.pl\/index.php\/produkt\/baner-girlanda-na-przyjecie-oraz-do-pokoju-dzieciecego-imie-choragiewki\/#primaryimage"},"thumbnailUrl":"https:\/\/www.drewnianamagia.pl\/wp-content\/uploads\/2024\/03\/girlanda-gotowa-2.jpg","datePublished":"2024-03-27T13:45:05+00:00","dateModified":"2024-12-13T11:28:04+00:00","description":"Pi\u0119kna i wyj\u0105tkowa personalizowana drewniana girlanda. Zam\u00f3w i zap\u0142a\u0107 za tyle liter ile potrzebujesz. R\u0119cznie szlifowane tabliczki z dowolnymi literami.","breadcrumb":{"@id":"https:\/\/www.drewnianamagia.pl\/index.php\/produkt\/baner-girlanda-na-przyjecie-oraz-do-pokoju-dzieciecego-imie-choragiewki\/#breadcrumb"},"inLanguage":"pl-PL","potentialAction":[{"@type":"ReadAction","target":["https:\/\/www.drewnianamagia.pl\/index.php\/produkt\/baner-girlanda-na-przyjecie-oraz-do-pokoju-dzieciecego-imie-choragiewki\/"]}]},{"@type":"ImageObject","inLanguage":"pl-PL","@id":"https:\/\/www.drewnianamagia.pl\/index.php\/produkt\/baner-girlanda-na-przyjecie-oraz-do-pokoju-dzieciecego-imie-choragiewki\/#primaryimage","url":"https:\/\/www.drewnianamagia.pl\/wp-content\/uploads\/2024\/03\/girlanda-gotowa-2.jpg","contentUrl":"https:\/\/www.drewnianamagia.pl\/wp-content\/uploads\/2024\/03\/girlanda-gotowa-2.jpg","width":1890,"height":1890,"caption":"girlanda"},{"@type":"BreadcrumbList","@id":"https:\/\/www.drewnianamagia.pl\/index.php\/produkt\/baner-girlanda-na-przyjecie-oraz-do-pokoju-dzieciecego-imie-choragiewki\/#breadcrumb","itemListElement":[{"@type":"ListItem","position":1,"name":"Strona g\u0142\u00f3wna","item":"https:\/\/www.drewnianamagia.pl\/"},{"@type":"ListItem","position":2,"name":"Sklep","item":"https:\/\/www.drewnianamagia.pl\/index.php\/sklep-internetowy-drewnianamagia\/"},{"@type":"ListItem","position":3,"name":"Baner Girlanda na przyj\u0119cie oraz do pokoju dzieci\u0119cego &#8211; Imi\u0119 chor\u0105giewki"}]},{"@type":"WebSite","@id":"https:\/\/www.drewnianamagia.pl\/#website","url":"https:\/\/www.drewnianamagia.pl\/","name":"Drewniana Magia","description":"Personalizowane prezenty i dekoracje z drewna i druku 3D, na ka\u017cd\u0105 okazj\u0119 i okoliczno\u015b\u0107. Urodziny, Chrzest, Przyj\u0119cie, \u015awi\u0119ta, \u015alub","publisher":{"@id":"https:\/\/www.drewnianamagia.pl\/#organization"},"potentialAction":[{"@type":"SearchAction","target":{"@type":"EntryPoint","urlTemplate":"https:\/\/www.drewnianamagia.pl\/?s={search_term_string}"},"query-input":{"@type":"PropertyValueSpecification","valueRequired":true,"valueName":"search_term_string"}}],"inLanguage":"pl-PL"},{"@type":"Organization","@id":"https:\/\/www.drewnianamagia.pl\/#organization","name":"Drewniana Magia","url":"https:\/\/www.drewnianamagia.pl\/","logo":{"@type":"ImageObject","inLanguage":"pl-PL","@id":"https:\/\/www.drewnianamagia.pl\/#\/schema\/logo\/image\/","url":"https:\/\/www.drewnianamagia.pl\/wp-content\/uploads\/2024\/02\/cropped-LOGO-DrewnianaMagia-375x188-1.png","contentUrl":"https:\/\/www.drewnianamagia.pl\/wp-content\/uploads\/2024\/02\/cropped-LOGO-DrewnianaMagia-375x188-1.png","width":374,"height":188,"caption":"Drewniana Magia"},"image":{"@id":"https:\/\/www.drewnianamagia.pl\/#\/schema\/logo\/image\/"},"sameAs":["https:\/\/facebook.com\/BelasDrewnianaMagia"]}]}},"_links":{"self":[{"href":"https:\/\/www.drewnianamagia.pl\/index.php\/wp-json\/wp\/v2\/product\/2808","targetHints":{"allow":["GET"]}}],"collection":[{"href":"https:\/\/www.drewnianamagia.pl\/index.php\/wp-json\/wp\/v2\/product"}],"about":[{"href":"https:\/\/www.drewnianamagia.pl\/index.php\/wp-json\/wp\/v2\/types\/product"}],"replies":[{"embeddable":true,"href":"https:\/\/www.drewnianamagia.pl\/index.php\/wp-json\/wp\/v2\/comments?post=2808"}],"wp:featuredmedia":[{"embeddable":true,"href":"https:\/\/www.drewnianamagia.pl\/index.php\/wp-json\/wp\/v2\/media\/2790"}],"wp:attachment":[{"href":"https:\/\/www.drewnianamagia.pl\/index.php\/wp-json\/wp\/v2\/media?parent=2808"}],"wp:term":[{"taxonomy":"product_brand","embeddable":true,"href":"https:\/\/www.drewnianamagia.pl\/index.php\/wp-json\/wp\/v2\/product_brand?post=2808"},{"taxonomy":"product_cat","embeddable":true,"href":"https:\/\/www.drewnianamagia.pl\/index.php\/wp-json\/wp\/v2\/product_cat?post=2808"},{"taxonomy":"product_tag","embeddable":true,"href":"https:\/\/www.drewnianamagia.pl\/index.php\/wp-json\/wp\/v2\/product_tag?post=2808"}],"curies":[{"name":"wp","href":"https:\/\/api.w.org\/{rel}","templated":true}]}}