{"id":2388,"date":"2024-03-20T15:11:07","date_gmt":"2024-03-20T14:11:07","guid":{"rendered":"https:\/\/www.drewnianamagia.pl\/?post_type=product&#038;p=2388"},"modified":"2024-12-13T12:28:04","modified_gmt":"2024-12-13T11:28:04","slug":"wielkanocne-zawieszki-do-malowania","status":"publish","type":"product","link":"https:\/\/www.drewnianamagia.pl\/index.php\/produkt\/wielkanocne-zawieszki-do-malowania\/","title":{"rendered":"Wielkanocne zawieszki do malowania"},"content":{"rendered":"<p style=\"text-align: center;\">Zestaw Wielkanocnych zawieszek do malowania (9szt.)<\/p>\n<p>&nbsp;<\/p>\n<p>Drewniane zawieszki wielkanocne to uroczy zestaw ozdobnych element\u00f3w wykonanych z wysokiej jako\u015bci g\u0142adkiej sklejki, idealnych do personalizacji pisakami. Zawieszki r\u0119cznie szlifujemy, co zapewnia im wyj\u0105tkowy wygl\u0105d i g\u0142adko\u015b\u0107 powierzchni. Ka\u017cda zawieszka ma wysoko\u015b\u0107 8 cm i grubo\u015b\u0107 oko\u0142o 3 mm, co sprawia, \u017ce s\u0105 one solidne, ale jednocze\u015bnie lekkie i \u0142atwe do zawieszenia.<\/p>\n<p>&nbsp;<\/p>\n<p><img loading=\"lazy\" decoding=\"async\" class=\"aligncenter size-medium wp-image-2385\" style=\"text-align: center;\" src=\"https:\/\/www.drewnianamagia.pl\/wp-content\/uploads\/2024\/03\/zawieszka-pomalowana-1-300x300.jpg\" alt=\"zaj\u0105czek z jajkiem pomalowany\" width=\"300\" height=\"300\" srcset=\"https:\/\/www.drewnianamagia.pl\/wp-content\/uploads\/2024\/03\/zawieszka-pomalowana-1-300x300.jpg 300w, https:\/\/www.drewnianamagia.pl\/wp-content\/uploads\/2024\/03\/zawieszka-pomalowana-1-324x324.jpg 324w, https:\/\/www.drewnianamagia.pl\/wp-content\/uploads\/2024\/03\/zawieszka-pomalowana-1-100x100.jpg 100w, https:\/\/www.drewnianamagia.pl\/wp-content\/uploads\/2024\/03\/zawieszka-pomalowana-1-416x416.jpg 416w, https:\/\/www.drewnianamagia.pl\/wp-content\/uploads\/2024\/03\/zawieszka-pomalowana-1-150x150.jpg 150w, https:\/\/www.drewnianamagia.pl\/wp-content\/uploads\/2024\/03\/zawieszka-pomalowana-1.jpg 500w\" sizes=\"auto, (max-width: 300px) 100vw, 300px\" \/><\/p>\n<p>W zestawie znajduje si\u0119 9 zawieszek o r\u00f3\u017cnorodnych motywach wielkanocnych, kt\u00f3re dodadz\u0105 uroku ka\u017cdemu wn\u0119trzu. Ka\u017cda zawieszka posiada dziurk\u0119, przez kt\u00f3r\u0105 mo\u017cna przewlec sznurek lub wst\u0105\u017ck\u0119, aby \u0142atwo zawiesi\u0107 j\u0105 na ga\u0142\u0105zce lub gdziekolwiek indziej. Na \u017cyczenie klienta istnieje mo\u017cliwo\u015b\u0107 wykonania wersji zawieszek bez dziurki (prosimy w\u00f3wczas o tak\u0105 informacj\u0119 w komentarzu do zam\u00f3wienia.<\/p>\n<p>Te pi\u0119kne, wykonane zawieszki wielkanocne s\u0105 doskona\u0142ym dodatkiem do dekoracji wn\u0119trz, prezent\u00f3w czy nawet sto\u0142u wielkanocnego. Jednocze\u015bnie s\u0105 idealnym projektem do malowania dla dzieci i doros\u0142ych, kt\u00f3rzy chc\u0105 doda\u0107 im sw\u00f3j w\u0142asny unikalny dotyk.<\/p>\n<p><img loading=\"lazy\" decoding=\"async\" class=\"aligncenter size-medium wp-image-2386\" src=\"https:\/\/www.drewnianamagia.pl\/wp-content\/uploads\/2024\/03\/zawieszka-pomalowana-2-300x300.jpg\" alt=\"g\u0142owa zaj\u0105czka\" width=\"300\" height=\"300\" srcset=\"https:\/\/www.drewnianamagia.pl\/wp-content\/uploads\/2024\/03\/zawieszka-pomalowana-2-300x300.jpg 300w, https:\/\/www.drewnianamagia.pl\/wp-content\/uploads\/2024\/03\/zawieszka-pomalowana-2-324x324.jpg 324w, https:\/\/www.drewnianamagia.pl\/wp-content\/uploads\/2024\/03\/zawieszka-pomalowana-2-100x100.jpg 100w, https:\/\/www.drewnianamagia.pl\/wp-content\/uploads\/2024\/03\/zawieszka-pomalowana-2-416x416.jpg 416w, https:\/\/www.drewnianamagia.pl\/wp-content\/uploads\/2024\/03\/zawieszka-pomalowana-2-150x150.jpg 150w, https:\/\/www.drewnianamagia.pl\/wp-content\/uploads\/2024\/03\/zawieszka-pomalowana-2.jpg 500w\" sizes=\"auto, (max-width: 300px) 100vw, 300px\" \/><\/p>\n<p>Warto jednak pami\u0119ta\u0107, \u017ce w zestawie nie ma pisak\u00f3w, dlatego ka\u017cdy klient mo\u017ce u\u017cy\u0107 w\u0142asnych ulubionych kolor\u00f3w, aby stworzy\u0107 niepowtarzalne dzie\u0142a sztuki.<\/p>\n","protected":false},"excerpt":{"rendered":"<p>Zestaw Wielkanocnych zawieszek do malowania (9szt.) &nbsp; Drewniane zawieszki wielkanocne to uroczy zestaw ozdobnych element\u00f3w wykonanych z wysokiej jako\u015bci g\u0142adkiej sklejki, idealnych do personalizacji pisakami. Zawieszki r\u0119cznie szlifujemy, co zapewnia im wyj\u0105tkowy wygl\u0105d i g\u0142adko\u015b\u0107 powierzchni. Ka\u017cda zawieszka ma wysoko\u015b\u0107 8 cm i grubo\u015b\u0107 oko\u0142o 3 mm, co sprawia, \u017ce s\u0105 one solidne, ale jednocze\u015bnie [&hellip;]<\/p>\n","protected":false},"featured_media":2387,"comment_status":"open","ping_status":"closed","template":"","meta":{"_acf_changed":false},"product_brand":[],"product_cat":[49,102],"product_tag":[114],"class_list":{"0":"post-2388","1":"product","2":"type-product","3":"status-publish","4":"has-post-thumbnail","6":"product_cat-dekoracje","7":"product_cat-wielkanoc","8":"product_tag-kreatywne","10":"first","11":"instock","12":"taxable","13":"shipping-taxable","14":"purchasable","15":"product-type-simple"},"acf":[],"yoast_head":"<!-- This site is optimized with the Yoast SEO plugin v27.5 - https:\/\/yoast.com\/product\/yoast-seo-wordpress\/ -->\n<title>Wielkanocne zawieszki do malowania - Drewniana Magia<\/title>\n<meta name=\"description\" content=\"Wielkanocne zawieszki do malowania. Wykonane z wysokiej jako\u015bci sklejki o g\u0142adkiej powierzchni. R\u0119cznie szlifowane. Zestaw 9szt.\" \/>\n<meta name=\"robots\" content=\"index, follow, max-snippet:-1, max-image-preview:large, max-video-preview:-1\" \/>\n<link rel=\"canonical\" href=\"https:\/\/www.drewnianamagia.pl\/index.php\/produkt\/wielkanocne-zawieszki-do-malowania\/\" \/>\n<meta property=\"og:locale\" content=\"pl_PL\" \/>\n<meta property=\"og:type\" content=\"article\" \/>\n<meta property=\"og:title\" content=\"Wielkanocne zawieszki do malowania - Drewniana Magia\" \/>\n<meta property=\"og:description\" content=\"Wielkanocne zawieszki do malowania. Wykonane z wysokiej jako\u015bci sklejki o g\u0142adkiej powierzchni. R\u0119cznie szlifowane. Zestaw 9szt.\" \/>\n<meta property=\"og:url\" content=\"https:\/\/www.drewnianamagia.pl\/index.php\/produkt\/wielkanocne-zawieszki-do-malowania\/\" \/>\n<meta property=\"og:site_name\" content=\"Drewniana Magia\" \/>\n<meta property=\"article:publisher\" content=\"https:\/\/facebook.com\/BelasDrewnianaMagia\" \/>\n<meta property=\"article:modified_time\" content=\"2024-12-13T11:28:04+00:00\" \/>\n<meta property=\"og:image\" content=\"https:\/\/www.drewnianamagia.pl\/wp-content\/uploads\/2024\/03\/zawieszki-do-malowania-9-szt.jpg\" \/>\n\t<meta property=\"og:image:width\" content=\"500\" \/>\n\t<meta property=\"og:image:height\" content=\"500\" \/>\n\t<meta property=\"og:image:type\" content=\"image\/jpeg\" \/>\n<meta name=\"twitter:card\" content=\"summary_large_image\" \/>\n<meta name=\"twitter:label1\" content=\"Szacowany czas czytania\" \/>\n\t<meta name=\"twitter:data1\" content=\"2 minuty\" \/>\n<script type=\"application\/ld+json\" class=\"yoast-schema-graph\">{\"@context\":\"https:\\\/\\\/schema.org\",\"@graph\":[{\"@type\":\"WebPage\",\"@id\":\"https:\\\/\\\/www.drewnianamagia.pl\\\/index.php\\\/produkt\\\/wielkanocne-zawieszki-do-malowania\\\/\",\"url\":\"https:\\\/\\\/www.drewnianamagia.pl\\\/index.php\\\/produkt\\\/wielkanocne-zawieszki-do-malowania\\\/\",\"name\":\"Wielkanocne zawieszki do malowania - Drewniana Magia\",\"isPartOf\":{\"@id\":\"https:\\\/\\\/www.drewnianamagia.pl\\\/#website\"},\"primaryImageOfPage\":{\"@id\":\"https:\\\/\\\/www.drewnianamagia.pl\\\/index.php\\\/produkt\\\/wielkanocne-zawieszki-do-malowania\\\/#primaryimage\"},\"image\":{\"@id\":\"https:\\\/\\\/www.drewnianamagia.pl\\\/index.php\\\/produkt\\\/wielkanocne-zawieszki-do-malowania\\\/#primaryimage\"},\"thumbnailUrl\":\"https:\\\/\\\/www.drewnianamagia.pl\\\/wp-content\\\/uploads\\\/2024\\\/03\\\/zawieszki-do-malowania-9-szt.jpg\",\"datePublished\":\"2024-03-20T14:11:07+00:00\",\"dateModified\":\"2024-12-13T11:28:04+00:00\",\"description\":\"Wielkanocne zawieszki do malowania. Wykonane z wysokiej jako\u015bci sklejki o g\u0142adkiej powierzchni. R\u0119cznie szlifowane. Zestaw 9szt.\",\"breadcrumb\":{\"@id\":\"https:\\\/\\\/www.drewnianamagia.pl\\\/index.php\\\/produkt\\\/wielkanocne-zawieszki-do-malowania\\\/#breadcrumb\"},\"inLanguage\":\"pl-PL\",\"potentialAction\":[{\"@type\":\"ReadAction\",\"target\":[\"https:\\\/\\\/www.drewnianamagia.pl\\\/index.php\\\/produkt\\\/wielkanocne-zawieszki-do-malowania\\\/\"]}]},{\"@type\":\"ImageObject\",\"inLanguage\":\"pl-PL\",\"@id\":\"https:\\\/\\\/www.drewnianamagia.pl\\\/index.php\\\/produkt\\\/wielkanocne-zawieszki-do-malowania\\\/#primaryimage\",\"url\":\"https:\\\/\\\/www.drewnianamagia.pl\\\/wp-content\\\/uploads\\\/2024\\\/03\\\/zawieszki-do-malowania-9-szt.jpg\",\"contentUrl\":\"https:\\\/\\\/www.drewnianamagia.pl\\\/wp-content\\\/uploads\\\/2024\\\/03\\\/zawieszki-do-malowania-9-szt.jpg\",\"width\":500,\"height\":500,\"caption\":\"zawieszki wielkanocne do malowania\"},{\"@type\":\"BreadcrumbList\",\"@id\":\"https:\\\/\\\/www.drewnianamagia.pl\\\/index.php\\\/produkt\\\/wielkanocne-zawieszki-do-malowania\\\/#breadcrumb\",\"itemListElement\":[{\"@type\":\"ListItem\",\"position\":1,\"name\":\"Strona g\u0142\u00f3wna\",\"item\":\"https:\\\/\\\/www.drewnianamagia.pl\\\/\"},{\"@type\":\"ListItem\",\"position\":2,\"name\":\"Sklep\",\"item\":\"https:\\\/\\\/www.drewnianamagia.pl\\\/index.php\\\/sklep-internetowy-drewnianamagia\\\/\"},{\"@type\":\"ListItem\",\"position\":3,\"name\":\"Wielkanocne zawieszki do malowania\"}]},{\"@type\":\"WebSite\",\"@id\":\"https:\\\/\\\/www.drewnianamagia.pl\\\/#website\",\"url\":\"https:\\\/\\\/www.drewnianamagia.pl\\\/\",\"name\":\"Drewniana Magia\",\"description\":\"Personalizowane prezenty i dekoracje z drewna i druku 3D, na ka\u017cd\u0105 okazj\u0119 i okoliczno\u015b\u0107. Urodziny, Chrzest, Przyj\u0119cie, \u015awi\u0119ta, \u015alub\",\"publisher\":{\"@id\":\"https:\\\/\\\/www.drewnianamagia.pl\\\/#organization\"},\"potentialAction\":[{\"@type\":\"SearchAction\",\"target\":{\"@type\":\"EntryPoint\",\"urlTemplate\":\"https:\\\/\\\/www.drewnianamagia.pl\\\/?s={search_term_string}\"},\"query-input\":{\"@type\":\"PropertyValueSpecification\",\"valueRequired\":true,\"valueName\":\"search_term_string\"}}],\"inLanguage\":\"pl-PL\"},{\"@type\":\"Organization\",\"@id\":\"https:\\\/\\\/www.drewnianamagia.pl\\\/#organization\",\"name\":\"Drewniana Magia\",\"url\":\"https:\\\/\\\/www.drewnianamagia.pl\\\/\",\"logo\":{\"@type\":\"ImageObject\",\"inLanguage\":\"pl-PL\",\"@id\":\"https:\\\/\\\/www.drewnianamagia.pl\\\/#\\\/schema\\\/logo\\\/image\\\/\",\"url\":\"https:\\\/\\\/www.drewnianamagia.pl\\\/wp-content\\\/uploads\\\/2024\\\/02\\\/cropped-LOGO-DrewnianaMagia-375x188-1.png\",\"contentUrl\":\"https:\\\/\\\/www.drewnianamagia.pl\\\/wp-content\\\/uploads\\\/2024\\\/02\\\/cropped-LOGO-DrewnianaMagia-375x188-1.png\",\"width\":374,\"height\":188,\"caption\":\"Drewniana Magia\"},\"image\":{\"@id\":\"https:\\\/\\\/www.drewnianamagia.pl\\\/#\\\/schema\\\/logo\\\/image\\\/\"},\"sameAs\":[\"https:\\\/\\\/facebook.com\\\/BelasDrewnianaMagia\"]}]}<\/script>\n<!-- \/ Yoast SEO plugin. -->","yoast_head_json":{"title":"Wielkanocne zawieszki do malowania - Drewniana Magia","description":"Wielkanocne zawieszki do malowania. Wykonane z wysokiej jako\u015bci sklejki o g\u0142adkiej powierzchni. R\u0119cznie szlifowane. Zestaw 9szt.","robots":{"index":"index","follow":"follow","max-snippet":"max-snippet:-1","max-image-preview":"max-image-preview:large","max-video-preview":"max-video-preview:-1"},"canonical":"https:\/\/www.drewnianamagia.pl\/index.php\/produkt\/wielkanocne-zawieszki-do-malowania\/","og_locale":"pl_PL","og_type":"article","og_title":"Wielkanocne zawieszki do malowania - Drewniana Magia","og_description":"Wielkanocne zawieszki do malowania. Wykonane z wysokiej jako\u015bci sklejki o g\u0142adkiej powierzchni. R\u0119cznie szlifowane. Zestaw 9szt.","og_url":"https:\/\/www.drewnianamagia.pl\/index.php\/produkt\/wielkanocne-zawieszki-do-malowania\/","og_site_name":"Drewniana Magia","article_publisher":"https:\/\/facebook.com\/BelasDrewnianaMagia","article_modified_time":"2024-12-13T11:28:04+00:00","og_image":[{"width":500,"height":500,"url":"https:\/\/www.drewnianamagia.pl\/wp-content\/uploads\/2024\/03\/zawieszki-do-malowania-9-szt.jpg","type":"image\/jpeg"}],"twitter_card":"summary_large_image","twitter_misc":{"Szacowany czas czytania":"2 minuty"},"schema":{"@context":"https:\/\/schema.org","@graph":[{"@type":"WebPage","@id":"https:\/\/www.drewnianamagia.pl\/index.php\/produkt\/wielkanocne-zawieszki-do-malowania\/","url":"https:\/\/www.drewnianamagia.pl\/index.php\/produkt\/wielkanocne-zawieszki-do-malowania\/","name":"Wielkanocne zawieszki do malowania - Drewniana Magia","isPartOf":{"@id":"https:\/\/www.drewnianamagia.pl\/#website"},"primaryImageOfPage":{"@id":"https:\/\/www.drewnianamagia.pl\/index.php\/produkt\/wielkanocne-zawieszki-do-malowania\/#primaryimage"},"image":{"@id":"https:\/\/www.drewnianamagia.pl\/index.php\/produkt\/wielkanocne-zawieszki-do-malowania\/#primaryimage"},"thumbnailUrl":"https:\/\/www.drewnianamagia.pl\/wp-content\/uploads\/2024\/03\/zawieszki-do-malowania-9-szt.jpg","datePublished":"2024-03-20T14:11:07+00:00","dateModified":"2024-12-13T11:28:04+00:00","description":"Wielkanocne zawieszki do malowania. Wykonane z wysokiej jako\u015bci sklejki o g\u0142adkiej powierzchni. R\u0119cznie szlifowane. Zestaw 9szt.","breadcrumb":{"@id":"https:\/\/www.drewnianamagia.pl\/index.php\/produkt\/wielkanocne-zawieszki-do-malowania\/#breadcrumb"},"inLanguage":"pl-PL","potentialAction":[{"@type":"ReadAction","target":["https:\/\/www.drewnianamagia.pl\/index.php\/produkt\/wielkanocne-zawieszki-do-malowania\/"]}]},{"@type":"ImageObject","inLanguage":"pl-PL","@id":"https:\/\/www.drewnianamagia.pl\/index.php\/produkt\/wielkanocne-zawieszki-do-malowania\/#primaryimage","url":"https:\/\/www.drewnianamagia.pl\/wp-content\/uploads\/2024\/03\/zawieszki-do-malowania-9-szt.jpg","contentUrl":"https:\/\/www.drewnianamagia.pl\/wp-content\/uploads\/2024\/03\/zawieszki-do-malowania-9-szt.jpg","width":500,"height":500,"caption":"zawieszki wielkanocne do malowania"},{"@type":"BreadcrumbList","@id":"https:\/\/www.drewnianamagia.pl\/index.php\/produkt\/wielkanocne-zawieszki-do-malowania\/#breadcrumb","itemListElement":[{"@type":"ListItem","position":1,"name":"Strona g\u0142\u00f3wna","item":"https:\/\/www.drewnianamagia.pl\/"},{"@type":"ListItem","position":2,"name":"Sklep","item":"https:\/\/www.drewnianamagia.pl\/index.php\/sklep-internetowy-drewnianamagia\/"},{"@type":"ListItem","position":3,"name":"Wielkanocne zawieszki do malowania"}]},{"@type":"WebSite","@id":"https:\/\/www.drewnianamagia.pl\/#website","url":"https:\/\/www.drewnianamagia.pl\/","name":"Drewniana Magia","description":"Personalizowane prezenty i dekoracje z drewna i druku 3D, na ka\u017cd\u0105 okazj\u0119 i okoliczno\u015b\u0107. Urodziny, Chrzest, Przyj\u0119cie, \u015awi\u0119ta, \u015alub","publisher":{"@id":"https:\/\/www.drewnianamagia.pl\/#organization"},"potentialAction":[{"@type":"SearchAction","target":{"@type":"EntryPoint","urlTemplate":"https:\/\/www.drewnianamagia.pl\/?s={search_term_string}"},"query-input":{"@type":"PropertyValueSpecification","valueRequired":true,"valueName":"search_term_string"}}],"inLanguage":"pl-PL"},{"@type":"Organization","@id":"https:\/\/www.drewnianamagia.pl\/#organization","name":"Drewniana Magia","url":"https:\/\/www.drewnianamagia.pl\/","logo":{"@type":"ImageObject","inLanguage":"pl-PL","@id":"https:\/\/www.drewnianamagia.pl\/#\/schema\/logo\/image\/","url":"https:\/\/www.drewnianamagia.pl\/wp-content\/uploads\/2024\/02\/cropped-LOGO-DrewnianaMagia-375x188-1.png","contentUrl":"https:\/\/www.drewnianamagia.pl\/wp-content\/uploads\/2024\/02\/cropped-LOGO-DrewnianaMagia-375x188-1.png","width":374,"height":188,"caption":"Drewniana Magia"},"image":{"@id":"https:\/\/www.drewnianamagia.pl\/#\/schema\/logo\/image\/"},"sameAs":["https:\/\/facebook.com\/BelasDrewnianaMagia"]}]}},"_links":{"self":[{"href":"https:\/\/www.drewnianamagia.pl\/index.php\/wp-json\/wp\/v2\/product\/2388","targetHints":{"allow":["GET"]}}],"collection":[{"href":"https:\/\/www.drewnianamagia.pl\/index.php\/wp-json\/wp\/v2\/product"}],"about":[{"href":"https:\/\/www.drewnianamagia.pl\/index.php\/wp-json\/wp\/v2\/types\/product"}],"replies":[{"embeddable":true,"href":"https:\/\/www.drewnianamagia.pl\/index.php\/wp-json\/wp\/v2\/comments?post=2388"}],"wp:featuredmedia":[{"embeddable":true,"href":"https:\/\/www.drewnianamagia.pl\/index.php\/wp-json\/wp\/v2\/media\/2387"}],"wp:attachment":[{"href":"https:\/\/www.drewnianamagia.pl\/index.php\/wp-json\/wp\/v2\/media?parent=2388"}],"wp:term":[{"taxonomy":"product_brand","embeddable":true,"href":"https:\/\/www.drewnianamagia.pl\/index.php\/wp-json\/wp\/v2\/product_brand?post=2388"},{"taxonomy":"product_cat","embeddable":true,"href":"https:\/\/www.drewnianamagia.pl\/index.php\/wp-json\/wp\/v2\/product_cat?post=2388"},{"taxonomy":"product_tag","embeddable":true,"href":"https:\/\/www.drewnianamagia.pl\/index.php\/wp-json\/wp\/v2\/product_tag?post=2388"}],"curies":[{"name":"wp","href":"https:\/\/api.w.org\/{rel}","templated":true}]}}