{"id":2318,"date":"2024-03-06T16:41:58","date_gmt":"2024-03-06T15:41:58","guid":{"rendered":"https:\/\/www.drewnianamagia.pl\/?post_type=product&#038;p=2318"},"modified":"2024-12-13T12:28:03","modified_gmt":"2024-12-13T11:28:03","slug":"podziekowanie-dla-gosci-chrzest-komunia-personalizowane-serduszko","status":"publish","type":"product","link":"https:\/\/www.drewnianamagia.pl\/index.php\/produkt\/podziekowanie-dla-gosci-chrzest-komunia-personalizowane-serduszko\/","title":{"rendered":"Podzi\u0119kowanie dla go\u015bci &#8211; Chrzest \/ Komunia &#8211; personalizowane serduszko"},"content":{"rendered":"<p style=\"text-align: center;\"><strong>Podzi\u0119kowanie dla go\u015bci na Chrzest lub Komuni\u0119 &#8211; serduszko personalizowane\u00a0<\/strong><\/p>\n<p>Zapraszamy do odkrycia wyj\u0105tkowego podzi\u0119kowania dla go\u015bci &#8211; drewnianego serca z wyrazami wdzi\u0119czno\u015bci oraz personalizacj\u0105 imienia i daty uroczysto\u015bci. T\u0105 delikatn\u0105 form\u0119 podzi\u0119kowania, wykonujemy z wysokiej jako\u015bci sklejki. Personalizowane serduszko jest idealnym dodatkiem do ka\u017cdej formy podzi\u0119kowa\u0144 dla go\u015bci, szczeg\u00f3lnie podczas Chrztu lub Komunii.<\/p>\n<p>Dost\u0119pne w jednym z o\u015bmiu uroczych wzor\u00f3w, drewniane serce jest symbolem mi\u0142o\u015bci, przyja\u017ani i wdzi\u0119czno\u015bci. Mo\u017cesz je\u00a0 dostosowa\u0107 do indywidualnych preferencji. Mo\u017cliwo\u015b\u0107 personalizacji imienia i daty sprawia, \u017ce ka\u017cde serce staje si\u0119 unikatowym wyrazem szacunku i docenienia dla obecno\u015bci go\u015bci w wa\u017cnym dla rodziny dniu.<\/p>\n<p>Ka\u017cde serce wykonujemy starannie z dba\u0142o\u015bci\u0105 o detale, grawer nanosimy za pomoc\u0105 lasera. Nast\u0119pnie r\u0119cznie szlifujemy, aby zapewni\u0107 g\u0142adk\u0105 i estetyczn\u0105 powierzchni\u0119. Jego kompaktowy rozmiar, 9&#215;7 cm, sprawia, \u017ce mo\u017ce by\u0107 \u0142atwo przechowywane lub wyeksponowane jako pami\u0105tka z tego wyj\u0105tkowego dnia.<\/p>\n<p>Drewniane serce z personalizacj\u0105 to nie tylko gest wdzi\u0119czno\u015bci, ale tak\u017ce pi\u0119kna ozdoba i pami\u0105tka, kt\u00f3ra b\u0119dzie przypomina\u0107 o wa\u017cnym wydarzeniu przez wiele lat. Niech b\u0119dzie to wyj\u0105tkowy prezent dla go\u015bci, kt\u00f3ry podkre\u015bli znaczenie ich udzia\u0142u w tych niezapomnianych chwilach.<\/p>\n<p>&nbsp;<\/p>\n<p>Daj nam zna\u0107 kt\u00f3ry wz\u00f3r wybierasz oraz jakie imi\u0119 i dat\u0119 mamy wygrawerowa\u0107.<\/p>\n","protected":false},"excerpt":{"rendered":"<p>Podzi\u0119kowanie dla go\u015bci na Chrzest lub Komuni\u0119 &#8211; serduszko personalizowane\u00a0 Zapraszamy do odkrycia wyj\u0105tkowego podzi\u0119kowania dla go\u015bci &#8211; drewnianego serca z wyrazami wdzi\u0119czno\u015bci oraz personalizacj\u0105 imienia i daty uroczysto\u015bci. T\u0105 delikatn\u0105 form\u0119 podzi\u0119kowania, wykonujemy z wysokiej jako\u015bci sklejki. Personalizowane serduszko jest idealnym dodatkiem do ka\u017cdej formy podzi\u0119kowa\u0144 dla go\u015bci, szczeg\u00f3lnie podczas Chrztu lub Komunii. Dost\u0119pne [&hellip;]<\/p>\n","protected":false},"featured_media":2319,"comment_status":"open","ping_status":"closed","template":"","meta":{"_acf_changed":false},"product_brand":[],"product_cat":[97],"product_tag":[113,54,75],"class_list":{"0":"post-2318","1":"product","2":"type-product","3":"status-publish","4":"has-post-thumbnail","6":"product_cat-chrzest-komunia","7":"product_tag-komunia","8":"product_tag-personalizacja","9":"product_tag-podziekowanie","11":"first","12":"instock","13":"taxable","14":"shipping-taxable","15":"purchasable","16":"product-type-simple"},"acf":[],"yoast_head":"<!-- This site is optimized with the Yoast SEO plugin v27.5 - https:\/\/yoast.com\/product\/yoast-seo-wordpress\/ -->\n<title>Podzi\u0119kowanie dla go\u015bci - Chrzest \/ Komunia - personalizowane serduszko - Drewniana Magia<\/title>\n<meta name=\"description\" content=\"Podzi\u0119kowanie dla go\u015bci Komunijnych w formie personalizowanego serduszka. R\u00f3\u017cne wzory do wyboru. Produkt r\u0119cznie szlifowany.\" \/>\n<meta name=\"robots\" content=\"index, follow, max-snippet:-1, max-image-preview:large, max-video-preview:-1\" \/>\n<link rel=\"canonical\" href=\"https:\/\/www.drewnianamagia.pl\/index.php\/produkt\/podziekowanie-dla-gosci-chrzest-komunia-personalizowane-serduszko\/\" \/>\n<meta property=\"og:locale\" content=\"pl_PL\" \/>\n<meta property=\"og:type\" content=\"article\" \/>\n<meta property=\"og:title\" content=\"Podzi\u0119kowanie dla go\u015bci - Chrzest \/ Komunia - personalizowane serduszko - Drewniana Magia\" \/>\n<meta property=\"og:description\" content=\"Podzi\u0119kowanie dla go\u015bci Komunijnych w formie personalizowanego serduszka. R\u00f3\u017cne wzory do wyboru. Produkt r\u0119cznie szlifowany.\" \/>\n<meta property=\"og:url\" content=\"https:\/\/www.drewnianamagia.pl\/index.php\/produkt\/podziekowanie-dla-gosci-chrzest-komunia-personalizowane-serduszko\/\" \/>\n<meta property=\"og:site_name\" content=\"Drewniana Magia\" \/>\n<meta property=\"article:publisher\" content=\"https:\/\/facebook.com\/BelasDrewnianaMagia\" \/>\n<meta property=\"article:modified_time\" content=\"2024-12-13T11:28:03+00:00\" \/>\n<meta property=\"og:image\" content=\"https:\/\/www.drewnianamagia.pl\/wp-content\/uploads\/2024\/03\/podziekowanie-chrzest-komunia-1.jpg\" \/>\n\t<meta property=\"og:image:width\" content=\"500\" \/>\n\t<meta property=\"og:image:height\" content=\"500\" \/>\n\t<meta property=\"og:image:type\" content=\"image\/jpeg\" \/>\n<meta name=\"twitter:card\" content=\"summary_large_image\" \/>\n<meta name=\"twitter:label1\" content=\"Szacowany czas czytania\" \/>\n\t<meta name=\"twitter:data1\" content=\"2 minuty\" \/>\n<script type=\"application\/ld+json\" class=\"yoast-schema-graph\">{\"@context\":\"https:\\\/\\\/schema.org\",\"@graph\":[{\"@type\":\"WebPage\",\"@id\":\"https:\\\/\\\/www.drewnianamagia.pl\\\/index.php\\\/produkt\\\/podziekowanie-dla-gosci-chrzest-komunia-personalizowane-serduszko\\\/\",\"url\":\"https:\\\/\\\/www.drewnianamagia.pl\\\/index.php\\\/produkt\\\/podziekowanie-dla-gosci-chrzest-komunia-personalizowane-serduszko\\\/\",\"name\":\"Podzi\u0119kowanie dla go\u015bci - Chrzest \\\/ Komunia - personalizowane serduszko - Drewniana Magia\",\"isPartOf\":{\"@id\":\"https:\\\/\\\/www.drewnianamagia.pl\\\/#website\"},\"primaryImageOfPage\":{\"@id\":\"https:\\\/\\\/www.drewnianamagia.pl\\\/index.php\\\/produkt\\\/podziekowanie-dla-gosci-chrzest-komunia-personalizowane-serduszko\\\/#primaryimage\"},\"image\":{\"@id\":\"https:\\\/\\\/www.drewnianamagia.pl\\\/index.php\\\/produkt\\\/podziekowanie-dla-gosci-chrzest-komunia-personalizowane-serduszko\\\/#primaryimage\"},\"thumbnailUrl\":\"https:\\\/\\\/www.drewnianamagia.pl\\\/wp-content\\\/uploads\\\/2024\\\/03\\\/podziekowanie-chrzest-komunia-1.jpg\",\"datePublished\":\"2024-03-06T15:41:58+00:00\",\"dateModified\":\"2024-12-13T11:28:03+00:00\",\"description\":\"Podzi\u0119kowanie dla go\u015bci Komunijnych w formie personalizowanego serduszka. R\u00f3\u017cne wzory do wyboru. Produkt r\u0119cznie szlifowany.\",\"breadcrumb\":{\"@id\":\"https:\\\/\\\/www.drewnianamagia.pl\\\/index.php\\\/produkt\\\/podziekowanie-dla-gosci-chrzest-komunia-personalizowane-serduszko\\\/#breadcrumb\"},\"inLanguage\":\"pl-PL\",\"potentialAction\":[{\"@type\":\"ReadAction\",\"target\":[\"https:\\\/\\\/www.drewnianamagia.pl\\\/index.php\\\/produkt\\\/podziekowanie-dla-gosci-chrzest-komunia-personalizowane-serduszko\\\/\"]}]},{\"@type\":\"ImageObject\",\"inLanguage\":\"pl-PL\",\"@id\":\"https:\\\/\\\/www.drewnianamagia.pl\\\/index.php\\\/produkt\\\/podziekowanie-dla-gosci-chrzest-komunia-personalizowane-serduszko\\\/#primaryimage\",\"url\":\"https:\\\/\\\/www.drewnianamagia.pl\\\/wp-content\\\/uploads\\\/2024\\\/03\\\/podziekowanie-chrzest-komunia-1.jpg\",\"contentUrl\":\"https:\\\/\\\/www.drewnianamagia.pl\\\/wp-content\\\/uploads\\\/2024\\\/03\\\/podziekowanie-chrzest-komunia-1.jpg\",\"width\":500,\"height\":500,\"caption\":\"podzi\u0119kowanie - chrzest komunia\"},{\"@type\":\"BreadcrumbList\",\"@id\":\"https:\\\/\\\/www.drewnianamagia.pl\\\/index.php\\\/produkt\\\/podziekowanie-dla-gosci-chrzest-komunia-personalizowane-serduszko\\\/#breadcrumb\",\"itemListElement\":[{\"@type\":\"ListItem\",\"position\":1,\"name\":\"Strona g\u0142\u00f3wna\",\"item\":\"https:\\\/\\\/www.drewnianamagia.pl\\\/\"},{\"@type\":\"ListItem\",\"position\":2,\"name\":\"Sklep\",\"item\":\"https:\\\/\\\/www.drewnianamagia.pl\\\/index.php\\\/sklep-internetowy-drewnianamagia\\\/\"},{\"@type\":\"ListItem\",\"position\":3,\"name\":\"Podzi\u0119kowanie dla go\u015bci &#8211; Chrzest \\\/ Komunia &#8211; personalizowane serduszko\"}]},{\"@type\":\"WebSite\",\"@id\":\"https:\\\/\\\/www.drewnianamagia.pl\\\/#website\",\"url\":\"https:\\\/\\\/www.drewnianamagia.pl\\\/\",\"name\":\"Drewniana Magia\",\"description\":\"Personalizowane prezenty i dekoracje z drewna i druku 3D, na ka\u017cd\u0105 okazj\u0119 i okoliczno\u015b\u0107. Urodziny, Chrzest, Przyj\u0119cie, \u015awi\u0119ta, \u015alub\",\"publisher\":{\"@id\":\"https:\\\/\\\/www.drewnianamagia.pl\\\/#organization\"},\"potentialAction\":[{\"@type\":\"SearchAction\",\"target\":{\"@type\":\"EntryPoint\",\"urlTemplate\":\"https:\\\/\\\/www.drewnianamagia.pl\\\/?s={search_term_string}\"},\"query-input\":{\"@type\":\"PropertyValueSpecification\",\"valueRequired\":true,\"valueName\":\"search_term_string\"}}],\"inLanguage\":\"pl-PL\"},{\"@type\":\"Organization\",\"@id\":\"https:\\\/\\\/www.drewnianamagia.pl\\\/#organization\",\"name\":\"Drewniana Magia\",\"url\":\"https:\\\/\\\/www.drewnianamagia.pl\\\/\",\"logo\":{\"@type\":\"ImageObject\",\"inLanguage\":\"pl-PL\",\"@id\":\"https:\\\/\\\/www.drewnianamagia.pl\\\/#\\\/schema\\\/logo\\\/image\\\/\",\"url\":\"https:\\\/\\\/www.drewnianamagia.pl\\\/wp-content\\\/uploads\\\/2024\\\/02\\\/cropped-LOGO-DrewnianaMagia-375x188-1.png\",\"contentUrl\":\"https:\\\/\\\/www.drewnianamagia.pl\\\/wp-content\\\/uploads\\\/2024\\\/02\\\/cropped-LOGO-DrewnianaMagia-375x188-1.png\",\"width\":374,\"height\":188,\"caption\":\"Drewniana Magia\"},\"image\":{\"@id\":\"https:\\\/\\\/www.drewnianamagia.pl\\\/#\\\/schema\\\/logo\\\/image\\\/\"},\"sameAs\":[\"https:\\\/\\\/facebook.com\\\/BelasDrewnianaMagia\"]}]}<\/script>\n<!-- \/ Yoast SEO plugin. -->","yoast_head_json":{"title":"Podzi\u0119kowanie dla go\u015bci - Chrzest \/ Komunia - personalizowane serduszko - Drewniana Magia","description":"Podzi\u0119kowanie dla go\u015bci Komunijnych w formie personalizowanego serduszka. R\u00f3\u017cne wzory do wyboru. Produkt r\u0119cznie szlifowany.","robots":{"index":"index","follow":"follow","max-snippet":"max-snippet:-1","max-image-preview":"max-image-preview:large","max-video-preview":"max-video-preview:-1"},"canonical":"https:\/\/www.drewnianamagia.pl\/index.php\/produkt\/podziekowanie-dla-gosci-chrzest-komunia-personalizowane-serduszko\/","og_locale":"pl_PL","og_type":"article","og_title":"Podzi\u0119kowanie dla go\u015bci - Chrzest \/ Komunia - personalizowane serduszko - Drewniana Magia","og_description":"Podzi\u0119kowanie dla go\u015bci Komunijnych w formie personalizowanego serduszka. R\u00f3\u017cne wzory do wyboru. Produkt r\u0119cznie szlifowany.","og_url":"https:\/\/www.drewnianamagia.pl\/index.php\/produkt\/podziekowanie-dla-gosci-chrzest-komunia-personalizowane-serduszko\/","og_site_name":"Drewniana Magia","article_publisher":"https:\/\/facebook.com\/BelasDrewnianaMagia","article_modified_time":"2024-12-13T11:28:03+00:00","og_image":[{"width":500,"height":500,"url":"https:\/\/www.drewnianamagia.pl\/wp-content\/uploads\/2024\/03\/podziekowanie-chrzest-komunia-1.jpg","type":"image\/jpeg"}],"twitter_card":"summary_large_image","twitter_misc":{"Szacowany czas czytania":"2 minuty"},"schema":{"@context":"https:\/\/schema.org","@graph":[{"@type":"WebPage","@id":"https:\/\/www.drewnianamagia.pl\/index.php\/produkt\/podziekowanie-dla-gosci-chrzest-komunia-personalizowane-serduszko\/","url":"https:\/\/www.drewnianamagia.pl\/index.php\/produkt\/podziekowanie-dla-gosci-chrzest-komunia-personalizowane-serduszko\/","name":"Podzi\u0119kowanie dla go\u015bci - Chrzest \/ Komunia - personalizowane serduszko - Drewniana Magia","isPartOf":{"@id":"https:\/\/www.drewnianamagia.pl\/#website"},"primaryImageOfPage":{"@id":"https:\/\/www.drewnianamagia.pl\/index.php\/produkt\/podziekowanie-dla-gosci-chrzest-komunia-personalizowane-serduszko\/#primaryimage"},"image":{"@id":"https:\/\/www.drewnianamagia.pl\/index.php\/produkt\/podziekowanie-dla-gosci-chrzest-komunia-personalizowane-serduszko\/#primaryimage"},"thumbnailUrl":"https:\/\/www.drewnianamagia.pl\/wp-content\/uploads\/2024\/03\/podziekowanie-chrzest-komunia-1.jpg","datePublished":"2024-03-06T15:41:58+00:00","dateModified":"2024-12-13T11:28:03+00:00","description":"Podzi\u0119kowanie dla go\u015bci Komunijnych w formie personalizowanego serduszka. R\u00f3\u017cne wzory do wyboru. Produkt r\u0119cznie szlifowany.","breadcrumb":{"@id":"https:\/\/www.drewnianamagia.pl\/index.php\/produkt\/podziekowanie-dla-gosci-chrzest-komunia-personalizowane-serduszko\/#breadcrumb"},"inLanguage":"pl-PL","potentialAction":[{"@type":"ReadAction","target":["https:\/\/www.drewnianamagia.pl\/index.php\/produkt\/podziekowanie-dla-gosci-chrzest-komunia-personalizowane-serduszko\/"]}]},{"@type":"ImageObject","inLanguage":"pl-PL","@id":"https:\/\/www.drewnianamagia.pl\/index.php\/produkt\/podziekowanie-dla-gosci-chrzest-komunia-personalizowane-serduszko\/#primaryimage","url":"https:\/\/www.drewnianamagia.pl\/wp-content\/uploads\/2024\/03\/podziekowanie-chrzest-komunia-1.jpg","contentUrl":"https:\/\/www.drewnianamagia.pl\/wp-content\/uploads\/2024\/03\/podziekowanie-chrzest-komunia-1.jpg","width":500,"height":500,"caption":"podzi\u0119kowanie - chrzest komunia"},{"@type":"BreadcrumbList","@id":"https:\/\/www.drewnianamagia.pl\/index.php\/produkt\/podziekowanie-dla-gosci-chrzest-komunia-personalizowane-serduszko\/#breadcrumb","itemListElement":[{"@type":"ListItem","position":1,"name":"Strona g\u0142\u00f3wna","item":"https:\/\/www.drewnianamagia.pl\/"},{"@type":"ListItem","position":2,"name":"Sklep","item":"https:\/\/www.drewnianamagia.pl\/index.php\/sklep-internetowy-drewnianamagia\/"},{"@type":"ListItem","position":3,"name":"Podzi\u0119kowanie dla go\u015bci &#8211; Chrzest \/ Komunia &#8211; personalizowane serduszko"}]},{"@type":"WebSite","@id":"https:\/\/www.drewnianamagia.pl\/#website","url":"https:\/\/www.drewnianamagia.pl\/","name":"Drewniana Magia","description":"Personalizowane prezenty i dekoracje z drewna i druku 3D, na ka\u017cd\u0105 okazj\u0119 i okoliczno\u015b\u0107. Urodziny, Chrzest, Przyj\u0119cie, \u015awi\u0119ta, \u015alub","publisher":{"@id":"https:\/\/www.drewnianamagia.pl\/#organization"},"potentialAction":[{"@type":"SearchAction","target":{"@type":"EntryPoint","urlTemplate":"https:\/\/www.drewnianamagia.pl\/?s={search_term_string}"},"query-input":{"@type":"PropertyValueSpecification","valueRequired":true,"valueName":"search_term_string"}}],"inLanguage":"pl-PL"},{"@type":"Organization","@id":"https:\/\/www.drewnianamagia.pl\/#organization","name":"Drewniana Magia","url":"https:\/\/www.drewnianamagia.pl\/","logo":{"@type":"ImageObject","inLanguage":"pl-PL","@id":"https:\/\/www.drewnianamagia.pl\/#\/schema\/logo\/image\/","url":"https:\/\/www.drewnianamagia.pl\/wp-content\/uploads\/2024\/02\/cropped-LOGO-DrewnianaMagia-375x188-1.png","contentUrl":"https:\/\/www.drewnianamagia.pl\/wp-content\/uploads\/2024\/02\/cropped-LOGO-DrewnianaMagia-375x188-1.png","width":374,"height":188,"caption":"Drewniana Magia"},"image":{"@id":"https:\/\/www.drewnianamagia.pl\/#\/schema\/logo\/image\/"},"sameAs":["https:\/\/facebook.com\/BelasDrewnianaMagia"]}]}},"_links":{"self":[{"href":"https:\/\/www.drewnianamagia.pl\/index.php\/wp-json\/wp\/v2\/product\/2318","targetHints":{"allow":["GET"]}}],"collection":[{"href":"https:\/\/www.drewnianamagia.pl\/index.php\/wp-json\/wp\/v2\/product"}],"about":[{"href":"https:\/\/www.drewnianamagia.pl\/index.php\/wp-json\/wp\/v2\/types\/product"}],"replies":[{"embeddable":true,"href":"https:\/\/www.drewnianamagia.pl\/index.php\/wp-json\/wp\/v2\/comments?post=2318"}],"wp:featuredmedia":[{"embeddable":true,"href":"https:\/\/www.drewnianamagia.pl\/index.php\/wp-json\/wp\/v2\/media\/2319"}],"wp:attachment":[{"href":"https:\/\/www.drewnianamagia.pl\/index.php\/wp-json\/wp\/v2\/media?parent=2318"}],"wp:term":[{"taxonomy":"product_brand","embeddable":true,"href":"https:\/\/www.drewnianamagia.pl\/index.php\/wp-json\/wp\/v2\/product_brand?post=2318"},{"taxonomy":"product_cat","embeddable":true,"href":"https:\/\/www.drewnianamagia.pl\/index.php\/wp-json\/wp\/v2\/product_cat?post=2318"},{"taxonomy":"product_tag","embeddable":true,"href":"https:\/\/www.drewnianamagia.pl\/index.php\/wp-json\/wp\/v2\/product_tag?post=2318"}],"curies":[{"name":"wp","href":"https:\/\/api.w.org\/{rel}","templated":true}]}}