{"id":2306,"date":"2024-03-06T13:50:17","date_gmt":"2024-03-06T12:50:17","guid":{"rendered":"https:\/\/www.drewnianamagia.pl\/?post_type=product&#038;p=2306"},"modified":"2026-03-24T18:07:00","modified_gmt":"2026-03-24T17:07:00","slug":"statuetka-to-wcale-nie-tak-duzo-prezent-na-urodziny-18-99","status":"publish","type":"product","link":"https:\/\/www.drewnianamagia.pl\/index.php\/produkt\/statuetka-to-wcale-nie-tak-duzo-prezent-na-urodziny-18-99\/","title":{"rendered":"Statuetka &#8222;to wcale nie tak du\u017co&#8221;. Prezent na urodziny 18-99"},"content":{"rendered":"<h4 style=\"text-align: center;\"><strong>Personalizowana statuetka Palmy &#8222;To wcale nie tak du\u017co&#8221;<\/strong><\/h4>\n<h4 style=\"text-align: center;\"><strong>Idealny prezent na urodziny, dla Niej i dla Niego<\/strong><\/h4>\n<p>Zapraszamy do odkrycia wyj\u0105tkowego prezentu urodzinowego &#8211; personalizowanej statuetki drewnianej z motywem dw\u00f3ch palm. T\u0119 pi\u0119kn\u0105 statuetk\u0119, wykonujemy z wysokiej jako\u015bci sklejki. To nie tylko wyj\u0105tkowy upominek, ale tak\u017ce pami\u0105tka na ca\u0142e \u017cycie.<\/p>\n<p style=\"text-align: center;\"><img loading=\"lazy\" decoding=\"async\" class=\"aligncenter size-full wp-image-2295\" src=\"https:\/\/www.drewnianamagia.pl\/wp-content\/uploads\/2024\/03\/film-palmy.gif\" alt=\"statuetka-palmy filmik\" width=\"200\" height=\"200\" \/><\/p>\n<p>G\u0142\u00f3wnym motywem tej statuetki s\u0105 urokliwe palmy, symbolizuj\u0105ce egzotyk\u0119, spok\u00f3j i rado\u015b\u0107. Idealny spos\u00f3b, aby przekaza\u0107 solenizantowi uczucia, jakimi darzymy go w tym szczeg\u00f3lnym dniu. Dodatkowo, statuetka jest ozdobiona inspiruj\u0105cym has\u0142em &#8222;To wcale nie tak du\u017co&#8221;, kt\u00f3re dodaje jej charakteru i humoru.<\/p>\n<p style=\"text-align: center;\"><span style=\"color: #ff0000;\"><strong>Najwi\u0119kszym atutem tego prezentu jest mo\u017cliwo\u015b\u0107 personalizacji.<\/strong><\/span><\/p>\n<p><img loading=\"lazy\" decoding=\"async\" class=\"aligncenter wp-image-2302 size-medium\" src=\"https:\/\/www.drewnianamagia.pl\/wp-content\/uploads\/2024\/03\/palmy-to-wcale-nie-tak-duzo-7-300x300.jpg\" alt=\"palmy - personalizacja\" width=\"300\" height=\"300\" srcset=\"https:\/\/www.drewnianamagia.pl\/wp-content\/uploads\/2024\/03\/palmy-to-wcale-nie-tak-duzo-7-300x300.jpg 300w, https:\/\/www.drewnianamagia.pl\/wp-content\/uploads\/2024\/03\/palmy-to-wcale-nie-tak-duzo-7-324x324.jpg 324w, https:\/\/www.drewnianamagia.pl\/wp-content\/uploads\/2024\/03\/palmy-to-wcale-nie-tak-duzo-7-100x100.jpg 100w, https:\/\/www.drewnianamagia.pl\/wp-content\/uploads\/2024\/03\/palmy-to-wcale-nie-tak-duzo-7-416x416.jpg 416w, https:\/\/www.drewnianamagia.pl\/wp-content\/uploads\/2024\/03\/palmy-to-wcale-nie-tak-duzo-7-150x150.jpg 150w, https:\/\/www.drewnianamagia.pl\/wp-content\/uploads\/2024\/03\/palmy-to-wcale-nie-tak-duzo-7-768x768.jpg 768w, https:\/\/www.drewnianamagia.pl\/wp-content\/uploads\/2024\/03\/palmy-to-wcale-nie-tak-duzo-7.jpg 1000w\" sizes=\"auto, (max-width: 300px) 100vw, 300px\" \/><\/p>\n<p>Imi\u0119 solenizanta, jego wiek wraz z dat\u0105 obchodzonych urodzin oraz osobiste \u017cyczenia zostan\u0105 precyzyjnie wkomponowane na statuetce dzi\u0119ki laserowemu grawerowi. Ten proces gwarantuje trwa\u0142o\u015b\u0107 i precyzj\u0119, a tak\u017ce pozwala na uzyskanie wyra\u017anego i g\u0142\u0119bokiego efektu, kt\u00f3ry b\u0119dzie wygl\u0105da\u0142 elegancko i profesjonalnie.<\/p>\n<p>Po wykonaniu, <strong>ka\u017cd\u0105 statuetk\u0119 r\u0119cznie szlifujemy<\/strong>, aby zapewni\u0107 g\u0142adk\u0105 i estetyczn\u0105 powierzchni\u0119. Wymiary produktu to: wysoko\u015b\u0107 19 cm i szeroko\u015b\u0107 23,5 cm oraz\u00a0 podstawa o wymiarach 19&#215;5 cm, co sprawia, \u017ce b\u0119dzie ona imponuj\u0105cym elementem dekoracyjnym w domu solenizanta.<\/p>\n<p>W sk\u0142ad zestawu wchodzi r\u00f3wnie\u017c sznurek jutowy oraz klamerki do zamocowania banknot\u00f3w, kt\u00f3rych warto\u015b\u0107 symbolizuje wiek jubilata. Banknoty widoczne na zdj\u0119ciach nie s\u0105 cz\u0119\u015bci\u0105 oferty i nie znajduj\u0105 si\u0119 w zestawie.<\/p>\n<p>Ta personalizowana statuetka drewniana to nie tylko prezent, ale tak\u017ce wyraz troski i uwagi, kt\u00f3ry b\u0119dzie wyj\u0105tkow\u0105 ozdob\u0105 ka\u017cdego wn\u0119trza oraz pami\u0105tk\u0105 na lata. Dzi\u0119ki jej unikalnemu charakterowi i mo\u017cliwo\u015bciom personalizacji, zapewni solenizantowi niezapomniane prze\u017cycie w dniu jego urodzin.<\/p>\n<p>Pami\u0119taj o tym aby da\u0107 nam zna\u0107 jak mamy spersonalizowa\u0107 dla Ciebie ten produkt. Zwr\u00f3\u0107 uwag\u0119 aby poda\u0107 nam takie informacje jak:<\/p>\n<ul>\n<li>Wiek solenizanta wraz z dat\u0105 bie\u017c\u0105cych urodzin<\/li>\n<li>Imi\u0119<\/li>\n<li>Tre\u015b\u0107 \u017cycze\u0144 kt\u00f3re mamy umie\u015bci\u0107 na dole.<\/li>\n<\/ul>\n","protected":false},"excerpt":{"rendered":"<p>Personalizowana statuetka Palmy &#8222;To wcale nie tak du\u017co&#8221; Idealny prezent na urodziny, dla Niej i dla Niego Zapraszamy do odkrycia wyj\u0105tkowego prezentu urodzinowego &#8211; personalizowanej statuetki drewnianej z motywem dw\u00f3ch palm. T\u0119 pi\u0119kn\u0105 statuetk\u0119, wykonujemy z wysokiej jako\u015bci sklejki. To nie tylko wyj\u0105tkowy upominek, ale tak\u017ce pami\u0105tka na ca\u0142e \u017cycie. G\u0142\u00f3wnym motywem tej statuetki s\u0105 [&hellip;]<\/p>\n","protected":false},"featured_media":2296,"comment_status":"open","ping_status":"closed","template":"","meta":{"_acf_changed":false},"product_brand":[],"product_cat":[49,92,105,148,96],"product_tag":[54,55,112,59],"class_list":{"0":"post-2306","1":"product","2":"type-product","3":"status-publish","4":"has-post-thumbnail","6":"product_cat-dekoracje","7":"product_cat-gadzety","8":"product_cat-rocznice","9":"product_cat-statuetki","10":"product_cat-urodziny-imieniny","11":"product_tag-personalizacja","12":"product_tag-prezent","13":"product_tag-to-wcale-nie-tak-duzo","14":"product_tag-urodziny","16":"first","17":"instock","18":"featured","19":"taxable","20":"shipping-taxable","21":"purchasable","22":"product-type-simple"},"acf":[],"yoast_head":"<!-- This site is optimized with the Yoast SEO plugin v27.5 - https:\/\/yoast.com\/product\/yoast-seo-wordpress\/ -->\n<title>Statuetka &quot;to wcale nie tak du\u017co&quot;. Prezent na urodziny 18-99 - Drewniana Magia<\/title>\n<meta name=\"description\" content=\"Wyj\u0105tkowy personalizowany prezent urodzinowy. Drewniana statuetka z humorystycznym przekazem dla solenizanta. Oryginalny spos\u00f3b na wywo\u0142anie u\u015bmiechu.\" \/>\n<meta name=\"robots\" content=\"index, follow, max-snippet:-1, max-image-preview:large, max-video-preview:-1\" \/>\n<link rel=\"canonical\" href=\"https:\/\/www.drewnianamagia.pl\/index.php\/produkt\/statuetka-to-wcale-nie-tak-duzo-prezent-na-urodziny-18-99\/\" \/>\n<meta property=\"og:locale\" content=\"pl_PL\" \/>\n<meta property=\"og:type\" content=\"article\" \/>\n<meta property=\"og:title\" content=\"Statuetka &quot;to wcale nie tak du\u017co&quot;. Prezent na urodziny 18-99 - Drewniana Magia\" \/>\n<meta property=\"og:description\" content=\"Wyj\u0105tkowy personalizowany prezent urodzinowy. Drewniana statuetka z humorystycznym przekazem dla solenizanta. Oryginalny spos\u00f3b na wywo\u0142anie u\u015bmiechu.\" \/>\n<meta property=\"og:url\" content=\"https:\/\/www.drewnianamagia.pl\/index.php\/produkt\/statuetka-to-wcale-nie-tak-duzo-prezent-na-urodziny-18-99\/\" \/>\n<meta property=\"og:site_name\" content=\"Drewniana Magia\" \/>\n<meta property=\"article:publisher\" content=\"https:\/\/facebook.com\/BelasDrewnianaMagia\" \/>\n<meta property=\"article:modified_time\" content=\"2026-03-24T17:07:00+00:00\" \/>\n<meta property=\"og:image\" content=\"https:\/\/www.drewnianamagia.pl\/wp-content\/uploads\/2024\/03\/palmy-to-wcale-nie-tak-duzo-1.jpg\" \/>\n\t<meta property=\"og:image:width\" content=\"1000\" \/>\n\t<meta property=\"og:image:height\" content=\"1000\" \/>\n\t<meta property=\"og:image:type\" content=\"image\/jpeg\" \/>\n<meta name=\"twitter:card\" content=\"summary_large_image\" \/>\n<meta name=\"twitter:label1\" content=\"Szacowany czas czytania\" \/>\n\t<meta name=\"twitter:data1\" content=\"3 minuty\" \/>\n<script type=\"application\/ld+json\" class=\"yoast-schema-graph\">{\"@context\":\"https:\\\/\\\/schema.org\",\"@graph\":[{\"@type\":\"WebPage\",\"@id\":\"https:\\\/\\\/www.drewnianamagia.pl\\\/index.php\\\/produkt\\\/statuetka-to-wcale-nie-tak-duzo-prezent-na-urodziny-18-99\\\/\",\"url\":\"https:\\\/\\\/www.drewnianamagia.pl\\\/index.php\\\/produkt\\\/statuetka-to-wcale-nie-tak-duzo-prezent-na-urodziny-18-99\\\/\",\"name\":\"Statuetka \\\"to wcale nie tak du\u017co\\\". Prezent na urodziny 18-99 - Drewniana Magia\",\"isPartOf\":{\"@id\":\"https:\\\/\\\/www.drewnianamagia.pl\\\/#website\"},\"primaryImageOfPage\":{\"@id\":\"https:\\\/\\\/www.drewnianamagia.pl\\\/index.php\\\/produkt\\\/statuetka-to-wcale-nie-tak-duzo-prezent-na-urodziny-18-99\\\/#primaryimage\"},\"image\":{\"@id\":\"https:\\\/\\\/www.drewnianamagia.pl\\\/index.php\\\/produkt\\\/statuetka-to-wcale-nie-tak-duzo-prezent-na-urodziny-18-99\\\/#primaryimage\"},\"thumbnailUrl\":\"https:\\\/\\\/www.drewnianamagia.pl\\\/wp-content\\\/uploads\\\/2024\\\/03\\\/palmy-to-wcale-nie-tak-duzo-1.jpg\",\"datePublished\":\"2024-03-06T12:50:17+00:00\",\"dateModified\":\"2026-03-24T17:07:00+00:00\",\"description\":\"Wyj\u0105tkowy personalizowany prezent urodzinowy. Drewniana statuetka z humorystycznym przekazem dla solenizanta. Oryginalny spos\u00f3b na wywo\u0142anie u\u015bmiechu.\",\"breadcrumb\":{\"@id\":\"https:\\\/\\\/www.drewnianamagia.pl\\\/index.php\\\/produkt\\\/statuetka-to-wcale-nie-tak-duzo-prezent-na-urodziny-18-99\\\/#breadcrumb\"},\"inLanguage\":\"pl-PL\",\"potentialAction\":[{\"@type\":\"ReadAction\",\"target\":[\"https:\\\/\\\/www.drewnianamagia.pl\\\/index.php\\\/produkt\\\/statuetka-to-wcale-nie-tak-duzo-prezent-na-urodziny-18-99\\\/\"]}]},{\"@type\":\"ImageObject\",\"inLanguage\":\"pl-PL\",\"@id\":\"https:\\\/\\\/www.drewnianamagia.pl\\\/index.php\\\/produkt\\\/statuetka-to-wcale-nie-tak-duzo-prezent-na-urodziny-18-99\\\/#primaryimage\",\"url\":\"https:\\\/\\\/www.drewnianamagia.pl\\\/wp-content\\\/uploads\\\/2024\\\/03\\\/palmy-to-wcale-nie-tak-duzo-1.jpg\",\"contentUrl\":\"https:\\\/\\\/www.drewnianamagia.pl\\\/wp-content\\\/uploads\\\/2024\\\/03\\\/palmy-to-wcale-nie-tak-duzo-1.jpg\",\"width\":1000,\"height\":1000,\"caption\":\"statuetka - palmy\"},{\"@type\":\"BreadcrumbList\",\"@id\":\"https:\\\/\\\/www.drewnianamagia.pl\\\/index.php\\\/produkt\\\/statuetka-to-wcale-nie-tak-duzo-prezent-na-urodziny-18-99\\\/#breadcrumb\",\"itemListElement\":[{\"@type\":\"ListItem\",\"position\":1,\"name\":\"Strona g\u0142\u00f3wna\",\"item\":\"https:\\\/\\\/www.drewnianamagia.pl\\\/\"},{\"@type\":\"ListItem\",\"position\":2,\"name\":\"Sklep\",\"item\":\"https:\\\/\\\/www.drewnianamagia.pl\\\/index.php\\\/sklep-internetowy-drewnianamagia\\\/\"},{\"@type\":\"ListItem\",\"position\":3,\"name\":\"Statuetka &#8222;to wcale nie tak du\u017co&#8221;. Prezent na urodziny 18-99\"}]},{\"@type\":\"WebSite\",\"@id\":\"https:\\\/\\\/www.drewnianamagia.pl\\\/#website\",\"url\":\"https:\\\/\\\/www.drewnianamagia.pl\\\/\",\"name\":\"Drewniana Magia\",\"description\":\"Personalizowane prezenty i dekoracje z drewna i druku 3D, na ka\u017cd\u0105 okazj\u0119 i okoliczno\u015b\u0107. Urodziny, Chrzest, Przyj\u0119cie, \u015awi\u0119ta, \u015alub\",\"publisher\":{\"@id\":\"https:\\\/\\\/www.drewnianamagia.pl\\\/#organization\"},\"potentialAction\":[{\"@type\":\"SearchAction\",\"target\":{\"@type\":\"EntryPoint\",\"urlTemplate\":\"https:\\\/\\\/www.drewnianamagia.pl\\\/?s={search_term_string}\"},\"query-input\":{\"@type\":\"PropertyValueSpecification\",\"valueRequired\":true,\"valueName\":\"search_term_string\"}}],\"inLanguage\":\"pl-PL\"},{\"@type\":\"Organization\",\"@id\":\"https:\\\/\\\/www.drewnianamagia.pl\\\/#organization\",\"name\":\"Drewniana Magia\",\"url\":\"https:\\\/\\\/www.drewnianamagia.pl\\\/\",\"logo\":{\"@type\":\"ImageObject\",\"inLanguage\":\"pl-PL\",\"@id\":\"https:\\\/\\\/www.drewnianamagia.pl\\\/#\\\/schema\\\/logo\\\/image\\\/\",\"url\":\"https:\\\/\\\/www.drewnianamagia.pl\\\/wp-content\\\/uploads\\\/2024\\\/02\\\/cropped-LOGO-DrewnianaMagia-375x188-1.png\",\"contentUrl\":\"https:\\\/\\\/www.drewnianamagia.pl\\\/wp-content\\\/uploads\\\/2024\\\/02\\\/cropped-LOGO-DrewnianaMagia-375x188-1.png\",\"width\":374,\"height\":188,\"caption\":\"Drewniana Magia\"},\"image\":{\"@id\":\"https:\\\/\\\/www.drewnianamagia.pl\\\/#\\\/schema\\\/logo\\\/image\\\/\"},\"sameAs\":[\"https:\\\/\\\/facebook.com\\\/BelasDrewnianaMagia\"]}]}<\/script>\n<!-- \/ Yoast SEO plugin. -->","yoast_head_json":{"title":"Statuetka \"to wcale nie tak du\u017co\". Prezent na urodziny 18-99 - Drewniana Magia","description":"Wyj\u0105tkowy personalizowany prezent urodzinowy. Drewniana statuetka z humorystycznym przekazem dla solenizanta. Oryginalny spos\u00f3b na wywo\u0142anie u\u015bmiechu.","robots":{"index":"index","follow":"follow","max-snippet":"max-snippet:-1","max-image-preview":"max-image-preview:large","max-video-preview":"max-video-preview:-1"},"canonical":"https:\/\/www.drewnianamagia.pl\/index.php\/produkt\/statuetka-to-wcale-nie-tak-duzo-prezent-na-urodziny-18-99\/","og_locale":"pl_PL","og_type":"article","og_title":"Statuetka \"to wcale nie tak du\u017co\". Prezent na urodziny 18-99 - Drewniana Magia","og_description":"Wyj\u0105tkowy personalizowany prezent urodzinowy. Drewniana statuetka z humorystycznym przekazem dla solenizanta. Oryginalny spos\u00f3b na wywo\u0142anie u\u015bmiechu.","og_url":"https:\/\/www.drewnianamagia.pl\/index.php\/produkt\/statuetka-to-wcale-nie-tak-duzo-prezent-na-urodziny-18-99\/","og_site_name":"Drewniana Magia","article_publisher":"https:\/\/facebook.com\/BelasDrewnianaMagia","article_modified_time":"2026-03-24T17:07:00+00:00","og_image":[{"width":1000,"height":1000,"url":"https:\/\/www.drewnianamagia.pl\/wp-content\/uploads\/2024\/03\/palmy-to-wcale-nie-tak-duzo-1.jpg","type":"image\/jpeg"}],"twitter_card":"summary_large_image","twitter_misc":{"Szacowany czas czytania":"3 minuty"},"schema":{"@context":"https:\/\/schema.org","@graph":[{"@type":"WebPage","@id":"https:\/\/www.drewnianamagia.pl\/index.php\/produkt\/statuetka-to-wcale-nie-tak-duzo-prezent-na-urodziny-18-99\/","url":"https:\/\/www.drewnianamagia.pl\/index.php\/produkt\/statuetka-to-wcale-nie-tak-duzo-prezent-na-urodziny-18-99\/","name":"Statuetka \"to wcale nie tak du\u017co\". Prezent na urodziny 18-99 - Drewniana Magia","isPartOf":{"@id":"https:\/\/www.drewnianamagia.pl\/#website"},"primaryImageOfPage":{"@id":"https:\/\/www.drewnianamagia.pl\/index.php\/produkt\/statuetka-to-wcale-nie-tak-duzo-prezent-na-urodziny-18-99\/#primaryimage"},"image":{"@id":"https:\/\/www.drewnianamagia.pl\/index.php\/produkt\/statuetka-to-wcale-nie-tak-duzo-prezent-na-urodziny-18-99\/#primaryimage"},"thumbnailUrl":"https:\/\/www.drewnianamagia.pl\/wp-content\/uploads\/2024\/03\/palmy-to-wcale-nie-tak-duzo-1.jpg","datePublished":"2024-03-06T12:50:17+00:00","dateModified":"2026-03-24T17:07:00+00:00","description":"Wyj\u0105tkowy personalizowany prezent urodzinowy. Drewniana statuetka z humorystycznym przekazem dla solenizanta. Oryginalny spos\u00f3b na wywo\u0142anie u\u015bmiechu.","breadcrumb":{"@id":"https:\/\/www.drewnianamagia.pl\/index.php\/produkt\/statuetka-to-wcale-nie-tak-duzo-prezent-na-urodziny-18-99\/#breadcrumb"},"inLanguage":"pl-PL","potentialAction":[{"@type":"ReadAction","target":["https:\/\/www.drewnianamagia.pl\/index.php\/produkt\/statuetka-to-wcale-nie-tak-duzo-prezent-na-urodziny-18-99\/"]}]},{"@type":"ImageObject","inLanguage":"pl-PL","@id":"https:\/\/www.drewnianamagia.pl\/index.php\/produkt\/statuetka-to-wcale-nie-tak-duzo-prezent-na-urodziny-18-99\/#primaryimage","url":"https:\/\/www.drewnianamagia.pl\/wp-content\/uploads\/2024\/03\/palmy-to-wcale-nie-tak-duzo-1.jpg","contentUrl":"https:\/\/www.drewnianamagia.pl\/wp-content\/uploads\/2024\/03\/palmy-to-wcale-nie-tak-duzo-1.jpg","width":1000,"height":1000,"caption":"statuetka - palmy"},{"@type":"BreadcrumbList","@id":"https:\/\/www.drewnianamagia.pl\/index.php\/produkt\/statuetka-to-wcale-nie-tak-duzo-prezent-na-urodziny-18-99\/#breadcrumb","itemListElement":[{"@type":"ListItem","position":1,"name":"Strona g\u0142\u00f3wna","item":"https:\/\/www.drewnianamagia.pl\/"},{"@type":"ListItem","position":2,"name":"Sklep","item":"https:\/\/www.drewnianamagia.pl\/index.php\/sklep-internetowy-drewnianamagia\/"},{"@type":"ListItem","position":3,"name":"Statuetka &#8222;to wcale nie tak du\u017co&#8221;. Prezent na urodziny 18-99"}]},{"@type":"WebSite","@id":"https:\/\/www.drewnianamagia.pl\/#website","url":"https:\/\/www.drewnianamagia.pl\/","name":"Drewniana Magia","description":"Personalizowane prezenty i dekoracje z drewna i druku 3D, na ka\u017cd\u0105 okazj\u0119 i okoliczno\u015b\u0107. Urodziny, Chrzest, Przyj\u0119cie, \u015awi\u0119ta, \u015alub","publisher":{"@id":"https:\/\/www.drewnianamagia.pl\/#organization"},"potentialAction":[{"@type":"SearchAction","target":{"@type":"EntryPoint","urlTemplate":"https:\/\/www.drewnianamagia.pl\/?s={search_term_string}"},"query-input":{"@type":"PropertyValueSpecification","valueRequired":true,"valueName":"search_term_string"}}],"inLanguage":"pl-PL"},{"@type":"Organization","@id":"https:\/\/www.drewnianamagia.pl\/#organization","name":"Drewniana Magia","url":"https:\/\/www.drewnianamagia.pl\/","logo":{"@type":"ImageObject","inLanguage":"pl-PL","@id":"https:\/\/www.drewnianamagia.pl\/#\/schema\/logo\/image\/","url":"https:\/\/www.drewnianamagia.pl\/wp-content\/uploads\/2024\/02\/cropped-LOGO-DrewnianaMagia-375x188-1.png","contentUrl":"https:\/\/www.drewnianamagia.pl\/wp-content\/uploads\/2024\/02\/cropped-LOGO-DrewnianaMagia-375x188-1.png","width":374,"height":188,"caption":"Drewniana Magia"},"image":{"@id":"https:\/\/www.drewnianamagia.pl\/#\/schema\/logo\/image\/"},"sameAs":["https:\/\/facebook.com\/BelasDrewnianaMagia"]}]}},"_links":{"self":[{"href":"https:\/\/www.drewnianamagia.pl\/index.php\/wp-json\/wp\/v2\/product\/2306","targetHints":{"allow":["GET"]}}],"collection":[{"href":"https:\/\/www.drewnianamagia.pl\/index.php\/wp-json\/wp\/v2\/product"}],"about":[{"href":"https:\/\/www.drewnianamagia.pl\/index.php\/wp-json\/wp\/v2\/types\/product"}],"replies":[{"embeddable":true,"href":"https:\/\/www.drewnianamagia.pl\/index.php\/wp-json\/wp\/v2\/comments?post=2306"}],"wp:featuredmedia":[{"embeddable":true,"href":"https:\/\/www.drewnianamagia.pl\/index.php\/wp-json\/wp\/v2\/media\/2296"}],"wp:attachment":[{"href":"https:\/\/www.drewnianamagia.pl\/index.php\/wp-json\/wp\/v2\/media?parent=2306"}],"wp:term":[{"taxonomy":"product_brand","embeddable":true,"href":"https:\/\/www.drewnianamagia.pl\/index.php\/wp-json\/wp\/v2\/product_brand?post=2306"},{"taxonomy":"product_cat","embeddable":true,"href":"https:\/\/www.drewnianamagia.pl\/index.php\/wp-json\/wp\/v2\/product_cat?post=2306"},{"taxonomy":"product_tag","embeddable":true,"href":"https:\/\/www.drewnianamagia.pl\/index.php\/wp-json\/wp\/v2\/product_tag?post=2306"}],"curies":[{"name":"wp","href":"https:\/\/api.w.org\/{rel}","templated":true}]}}