{"id":2273,"date":"2024-03-04T15:59:12","date_gmt":"2024-03-04T14:59:12","guid":{"rendered":"https:\/\/www.drewnianamagia.pl\/?post_type=product&#038;p=2273"},"modified":"2025-04-10T16:53:20","modified_gmt":"2025-04-10T14:53:20","slug":"czolg-na-piwo-personalizowany-prezent-dla-niego-i-dla-niej","status":"publish","type":"product","link":"https:\/\/www.drewnianamagia.pl\/index.php\/produkt\/czolg-na-piwo-personalizowany-prezent-dla-niego-i-dla-niej\/","title":{"rendered":"Czo\u0142g na piwo &#8211; personalizowany prezent dla niego i dla niej"},"content":{"rendered":"<p style=\"text-align: center;\"><strong>Personalizowany czo\u0142g na piwo &#8211; idealny prezent na ka\u017cd\u0105 okazj\u0119 dla mi\u0142o\u015bnika z\u0142otego trunku<\/strong><\/p>\n<p>Szukasz nietuzinkowego prezentu na Urodziny, imieniny, walentynki Dzie\u0144 Kobiet czy Dzie\u0144 Ch\u0142opaka? Oto czo\u0142g na piwo &#8211; zabawny gad\u017cet, kt\u00f3ry rozbawi ka\u017cdego mi\u0142o\u015bnika z\u0142otego trunku. Teraz jednak mo\u017cesz nada\u0107 mu osobisty charakter wybieraj\u0105c personalizacj\u0119 ka\u017cdej z dw\u00f3ch stron produktu!<\/p>\n<figure id=\"attachment_2256\" aria-describedby=\"caption-attachment-2256\" style=\"width: 200px\" class=\"wp-caption aligncenter\"><img loading=\"lazy\" decoding=\"async\" class=\"wp-image-2256 size-full\" src=\"https:\/\/www.drewnianamagia.pl\/wp-content\/uploads\/2024\/03\/czolg-film.gif\" alt=\"czolg na piwo\" width=\"200\" height=\"200\" \/><figcaption id=\"caption-attachment-2256\" class=\"wp-caption-text\">personalizacja z obu stron<\/figcaption><\/figure>\n<p>Wykonany z drewna HDF, nasz czo\u0142g pomie\u015bci a\u017c trzy puszki 0,5 litrowego piwa i jedn\u0105 butelk\u0119 0,5l piwa lub w\u00f3dki. Co wi\u0119cej, mo\u017cesz go spersonalizowa\u0107! Na ka\u017cd\u0105 stron\u0119 czo\u0142gu mo\u017cesz wybra\u0107 inn\u0105 personalizowan\u0105 grafik\u0119 spo\u015br\u00f3d naszych propozycji, kt\u00f3ra b\u0119dzie wygrawerowana technik\u0105 laserow\u0105. Dzi\u0119ki temu Tw\u00f3j prezent stanie si\u0119 jeszcze bardziej wyj\u0105tkowy i dopasowany do gustu obdarowywanego.<\/p>\n<p><img loading=\"lazy\" decoding=\"async\" class=\"size-medium wp-image-2271 aligncenter\" src=\"https:\/\/www.drewnianamagia.pl\/wp-content\/uploads\/2024\/03\/czolg-sceneria-300x300.jpg\" alt=\"czolg-sceneria\" width=\"300\" height=\"300\" srcset=\"https:\/\/www.drewnianamagia.pl\/wp-content\/uploads\/2024\/03\/czolg-sceneria-300x300.jpg 300w, https:\/\/www.drewnianamagia.pl\/wp-content\/uploads\/2024\/03\/czolg-sceneria-324x324.jpg 324w, https:\/\/www.drewnianamagia.pl\/wp-content\/uploads\/2024\/03\/czolg-sceneria-100x100.jpg 100w, https:\/\/www.drewnianamagia.pl\/wp-content\/uploads\/2024\/03\/czolg-sceneria-416x416.jpg 416w, https:\/\/www.drewnianamagia.pl\/wp-content\/uploads\/2024\/03\/czolg-sceneria-150x150.jpg 150w, https:\/\/www.drewnianamagia.pl\/wp-content\/uploads\/2024\/03\/czolg-sceneria-768x768.jpg 768w, https:\/\/www.drewnianamagia.pl\/wp-content\/uploads\/2024\/03\/czolg-sceneria.jpg 1000w\" sizes=\"auto, (max-width: 300px) 100vw, 300px\" \/><\/p>\n<p>Wymiary po z\u0142o\u017ceniu wynosz\u0105 29 x 23 x 13 cm, a grawer wykonujemy za pomoc\u0105 najwy\u017cszej jako\u015bci lasera, co zapewnia trwa\u0142o\u015b\u0107 i precyzj\u0119 wykonania.<\/p>\n<p>Czo\u0142g sprzedajemy bez zawarto\u015bci, wi\u0119c mo\u017cesz doda\u0107 do niego ulubione napoje przed wr\u0119czeniem.<\/p>\n<p>W razie obaw przed uszkodzeniem w czasie transportu, wysy\u0142amy niez\u0142o\u017cony czo\u0142g wraz z do\u0142\u0105czon\u0105 instrukcj\u0105 monta\u017cu. Kilkana\u015bcie idealnie spasowanych ze sob\u0105 element\u00f3w, kt\u00f3re z\u0142o\u017cysz w 5 minut.<\/p>\n<figure id=\"attachment_2266\" aria-describedby=\"caption-attachment-2266\" style=\"width: 300px\" class=\"wp-caption aligncenter\"><img loading=\"lazy\" decoding=\"async\" class=\"wp-image-2266 size-medium\" src=\"https:\/\/www.drewnianamagia.pl\/wp-content\/uploads\/2024\/03\/czolg-10-300x300.jpg\" alt=\"grawer\" width=\"300\" height=\"300\" srcset=\"https:\/\/www.drewnianamagia.pl\/wp-content\/uploads\/2024\/03\/czolg-10-300x300.jpg 300w, https:\/\/www.drewnianamagia.pl\/wp-content\/uploads\/2024\/03\/czolg-10-324x324.jpg 324w, https:\/\/www.drewnianamagia.pl\/wp-content\/uploads\/2024\/03\/czolg-10-100x100.jpg 100w, https:\/\/www.drewnianamagia.pl\/wp-content\/uploads\/2024\/03\/czolg-10-416x416.jpg 416w, https:\/\/www.drewnianamagia.pl\/wp-content\/uploads\/2024\/03\/czolg-10-150x150.jpg 150w, https:\/\/www.drewnianamagia.pl\/wp-content\/uploads\/2024\/03\/czolg-10-768x768.jpg 768w, https:\/\/www.drewnianamagia.pl\/wp-content\/uploads\/2024\/03\/czolg-10.jpg 1000w\" sizes=\"auto, (max-width: 300px) 100vw, 300px\" \/><figcaption id=\"caption-attachment-2266\" class=\"wp-caption-text\">Wysokiej jako\u015bci grawer<\/figcaption><\/figure>\n<p>Teraz mo\u017cesz \u015bmia\u0142o podarowa\u0107 oryginalny i personalizowany prezent, kt\u00f3ry z pewno\u015bci\u0105 sprawi rado\u015b\u0107 obdarowanemu! Dopieszczony w najdrobniejszych szczeg\u00f3\u0142ach, ten czo\u0142g na piwo b\u0119dzie niezapomnianym dodatkiem do ka\u017cdej okazji, dodaj\u0105c uroku i niepowtarzalnego stylu.<\/p>\n<figure id=\"attachment_2265\" aria-describedby=\"caption-attachment-2265\" style=\"width: 300px\" class=\"wp-caption aligncenter\"><img loading=\"lazy\" decoding=\"async\" class=\"wp-image-2265 size-medium\" src=\"https:\/\/www.drewnianamagia.pl\/wp-content\/uploads\/2024\/03\/czolg-09-300x300.jpg\" alt=\"elementy\" width=\"300\" height=\"300\" srcset=\"https:\/\/www.drewnianamagia.pl\/wp-content\/uploads\/2024\/03\/czolg-09-300x300.jpg 300w, https:\/\/www.drewnianamagia.pl\/wp-content\/uploads\/2024\/03\/czolg-09-324x324.jpg 324w, https:\/\/www.drewnianamagia.pl\/wp-content\/uploads\/2024\/03\/czolg-09-100x100.jpg 100w, https:\/\/www.drewnianamagia.pl\/wp-content\/uploads\/2024\/03\/czolg-09-416x416.jpg 416w, https:\/\/www.drewnianamagia.pl\/wp-content\/uploads\/2024\/03\/czolg-09-150x150.jpg 150w, https:\/\/www.drewnianamagia.pl\/wp-content\/uploads\/2024\/03\/czolg-09-768x768.jpg 768w, https:\/\/www.drewnianamagia.pl\/wp-content\/uploads\/2024\/03\/czolg-09.jpg 1000w\" sizes=\"auto, (max-width: 300px) 100vw, 300px\" \/><figcaption id=\"caption-attachment-2265\" class=\"wp-caption-text\">doskonale spasowane elementy<\/figcaption><\/figure>\n<p>&nbsp;<\/p>\n<p>Daj nam zna\u0107 kt\u00f3r\u0105 personalizacj\u0119 wybierasz (wzory widoczne na ostatnim zdj\u0119ciu).<\/p>\n<figure id=\"attachment_2272\" aria-describedby=\"caption-attachment-2272\" style=\"width: 300px\" class=\"wp-caption aligncenter\"><img loading=\"lazy\" decoding=\"async\" class=\"wp-image-2272 size-medium\" src=\"https:\/\/www.drewnianamagia.pl\/wp-content\/uploads\/2024\/03\/wzory-czolg-300x300.jpg\" alt=\"personalizacja\" width=\"300\" height=\"300\" srcset=\"https:\/\/www.drewnianamagia.pl\/wp-content\/uploads\/2024\/03\/wzory-czolg-300x300.jpg 300w, https:\/\/www.drewnianamagia.pl\/wp-content\/uploads\/2024\/03\/wzory-czolg-324x324.jpg 324w, https:\/\/www.drewnianamagia.pl\/wp-content\/uploads\/2024\/03\/wzory-czolg-100x100.jpg 100w, https:\/\/www.drewnianamagia.pl\/wp-content\/uploads\/2024\/03\/wzory-czolg-416x416.jpg 416w, https:\/\/www.drewnianamagia.pl\/wp-content\/uploads\/2024\/03\/wzory-czolg-1024x1024.jpg 1024w, https:\/\/www.drewnianamagia.pl\/wp-content\/uploads\/2024\/03\/wzory-czolg-150x150.jpg 150w, https:\/\/www.drewnianamagia.pl\/wp-content\/uploads\/2024\/03\/wzory-czolg-768x768.jpg 768w, https:\/\/www.drewnianamagia.pl\/wp-content\/uploads\/2024\/03\/wzory-czolg-1536x1536.jpg 1536w, https:\/\/www.drewnianamagia.pl\/wp-content\/uploads\/2024\/03\/wzory-czolg.jpg 1563w\" sizes=\"auto, (max-width: 300px) 100vw, 300px\" \/><figcaption id=\"caption-attachment-2272\" class=\"wp-caption-text\">personalizacja do wyboru<\/figcaption><\/figure>\n<p>Puszki oraz butelka widoczne na zdj\u0119ciach nie s\u0105 elementem zestawu i nie zawieraj\u0105 alkoholu. Stanowi\u0105 tylko wizualizacj\u0119.<\/p>\n","protected":false},"excerpt":{"rendered":"<p>Personalizowany czo\u0142g na piwo &#8211; idealny prezent na ka\u017cd\u0105 okazj\u0119 dla mi\u0142o\u015bnika z\u0142otego trunku Szukasz nietuzinkowego prezentu na Urodziny, imieniny, walentynki Dzie\u0144 Kobiet czy Dzie\u0144 Ch\u0142opaka? Oto czo\u0142g na piwo &#8211; zabawny gad\u017cet, kt\u00f3ry rozbawi ka\u017cdego mi\u0142o\u015bnika z\u0142otego trunku. Teraz jednak mo\u017cesz nada\u0107 mu osobisty charakter wybieraj\u0105c personalizacj\u0119 ka\u017cdej z dw\u00f3ch stron produktu! Wykonany z [&hellip;]<\/p>\n","protected":false},"featured_media":2257,"comment_status":"open","ping_status":"closed","template":"","meta":{"_acf_changed":false},"product_brand":[],"product_cat":[103,109,108,100,92,96,99],"product_tag":[54,55],"class_list":{"0":"post-2273","1":"product","2":"type-product","3":"status-publish","4":"has-post-thumbnail","6":"product_cat-dzien-babci-dzien-dziadka","7":"product_cat-dzien-chlopaka","8":"product_cat-dzien-kobiet","9":"product_cat-dzien-matki-dzien-ojca","10":"product_cat-gadzety","11":"product_cat-urodziny-imieniny","12":"product_cat-walentynki","13":"product_tag-personalizacja","14":"product_tag-prezent","16":"first","17":"instock","18":"taxable","19":"shipping-taxable","20":"purchasable","21":"product-type-simple"},"acf":[],"yoast_head":"<!-- This site is optimized with the Yoast SEO plugin v27.5 - https:\/\/yoast.com\/product\/yoast-seo-wordpress\/ -->\n<title>Czo\u0142g na piwo - personalizowany prezent dla niego i dla niej - Drewniana Magia<\/title>\n<meta name=\"description\" content=\"Personalizowany gad\u017cet jakim jest czo\u0142g na piwo, to wyj\u0105tkowy i zabawny prezent na ka\u017cd\u0105 okazj\u0119 dla mi\u0142o\u015bnika z\u0142otego trunku.\" \/>\n<meta name=\"robots\" content=\"index, follow, max-snippet:-1, max-image-preview:large, max-video-preview:-1\" \/>\n<link rel=\"canonical\" href=\"https:\/\/www.drewnianamagia.pl\/index.php\/produkt\/czolg-na-piwo-personalizowany-prezent-dla-niego-i-dla-niej\/\" \/>\n<meta property=\"og:locale\" content=\"pl_PL\" \/>\n<meta property=\"og:type\" content=\"article\" \/>\n<meta property=\"og:title\" content=\"Czo\u0142g na piwo - personalizowany prezent dla niego i dla niej - Drewniana Magia\" \/>\n<meta property=\"og:description\" content=\"Personalizowany gad\u017cet jakim jest czo\u0142g na piwo, to wyj\u0105tkowy i zabawny prezent na ka\u017cd\u0105 okazj\u0119 dla mi\u0142o\u015bnika z\u0142otego trunku.\" \/>\n<meta property=\"og:url\" content=\"https:\/\/www.drewnianamagia.pl\/index.php\/produkt\/czolg-na-piwo-personalizowany-prezent-dla-niego-i-dla-niej\/\" \/>\n<meta property=\"og:site_name\" content=\"Drewniana Magia\" \/>\n<meta property=\"article:publisher\" content=\"https:\/\/facebook.com\/BelasDrewnianaMagia\" \/>\n<meta property=\"article:modified_time\" content=\"2025-04-10T14:53:20+00:00\" \/>\n<meta property=\"og:image\" content=\"https:\/\/www.drewnianamagia.pl\/wp-content\/uploads\/2024\/03\/czolg-01.jpg\" \/>\n\t<meta property=\"og:image:width\" content=\"1000\" \/>\n\t<meta property=\"og:image:height\" content=\"1000\" \/>\n\t<meta property=\"og:image:type\" content=\"image\/jpeg\" \/>\n<meta name=\"twitter:card\" content=\"summary_large_image\" \/>\n<meta name=\"twitter:label1\" content=\"Szacowany czas czytania\" \/>\n\t<meta name=\"twitter:data1\" content=\"3 minuty\" \/>\n<script type=\"application\/ld+json\" class=\"yoast-schema-graph\">{\"@context\":\"https:\\\/\\\/schema.org\",\"@graph\":[{\"@type\":\"WebPage\",\"@id\":\"https:\\\/\\\/www.drewnianamagia.pl\\\/index.php\\\/produkt\\\/czolg-na-piwo-personalizowany-prezent-dla-niego-i-dla-niej\\\/\",\"url\":\"https:\\\/\\\/www.drewnianamagia.pl\\\/index.php\\\/produkt\\\/czolg-na-piwo-personalizowany-prezent-dla-niego-i-dla-niej\\\/\",\"name\":\"Czo\u0142g na piwo - personalizowany prezent dla niego i dla niej - Drewniana Magia\",\"isPartOf\":{\"@id\":\"https:\\\/\\\/www.drewnianamagia.pl\\\/#website\"},\"primaryImageOfPage\":{\"@id\":\"https:\\\/\\\/www.drewnianamagia.pl\\\/index.php\\\/produkt\\\/czolg-na-piwo-personalizowany-prezent-dla-niego-i-dla-niej\\\/#primaryimage\"},\"image\":{\"@id\":\"https:\\\/\\\/www.drewnianamagia.pl\\\/index.php\\\/produkt\\\/czolg-na-piwo-personalizowany-prezent-dla-niego-i-dla-niej\\\/#primaryimage\"},\"thumbnailUrl\":\"https:\\\/\\\/www.drewnianamagia.pl\\\/wp-content\\\/uploads\\\/2024\\\/03\\\/czolg-01.jpg\",\"datePublished\":\"2024-03-04T14:59:12+00:00\",\"dateModified\":\"2025-04-10T14:53:20+00:00\",\"description\":\"Personalizowany gad\u017cet jakim jest czo\u0142g na piwo, to wyj\u0105tkowy i zabawny prezent na ka\u017cd\u0105 okazj\u0119 dla mi\u0142o\u015bnika z\u0142otego trunku.\",\"breadcrumb\":{\"@id\":\"https:\\\/\\\/www.drewnianamagia.pl\\\/index.php\\\/produkt\\\/czolg-na-piwo-personalizowany-prezent-dla-niego-i-dla-niej\\\/#breadcrumb\"},\"inLanguage\":\"pl-PL\",\"potentialAction\":[{\"@type\":\"ReadAction\",\"target\":[\"https:\\\/\\\/www.drewnianamagia.pl\\\/index.php\\\/produkt\\\/czolg-na-piwo-personalizowany-prezent-dla-niego-i-dla-niej\\\/\"]}]},{\"@type\":\"ImageObject\",\"inLanguage\":\"pl-PL\",\"@id\":\"https:\\\/\\\/www.drewnianamagia.pl\\\/index.php\\\/produkt\\\/czolg-na-piwo-personalizowany-prezent-dla-niego-i-dla-niej\\\/#primaryimage\",\"url\":\"https:\\\/\\\/www.drewnianamagia.pl\\\/wp-content\\\/uploads\\\/2024\\\/03\\\/czolg-01.jpg\",\"contentUrl\":\"https:\\\/\\\/www.drewnianamagia.pl\\\/wp-content\\\/uploads\\\/2024\\\/03\\\/czolg-01.jpg\",\"width\":1000,\"height\":1000,\"caption\":\"czolg na piwo\"},{\"@type\":\"BreadcrumbList\",\"@id\":\"https:\\\/\\\/www.drewnianamagia.pl\\\/index.php\\\/produkt\\\/czolg-na-piwo-personalizowany-prezent-dla-niego-i-dla-niej\\\/#breadcrumb\",\"itemListElement\":[{\"@type\":\"ListItem\",\"position\":1,\"name\":\"Strona g\u0142\u00f3wna\",\"item\":\"https:\\\/\\\/www.drewnianamagia.pl\\\/\"},{\"@type\":\"ListItem\",\"position\":2,\"name\":\"Sklep\",\"item\":\"https:\\\/\\\/www.drewnianamagia.pl\\\/index.php\\\/sklep-internetowy-drewnianamagia\\\/\"},{\"@type\":\"ListItem\",\"position\":3,\"name\":\"Czo\u0142g na piwo &#8211; personalizowany prezent dla niego i dla niej\"}]},{\"@type\":\"WebSite\",\"@id\":\"https:\\\/\\\/www.drewnianamagia.pl\\\/#website\",\"url\":\"https:\\\/\\\/www.drewnianamagia.pl\\\/\",\"name\":\"Drewniana Magia\",\"description\":\"Personalizowane prezenty i dekoracje z drewna i druku 3D, na ka\u017cd\u0105 okazj\u0119 i okoliczno\u015b\u0107. Urodziny, Chrzest, Przyj\u0119cie, \u015awi\u0119ta, \u015alub\",\"publisher\":{\"@id\":\"https:\\\/\\\/www.drewnianamagia.pl\\\/#organization\"},\"potentialAction\":[{\"@type\":\"SearchAction\",\"target\":{\"@type\":\"EntryPoint\",\"urlTemplate\":\"https:\\\/\\\/www.drewnianamagia.pl\\\/?s={search_term_string}\"},\"query-input\":{\"@type\":\"PropertyValueSpecification\",\"valueRequired\":true,\"valueName\":\"search_term_string\"}}],\"inLanguage\":\"pl-PL\"},{\"@type\":\"Organization\",\"@id\":\"https:\\\/\\\/www.drewnianamagia.pl\\\/#organization\",\"name\":\"Drewniana Magia\",\"url\":\"https:\\\/\\\/www.drewnianamagia.pl\\\/\",\"logo\":{\"@type\":\"ImageObject\",\"inLanguage\":\"pl-PL\",\"@id\":\"https:\\\/\\\/www.drewnianamagia.pl\\\/#\\\/schema\\\/logo\\\/image\\\/\",\"url\":\"https:\\\/\\\/www.drewnianamagia.pl\\\/wp-content\\\/uploads\\\/2024\\\/02\\\/cropped-LOGO-DrewnianaMagia-375x188-1.png\",\"contentUrl\":\"https:\\\/\\\/www.drewnianamagia.pl\\\/wp-content\\\/uploads\\\/2024\\\/02\\\/cropped-LOGO-DrewnianaMagia-375x188-1.png\",\"width\":374,\"height\":188,\"caption\":\"Drewniana Magia\"},\"image\":{\"@id\":\"https:\\\/\\\/www.drewnianamagia.pl\\\/#\\\/schema\\\/logo\\\/image\\\/\"},\"sameAs\":[\"https:\\\/\\\/facebook.com\\\/BelasDrewnianaMagia\"]}]}<\/script>\n<!-- \/ Yoast SEO plugin. -->","yoast_head_json":{"title":"Czo\u0142g na piwo - personalizowany prezent dla niego i dla niej - Drewniana Magia","description":"Personalizowany gad\u017cet jakim jest czo\u0142g na piwo, to wyj\u0105tkowy i zabawny prezent na ka\u017cd\u0105 okazj\u0119 dla mi\u0142o\u015bnika z\u0142otego trunku.","robots":{"index":"index","follow":"follow","max-snippet":"max-snippet:-1","max-image-preview":"max-image-preview:large","max-video-preview":"max-video-preview:-1"},"canonical":"https:\/\/www.drewnianamagia.pl\/index.php\/produkt\/czolg-na-piwo-personalizowany-prezent-dla-niego-i-dla-niej\/","og_locale":"pl_PL","og_type":"article","og_title":"Czo\u0142g na piwo - personalizowany prezent dla niego i dla niej - Drewniana Magia","og_description":"Personalizowany gad\u017cet jakim jest czo\u0142g na piwo, to wyj\u0105tkowy i zabawny prezent na ka\u017cd\u0105 okazj\u0119 dla mi\u0142o\u015bnika z\u0142otego trunku.","og_url":"https:\/\/www.drewnianamagia.pl\/index.php\/produkt\/czolg-na-piwo-personalizowany-prezent-dla-niego-i-dla-niej\/","og_site_name":"Drewniana Magia","article_publisher":"https:\/\/facebook.com\/BelasDrewnianaMagia","article_modified_time":"2025-04-10T14:53:20+00:00","og_image":[{"width":1000,"height":1000,"url":"https:\/\/www.drewnianamagia.pl\/wp-content\/uploads\/2024\/03\/czolg-01.jpg","type":"image\/jpeg"}],"twitter_card":"summary_large_image","twitter_misc":{"Szacowany czas czytania":"3 minuty"},"schema":{"@context":"https:\/\/schema.org","@graph":[{"@type":"WebPage","@id":"https:\/\/www.drewnianamagia.pl\/index.php\/produkt\/czolg-na-piwo-personalizowany-prezent-dla-niego-i-dla-niej\/","url":"https:\/\/www.drewnianamagia.pl\/index.php\/produkt\/czolg-na-piwo-personalizowany-prezent-dla-niego-i-dla-niej\/","name":"Czo\u0142g na piwo - personalizowany prezent dla niego i dla niej - Drewniana Magia","isPartOf":{"@id":"https:\/\/www.drewnianamagia.pl\/#website"},"primaryImageOfPage":{"@id":"https:\/\/www.drewnianamagia.pl\/index.php\/produkt\/czolg-na-piwo-personalizowany-prezent-dla-niego-i-dla-niej\/#primaryimage"},"image":{"@id":"https:\/\/www.drewnianamagia.pl\/index.php\/produkt\/czolg-na-piwo-personalizowany-prezent-dla-niego-i-dla-niej\/#primaryimage"},"thumbnailUrl":"https:\/\/www.drewnianamagia.pl\/wp-content\/uploads\/2024\/03\/czolg-01.jpg","datePublished":"2024-03-04T14:59:12+00:00","dateModified":"2025-04-10T14:53:20+00:00","description":"Personalizowany gad\u017cet jakim jest czo\u0142g na piwo, to wyj\u0105tkowy i zabawny prezent na ka\u017cd\u0105 okazj\u0119 dla mi\u0142o\u015bnika z\u0142otego trunku.","breadcrumb":{"@id":"https:\/\/www.drewnianamagia.pl\/index.php\/produkt\/czolg-na-piwo-personalizowany-prezent-dla-niego-i-dla-niej\/#breadcrumb"},"inLanguage":"pl-PL","potentialAction":[{"@type":"ReadAction","target":["https:\/\/www.drewnianamagia.pl\/index.php\/produkt\/czolg-na-piwo-personalizowany-prezent-dla-niego-i-dla-niej\/"]}]},{"@type":"ImageObject","inLanguage":"pl-PL","@id":"https:\/\/www.drewnianamagia.pl\/index.php\/produkt\/czolg-na-piwo-personalizowany-prezent-dla-niego-i-dla-niej\/#primaryimage","url":"https:\/\/www.drewnianamagia.pl\/wp-content\/uploads\/2024\/03\/czolg-01.jpg","contentUrl":"https:\/\/www.drewnianamagia.pl\/wp-content\/uploads\/2024\/03\/czolg-01.jpg","width":1000,"height":1000,"caption":"czolg na piwo"},{"@type":"BreadcrumbList","@id":"https:\/\/www.drewnianamagia.pl\/index.php\/produkt\/czolg-na-piwo-personalizowany-prezent-dla-niego-i-dla-niej\/#breadcrumb","itemListElement":[{"@type":"ListItem","position":1,"name":"Strona g\u0142\u00f3wna","item":"https:\/\/www.drewnianamagia.pl\/"},{"@type":"ListItem","position":2,"name":"Sklep","item":"https:\/\/www.drewnianamagia.pl\/index.php\/sklep-internetowy-drewnianamagia\/"},{"@type":"ListItem","position":3,"name":"Czo\u0142g na piwo &#8211; personalizowany prezent dla niego i dla niej"}]},{"@type":"WebSite","@id":"https:\/\/www.drewnianamagia.pl\/#website","url":"https:\/\/www.drewnianamagia.pl\/","name":"Drewniana Magia","description":"Personalizowane prezenty i dekoracje z drewna i druku 3D, na ka\u017cd\u0105 okazj\u0119 i okoliczno\u015b\u0107. Urodziny, Chrzest, Przyj\u0119cie, \u015awi\u0119ta, \u015alub","publisher":{"@id":"https:\/\/www.drewnianamagia.pl\/#organization"},"potentialAction":[{"@type":"SearchAction","target":{"@type":"EntryPoint","urlTemplate":"https:\/\/www.drewnianamagia.pl\/?s={search_term_string}"},"query-input":{"@type":"PropertyValueSpecification","valueRequired":true,"valueName":"search_term_string"}}],"inLanguage":"pl-PL"},{"@type":"Organization","@id":"https:\/\/www.drewnianamagia.pl\/#organization","name":"Drewniana Magia","url":"https:\/\/www.drewnianamagia.pl\/","logo":{"@type":"ImageObject","inLanguage":"pl-PL","@id":"https:\/\/www.drewnianamagia.pl\/#\/schema\/logo\/image\/","url":"https:\/\/www.drewnianamagia.pl\/wp-content\/uploads\/2024\/02\/cropped-LOGO-DrewnianaMagia-375x188-1.png","contentUrl":"https:\/\/www.drewnianamagia.pl\/wp-content\/uploads\/2024\/02\/cropped-LOGO-DrewnianaMagia-375x188-1.png","width":374,"height":188,"caption":"Drewniana Magia"},"image":{"@id":"https:\/\/www.drewnianamagia.pl\/#\/schema\/logo\/image\/"},"sameAs":["https:\/\/facebook.com\/BelasDrewnianaMagia"]}]}},"_links":{"self":[{"href":"https:\/\/www.drewnianamagia.pl\/index.php\/wp-json\/wp\/v2\/product\/2273","targetHints":{"allow":["GET"]}}],"collection":[{"href":"https:\/\/www.drewnianamagia.pl\/index.php\/wp-json\/wp\/v2\/product"}],"about":[{"href":"https:\/\/www.drewnianamagia.pl\/index.php\/wp-json\/wp\/v2\/types\/product"}],"replies":[{"embeddable":true,"href":"https:\/\/www.drewnianamagia.pl\/index.php\/wp-json\/wp\/v2\/comments?post=2273"}],"wp:featuredmedia":[{"embeddable":true,"href":"https:\/\/www.drewnianamagia.pl\/index.php\/wp-json\/wp\/v2\/media\/2257"}],"wp:attachment":[{"href":"https:\/\/www.drewnianamagia.pl\/index.php\/wp-json\/wp\/v2\/media?parent=2273"}],"wp:term":[{"taxonomy":"product_brand","embeddable":true,"href":"https:\/\/www.drewnianamagia.pl\/index.php\/wp-json\/wp\/v2\/product_brand?post=2273"},{"taxonomy":"product_cat","embeddable":true,"href":"https:\/\/www.drewnianamagia.pl\/index.php\/wp-json\/wp\/v2\/product_cat?post=2273"},{"taxonomy":"product_tag","embeddable":true,"href":"https:\/\/www.drewnianamagia.pl\/index.php\/wp-json\/wp\/v2\/product_tag?post=2273"}],"curies":[{"name":"wp","href":"https:\/\/api.w.org\/{rel}","templated":true}]}}