{"id":2250,"date":"2024-03-02T12:44:48","date_gmt":"2024-03-02T11:44:48","guid":{"rendered":"https:\/\/www.drewnianamagia.pl\/?post_type=product&#038;p=2250"},"modified":"2026-03-31T14:56:37","modified_gmt":"2026-03-31T12:56:37","slug":"drewniane-serce-z-wlasnym-tekstem-i-wybrana-grafika","status":"publish","type":"product","link":"https:\/\/www.drewnianamagia.pl\/index.php\/produkt\/drewniane-serce-z-wlasnym-tekstem-i-wybrana-grafika\/","title":{"rendered":"Drewniane serce 10cm z w\u0142asnym tekstem i wybran\u0105 grafik\u0105"},"content":{"rendered":"<h5 style=\"text-align: center;\"><strong>Serce 10cm z w\u0142asnym tekstem i wybran\u0105 grafik\u0105<\/strong><\/h5>\n<p>&nbsp;<\/p>\n<p>Podaj dowolny tekst i wybierz interesuj\u0105c\u0105 Ci\u0119 grafik\u0119. Skomponuj produkt do swoich potrzeb.<\/p>\n<p>Serduszko z wygrawerowanym laserowo dowolnym napisem oraz jedn\u0105 z dziesi\u0105tek grafik do wyboru. Wykonane z wysokiej jako\u015bci sklejki. Jego wymiary to 3mm x 99mm x 86mm, dlatego idealne b\u0119dzie pasowa\u0107 do Twoich projekt\u00f3w.<\/p>\n<p><strong>Dlaczego warto wybra\u0107 scrapki od nas?<\/strong><\/p>\n<ol>\n<li><strong>Wysoka jako\u015b\u0107 materia\u0142u:<\/strong> Nasze scrapki wykonujemy starannie z jasnej, szlifowanej sklejki o grubo\u015bci ok. 3mm, gwarantuj\u0105c niezawodno\u015b\u0107 i \u0142atwo\u015b\u0107 obr\u00f3bki.<\/li>\n<li><strong>Uniwersalne rozmiary:<\/strong>\u00a0 Wymiary produktu to oko\u0142o 3mm x 99mm x 86mm, dlatego w rezultacie s\u0105 doskona\u0142e do szerokiego zakresu projekt\u00f3w DIY.<\/li>\n<li><strong>\u0141atwa do obr\u00f3bki:<\/strong> Sklejka klasy pierwszej jest \u0142atwa do ci\u0119cia, malowania, klejenia i dekoracji, co jeszcze bardziej u\u0142atwia tworzenie personalizowanych projekt\u00f3w.<\/li>\n<li><strong>Wielofunkcyjno\u015b\u0107:<\/strong> Nasze scrapki s\u0105 idealne do prac artystycznych, rzemie\u015blniczych i DIY. Dlatego s\u0105 doskona\u0142ym wyborem zar\u00f3wno dla pocz\u0105tkuj\u0105cych, jak i zaawansowanych tw\u00f3rc\u00f3w.<\/li>\n<li><strong>Ekologiczne i zr\u00f3wnowa\u017cone:<\/strong> Nasze scrapki wykonujemy z materia\u0142u przyjaznego dla \u015brodowiska, zapewniaj\u0105c jednocze\u015bnie pi\u0119kny wygl\u0105d i trosk\u0119 o planet\u0119.<\/li>\n<\/ol>\n<p>&nbsp;<\/p>\n<p style=\"text-align: center;\">\n<p><strong>Zastosowanie scrapk\u00f3w ze sklejki wysokiej jako\u015bci:<\/strong><\/p>\n<p>Nasze scrapki mo\u017cesz wykorzysta\u0107 do:<\/p>\n<ul>\n<li>Tworzenia unikalnych ozd\u00f3b.<\/li>\n<li>Personalizacji ramek do zdj\u0119\u0107.<\/li>\n<li>Wyrobu eleganckiej bi\u017cuterii.<\/li>\n<li>Konstruowania modeli i makiet.<\/li>\n<li>Dzia\u0142alno\u015bci artystycznej i rzemie\u015blniczej.<\/li>\n<li>Kreowania wyj\u0105tkowych prezent\u00f3w.<\/li>\n<\/ul>\n<p>Zam\u00f3w scrapki ju\u017c dzi\u015b i rozpocznij tworzenie niezapomnianych projekt\u00f3w, Nie czekaj, spe\u0142nij swoje kreatywne marzenia z naszymi scrapkami ju\u017c teraz!<\/p>\n<p>Daj nam zna\u0107 jaki tekst oraz kt\u00f3r\u0105 grafik\u0119 chcesz by\u015bmy dla Ciebie wygrawerowali.<\/p>\n<p>Grafiki do wyboru widoczne na kolejnych zdj\u0119ciach produktu.<\/p>\n<p>Zdj\u0119cie g\u0142\u00f3wne jest wizualizacj\u0105. Ka\u017cdy produkt finalny r\u00f3\u017cni si\u0119 od siebie i jest niepowtarzalny.<\/p>\n","protected":false},"excerpt":{"rendered":"<p>Serce 10cm z w\u0142asnym tekstem i wybran\u0105 grafik\u0105 &nbsp; Podaj dowolny tekst i wybierz interesuj\u0105c\u0105 Ci\u0119 grafik\u0119. Skomponuj produkt do swoich potrzeb. Serduszko z wygrawerowanym laserowo dowolnym napisem oraz jedn\u0105 z dziesi\u0105tek grafik do wyboru. Wykonane z wysokiej jako\u015bci sklejki. Jego wymiary to 3mm x 99mm x 86mm, dlatego idealne b\u0119dzie pasowa\u0107 do Twoich projekt\u00f3w. [&hellip;]<\/p>\n","protected":false},"featured_media":4436,"comment_status":"open","ping_status":"closed","template":"","meta":{"_acf_changed":false},"product_brand":[],"product_cat":[97,49,103,109,108,100,104,43,98,99],"product_tag":[65,54,55,68],"class_list":{"0":"post-2250","1":"product","2":"type-product","3":"status-publish","4":"has-post-thumbnail","6":"product_cat-chrzest-komunia","7":"product_cat-dekoracje","8":"product_cat-dzien-babci-dzien-dziadka","9":"product_cat-dzien-chlopaka","10":"product_cat-dzien-kobiet","11":"product_cat-dzien-matki-dzien-ojca","12":"product_cat-dzien-nauczyciela","13":"product_cat-scrapki","14":"product_cat-slub-wesele","15":"product_cat-walentynki","16":"product_tag-milosc","17":"product_tag-personalizacja","18":"product_tag-prezent","19":"product_tag-scrapbooking","21":"first","22":"instock","23":"taxable","24":"shipping-taxable","25":"purchasable","26":"product-type-simple"},"acf":[],"yoast_head":"<!-- This site is optimized with the Yoast SEO plugin v27.5 - https:\/\/yoast.com\/product\/yoast-seo-wordpress\/ -->\n<title>Drewniane serce 10cm z w\u0142asnym tekstem i wybran\u0105 grafik\u0105 - Drewniana Magia<\/title>\n<meta name=\"description\" content=\"Drewniane serce z w\u0142asnym tekstem i wybran\u0105 grafik\u0105 o szeroko\u015bci 10 cm. Wykonane z wysokiej jako\u015bci sklejki. Spersonalizuj tak jak chcesz.\" \/>\n<meta name=\"robots\" content=\"index, follow, max-snippet:-1, max-image-preview:large, max-video-preview:-1\" \/>\n<link rel=\"canonical\" href=\"https:\/\/www.drewnianamagia.pl\/index.php\/produkt\/drewniane-serce-z-wlasnym-tekstem-i-wybrana-grafika\/\" \/>\n<meta property=\"og:locale\" content=\"pl_PL\" \/>\n<meta property=\"og:type\" content=\"article\" \/>\n<meta property=\"og:title\" content=\"Drewniane serce 10cm z w\u0142asnym tekstem i wybran\u0105 grafik\u0105 - Drewniana Magia\" \/>\n<meta property=\"og:description\" content=\"Drewniane serce z w\u0142asnym tekstem i wybran\u0105 grafik\u0105 o szeroko\u015bci 10 cm. Wykonane z wysokiej jako\u015bci sklejki. Spersonalizuj tak jak chcesz.\" \/>\n<meta property=\"og:url\" content=\"https:\/\/www.drewnianamagia.pl\/index.php\/produkt\/drewniane-serce-z-wlasnym-tekstem-i-wybrana-grafika\/\" \/>\n<meta property=\"og:site_name\" content=\"Drewniana Magia\" \/>\n<meta property=\"article:publisher\" content=\"https:\/\/facebook.com\/BelasDrewnianaMagia\" \/>\n<meta property=\"article:modified_time\" content=\"2026-03-31T12:56:37+00:00\" \/>\n<meta property=\"og:image\" content=\"https:\/\/www.drewnianamagia.pl\/wp-content\/uploads\/2024\/10\/serce-z-grafika-1-Twoj-wlasny-tekst.jpg\" \/>\n\t<meta property=\"og:image:width\" content=\"1000\" \/>\n\t<meta property=\"og:image:height\" content=\"1000\" \/>\n\t<meta property=\"og:image:type\" content=\"image\/jpeg\" \/>\n<meta name=\"twitter:card\" content=\"summary_large_image\" \/>\n<meta name=\"twitter:label1\" content=\"Szacowany czas czytania\" \/>\n\t<meta name=\"twitter:data1\" content=\"2 minuty\" \/>\n<script type=\"application\/ld+json\" class=\"yoast-schema-graph\">{\"@context\":\"https:\\\/\\\/schema.org\",\"@graph\":[{\"@type\":\"WebPage\",\"@id\":\"https:\\\/\\\/www.drewnianamagia.pl\\\/index.php\\\/produkt\\\/drewniane-serce-z-wlasnym-tekstem-i-wybrana-grafika\\\/\",\"url\":\"https:\\\/\\\/www.drewnianamagia.pl\\\/index.php\\\/produkt\\\/drewniane-serce-z-wlasnym-tekstem-i-wybrana-grafika\\\/\",\"name\":\"Drewniane serce 10cm z w\u0142asnym tekstem i wybran\u0105 grafik\u0105 - Drewniana Magia\",\"isPartOf\":{\"@id\":\"https:\\\/\\\/www.drewnianamagia.pl\\\/#website\"},\"primaryImageOfPage\":{\"@id\":\"https:\\\/\\\/www.drewnianamagia.pl\\\/index.php\\\/produkt\\\/drewniane-serce-z-wlasnym-tekstem-i-wybrana-grafika\\\/#primaryimage\"},\"image\":{\"@id\":\"https:\\\/\\\/www.drewnianamagia.pl\\\/index.php\\\/produkt\\\/drewniane-serce-z-wlasnym-tekstem-i-wybrana-grafika\\\/#primaryimage\"},\"thumbnailUrl\":\"https:\\\/\\\/www.drewnianamagia.pl\\\/wp-content\\\/uploads\\\/2024\\\/10\\\/serce-z-grafika-1-Twoj-wlasny-tekst.jpg\",\"datePublished\":\"2024-03-02T11:44:48+00:00\",\"dateModified\":\"2026-03-31T12:56:37+00:00\",\"description\":\"Drewniane serce z w\u0142asnym tekstem i wybran\u0105 grafik\u0105 o szeroko\u015bci 10 cm. Wykonane z wysokiej jako\u015bci sklejki. Spersonalizuj tak jak chcesz.\",\"breadcrumb\":{\"@id\":\"https:\\\/\\\/www.drewnianamagia.pl\\\/index.php\\\/produkt\\\/drewniane-serce-z-wlasnym-tekstem-i-wybrana-grafika\\\/#breadcrumb\"},\"inLanguage\":\"pl-PL\",\"potentialAction\":[{\"@type\":\"ReadAction\",\"target\":[\"https:\\\/\\\/www.drewnianamagia.pl\\\/index.php\\\/produkt\\\/drewniane-serce-z-wlasnym-tekstem-i-wybrana-grafika\\\/\"]}]},{\"@type\":\"ImageObject\",\"inLanguage\":\"pl-PL\",\"@id\":\"https:\\\/\\\/www.drewnianamagia.pl\\\/index.php\\\/produkt\\\/drewniane-serce-z-wlasnym-tekstem-i-wybrana-grafika\\\/#primaryimage\",\"url\":\"https:\\\/\\\/www.drewnianamagia.pl\\\/wp-content\\\/uploads\\\/2024\\\/10\\\/serce-z-grafika-1-Twoj-wlasny-tekst.jpg\",\"contentUrl\":\"https:\\\/\\\/www.drewnianamagia.pl\\\/wp-content\\\/uploads\\\/2024\\\/10\\\/serce-z-grafika-1-Twoj-wlasny-tekst.jpg\",\"width\":1000,\"height\":1000,\"caption\":\"serduszko z w\u0142asnym tekstem i grafik\u0105\"},{\"@type\":\"BreadcrumbList\",\"@id\":\"https:\\\/\\\/www.drewnianamagia.pl\\\/index.php\\\/produkt\\\/drewniane-serce-z-wlasnym-tekstem-i-wybrana-grafika\\\/#breadcrumb\",\"itemListElement\":[{\"@type\":\"ListItem\",\"position\":1,\"name\":\"Strona g\u0142\u00f3wna\",\"item\":\"https:\\\/\\\/www.drewnianamagia.pl\\\/\"},{\"@type\":\"ListItem\",\"position\":2,\"name\":\"Sklep\",\"item\":\"https:\\\/\\\/www.drewnianamagia.pl\\\/index.php\\\/sklep-internetowy-drewnianamagia\\\/\"},{\"@type\":\"ListItem\",\"position\":3,\"name\":\"Drewniane serce 10cm z w\u0142asnym tekstem i wybran\u0105 grafik\u0105\"}]},{\"@type\":\"WebSite\",\"@id\":\"https:\\\/\\\/www.drewnianamagia.pl\\\/#website\",\"url\":\"https:\\\/\\\/www.drewnianamagia.pl\\\/\",\"name\":\"Drewniana Magia\",\"description\":\"Personalizowane prezenty i dekoracje z drewna i druku 3D, na ka\u017cd\u0105 okazj\u0119 i okoliczno\u015b\u0107. Urodziny, Chrzest, Przyj\u0119cie, \u015awi\u0119ta, \u015alub\",\"publisher\":{\"@id\":\"https:\\\/\\\/www.drewnianamagia.pl\\\/#organization\"},\"potentialAction\":[{\"@type\":\"SearchAction\",\"target\":{\"@type\":\"EntryPoint\",\"urlTemplate\":\"https:\\\/\\\/www.drewnianamagia.pl\\\/?s={search_term_string}\"},\"query-input\":{\"@type\":\"PropertyValueSpecification\",\"valueRequired\":true,\"valueName\":\"search_term_string\"}}],\"inLanguage\":\"pl-PL\"},{\"@type\":\"Organization\",\"@id\":\"https:\\\/\\\/www.drewnianamagia.pl\\\/#organization\",\"name\":\"Drewniana Magia\",\"url\":\"https:\\\/\\\/www.drewnianamagia.pl\\\/\",\"logo\":{\"@type\":\"ImageObject\",\"inLanguage\":\"pl-PL\",\"@id\":\"https:\\\/\\\/www.drewnianamagia.pl\\\/#\\\/schema\\\/logo\\\/image\\\/\",\"url\":\"https:\\\/\\\/www.drewnianamagia.pl\\\/wp-content\\\/uploads\\\/2024\\\/02\\\/cropped-LOGO-DrewnianaMagia-375x188-1.png\",\"contentUrl\":\"https:\\\/\\\/www.drewnianamagia.pl\\\/wp-content\\\/uploads\\\/2024\\\/02\\\/cropped-LOGO-DrewnianaMagia-375x188-1.png\",\"width\":374,\"height\":188,\"caption\":\"Drewniana Magia\"},\"image\":{\"@id\":\"https:\\\/\\\/www.drewnianamagia.pl\\\/#\\\/schema\\\/logo\\\/image\\\/\"},\"sameAs\":[\"https:\\\/\\\/facebook.com\\\/BelasDrewnianaMagia\"]}]}<\/script>\n<!-- \/ Yoast SEO plugin. -->","yoast_head_json":{"title":"Drewniane serce 10cm z w\u0142asnym tekstem i wybran\u0105 grafik\u0105 - Drewniana Magia","description":"Drewniane serce z w\u0142asnym tekstem i wybran\u0105 grafik\u0105 o szeroko\u015bci 10 cm. Wykonane z wysokiej jako\u015bci sklejki. Spersonalizuj tak jak chcesz.","robots":{"index":"index","follow":"follow","max-snippet":"max-snippet:-1","max-image-preview":"max-image-preview:large","max-video-preview":"max-video-preview:-1"},"canonical":"https:\/\/www.drewnianamagia.pl\/index.php\/produkt\/drewniane-serce-z-wlasnym-tekstem-i-wybrana-grafika\/","og_locale":"pl_PL","og_type":"article","og_title":"Drewniane serce 10cm z w\u0142asnym tekstem i wybran\u0105 grafik\u0105 - Drewniana Magia","og_description":"Drewniane serce z w\u0142asnym tekstem i wybran\u0105 grafik\u0105 o szeroko\u015bci 10 cm. Wykonane z wysokiej jako\u015bci sklejki. Spersonalizuj tak jak chcesz.","og_url":"https:\/\/www.drewnianamagia.pl\/index.php\/produkt\/drewniane-serce-z-wlasnym-tekstem-i-wybrana-grafika\/","og_site_name":"Drewniana Magia","article_publisher":"https:\/\/facebook.com\/BelasDrewnianaMagia","article_modified_time":"2026-03-31T12:56:37+00:00","og_image":[{"width":1000,"height":1000,"url":"https:\/\/www.drewnianamagia.pl\/wp-content\/uploads\/2024\/10\/serce-z-grafika-1-Twoj-wlasny-tekst.jpg","type":"image\/jpeg"}],"twitter_card":"summary_large_image","twitter_misc":{"Szacowany czas czytania":"2 minuty"},"schema":{"@context":"https:\/\/schema.org","@graph":[{"@type":"WebPage","@id":"https:\/\/www.drewnianamagia.pl\/index.php\/produkt\/drewniane-serce-z-wlasnym-tekstem-i-wybrana-grafika\/","url":"https:\/\/www.drewnianamagia.pl\/index.php\/produkt\/drewniane-serce-z-wlasnym-tekstem-i-wybrana-grafika\/","name":"Drewniane serce 10cm z w\u0142asnym tekstem i wybran\u0105 grafik\u0105 - Drewniana Magia","isPartOf":{"@id":"https:\/\/www.drewnianamagia.pl\/#website"},"primaryImageOfPage":{"@id":"https:\/\/www.drewnianamagia.pl\/index.php\/produkt\/drewniane-serce-z-wlasnym-tekstem-i-wybrana-grafika\/#primaryimage"},"image":{"@id":"https:\/\/www.drewnianamagia.pl\/index.php\/produkt\/drewniane-serce-z-wlasnym-tekstem-i-wybrana-grafika\/#primaryimage"},"thumbnailUrl":"https:\/\/www.drewnianamagia.pl\/wp-content\/uploads\/2024\/10\/serce-z-grafika-1-Twoj-wlasny-tekst.jpg","datePublished":"2024-03-02T11:44:48+00:00","dateModified":"2026-03-31T12:56:37+00:00","description":"Drewniane serce z w\u0142asnym tekstem i wybran\u0105 grafik\u0105 o szeroko\u015bci 10 cm. Wykonane z wysokiej jako\u015bci sklejki. Spersonalizuj tak jak chcesz.","breadcrumb":{"@id":"https:\/\/www.drewnianamagia.pl\/index.php\/produkt\/drewniane-serce-z-wlasnym-tekstem-i-wybrana-grafika\/#breadcrumb"},"inLanguage":"pl-PL","potentialAction":[{"@type":"ReadAction","target":["https:\/\/www.drewnianamagia.pl\/index.php\/produkt\/drewniane-serce-z-wlasnym-tekstem-i-wybrana-grafika\/"]}]},{"@type":"ImageObject","inLanguage":"pl-PL","@id":"https:\/\/www.drewnianamagia.pl\/index.php\/produkt\/drewniane-serce-z-wlasnym-tekstem-i-wybrana-grafika\/#primaryimage","url":"https:\/\/www.drewnianamagia.pl\/wp-content\/uploads\/2024\/10\/serce-z-grafika-1-Twoj-wlasny-tekst.jpg","contentUrl":"https:\/\/www.drewnianamagia.pl\/wp-content\/uploads\/2024\/10\/serce-z-grafika-1-Twoj-wlasny-tekst.jpg","width":1000,"height":1000,"caption":"serduszko z w\u0142asnym tekstem i grafik\u0105"},{"@type":"BreadcrumbList","@id":"https:\/\/www.drewnianamagia.pl\/index.php\/produkt\/drewniane-serce-z-wlasnym-tekstem-i-wybrana-grafika\/#breadcrumb","itemListElement":[{"@type":"ListItem","position":1,"name":"Strona g\u0142\u00f3wna","item":"https:\/\/www.drewnianamagia.pl\/"},{"@type":"ListItem","position":2,"name":"Sklep","item":"https:\/\/www.drewnianamagia.pl\/index.php\/sklep-internetowy-drewnianamagia\/"},{"@type":"ListItem","position":3,"name":"Drewniane serce 10cm z w\u0142asnym tekstem i wybran\u0105 grafik\u0105"}]},{"@type":"WebSite","@id":"https:\/\/www.drewnianamagia.pl\/#website","url":"https:\/\/www.drewnianamagia.pl\/","name":"Drewniana Magia","description":"Personalizowane prezenty i dekoracje z drewna i druku 3D, na ka\u017cd\u0105 okazj\u0119 i okoliczno\u015b\u0107. Urodziny, Chrzest, Przyj\u0119cie, \u015awi\u0119ta, \u015alub","publisher":{"@id":"https:\/\/www.drewnianamagia.pl\/#organization"},"potentialAction":[{"@type":"SearchAction","target":{"@type":"EntryPoint","urlTemplate":"https:\/\/www.drewnianamagia.pl\/?s={search_term_string}"},"query-input":{"@type":"PropertyValueSpecification","valueRequired":true,"valueName":"search_term_string"}}],"inLanguage":"pl-PL"},{"@type":"Organization","@id":"https:\/\/www.drewnianamagia.pl\/#organization","name":"Drewniana Magia","url":"https:\/\/www.drewnianamagia.pl\/","logo":{"@type":"ImageObject","inLanguage":"pl-PL","@id":"https:\/\/www.drewnianamagia.pl\/#\/schema\/logo\/image\/","url":"https:\/\/www.drewnianamagia.pl\/wp-content\/uploads\/2024\/02\/cropped-LOGO-DrewnianaMagia-375x188-1.png","contentUrl":"https:\/\/www.drewnianamagia.pl\/wp-content\/uploads\/2024\/02\/cropped-LOGO-DrewnianaMagia-375x188-1.png","width":374,"height":188,"caption":"Drewniana Magia"},"image":{"@id":"https:\/\/www.drewnianamagia.pl\/#\/schema\/logo\/image\/"},"sameAs":["https:\/\/facebook.com\/BelasDrewnianaMagia"]}]}},"_links":{"self":[{"href":"https:\/\/www.drewnianamagia.pl\/index.php\/wp-json\/wp\/v2\/product\/2250","targetHints":{"allow":["GET"]}}],"collection":[{"href":"https:\/\/www.drewnianamagia.pl\/index.php\/wp-json\/wp\/v2\/product"}],"about":[{"href":"https:\/\/www.drewnianamagia.pl\/index.php\/wp-json\/wp\/v2\/types\/product"}],"replies":[{"embeddable":true,"href":"https:\/\/www.drewnianamagia.pl\/index.php\/wp-json\/wp\/v2\/comments?post=2250"}],"wp:featuredmedia":[{"embeddable":true,"href":"https:\/\/www.drewnianamagia.pl\/index.php\/wp-json\/wp\/v2\/media\/4436"}],"wp:attachment":[{"href":"https:\/\/www.drewnianamagia.pl\/index.php\/wp-json\/wp\/v2\/media?parent=2250"}],"wp:term":[{"taxonomy":"product_brand","embeddable":true,"href":"https:\/\/www.drewnianamagia.pl\/index.php\/wp-json\/wp\/v2\/product_brand?post=2250"},{"taxonomy":"product_cat","embeddable":true,"href":"https:\/\/www.drewnianamagia.pl\/index.php\/wp-json\/wp\/v2\/product_cat?post=2250"},{"taxonomy":"product_tag","embeddable":true,"href":"https:\/\/www.drewnianamagia.pl\/index.php\/wp-json\/wp\/v2\/product_tag?post=2250"}],"curies":[{"name":"wp","href":"https:\/\/api.w.org\/{rel}","templated":true}]}}