{"id":2239,"date":"2024-02-26T13:20:50","date_gmt":"2024-02-26T12:20:50","guid":{"rendered":"https:\/\/www.drewnianamagia.pl\/?post_type=product&#038;p=2239"},"modified":"2026-02-15T21:50:59","modified_gmt":"2026-02-15T20:50:59","slug":"topper-30-40-50-60-widzisz-to-wcale-nie-tak-duzo-w2","status":"publish","type":"product","link":"https:\/\/www.drewnianamagia.pl\/index.php\/produkt\/topper-30-40-50-60-widzisz-to-wcale-nie-tak-duzo-w2\/","title":{"rendered":"Topper 30 40 50 60&#8230; Widzisz&#8230;To wcale nie tak du\u017co&#8230; (w2)"},"content":{"rendered":"<p style=\"text-align: center;\"><strong>Personalizowany Drewniany Topper z Grawerem &#8211; &#8222;Widzisz&#8230; To wcale nie tak du\u017co&#8221;<\/strong><\/p>\n<p>Wyj\u0105tkowy dzie\u0144 solenizanta zas\u0142uguje na wyj\u0105tkowy prezent! Ten personalizowany topper drewniany z pewno\u015bci\u0105 stanie si\u0119 niezapomnian\u0105 ozdob\u0105 ka\u017cdej uroczysto\u015bci. Wykonany z najwy\u017cszej jako\u015bci sklejki, r\u0119cznie szlifowany, a ka\u017cdy detal starannie dopracowany. Wszystko po to,\u00a0 aby dostarczy\u0107 nie tylko estetycznej przyjemno\u015bci, ale tak\u017ce praktycznego zastosowania.<\/p>\n<div style=\"width: 500px;\" class=\"wp-video\"><video class=\"wp-video-shortcode\" id=\"video-2239-1\" width=\"500\" height=\"500\" poster=\"https:\/\/www.drewnianamagia.pl\/wp-content\/uploads\/2024\/02\/topper-to-wcale-w2-1.jpg\" preload=\"metadata\" controls=\"controls\"><source type=\"video\/mp4\" src=\"https:\/\/www.drewnianamagia.pl\/wp-content\/uploads\/2024\/02\/film-w2.mp4?_=1\" \/><a href=\"https:\/\/www.drewnianamagia.pl\/wp-content\/uploads\/2024\/02\/film-w2.mp4\">https:\/\/www.drewnianamagia.pl\/wp-content\/uploads\/2024\/02\/film-w2.mp4<\/a><\/video><\/div>\n<p>&nbsp;<\/p>\n<p><strong>Cechy Produktu:<\/strong><\/p>\n<ul>\n<li><strong>Personalizacja:<\/strong> Topper posiada wygrawerowany tekst &#8222;Widzisz&#8230; To wcale nie tak du\u017co&#8221;, imi\u0119 solenizanta oraz liczb\u0119 symbolizuj\u0105c\u0105 jego wiek, co czyni go niezwykle osobistym i unikatowym prezentem. Daj nam zna\u0107 jakie imi\u0119 (odmie\u0144 dok\u0142adnie tak jak ma zosta\u0107 wygrawerowane) oraz jak\u0105 liczb\u0119 chcesz by\u015bmy dla Ciebie na nim umie\u015bcili.<\/li>\n<li><strong>Praktyczno\u015b\u0107:<\/strong> Niezwyk\u0142y dodatek w postaci umieszczonego sznurka i klamerek umo\u017cliwia przypi\u0119cie banknot\u00f3w, kt\u00f3rych warto\u015b\u0107 doskonale odzwierciedla wiek jubilata. Do\u0142\u0105czamy 3 mini klamerki do przymocowania banknot\u00f3w.<\/li>\n<li><strong>Bezpiecze\u0144stwo:<\/strong>\u00a0 Produkt lekki i wytrzyma\u0142y. Szpikulec bambusowy.<\/li>\n<li><strong>Wyra\u017any i G\u0142\u0119boki Grawer:<\/strong> Ka\u017cdy grawer wykonujemy starannie, zapewniaj\u0105c nie tylko estetyk\u0119, ale tak\u017ce czytelno\u015b\u0107 i trwa\u0142o\u015b\u0107 ozdoby.<\/li>\n<li><strong>Wymiary:<\/strong> Szeroko\u015b\u0107 oko\u0142o 18 cm, wysoko\u015b\u0107 ca\u0142kowita oko\u0142o 25 cm, co sprawia, \u017ce topper doskonale pasuje do wi\u0119kszo\u015bci tort\u00f3w i ciast.<\/li>\n<\/ul>\n<p>Niech ten wyj\u0105tkowy prezent stanie si\u0119 nieod\u0142\u0105czn\u0105 cz\u0119\u015bci\u0105 jubileuszowej celebracji, dodaj\u0105c niepowtarzalny urok i osobisty akcent. Dzi\u0119ki swojej elegancji i praktyczno\u015bci, ten personalizowany drewniany topper z pewno\u015bci\u0105 stanie si\u0119 niezapomnianym akcentem ka\u017cdego wydarzenia.<\/p>\n<hr \/>\n<p>Zach\u0119camy do zakupu i podkre\u015blenia wyj\u0105tkowo\u015bci ka\u017cdej okazji z naszym personalizowanym drewnianym topperem!<\/p>\n<p>Banknoty widoczne na zdj\u0119ciach nie s\u0105 elementem oferty i nie znajduj\u0105 si\u0119 w zestawie.<\/p>\n<p>&nbsp;<\/p>\n","protected":false},"excerpt":{"rendered":"<p>Personalizowany Drewniany Topper z Grawerem &#8211; &#8222;Widzisz&#8230; To wcale nie tak du\u017co&#8221; Wyj\u0105tkowy dzie\u0144 solenizanta zas\u0142uguje na wyj\u0105tkowy prezent! Ten personalizowany topper drewniany z pewno\u015bci\u0105 stanie si\u0119 niezapomnian\u0105 ozdob\u0105 ka\u017cdej uroczysto\u015bci. Wykonany z najwy\u017cszej jako\u015bci sklejki, r\u0119cznie szlifowany, a ka\u017cdy detal starannie dopracowany. Wszystko po to,\u00a0 aby dostarczy\u0107 nie tylko estetycznej przyjemno\u015bci, ale tak\u017ce praktycznego [&hellip;]<\/p>\n","protected":false},"featured_media":2227,"comment_status":"open","ping_status":"closed","template":"","meta":{"_acf_changed":false},"product_brand":[],"product_cat":[49,92,149,96],"product_tag":[54],"class_list":{"0":"post-2239","1":"product","2":"type-product","3":"status-publish","4":"has-post-thumbnail","6":"product_cat-dekoracje","7":"product_cat-gadzety","8":"product_cat-toppery","9":"product_cat-urodziny-imieniny","10":"product_tag-personalizacja","12":"first","13":"instock","14":"featured","15":"taxable","16":"shipping-taxable","17":"purchasable","18":"product-type-simple"},"acf":[],"yoast_head":"<!-- This site is optimized with the Yoast SEO plugin v27.5 - https:\/\/yoast.com\/product\/yoast-seo-wordpress\/ -->\n<title>Topper 30 40 50 60... Widzisz...To wcale nie tak du\u017co... (w2) - Drewniana Magia<\/title>\n<meta name=\"description\" content=\"Wyj\u0105tkowy personalizowany topper &quot;Widzisz... To wcale nie tak du\u017co&quot; b\u0119dzie niezapomnianym akcentem ka\u017cdych urodzin. Wyra\u017any grawer i wysoka jako\u015b\u0107.\" \/>\n<meta name=\"robots\" content=\"index, follow, max-snippet:-1, max-image-preview:large, max-video-preview:-1\" \/>\n<link rel=\"canonical\" href=\"https:\/\/www.drewnianamagia.pl\/index.php\/produkt\/topper-30-40-50-60-widzisz-to-wcale-nie-tak-duzo-w2\/\" \/>\n<meta property=\"og:locale\" content=\"pl_PL\" \/>\n<meta property=\"og:type\" content=\"article\" \/>\n<meta property=\"og:title\" content=\"Topper 30 40 50 60... Widzisz...To wcale nie tak du\u017co... (w2) - Drewniana Magia\" \/>\n<meta property=\"og:description\" content=\"Wyj\u0105tkowy personalizowany topper &quot;Widzisz... To wcale nie tak du\u017co&quot; b\u0119dzie niezapomnianym akcentem ka\u017cdych urodzin. Wyra\u017any grawer i wysoka jako\u015b\u0107.\" \/>\n<meta property=\"og:url\" content=\"https:\/\/www.drewnianamagia.pl\/index.php\/produkt\/topper-30-40-50-60-widzisz-to-wcale-nie-tak-duzo-w2\/\" \/>\n<meta property=\"og:site_name\" content=\"Drewniana Magia\" \/>\n<meta property=\"article:publisher\" content=\"https:\/\/facebook.com\/BelasDrewnianaMagia\" \/>\n<meta property=\"article:modified_time\" content=\"2026-02-15T20:50:59+00:00\" \/>\n<meta property=\"og:image\" content=\"https:\/\/www.drewnianamagia.pl\/wp-content\/uploads\/2024\/02\/topper-to-wcale-w2-1.jpg\" \/>\n\t<meta property=\"og:image:width\" content=\"500\" \/>\n\t<meta property=\"og:image:height\" content=\"500\" \/>\n\t<meta property=\"og:image:type\" content=\"image\/jpeg\" \/>\n<meta name=\"twitter:card\" content=\"summary_large_image\" \/>\n<meta name=\"twitter:label1\" content=\"Szacowany czas czytania\" \/>\n\t<meta name=\"twitter:data1\" content=\"2 minuty\" \/>\n<script type=\"application\/ld+json\" class=\"yoast-schema-graph\">{\"@context\":\"https:\\\/\\\/schema.org\",\"@graph\":[{\"@type\":\"WebPage\",\"@id\":\"https:\\\/\\\/www.drewnianamagia.pl\\\/index.php\\\/produkt\\\/topper-30-40-50-60-widzisz-to-wcale-nie-tak-duzo-w2\\\/\",\"url\":\"https:\\\/\\\/www.drewnianamagia.pl\\\/index.php\\\/produkt\\\/topper-30-40-50-60-widzisz-to-wcale-nie-tak-duzo-w2\\\/\",\"name\":\"Topper 30 40 50 60... Widzisz...To wcale nie tak du\u017co... (w2) - Drewniana Magia\",\"isPartOf\":{\"@id\":\"https:\\\/\\\/www.drewnianamagia.pl\\\/#website\"},\"primaryImageOfPage\":{\"@id\":\"https:\\\/\\\/www.drewnianamagia.pl\\\/index.php\\\/produkt\\\/topper-30-40-50-60-widzisz-to-wcale-nie-tak-duzo-w2\\\/#primaryimage\"},\"image\":{\"@id\":\"https:\\\/\\\/www.drewnianamagia.pl\\\/index.php\\\/produkt\\\/topper-30-40-50-60-widzisz-to-wcale-nie-tak-duzo-w2\\\/#primaryimage\"},\"thumbnailUrl\":\"https:\\\/\\\/www.drewnianamagia.pl\\\/wp-content\\\/uploads\\\/2024\\\/02\\\/topper-to-wcale-w2-1.jpg\",\"datePublished\":\"2024-02-26T12:20:50+00:00\",\"dateModified\":\"2026-02-15T20:50:59+00:00\",\"description\":\"Wyj\u0105tkowy personalizowany topper \\\"Widzisz... To wcale nie tak du\u017co\\\" b\u0119dzie niezapomnianym akcentem ka\u017cdych urodzin. Wyra\u017any grawer i wysoka jako\u015b\u0107.\",\"breadcrumb\":{\"@id\":\"https:\\\/\\\/www.drewnianamagia.pl\\\/index.php\\\/produkt\\\/topper-30-40-50-60-widzisz-to-wcale-nie-tak-duzo-w2\\\/#breadcrumb\"},\"inLanguage\":\"pl-PL\",\"potentialAction\":[{\"@type\":\"ReadAction\",\"target\":[\"https:\\\/\\\/www.drewnianamagia.pl\\\/index.php\\\/produkt\\\/topper-30-40-50-60-widzisz-to-wcale-nie-tak-duzo-w2\\\/\"]}]},{\"@type\":\"ImageObject\",\"inLanguage\":\"pl-PL\",\"@id\":\"https:\\\/\\\/www.drewnianamagia.pl\\\/index.php\\\/produkt\\\/topper-30-40-50-60-widzisz-to-wcale-nie-tak-duzo-w2\\\/#primaryimage\",\"url\":\"https:\\\/\\\/www.drewnianamagia.pl\\\/wp-content\\\/uploads\\\/2024\\\/02\\\/topper-to-wcale-w2-1.jpg\",\"contentUrl\":\"https:\\\/\\\/www.drewnianamagia.pl\\\/wp-content\\\/uploads\\\/2024\\\/02\\\/topper-to-wcale-w2-1.jpg\",\"width\":500,\"height\":500,\"caption\":\"Toppery urodzinowe\"},{\"@type\":\"BreadcrumbList\",\"@id\":\"https:\\\/\\\/www.drewnianamagia.pl\\\/index.php\\\/produkt\\\/topper-30-40-50-60-widzisz-to-wcale-nie-tak-duzo-w2\\\/#breadcrumb\",\"itemListElement\":[{\"@type\":\"ListItem\",\"position\":1,\"name\":\"Strona g\u0142\u00f3wna\",\"item\":\"https:\\\/\\\/www.drewnianamagia.pl\\\/\"},{\"@type\":\"ListItem\",\"position\":2,\"name\":\"Sklep\",\"item\":\"https:\\\/\\\/www.drewnianamagia.pl\\\/index.php\\\/sklep-internetowy-drewnianamagia\\\/\"},{\"@type\":\"ListItem\",\"position\":3,\"name\":\"Topper 30 40 50 60&#8230; Widzisz&#8230;To wcale nie tak du\u017co&#8230; (w2)\"}]},{\"@type\":\"WebSite\",\"@id\":\"https:\\\/\\\/www.drewnianamagia.pl\\\/#website\",\"url\":\"https:\\\/\\\/www.drewnianamagia.pl\\\/\",\"name\":\"Drewniana Magia\",\"description\":\"Personalizowane prezenty i dekoracje z drewna i druku 3D, na ka\u017cd\u0105 okazj\u0119 i okoliczno\u015b\u0107. Urodziny, Chrzest, Przyj\u0119cie, \u015awi\u0119ta, \u015alub\",\"publisher\":{\"@id\":\"https:\\\/\\\/www.drewnianamagia.pl\\\/#organization\"},\"potentialAction\":[{\"@type\":\"SearchAction\",\"target\":{\"@type\":\"EntryPoint\",\"urlTemplate\":\"https:\\\/\\\/www.drewnianamagia.pl\\\/?s={search_term_string}\"},\"query-input\":{\"@type\":\"PropertyValueSpecification\",\"valueRequired\":true,\"valueName\":\"search_term_string\"}}],\"inLanguage\":\"pl-PL\"},{\"@type\":\"Organization\",\"@id\":\"https:\\\/\\\/www.drewnianamagia.pl\\\/#organization\",\"name\":\"Drewniana Magia\",\"url\":\"https:\\\/\\\/www.drewnianamagia.pl\\\/\",\"logo\":{\"@type\":\"ImageObject\",\"inLanguage\":\"pl-PL\",\"@id\":\"https:\\\/\\\/www.drewnianamagia.pl\\\/#\\\/schema\\\/logo\\\/image\\\/\",\"url\":\"https:\\\/\\\/www.drewnianamagia.pl\\\/wp-content\\\/uploads\\\/2024\\\/02\\\/cropped-LOGO-DrewnianaMagia-375x188-1.png\",\"contentUrl\":\"https:\\\/\\\/www.drewnianamagia.pl\\\/wp-content\\\/uploads\\\/2024\\\/02\\\/cropped-LOGO-DrewnianaMagia-375x188-1.png\",\"width\":374,\"height\":188,\"caption\":\"Drewniana Magia\"},\"image\":{\"@id\":\"https:\\\/\\\/www.drewnianamagia.pl\\\/#\\\/schema\\\/logo\\\/image\\\/\"},\"sameAs\":[\"https:\\\/\\\/facebook.com\\\/BelasDrewnianaMagia\"]}]}<\/script>\n<!-- \/ Yoast SEO plugin. -->","yoast_head_json":{"title":"Topper 30 40 50 60... Widzisz...To wcale nie tak du\u017co... (w2) - Drewniana Magia","description":"Wyj\u0105tkowy personalizowany topper \"Widzisz... To wcale nie tak du\u017co\" b\u0119dzie niezapomnianym akcentem ka\u017cdych urodzin. Wyra\u017any grawer i wysoka jako\u015b\u0107.","robots":{"index":"index","follow":"follow","max-snippet":"max-snippet:-1","max-image-preview":"max-image-preview:large","max-video-preview":"max-video-preview:-1"},"canonical":"https:\/\/www.drewnianamagia.pl\/index.php\/produkt\/topper-30-40-50-60-widzisz-to-wcale-nie-tak-duzo-w2\/","og_locale":"pl_PL","og_type":"article","og_title":"Topper 30 40 50 60... Widzisz...To wcale nie tak du\u017co... (w2) - Drewniana Magia","og_description":"Wyj\u0105tkowy personalizowany topper \"Widzisz... To wcale nie tak du\u017co\" b\u0119dzie niezapomnianym akcentem ka\u017cdych urodzin. Wyra\u017any grawer i wysoka jako\u015b\u0107.","og_url":"https:\/\/www.drewnianamagia.pl\/index.php\/produkt\/topper-30-40-50-60-widzisz-to-wcale-nie-tak-duzo-w2\/","og_site_name":"Drewniana Magia","article_publisher":"https:\/\/facebook.com\/BelasDrewnianaMagia","article_modified_time":"2026-02-15T20:50:59+00:00","og_image":[{"width":500,"height":500,"url":"https:\/\/www.drewnianamagia.pl\/wp-content\/uploads\/2024\/02\/topper-to-wcale-w2-1.jpg","type":"image\/jpeg"}],"twitter_card":"summary_large_image","twitter_misc":{"Szacowany czas czytania":"2 minuty"},"schema":{"@context":"https:\/\/schema.org","@graph":[{"@type":"WebPage","@id":"https:\/\/www.drewnianamagia.pl\/index.php\/produkt\/topper-30-40-50-60-widzisz-to-wcale-nie-tak-duzo-w2\/","url":"https:\/\/www.drewnianamagia.pl\/index.php\/produkt\/topper-30-40-50-60-widzisz-to-wcale-nie-tak-duzo-w2\/","name":"Topper 30 40 50 60... Widzisz...To wcale nie tak du\u017co... (w2) - Drewniana Magia","isPartOf":{"@id":"https:\/\/www.drewnianamagia.pl\/#website"},"primaryImageOfPage":{"@id":"https:\/\/www.drewnianamagia.pl\/index.php\/produkt\/topper-30-40-50-60-widzisz-to-wcale-nie-tak-duzo-w2\/#primaryimage"},"image":{"@id":"https:\/\/www.drewnianamagia.pl\/index.php\/produkt\/topper-30-40-50-60-widzisz-to-wcale-nie-tak-duzo-w2\/#primaryimage"},"thumbnailUrl":"https:\/\/www.drewnianamagia.pl\/wp-content\/uploads\/2024\/02\/topper-to-wcale-w2-1.jpg","datePublished":"2024-02-26T12:20:50+00:00","dateModified":"2026-02-15T20:50:59+00:00","description":"Wyj\u0105tkowy personalizowany topper \"Widzisz... To wcale nie tak du\u017co\" b\u0119dzie niezapomnianym akcentem ka\u017cdych urodzin. Wyra\u017any grawer i wysoka jako\u015b\u0107.","breadcrumb":{"@id":"https:\/\/www.drewnianamagia.pl\/index.php\/produkt\/topper-30-40-50-60-widzisz-to-wcale-nie-tak-duzo-w2\/#breadcrumb"},"inLanguage":"pl-PL","potentialAction":[{"@type":"ReadAction","target":["https:\/\/www.drewnianamagia.pl\/index.php\/produkt\/topper-30-40-50-60-widzisz-to-wcale-nie-tak-duzo-w2\/"]}]},{"@type":"ImageObject","inLanguage":"pl-PL","@id":"https:\/\/www.drewnianamagia.pl\/index.php\/produkt\/topper-30-40-50-60-widzisz-to-wcale-nie-tak-duzo-w2\/#primaryimage","url":"https:\/\/www.drewnianamagia.pl\/wp-content\/uploads\/2024\/02\/topper-to-wcale-w2-1.jpg","contentUrl":"https:\/\/www.drewnianamagia.pl\/wp-content\/uploads\/2024\/02\/topper-to-wcale-w2-1.jpg","width":500,"height":500,"caption":"Toppery urodzinowe"},{"@type":"BreadcrumbList","@id":"https:\/\/www.drewnianamagia.pl\/index.php\/produkt\/topper-30-40-50-60-widzisz-to-wcale-nie-tak-duzo-w2\/#breadcrumb","itemListElement":[{"@type":"ListItem","position":1,"name":"Strona g\u0142\u00f3wna","item":"https:\/\/www.drewnianamagia.pl\/"},{"@type":"ListItem","position":2,"name":"Sklep","item":"https:\/\/www.drewnianamagia.pl\/index.php\/sklep-internetowy-drewnianamagia\/"},{"@type":"ListItem","position":3,"name":"Topper 30 40 50 60&#8230; Widzisz&#8230;To wcale nie tak du\u017co&#8230; (w2)"}]},{"@type":"WebSite","@id":"https:\/\/www.drewnianamagia.pl\/#website","url":"https:\/\/www.drewnianamagia.pl\/","name":"Drewniana Magia","description":"Personalizowane prezenty i dekoracje z drewna i druku 3D, na ka\u017cd\u0105 okazj\u0119 i okoliczno\u015b\u0107. Urodziny, Chrzest, Przyj\u0119cie, \u015awi\u0119ta, \u015alub","publisher":{"@id":"https:\/\/www.drewnianamagia.pl\/#organization"},"potentialAction":[{"@type":"SearchAction","target":{"@type":"EntryPoint","urlTemplate":"https:\/\/www.drewnianamagia.pl\/?s={search_term_string}"},"query-input":{"@type":"PropertyValueSpecification","valueRequired":true,"valueName":"search_term_string"}}],"inLanguage":"pl-PL"},{"@type":"Organization","@id":"https:\/\/www.drewnianamagia.pl\/#organization","name":"Drewniana Magia","url":"https:\/\/www.drewnianamagia.pl\/","logo":{"@type":"ImageObject","inLanguage":"pl-PL","@id":"https:\/\/www.drewnianamagia.pl\/#\/schema\/logo\/image\/","url":"https:\/\/www.drewnianamagia.pl\/wp-content\/uploads\/2024\/02\/cropped-LOGO-DrewnianaMagia-375x188-1.png","contentUrl":"https:\/\/www.drewnianamagia.pl\/wp-content\/uploads\/2024\/02\/cropped-LOGO-DrewnianaMagia-375x188-1.png","width":374,"height":188,"caption":"Drewniana Magia"},"image":{"@id":"https:\/\/www.drewnianamagia.pl\/#\/schema\/logo\/image\/"},"sameAs":["https:\/\/facebook.com\/BelasDrewnianaMagia"]}]}},"_links":{"self":[{"href":"https:\/\/www.drewnianamagia.pl\/index.php\/wp-json\/wp\/v2\/product\/2239","targetHints":{"allow":["GET"]}}],"collection":[{"href":"https:\/\/www.drewnianamagia.pl\/index.php\/wp-json\/wp\/v2\/product"}],"about":[{"href":"https:\/\/www.drewnianamagia.pl\/index.php\/wp-json\/wp\/v2\/types\/product"}],"replies":[{"embeddable":true,"href":"https:\/\/www.drewnianamagia.pl\/index.php\/wp-json\/wp\/v2\/comments?post=2239"}],"wp:featuredmedia":[{"embeddable":true,"href":"https:\/\/www.drewnianamagia.pl\/index.php\/wp-json\/wp\/v2\/media\/2227"}],"wp:attachment":[{"href":"https:\/\/www.drewnianamagia.pl\/index.php\/wp-json\/wp\/v2\/media?parent=2239"}],"wp:term":[{"taxonomy":"product_brand","embeddable":true,"href":"https:\/\/www.drewnianamagia.pl\/index.php\/wp-json\/wp\/v2\/product_brand?post=2239"},{"taxonomy":"product_cat","embeddable":true,"href":"https:\/\/www.drewnianamagia.pl\/index.php\/wp-json\/wp\/v2\/product_cat?post=2239"},{"taxonomy":"product_tag","embeddable":true,"href":"https:\/\/www.drewnianamagia.pl\/index.php\/wp-json\/wp\/v2\/product_tag?post=2239"}],"curies":[{"name":"wp","href":"https:\/\/api.w.org\/{rel}","templated":true}]}}