{"id":2005,"date":"2024-02-19T12:51:33","date_gmt":"2024-02-19T11:51:33","guid":{"rendered":"https:\/\/www.drewnianamagia.pl\/?post_type=product&#038;p=2005"},"modified":"2026-03-09T14:52:26","modified_gmt":"2026-03-09T13:52:26","slug":"drewniana-kartka-z-kalendarza-z-zyczeniami-i-podstawka","status":"publish","type":"product","link":"https:\/\/www.drewnianamagia.pl\/index.php\/produkt\/drewniana-kartka-z-kalendarza-z-zyczeniami-i-podstawka\/","title":{"rendered":"Drewniana kartka z kalendarza z \u017cyczeniami i podstawk\u0105"},"content":{"rendered":"<p style=\"text-align: center;\"><strong>Drewniana kartka z kalendarza z \u017cyczeniami + podstawka<\/strong><\/p>\n<p>Personalizowany prezent na:<\/p>\n<ul>\n<li><span style=\"color: #ff0000;\">urodziny<\/span><\/li>\n<li><span style=\"color: #ff0000;\">imieniny<\/span><\/li>\n<li><span style=\"color: #ff0000;\">rocznic\u0119<\/span><\/li>\n<li><span style=\"color: #ff0000;\">\u015blub<\/span><\/li>\n<li><span style=\"color: #ff0000;\">jubileusz<\/span><\/li>\n<li><span style=\"color: #ff0000;\">upami\u0119tnienie wyj\u0105tkowego wydarzenia<\/span><\/li>\n<\/ul>\n<p>Szukasz wyj\u0105tkowego prezentu, kt\u00f3ry wywo\u0142a u\u015bmiech na twarzy obdarowanej osoby? Nasza grawerowana laserowo kartka z kalendarza to idealna propozycja! Wykonana z wysokiej jako\u015bci sklejki, o wymiarach 10cm x 15cm, ta personalizowana kartka to nie tylko gad\u017cet, ale tak\u017ce pami\u0105tka na d\u0142ugie lata.<\/p>\n<p>Co sprawia, \u017ce nasz produkt jest tak wyj\u0105tkowy? Mo\u017cliwo\u015b\u0107 spersonalizowania! Wystarczy, \u017ce podasz nam imi\u0119 wybranej osoby oraz dat\u0119 (rok, miesi\u0105c i dzie\u0144), a my wygrawerujemy je na przedniej stronie produktu dodaj\u0105c pozosta\u0142e elementy zgodnie z przes\u0142an\u0105 dat\u0105. Dzi\u0119ki temu ka\u017cdy odbiorca b\u0119dzie m\u00f3g\u0142 cieszy\u0107 si\u0119 z unikalnego prezentu, stworzonego specjalnie dla niego.<\/p>\n<p>Ale to nie wszystko! Na odwrocie kartki mo\u017cesz umie\u015bci\u0107 dowolny tekst \u017cycze\u0144, kt\u00f3ry chcesz przekaza\u0107 obdarowanej osobie. To \u015bwietna okazja, by wyrazi\u0107 swoje uczucia w szczeg\u00f3lny spos\u00f3b i sprawi\u0107, \u017ce prezent stanie si\u0119 jeszcze bardziej osobisty i warto\u015bciowy.<\/p>\n<p>Dodatkowo, ka\u017cda kartka jest dostarczana z praktycznym stojakiem, kt\u00f3ry pozwala na wyeksponowanie prezentu w dowolnym miejscu. To elegancki dodatek, kt\u00f3ry sprawia, \u017ce nasza kartka z kalendarza staje si\u0119 nie tylko upominkiem, ale tak\u017ce dekoracyjnym elementem wn\u0119trza.<\/p>\n<p>Dlatego nie czekaj d\u0142u\u017cej! Zam\u00f3w nasz\u0105 grawerowan\u0105 kartk\u0119 z kalendarza ju\u017c dzi\u015b i spraw, by Tw\u00f3j prezent by\u0142 wyj\u0105tkowy i niezapomniany!<\/p>\n","protected":false},"excerpt":{"rendered":"<p>Drewniana kartka z kalendarza z \u017cyczeniami + podstawka Personalizowany prezent na: urodziny imieniny rocznic\u0119 \u015blub jubileusz upami\u0119tnienie wyj\u0105tkowego wydarzenia Szukasz wyj\u0105tkowego prezentu, kt\u00f3ry wywo\u0142a u\u015bmiech na twarzy obdarowanej osoby? Nasza grawerowana laserowo kartka z kalendarza to idealna propozycja! Wykonana z wysokiej jako\u015bci sklejki, o wymiarach 10cm x 15cm, ta personalizowana kartka to nie tylko gad\u017cet, [&hellip;]<\/p>\n","protected":false},"featured_media":1997,"comment_status":"open","ping_status":"closed","template":"","meta":{"_acf_changed":false},"product_brand":[],"product_cat":[92,105,98,96],"product_tag":[54,55],"class_list":{"0":"post-2005","1":"product","2":"type-product","3":"status-publish","4":"has-post-thumbnail","6":"product_cat-gadzety","7":"product_cat-rocznice","8":"product_cat-slub-wesele","9":"product_cat-urodziny-imieniny","10":"product_tag-personalizacja","11":"product_tag-prezent","13":"first","14":"instock","15":"taxable","16":"shipping-taxable","17":"purchasable","18":"product-type-simple"},"acf":[],"yoast_head":"<!-- This site is optimized with the Yoast SEO plugin v27.5 - https:\/\/yoast.com\/product\/yoast-seo-wordpress\/ -->\n<title>Drewniana kartka z kalendarza z \u017cyczeniami i podstawk\u0105 - Drewniana Magia<\/title>\n<meta name=\"description\" content=\"Personalizowana, drewniana kartka z kalendarza z w\u0142asnymi \u017cyczeniami. Idealny prezent na urodziny, rocznic\u0119, \u015blub lub jubileusz.\" \/>\n<meta name=\"robots\" content=\"index, follow, max-snippet:-1, max-image-preview:large, max-video-preview:-1\" \/>\n<link rel=\"canonical\" href=\"https:\/\/www.drewnianamagia.pl\/index.php\/produkt\/drewniana-kartka-z-kalendarza-z-zyczeniami-i-podstawka\/\" \/>\n<meta property=\"og:locale\" content=\"pl_PL\" \/>\n<meta property=\"og:type\" content=\"article\" \/>\n<meta property=\"og:title\" content=\"Drewniana kartka z kalendarza z \u017cyczeniami i podstawk\u0105 - Drewniana Magia\" \/>\n<meta property=\"og:description\" content=\"Personalizowana, drewniana kartka z kalendarza z w\u0142asnymi \u017cyczeniami. Idealny prezent na urodziny, rocznic\u0119, \u015blub lub jubileusz.\" \/>\n<meta property=\"og:url\" content=\"https:\/\/www.drewnianamagia.pl\/index.php\/produkt\/drewniana-kartka-z-kalendarza-z-zyczeniami-i-podstawka\/\" \/>\n<meta property=\"og:site_name\" content=\"Drewniana Magia\" \/>\n<meta property=\"article:publisher\" content=\"https:\/\/facebook.com\/BelasDrewnianaMagia\" \/>\n<meta property=\"article:modified_time\" content=\"2026-03-09T13:52:26+00:00\" \/>\n<meta property=\"og:image\" content=\"https:\/\/www.drewnianamagia.pl\/wp-content\/uploads\/2024\/02\/kartka-kalendarz-przod.jpg\" \/>\n\t<meta property=\"og:image:width\" content=\"500\" \/>\n\t<meta property=\"og:image:height\" content=\"500\" \/>\n\t<meta property=\"og:image:type\" content=\"image\/jpeg\" \/>\n<meta name=\"twitter:card\" content=\"summary_large_image\" \/>\n<meta name=\"twitter:label1\" content=\"Szacowany czas czytania\" \/>\n\t<meta name=\"twitter:data1\" content=\"2 minuty\" \/>\n<script type=\"application\/ld+json\" class=\"yoast-schema-graph\">{\"@context\":\"https:\\\/\\\/schema.org\",\"@graph\":[{\"@type\":\"WebPage\",\"@id\":\"https:\\\/\\\/www.drewnianamagia.pl\\\/index.php\\\/produkt\\\/drewniana-kartka-z-kalendarza-z-zyczeniami-i-podstawka\\\/\",\"url\":\"https:\\\/\\\/www.drewnianamagia.pl\\\/index.php\\\/produkt\\\/drewniana-kartka-z-kalendarza-z-zyczeniami-i-podstawka\\\/\",\"name\":\"Drewniana kartka z kalendarza z \u017cyczeniami i podstawk\u0105 - Drewniana Magia\",\"isPartOf\":{\"@id\":\"https:\\\/\\\/www.drewnianamagia.pl\\\/#website\"},\"primaryImageOfPage\":{\"@id\":\"https:\\\/\\\/www.drewnianamagia.pl\\\/index.php\\\/produkt\\\/drewniana-kartka-z-kalendarza-z-zyczeniami-i-podstawka\\\/#primaryimage\"},\"image\":{\"@id\":\"https:\\\/\\\/www.drewnianamagia.pl\\\/index.php\\\/produkt\\\/drewniana-kartka-z-kalendarza-z-zyczeniami-i-podstawka\\\/#primaryimage\"},\"thumbnailUrl\":\"https:\\\/\\\/www.drewnianamagia.pl\\\/wp-content\\\/uploads\\\/2024\\\/02\\\/kartka-kalendarz-przod.jpg\",\"datePublished\":\"2024-02-19T11:51:33+00:00\",\"dateModified\":\"2026-03-09T13:52:26+00:00\",\"description\":\"Personalizowana, drewniana kartka z kalendarza z w\u0142asnymi \u017cyczeniami. Idealny prezent na urodziny, rocznic\u0119, \u015blub lub jubileusz.\",\"breadcrumb\":{\"@id\":\"https:\\\/\\\/www.drewnianamagia.pl\\\/index.php\\\/produkt\\\/drewniana-kartka-z-kalendarza-z-zyczeniami-i-podstawka\\\/#breadcrumb\"},\"inLanguage\":\"pl-PL\",\"potentialAction\":[{\"@type\":\"ReadAction\",\"target\":[\"https:\\\/\\\/www.drewnianamagia.pl\\\/index.php\\\/produkt\\\/drewniana-kartka-z-kalendarza-z-zyczeniami-i-podstawka\\\/\"]}]},{\"@type\":\"ImageObject\",\"inLanguage\":\"pl-PL\",\"@id\":\"https:\\\/\\\/www.drewnianamagia.pl\\\/index.php\\\/produkt\\\/drewniana-kartka-z-kalendarza-z-zyczeniami-i-podstawka\\\/#primaryimage\",\"url\":\"https:\\\/\\\/www.drewnianamagia.pl\\\/wp-content\\\/uploads\\\/2024\\\/02\\\/kartka-kalendarz-przod.jpg\",\"contentUrl\":\"https:\\\/\\\/www.drewnianamagia.pl\\\/wp-content\\\/uploads\\\/2024\\\/02\\\/kartka-kalendarz-przod.jpg\",\"width\":500,\"height\":500,\"caption\":\"kartka z kalendarza - zdj\u0119cie g\u0142\u00f3wne\"},{\"@type\":\"BreadcrumbList\",\"@id\":\"https:\\\/\\\/www.drewnianamagia.pl\\\/index.php\\\/produkt\\\/drewniana-kartka-z-kalendarza-z-zyczeniami-i-podstawka\\\/#breadcrumb\",\"itemListElement\":[{\"@type\":\"ListItem\",\"position\":1,\"name\":\"Strona g\u0142\u00f3wna\",\"item\":\"https:\\\/\\\/www.drewnianamagia.pl\\\/\"},{\"@type\":\"ListItem\",\"position\":2,\"name\":\"Sklep\",\"item\":\"https:\\\/\\\/www.drewnianamagia.pl\\\/index.php\\\/sklep-internetowy-drewnianamagia\\\/\"},{\"@type\":\"ListItem\",\"position\":3,\"name\":\"Drewniana kartka z kalendarza z \u017cyczeniami i podstawk\u0105\"}]},{\"@type\":\"WebSite\",\"@id\":\"https:\\\/\\\/www.drewnianamagia.pl\\\/#website\",\"url\":\"https:\\\/\\\/www.drewnianamagia.pl\\\/\",\"name\":\"Drewniana Magia\",\"description\":\"Personalizowane prezenty i dekoracje z drewna i druku 3D, na ka\u017cd\u0105 okazj\u0119 i okoliczno\u015b\u0107. Urodziny, Chrzest, Przyj\u0119cie, \u015awi\u0119ta, \u015alub\",\"publisher\":{\"@id\":\"https:\\\/\\\/www.drewnianamagia.pl\\\/#organization\"},\"potentialAction\":[{\"@type\":\"SearchAction\",\"target\":{\"@type\":\"EntryPoint\",\"urlTemplate\":\"https:\\\/\\\/www.drewnianamagia.pl\\\/?s={search_term_string}\"},\"query-input\":{\"@type\":\"PropertyValueSpecification\",\"valueRequired\":true,\"valueName\":\"search_term_string\"}}],\"inLanguage\":\"pl-PL\"},{\"@type\":\"Organization\",\"@id\":\"https:\\\/\\\/www.drewnianamagia.pl\\\/#organization\",\"name\":\"Drewniana Magia\",\"url\":\"https:\\\/\\\/www.drewnianamagia.pl\\\/\",\"logo\":{\"@type\":\"ImageObject\",\"inLanguage\":\"pl-PL\",\"@id\":\"https:\\\/\\\/www.drewnianamagia.pl\\\/#\\\/schema\\\/logo\\\/image\\\/\",\"url\":\"https:\\\/\\\/www.drewnianamagia.pl\\\/wp-content\\\/uploads\\\/2024\\\/02\\\/cropped-LOGO-DrewnianaMagia-375x188-1.png\",\"contentUrl\":\"https:\\\/\\\/www.drewnianamagia.pl\\\/wp-content\\\/uploads\\\/2024\\\/02\\\/cropped-LOGO-DrewnianaMagia-375x188-1.png\",\"width\":374,\"height\":188,\"caption\":\"Drewniana Magia\"},\"image\":{\"@id\":\"https:\\\/\\\/www.drewnianamagia.pl\\\/#\\\/schema\\\/logo\\\/image\\\/\"},\"sameAs\":[\"https:\\\/\\\/facebook.com\\\/BelasDrewnianaMagia\"]}]}<\/script>\n<!-- \/ Yoast SEO plugin. -->","yoast_head_json":{"title":"Drewniana kartka z kalendarza z \u017cyczeniami i podstawk\u0105 - Drewniana Magia","description":"Personalizowana, drewniana kartka z kalendarza z w\u0142asnymi \u017cyczeniami. Idealny prezent na urodziny, rocznic\u0119, \u015blub lub jubileusz.","robots":{"index":"index","follow":"follow","max-snippet":"max-snippet:-1","max-image-preview":"max-image-preview:large","max-video-preview":"max-video-preview:-1"},"canonical":"https:\/\/www.drewnianamagia.pl\/index.php\/produkt\/drewniana-kartka-z-kalendarza-z-zyczeniami-i-podstawka\/","og_locale":"pl_PL","og_type":"article","og_title":"Drewniana kartka z kalendarza z \u017cyczeniami i podstawk\u0105 - Drewniana Magia","og_description":"Personalizowana, drewniana kartka z kalendarza z w\u0142asnymi \u017cyczeniami. Idealny prezent na urodziny, rocznic\u0119, \u015blub lub jubileusz.","og_url":"https:\/\/www.drewnianamagia.pl\/index.php\/produkt\/drewniana-kartka-z-kalendarza-z-zyczeniami-i-podstawka\/","og_site_name":"Drewniana Magia","article_publisher":"https:\/\/facebook.com\/BelasDrewnianaMagia","article_modified_time":"2026-03-09T13:52:26+00:00","og_image":[{"width":500,"height":500,"url":"https:\/\/www.drewnianamagia.pl\/wp-content\/uploads\/2024\/02\/kartka-kalendarz-przod.jpg","type":"image\/jpeg"}],"twitter_card":"summary_large_image","twitter_misc":{"Szacowany czas czytania":"2 minuty"},"schema":{"@context":"https:\/\/schema.org","@graph":[{"@type":"WebPage","@id":"https:\/\/www.drewnianamagia.pl\/index.php\/produkt\/drewniana-kartka-z-kalendarza-z-zyczeniami-i-podstawka\/","url":"https:\/\/www.drewnianamagia.pl\/index.php\/produkt\/drewniana-kartka-z-kalendarza-z-zyczeniami-i-podstawka\/","name":"Drewniana kartka z kalendarza z \u017cyczeniami i podstawk\u0105 - Drewniana Magia","isPartOf":{"@id":"https:\/\/www.drewnianamagia.pl\/#website"},"primaryImageOfPage":{"@id":"https:\/\/www.drewnianamagia.pl\/index.php\/produkt\/drewniana-kartka-z-kalendarza-z-zyczeniami-i-podstawka\/#primaryimage"},"image":{"@id":"https:\/\/www.drewnianamagia.pl\/index.php\/produkt\/drewniana-kartka-z-kalendarza-z-zyczeniami-i-podstawka\/#primaryimage"},"thumbnailUrl":"https:\/\/www.drewnianamagia.pl\/wp-content\/uploads\/2024\/02\/kartka-kalendarz-przod.jpg","datePublished":"2024-02-19T11:51:33+00:00","dateModified":"2026-03-09T13:52:26+00:00","description":"Personalizowana, drewniana kartka z kalendarza z w\u0142asnymi \u017cyczeniami. Idealny prezent na urodziny, rocznic\u0119, \u015blub lub jubileusz.","breadcrumb":{"@id":"https:\/\/www.drewnianamagia.pl\/index.php\/produkt\/drewniana-kartka-z-kalendarza-z-zyczeniami-i-podstawka\/#breadcrumb"},"inLanguage":"pl-PL","potentialAction":[{"@type":"ReadAction","target":["https:\/\/www.drewnianamagia.pl\/index.php\/produkt\/drewniana-kartka-z-kalendarza-z-zyczeniami-i-podstawka\/"]}]},{"@type":"ImageObject","inLanguage":"pl-PL","@id":"https:\/\/www.drewnianamagia.pl\/index.php\/produkt\/drewniana-kartka-z-kalendarza-z-zyczeniami-i-podstawka\/#primaryimage","url":"https:\/\/www.drewnianamagia.pl\/wp-content\/uploads\/2024\/02\/kartka-kalendarz-przod.jpg","contentUrl":"https:\/\/www.drewnianamagia.pl\/wp-content\/uploads\/2024\/02\/kartka-kalendarz-przod.jpg","width":500,"height":500,"caption":"kartka z kalendarza - zdj\u0119cie g\u0142\u00f3wne"},{"@type":"BreadcrumbList","@id":"https:\/\/www.drewnianamagia.pl\/index.php\/produkt\/drewniana-kartka-z-kalendarza-z-zyczeniami-i-podstawka\/#breadcrumb","itemListElement":[{"@type":"ListItem","position":1,"name":"Strona g\u0142\u00f3wna","item":"https:\/\/www.drewnianamagia.pl\/"},{"@type":"ListItem","position":2,"name":"Sklep","item":"https:\/\/www.drewnianamagia.pl\/index.php\/sklep-internetowy-drewnianamagia\/"},{"@type":"ListItem","position":3,"name":"Drewniana kartka z kalendarza z \u017cyczeniami i podstawk\u0105"}]},{"@type":"WebSite","@id":"https:\/\/www.drewnianamagia.pl\/#website","url":"https:\/\/www.drewnianamagia.pl\/","name":"Drewniana Magia","description":"Personalizowane prezenty i dekoracje z drewna i druku 3D, na ka\u017cd\u0105 okazj\u0119 i okoliczno\u015b\u0107. Urodziny, Chrzest, Przyj\u0119cie, \u015awi\u0119ta, \u015alub","publisher":{"@id":"https:\/\/www.drewnianamagia.pl\/#organization"},"potentialAction":[{"@type":"SearchAction","target":{"@type":"EntryPoint","urlTemplate":"https:\/\/www.drewnianamagia.pl\/?s={search_term_string}"},"query-input":{"@type":"PropertyValueSpecification","valueRequired":true,"valueName":"search_term_string"}}],"inLanguage":"pl-PL"},{"@type":"Organization","@id":"https:\/\/www.drewnianamagia.pl\/#organization","name":"Drewniana Magia","url":"https:\/\/www.drewnianamagia.pl\/","logo":{"@type":"ImageObject","inLanguage":"pl-PL","@id":"https:\/\/www.drewnianamagia.pl\/#\/schema\/logo\/image\/","url":"https:\/\/www.drewnianamagia.pl\/wp-content\/uploads\/2024\/02\/cropped-LOGO-DrewnianaMagia-375x188-1.png","contentUrl":"https:\/\/www.drewnianamagia.pl\/wp-content\/uploads\/2024\/02\/cropped-LOGO-DrewnianaMagia-375x188-1.png","width":374,"height":188,"caption":"Drewniana Magia"},"image":{"@id":"https:\/\/www.drewnianamagia.pl\/#\/schema\/logo\/image\/"},"sameAs":["https:\/\/facebook.com\/BelasDrewnianaMagia"]}]}},"_links":{"self":[{"href":"https:\/\/www.drewnianamagia.pl\/index.php\/wp-json\/wp\/v2\/product\/2005","targetHints":{"allow":["GET"]}}],"collection":[{"href":"https:\/\/www.drewnianamagia.pl\/index.php\/wp-json\/wp\/v2\/product"}],"about":[{"href":"https:\/\/www.drewnianamagia.pl\/index.php\/wp-json\/wp\/v2\/types\/product"}],"replies":[{"embeddable":true,"href":"https:\/\/www.drewnianamagia.pl\/index.php\/wp-json\/wp\/v2\/comments?post=2005"}],"wp:featuredmedia":[{"embeddable":true,"href":"https:\/\/www.drewnianamagia.pl\/index.php\/wp-json\/wp\/v2\/media\/1997"}],"wp:attachment":[{"href":"https:\/\/www.drewnianamagia.pl\/index.php\/wp-json\/wp\/v2\/media?parent=2005"}],"wp:term":[{"taxonomy":"product_brand","embeddable":true,"href":"https:\/\/www.drewnianamagia.pl\/index.php\/wp-json\/wp\/v2\/product_brand?post=2005"},{"taxonomy":"product_cat","embeddable":true,"href":"https:\/\/www.drewnianamagia.pl\/index.php\/wp-json\/wp\/v2\/product_cat?post=2005"},{"taxonomy":"product_tag","embeddable":true,"href":"https:\/\/www.drewnianamagia.pl\/index.php\/wp-json\/wp\/v2\/product_tag?post=2005"}],"curies":[{"name":"wp","href":"https:\/\/api.w.org\/{rel}","templated":true}]}}