{"id":1963,"date":"2024-02-16T11:17:21","date_gmt":"2024-02-16T10:17:21","guid":{"rendered":"https:\/\/www.drewnianamagia.pl\/?post_type=product&#038;p=1963"},"modified":"2026-04-23T10:15:46","modified_gmt":"2026-04-23T08:15:46","slug":"dwustronna-zawieszka-do-auta-z-grawerem-serce","status":"publish","type":"product","link":"https:\/\/www.drewnianamagia.pl\/index.php\/produkt\/dwustronna-zawieszka-do-auta-z-grawerem-serce\/","title":{"rendered":"Dwustronna zawieszka do auta z grawerem \u2013 serce v2"},"content":{"rendered":"<p style=\"text-align: center;\">Drewniana Dwustronna Zawieszka do Auta w Kszta\u0142cie Serca z Personalizacj\u0105<\/p>\n<p style=\"text-align: center;\"><strong>GRAWER Z OBU STRON ZAWIESZKI!<\/strong><\/p>\n<p><img loading=\"lazy\" decoding=\"async\" class=\"aligncenter size-full wp-image-2843\" src=\"https:\/\/www.drewnianamagia.pl\/wp-content\/uploads\/2024\/04\/zawieszka-do-auta-animacja.gif\" alt=\"animacja - zawieszka do auta grawer z 2 stron\" width=\"300\" height=\"300\" \/><\/p>\n<p>Przedstawiamy wyj\u0105tkowy produkt, kt\u00f3rym jest drewniana dwustronna zawieszka do auta w kszta\u0142cie serca. Wykonujemy j\u0105 z wysokiej jako\u015bci sklejki. Ta unikalna zawieszka nie tylko ozdobi wn\u0119trze Twojego samochodu, ale r\u00f3wnie\u017c stanie si\u0119 wyj\u0105tkowym prezentem dla bliskiej osoby. Przemy\u015bleli\u015bmy starannie ka\u017cdy detal tego produktu, aby sprawi\u0107, \u017ce podr\u00f3\u017c stanie si\u0119 jeszcze bardziej wyj\u0105tkowa.<\/p>\n<p>Zawieszka podlega personalizacji, co oznacza, \u017ce mo\u017cesz nada\u0107 jej osobisty charakter. Je\u015bli nie podasz w\u0142asnego tekstu, grawerowany na zawieszce b\u0119dzie wyj\u0105tkowy przekaz: &#8222;Kochanie, jed\u017a ostro\u017cnie bo masz do kogo wraca\u0107, Kocham Ci\u0119&#8221;. Pod tekstem umie\u015bcimy wybrane przez Ciebie imi\u0119. To serdeczne s\u0142owa, kt\u00f3re sprawi\u0105, \u017ce ka\u017cda podr\u00f3\u017c stanie si\u0119 pe\u0142na mi\u0142o\u015bci i troski.<\/p>\n<p>Zawieszka ma wymiary 95mm szeroko\u015bci i 82mm wysoko\u015bci. Co sprawia, \u017ce doskonale wpasuje si\u0119 w ka\u017cdy samoch\u00f3d, dodaj\u0105c mu niepowtarzalny urok. Produkt r\u0119cznie szlifujemy, co gwarantuje jego wysok\u0105 jako\u015b\u0107 i dba\u0142o\u015b\u0107 o detale.<\/p>\n<p>Dla tych, kt\u00f3rzy pragn\u0105 jeszcze bardziej spersonalizowa\u0107 zawieszk\u0119, istnieje mo\u017cliwo\u015b\u0107 dodania w\u0142asnego tekstu. W takim przypadku prosimy o wskazanie, kt\u00f3ra linijka tekstu ma zosta\u0107 zmieniona. Na przyk\u0142ad, mo\u017cesz wybra\u0107, czy chcesz zmieni\u0107 pierwsz\u0105 linijk\u0119 na imi\u0119 ukochanej osoby, drug\u0105 na \u017cyczenia bezpiecznej podr\u00f3\u017cy, a trzeci\u0105 na dodatkowe osobiste s\u0142owa. Podaj nam w\u00f3wczas tre\u015b\u0107 personalizacji w nast\u0119puj\u0105cy spos\u00f3b: 1 &#8211; Kochanie, 2- jed\u017a ostro\u017cnie, 3- bo masz do kogo wraca\u0107, 4- Kocham Ci\u0119, 5- Regina.<\/p>\n<p>Mo\u017cesz okre\u015bli\u0107 inny tekst z drugiej strony zawieszki &#8211; uk\u0142ad ten sam co na pierwszej stronie.\u00a0 Je\u015bli przeka\u017cesz nam tylko jeden opis, w\u00f3wczas po obu stronach wykonamy ten sam grawer.<\/p>\n<p>Do zawieszki do\u0142\u0105czamy tak\u017ce sznurek jutowy, kt\u00f3ry dodaje naturalnego uroku i umo\u017cliwia \u0142atwe zawieszenie w dowolnym miejscu w samochodzie. Dzi\u0119ki temu produktowi sprawisz, \u017ce podr\u00f3\u017c stanie si\u0119 nie tylko bezpieczna, ale tak\u017ce pe\u0142na mi\u0142o\u015bci i ciep\u0142a.<\/p>\n","protected":false},"excerpt":{"rendered":"<p>Drewniana Dwustronna Zawieszka do Auta w Kszta\u0142cie Serca z Personalizacj\u0105 GRAWER Z OBU STRON ZAWIESZKI! Przedstawiamy wyj\u0105tkowy produkt, kt\u00f3rym jest drewniana dwustronna zawieszka do auta w kszta\u0142cie serca. Wykonujemy j\u0105 z wysokiej jako\u015bci sklejki. Ta unikalna zawieszka nie tylko ozdobi wn\u0119trze Twojego samochodu, ale r\u00f3wnie\u017c stanie si\u0119 wyj\u0105tkowym prezentem dla bliskiej osoby. Przemy\u015bleli\u015bmy starannie ka\u017cdy [&hellip;]<\/p>\n","protected":false},"featured_media":1841,"comment_status":"open","ping_status":"closed","template":"","meta":{"_acf_changed":false},"product_brand":[],"product_cat":[103,109,108,100,92,105,96,99,144],"product_tag":[54,203,55],"class_list":{"0":"post-1963","1":"product","2":"type-product","3":"status-publish","4":"has-post-thumbnail","6":"product_cat-dzien-babci-dzien-dziadka","7":"product_cat-dzien-chlopaka","8":"product_cat-dzien-kobiet","9":"product_cat-dzien-matki-dzien-ojca","10":"product_cat-gadzety","11":"product_cat-rocznice","12":"product_cat-urodziny-imieniny","13":"product_cat-walentynki","14":"product_cat-zawieszki","15":"product_tag-personalizacja","16":"product_tag-pnp","17":"product_tag-prezent","19":"first","20":"instock","21":"taxable","22":"shipping-taxable","23":"purchasable","24":"product-type-simple"},"acf":[],"yoast_head":"<!-- This site is optimized with the Yoast SEO plugin v27.5 - https:\/\/yoast.com\/product\/yoast-seo-wordpress\/ -->\n<title>Dwustronna zawieszka do auta z grawerem \u2013 serce v2 - Drewniana Magia<\/title>\n<meta name=\"description\" content=\"Dwustronna zawieszka do auta w kszta\u0142cie serca, kt\u00f3r\u0105 mo\u017cesz w pe\u0142ni spersonalizowa\u0107. Wyra\u017a swoj\u0105 trosk\u0119 na co mo\u017cesz wykorzysta\u0107 obie strony!\" \/>\n<meta name=\"robots\" content=\"index, follow, max-snippet:-1, max-image-preview:large, max-video-preview:-1\" \/>\n<link rel=\"canonical\" href=\"https:\/\/www.drewnianamagia.pl\/index.php\/produkt\/dwustronna-zawieszka-do-auta-z-grawerem-serce\/\" \/>\n<meta property=\"og:locale\" content=\"pl_PL\" \/>\n<meta property=\"og:type\" content=\"article\" \/>\n<meta property=\"og:title\" content=\"Dwustronna zawieszka do auta z grawerem \u2013 serce v2 - Drewniana Magia\" \/>\n<meta property=\"og:description\" content=\"Dwustronna zawieszka do auta w kszta\u0142cie serca, kt\u00f3r\u0105 mo\u017cesz w pe\u0142ni spersonalizowa\u0107. Wyra\u017a swoj\u0105 trosk\u0119 na co mo\u017cesz wykorzysta\u0107 obie strony!\" \/>\n<meta property=\"og:url\" content=\"https:\/\/www.drewnianamagia.pl\/index.php\/produkt\/dwustronna-zawieszka-do-auta-z-grawerem-serce\/\" \/>\n<meta property=\"og:site_name\" content=\"Drewniana Magia\" \/>\n<meta property=\"article:publisher\" content=\"https:\/\/facebook.com\/BelasDrewnianaMagia\" \/>\n<meta property=\"article:modified_time\" content=\"2026-04-23T08:15:46+00:00\" \/>\n<meta property=\"og:image\" content=\"https:\/\/www.drewnianamagia.pl\/wp-content\/uploads\/2024\/02\/zawieszka-serce-2-projekt.png\" \/>\n\t<meta property=\"og:image:width\" content=\"1500\" \/>\n\t<meta property=\"og:image:height\" content=\"1500\" \/>\n\t<meta property=\"og:image:type\" content=\"image\/png\" \/>\n<meta name=\"twitter:card\" content=\"summary_large_image\" \/>\n<meta name=\"twitter:label1\" content=\"Szacowany czas czytania\" \/>\n\t<meta name=\"twitter:data1\" content=\"3 minuty\" \/>\n<script type=\"application\/ld+json\" class=\"yoast-schema-graph\">{\"@context\":\"https:\\\/\\\/schema.org\",\"@graph\":[{\"@type\":\"WebPage\",\"@id\":\"https:\\\/\\\/www.drewnianamagia.pl\\\/index.php\\\/produkt\\\/dwustronna-zawieszka-do-auta-z-grawerem-serce\\\/\",\"url\":\"https:\\\/\\\/www.drewnianamagia.pl\\\/index.php\\\/produkt\\\/dwustronna-zawieszka-do-auta-z-grawerem-serce\\\/\",\"name\":\"Dwustronna zawieszka do auta z grawerem \u2013 serce v2 - Drewniana Magia\",\"isPartOf\":{\"@id\":\"https:\\\/\\\/www.drewnianamagia.pl\\\/#website\"},\"primaryImageOfPage\":{\"@id\":\"https:\\\/\\\/www.drewnianamagia.pl\\\/index.php\\\/produkt\\\/dwustronna-zawieszka-do-auta-z-grawerem-serce\\\/#primaryimage\"},\"image\":{\"@id\":\"https:\\\/\\\/www.drewnianamagia.pl\\\/index.php\\\/produkt\\\/dwustronna-zawieszka-do-auta-z-grawerem-serce\\\/#primaryimage\"},\"thumbnailUrl\":\"https:\\\/\\\/www.drewnianamagia.pl\\\/wp-content\\\/uploads\\\/2024\\\/02\\\/zawieszka-serce-2-projekt.png\",\"datePublished\":\"2024-02-16T10:17:21+00:00\",\"dateModified\":\"2026-04-23T08:15:46+00:00\",\"description\":\"Dwustronna zawieszka do auta w kszta\u0142cie serca, kt\u00f3r\u0105 mo\u017cesz w pe\u0142ni spersonalizowa\u0107. Wyra\u017a swoj\u0105 trosk\u0119 na co mo\u017cesz wykorzysta\u0107 obie strony!\",\"breadcrumb\":{\"@id\":\"https:\\\/\\\/www.drewnianamagia.pl\\\/index.php\\\/produkt\\\/dwustronna-zawieszka-do-auta-z-grawerem-serce\\\/#breadcrumb\"},\"inLanguage\":\"pl-PL\",\"potentialAction\":[{\"@type\":\"ReadAction\",\"target\":[\"https:\\\/\\\/www.drewnianamagia.pl\\\/index.php\\\/produkt\\\/dwustronna-zawieszka-do-auta-z-grawerem-serce\\\/\"]}]},{\"@type\":\"ImageObject\",\"inLanguage\":\"pl-PL\",\"@id\":\"https:\\\/\\\/www.drewnianamagia.pl\\\/index.php\\\/produkt\\\/dwustronna-zawieszka-do-auta-z-grawerem-serce\\\/#primaryimage\",\"url\":\"https:\\\/\\\/www.drewnianamagia.pl\\\/wp-content\\\/uploads\\\/2024\\\/02\\\/zawieszka-serce-2-projekt.png\",\"contentUrl\":\"https:\\\/\\\/www.drewnianamagia.pl\\\/wp-content\\\/uploads\\\/2024\\\/02\\\/zawieszka-serce-2-projekt.png\",\"width\":1500,\"height\":1500,\"caption\":\"Zawieszki do auta\"},{\"@type\":\"BreadcrumbList\",\"@id\":\"https:\\\/\\\/www.drewnianamagia.pl\\\/index.php\\\/produkt\\\/dwustronna-zawieszka-do-auta-z-grawerem-serce\\\/#breadcrumb\",\"itemListElement\":[{\"@type\":\"ListItem\",\"position\":1,\"name\":\"Strona g\u0142\u00f3wna\",\"item\":\"https:\\\/\\\/www.drewnianamagia.pl\\\/\"},{\"@type\":\"ListItem\",\"position\":2,\"name\":\"Sklep\",\"item\":\"https:\\\/\\\/www.drewnianamagia.pl\\\/index.php\\\/sklep-internetowy-drewnianamagia\\\/\"},{\"@type\":\"ListItem\",\"position\":3,\"name\":\"Dwustronna zawieszka do auta z grawerem \u2013 serce v2\"}]},{\"@type\":\"WebSite\",\"@id\":\"https:\\\/\\\/www.drewnianamagia.pl\\\/#website\",\"url\":\"https:\\\/\\\/www.drewnianamagia.pl\\\/\",\"name\":\"Drewniana Magia\",\"description\":\"Personalizowane prezenty i dekoracje z drewna i druku 3D, na ka\u017cd\u0105 okazj\u0119 i okoliczno\u015b\u0107. Urodziny, Chrzest, Przyj\u0119cie, \u015awi\u0119ta, \u015alub\",\"publisher\":{\"@id\":\"https:\\\/\\\/www.drewnianamagia.pl\\\/#organization\"},\"potentialAction\":[{\"@type\":\"SearchAction\",\"target\":{\"@type\":\"EntryPoint\",\"urlTemplate\":\"https:\\\/\\\/www.drewnianamagia.pl\\\/?s={search_term_string}\"},\"query-input\":{\"@type\":\"PropertyValueSpecification\",\"valueRequired\":true,\"valueName\":\"search_term_string\"}}],\"inLanguage\":\"pl-PL\"},{\"@type\":\"Organization\",\"@id\":\"https:\\\/\\\/www.drewnianamagia.pl\\\/#organization\",\"name\":\"Drewniana Magia\",\"url\":\"https:\\\/\\\/www.drewnianamagia.pl\\\/\",\"logo\":{\"@type\":\"ImageObject\",\"inLanguage\":\"pl-PL\",\"@id\":\"https:\\\/\\\/www.drewnianamagia.pl\\\/#\\\/schema\\\/logo\\\/image\\\/\",\"url\":\"https:\\\/\\\/www.drewnianamagia.pl\\\/wp-content\\\/uploads\\\/2024\\\/02\\\/cropped-LOGO-DrewnianaMagia-375x188-1.png\",\"contentUrl\":\"https:\\\/\\\/www.drewnianamagia.pl\\\/wp-content\\\/uploads\\\/2024\\\/02\\\/cropped-LOGO-DrewnianaMagia-375x188-1.png\",\"width\":374,\"height\":188,\"caption\":\"Drewniana Magia\"},\"image\":{\"@id\":\"https:\\\/\\\/www.drewnianamagia.pl\\\/#\\\/schema\\\/logo\\\/image\\\/\"},\"sameAs\":[\"https:\\\/\\\/facebook.com\\\/BelasDrewnianaMagia\"]}]}<\/script>\n<!-- \/ Yoast SEO plugin. -->","yoast_head_json":{"title":"Dwustronna zawieszka do auta z grawerem \u2013 serce v2 - Drewniana Magia","description":"Dwustronna zawieszka do auta w kszta\u0142cie serca, kt\u00f3r\u0105 mo\u017cesz w pe\u0142ni spersonalizowa\u0107. Wyra\u017a swoj\u0105 trosk\u0119 na co mo\u017cesz wykorzysta\u0107 obie strony!","robots":{"index":"index","follow":"follow","max-snippet":"max-snippet:-1","max-image-preview":"max-image-preview:large","max-video-preview":"max-video-preview:-1"},"canonical":"https:\/\/www.drewnianamagia.pl\/index.php\/produkt\/dwustronna-zawieszka-do-auta-z-grawerem-serce\/","og_locale":"pl_PL","og_type":"article","og_title":"Dwustronna zawieszka do auta z grawerem \u2013 serce v2 - Drewniana Magia","og_description":"Dwustronna zawieszka do auta w kszta\u0142cie serca, kt\u00f3r\u0105 mo\u017cesz w pe\u0142ni spersonalizowa\u0107. Wyra\u017a swoj\u0105 trosk\u0119 na co mo\u017cesz wykorzysta\u0107 obie strony!","og_url":"https:\/\/www.drewnianamagia.pl\/index.php\/produkt\/dwustronna-zawieszka-do-auta-z-grawerem-serce\/","og_site_name":"Drewniana Magia","article_publisher":"https:\/\/facebook.com\/BelasDrewnianaMagia","article_modified_time":"2026-04-23T08:15:46+00:00","og_image":[{"width":1500,"height":1500,"url":"https:\/\/www.drewnianamagia.pl\/wp-content\/uploads\/2024\/02\/zawieszka-serce-2-projekt.png","type":"image\/png"}],"twitter_card":"summary_large_image","twitter_misc":{"Szacowany czas czytania":"3 minuty"},"schema":{"@context":"https:\/\/schema.org","@graph":[{"@type":"WebPage","@id":"https:\/\/www.drewnianamagia.pl\/index.php\/produkt\/dwustronna-zawieszka-do-auta-z-grawerem-serce\/","url":"https:\/\/www.drewnianamagia.pl\/index.php\/produkt\/dwustronna-zawieszka-do-auta-z-grawerem-serce\/","name":"Dwustronna zawieszka do auta z grawerem \u2013 serce v2 - Drewniana Magia","isPartOf":{"@id":"https:\/\/www.drewnianamagia.pl\/#website"},"primaryImageOfPage":{"@id":"https:\/\/www.drewnianamagia.pl\/index.php\/produkt\/dwustronna-zawieszka-do-auta-z-grawerem-serce\/#primaryimage"},"image":{"@id":"https:\/\/www.drewnianamagia.pl\/index.php\/produkt\/dwustronna-zawieszka-do-auta-z-grawerem-serce\/#primaryimage"},"thumbnailUrl":"https:\/\/www.drewnianamagia.pl\/wp-content\/uploads\/2024\/02\/zawieszka-serce-2-projekt.png","datePublished":"2024-02-16T10:17:21+00:00","dateModified":"2026-04-23T08:15:46+00:00","description":"Dwustronna zawieszka do auta w kszta\u0142cie serca, kt\u00f3r\u0105 mo\u017cesz w pe\u0142ni spersonalizowa\u0107. Wyra\u017a swoj\u0105 trosk\u0119 na co mo\u017cesz wykorzysta\u0107 obie strony!","breadcrumb":{"@id":"https:\/\/www.drewnianamagia.pl\/index.php\/produkt\/dwustronna-zawieszka-do-auta-z-grawerem-serce\/#breadcrumb"},"inLanguage":"pl-PL","potentialAction":[{"@type":"ReadAction","target":["https:\/\/www.drewnianamagia.pl\/index.php\/produkt\/dwustronna-zawieszka-do-auta-z-grawerem-serce\/"]}]},{"@type":"ImageObject","inLanguage":"pl-PL","@id":"https:\/\/www.drewnianamagia.pl\/index.php\/produkt\/dwustronna-zawieszka-do-auta-z-grawerem-serce\/#primaryimage","url":"https:\/\/www.drewnianamagia.pl\/wp-content\/uploads\/2024\/02\/zawieszka-serce-2-projekt.png","contentUrl":"https:\/\/www.drewnianamagia.pl\/wp-content\/uploads\/2024\/02\/zawieszka-serce-2-projekt.png","width":1500,"height":1500,"caption":"Zawieszki do auta"},{"@type":"BreadcrumbList","@id":"https:\/\/www.drewnianamagia.pl\/index.php\/produkt\/dwustronna-zawieszka-do-auta-z-grawerem-serce\/#breadcrumb","itemListElement":[{"@type":"ListItem","position":1,"name":"Strona g\u0142\u00f3wna","item":"https:\/\/www.drewnianamagia.pl\/"},{"@type":"ListItem","position":2,"name":"Sklep","item":"https:\/\/www.drewnianamagia.pl\/index.php\/sklep-internetowy-drewnianamagia\/"},{"@type":"ListItem","position":3,"name":"Dwustronna zawieszka do auta z grawerem \u2013 serce v2"}]},{"@type":"WebSite","@id":"https:\/\/www.drewnianamagia.pl\/#website","url":"https:\/\/www.drewnianamagia.pl\/","name":"Drewniana Magia","description":"Personalizowane prezenty i dekoracje z drewna i druku 3D, na ka\u017cd\u0105 okazj\u0119 i okoliczno\u015b\u0107. Urodziny, Chrzest, Przyj\u0119cie, \u015awi\u0119ta, \u015alub","publisher":{"@id":"https:\/\/www.drewnianamagia.pl\/#organization"},"potentialAction":[{"@type":"SearchAction","target":{"@type":"EntryPoint","urlTemplate":"https:\/\/www.drewnianamagia.pl\/?s={search_term_string}"},"query-input":{"@type":"PropertyValueSpecification","valueRequired":true,"valueName":"search_term_string"}}],"inLanguage":"pl-PL"},{"@type":"Organization","@id":"https:\/\/www.drewnianamagia.pl\/#organization","name":"Drewniana Magia","url":"https:\/\/www.drewnianamagia.pl\/","logo":{"@type":"ImageObject","inLanguage":"pl-PL","@id":"https:\/\/www.drewnianamagia.pl\/#\/schema\/logo\/image\/","url":"https:\/\/www.drewnianamagia.pl\/wp-content\/uploads\/2024\/02\/cropped-LOGO-DrewnianaMagia-375x188-1.png","contentUrl":"https:\/\/www.drewnianamagia.pl\/wp-content\/uploads\/2024\/02\/cropped-LOGO-DrewnianaMagia-375x188-1.png","width":374,"height":188,"caption":"Drewniana Magia"},"image":{"@id":"https:\/\/www.drewnianamagia.pl\/#\/schema\/logo\/image\/"},"sameAs":["https:\/\/facebook.com\/BelasDrewnianaMagia"]}]}},"_links":{"self":[{"href":"https:\/\/www.drewnianamagia.pl\/index.php\/wp-json\/wp\/v2\/product\/1963","targetHints":{"allow":["GET"]}}],"collection":[{"href":"https:\/\/www.drewnianamagia.pl\/index.php\/wp-json\/wp\/v2\/product"}],"about":[{"href":"https:\/\/www.drewnianamagia.pl\/index.php\/wp-json\/wp\/v2\/types\/product"}],"replies":[{"embeddable":true,"href":"https:\/\/www.drewnianamagia.pl\/index.php\/wp-json\/wp\/v2\/comments?post=1963"}],"wp:featuredmedia":[{"embeddable":true,"href":"https:\/\/www.drewnianamagia.pl\/index.php\/wp-json\/wp\/v2\/media\/1841"}],"wp:attachment":[{"href":"https:\/\/www.drewnianamagia.pl\/index.php\/wp-json\/wp\/v2\/media?parent=1963"}],"wp:term":[{"taxonomy":"product_brand","embeddable":true,"href":"https:\/\/www.drewnianamagia.pl\/index.php\/wp-json\/wp\/v2\/product_brand?post=1963"},{"taxonomy":"product_cat","embeddable":true,"href":"https:\/\/www.drewnianamagia.pl\/index.php\/wp-json\/wp\/v2\/product_cat?post=1963"},{"taxonomy":"product_tag","embeddable":true,"href":"https:\/\/www.drewnianamagia.pl\/index.php\/wp-json\/wp\/v2\/product_tag?post=1963"}],"curies":[{"name":"wp","href":"https:\/\/api.w.org\/{rel}","templated":true}]}}