{"id":1886,"date":"2024-02-05T16:00:31","date_gmt":"2024-02-05T15:00:31","guid":{"rendered":"https:\/\/www.drewnianamagia.pl\/?post_type=product&#038;p=1886"},"modified":"2025-11-20T19:24:21","modified_gmt":"2025-11-20T18:24:21","slug":"serwetnik-z-personalizacja","status":"publish","type":"product","link":"https:\/\/www.drewnianamagia.pl\/index.php\/produkt\/serwetnik-z-personalizacja\/","title":{"rendered":"Serwetnik z personalizacj\u0105"},"content":{"rendered":"<p style=\"text-align: center;\"><strong>Drewniany Serwetnik z Personalizacj\u0105<\/strong><\/p>\n<p>Przedstawiamy elegancki drewniany serwetnik, kt\u00f3ry nie tylko spe\u0142ni swoj\u0105 praktyczn\u0105 funkcj\u0119, ale tak\u017ce stanie si\u0119 niepowtarzalnym elementem Twojego sto\u0142u. Wykonany z najwy\u017cszej jako\u015bci sklejki, ten r\u0119cznie szlifowany serwetnik charakteryzuje si\u0119 nie tylko trwa\u0142o\u015bci\u0105, ale tak\u017ce estetycznym wykonaniem.<\/p>\n<p>Wymiary produktu to 15cm x 8cm x 4cm, co sprawia, \u017ce idealnie wpasuje si\u0119 do ka\u017cdego miejsca na stole, dodaj\u0105c mu wyj\u0105tkowego charakteru. Drewniana struktura nadaje mu naturalnego uroku, a r\u0119czne szlifowanie gwarantuje g\u0142adk\u0105 i przyjemn\u0105 powierzchni\u0119.<\/p>\n<p>Co wyr\u00f3\u017cnia nasz serwetnik spo\u015br\u00f3d innych, to mo\u017cliwo\u015b\u0107 pe\u0142nej personalizacji. Na ka\u017cdej stronie produktu mo\u017cesz umie\u015bci\u0107 dowolny tekst oraz wybra\u0107 grafik\u0119 spo\u015br\u00f3d dost\u0119pnych opcji (widocznych na do\u0142\u0105czonych zdj\u0119ciach). Przy sk\u0142adaniu zam\u00f3wienia, prosimy o podanie, jakie teksty maj\u0105 znale\u017a\u0107 si\u0119 po jednej i drugiej stronie produktu. Dodatkowo, mo\u017cesz wybra\u0107 grafik\u0119, kt\u00f3ra najbardziej spe\u0142nia Twoje oczekiwania.<\/p>\n<p>Podczas zamawiania, okre\u015bl, jaki tekst ma by\u0107 umieszczony po jednej stronie serwetnika, a kt\u00f3ry po drugiej. Wybierz r\u00f3wnie\u017c grafik\u0119 spo\u015br\u00f3d dost\u0119pnych opcji widocznych na zdj\u0119ciach, aby nada\u0107 serwetnikowi dodatkowy, spersonalizowany wygl\u0105d.<\/p>\n<p><strong>Przyk\u0142ad ustalenia personalizacji:<\/strong><\/p>\n<p>grafika: 12,15<\/p>\n<p>tekst: 1 strona: Kocham Ci\u0119, 2 strona: Andrzej<\/p>\n<p>Drewniany serwetnik z personalizacj\u0105 to nie tylko praktyczny element wyposa\u017cenia, ale r\u00f3wnie\u017c wyj\u0105tkowy prezent dla bliskiej osoby, idealny na r\u00f3\u017cne okazje. Spraw, aby Tw\u00f3j st\u00f3\u0142 by\u0142 nie tylko elegancki, ale tak\u017ce pe\u0142en osobistego charakteru dzi\u0119ki naszemu drewnianemu serwetnikowi.<\/p>\n<p>W celu unikni\u0119cia uszkodze\u0144 w transporcie, wysy\u0142amy produkt w 3 cz\u0119\u015bciach do prostego z\u0142o\u017cenia.<\/p>\n","protected":false},"excerpt":{"rendered":"<p>Drewniany Serwetnik z Personalizacj\u0105 Przedstawiamy elegancki drewniany serwetnik, kt\u00f3ry nie tylko spe\u0142ni swoj\u0105 praktyczn\u0105 funkcj\u0119, ale tak\u017ce stanie si\u0119 niepowtarzalnym elementem Twojego sto\u0142u. Wykonany z najwy\u017cszej jako\u015bci sklejki, ten r\u0119cznie szlifowany serwetnik charakteryzuje si\u0119 nie tylko trwa\u0142o\u015bci\u0105, ale tak\u017ce estetycznym wykonaniem. Wymiary produktu to 15cm x 8cm x 4cm, co sprawia, \u017ce idealnie wpasuje si\u0119 [&hellip;]<\/p>\n","protected":false},"featured_media":1838,"comment_status":"open","ping_status":"closed","template":"","meta":{"_acf_changed":false},"product_brand":[],"product_cat":[49,103,109,108,100,104,92,96,99],"product_tag":[54,55],"class_list":{"0":"post-1886","1":"product","2":"type-product","3":"status-publish","4":"has-post-thumbnail","6":"product_cat-dekoracje","7":"product_cat-dzien-babci-dzien-dziadka","8":"product_cat-dzien-chlopaka","9":"product_cat-dzien-kobiet","10":"product_cat-dzien-matki-dzien-ojca","11":"product_cat-dzien-nauczyciela","12":"product_cat-gadzety","13":"product_cat-urodziny-imieniny","14":"product_cat-walentynki","15":"product_tag-personalizacja","16":"product_tag-prezent","18":"first","19":"instock","20":"taxable","21":"shipping-taxable","22":"purchasable","23":"product-type-simple"},"acf":[],"yoast_head":"<!-- This site is optimized with the Yoast SEO plugin v27.5 - https:\/\/yoast.com\/product\/yoast-seo-wordpress\/ -->\n<title>Serwetnik z personalizacj\u0105 - Drewniana Magia<\/title>\n<meta name=\"description\" content=\"Serwetnik personalizowany dowolnym tekstem i wybrana grafik\u0105 z obu stron. Wyj\u0105tkowy, niepowtarzalny i praktyczny prezent od serca.\" \/>\n<meta name=\"robots\" content=\"index, follow, max-snippet:-1, max-image-preview:large, max-video-preview:-1\" \/>\n<link rel=\"canonical\" href=\"https:\/\/www.drewnianamagia.pl\/index.php\/produkt\/serwetnik-z-personalizacja\/\" \/>\n<meta property=\"og:locale\" content=\"pl_PL\" \/>\n<meta property=\"og:type\" content=\"article\" \/>\n<meta property=\"og:title\" content=\"Serwetnik z personalizacj\u0105 - Drewniana Magia\" \/>\n<meta property=\"og:description\" content=\"Serwetnik personalizowany dowolnym tekstem i wybrana grafik\u0105 z obu stron. Wyj\u0105tkowy, niepowtarzalny i praktyczny prezent od serca.\" \/>\n<meta property=\"og:url\" content=\"https:\/\/www.drewnianamagia.pl\/index.php\/produkt\/serwetnik-z-personalizacja\/\" \/>\n<meta property=\"og:site_name\" content=\"Drewniana Magia\" \/>\n<meta property=\"article:publisher\" content=\"https:\/\/facebook.com\/BelasDrewnianaMagia\" \/>\n<meta property=\"article:modified_time\" content=\"2025-11-20T18:24:21+00:00\" \/>\n<meta property=\"og:image\" content=\"https:\/\/www.drewnianamagia.pl\/wp-content\/uploads\/2024\/02\/serwetnik-4.png\" \/>\n\t<meta property=\"og:image:width\" content=\"1500\" \/>\n\t<meta property=\"og:image:height\" content=\"1500\" \/>\n\t<meta property=\"og:image:type\" content=\"image\/png\" \/>\n<meta name=\"twitter:card\" content=\"summary_large_image\" \/>\n<meta name=\"twitter:label1\" content=\"Szacowany czas czytania\" \/>\n\t<meta name=\"twitter:data1\" content=\"2 minuty\" \/>\n<script type=\"application\/ld+json\" class=\"yoast-schema-graph\">{\"@context\":\"https:\\\/\\\/schema.org\",\"@graph\":[{\"@type\":\"WebPage\",\"@id\":\"https:\\\/\\\/www.drewnianamagia.pl\\\/index.php\\\/produkt\\\/serwetnik-z-personalizacja\\\/\",\"url\":\"https:\\\/\\\/www.drewnianamagia.pl\\\/index.php\\\/produkt\\\/serwetnik-z-personalizacja\\\/\",\"name\":\"Serwetnik z personalizacj\u0105 - Drewniana Magia\",\"isPartOf\":{\"@id\":\"https:\\\/\\\/www.drewnianamagia.pl\\\/#website\"},\"primaryImageOfPage\":{\"@id\":\"https:\\\/\\\/www.drewnianamagia.pl\\\/index.php\\\/produkt\\\/serwetnik-z-personalizacja\\\/#primaryimage\"},\"image\":{\"@id\":\"https:\\\/\\\/www.drewnianamagia.pl\\\/index.php\\\/produkt\\\/serwetnik-z-personalizacja\\\/#primaryimage\"},\"thumbnailUrl\":\"https:\\\/\\\/www.drewnianamagia.pl\\\/wp-content\\\/uploads\\\/2024\\\/02\\\/serwetnik-4.png\",\"datePublished\":\"2024-02-05T15:00:31+00:00\",\"dateModified\":\"2025-11-20T18:24:21+00:00\",\"description\":\"Serwetnik personalizowany dowolnym tekstem i wybrana grafik\u0105 z obu stron. Wyj\u0105tkowy, niepowtarzalny i praktyczny prezent od serca.\",\"breadcrumb\":{\"@id\":\"https:\\\/\\\/www.drewnianamagia.pl\\\/index.php\\\/produkt\\\/serwetnik-z-personalizacja\\\/#breadcrumb\"},\"inLanguage\":\"pl-PL\",\"potentialAction\":[{\"@type\":\"ReadAction\",\"target\":[\"https:\\\/\\\/www.drewnianamagia.pl\\\/index.php\\\/produkt\\\/serwetnik-z-personalizacja\\\/\"]}]},{\"@type\":\"ImageObject\",\"inLanguage\":\"pl-PL\",\"@id\":\"https:\\\/\\\/www.drewnianamagia.pl\\\/index.php\\\/produkt\\\/serwetnik-z-personalizacja\\\/#primaryimage\",\"url\":\"https:\\\/\\\/www.drewnianamagia.pl\\\/wp-content\\\/uploads\\\/2024\\\/02\\\/serwetnik-4.png\",\"contentUrl\":\"https:\\\/\\\/www.drewnianamagia.pl\\\/wp-content\\\/uploads\\\/2024\\\/02\\\/serwetnik-4.png\",\"width\":1500,\"height\":1500,\"caption\":\"serwetnik z personalizacj\u0105\"},{\"@type\":\"BreadcrumbList\",\"@id\":\"https:\\\/\\\/www.drewnianamagia.pl\\\/index.php\\\/produkt\\\/serwetnik-z-personalizacja\\\/#breadcrumb\",\"itemListElement\":[{\"@type\":\"ListItem\",\"position\":1,\"name\":\"Strona g\u0142\u00f3wna\",\"item\":\"https:\\\/\\\/www.drewnianamagia.pl\\\/\"},{\"@type\":\"ListItem\",\"position\":2,\"name\":\"Sklep\",\"item\":\"https:\\\/\\\/www.drewnianamagia.pl\\\/index.php\\\/sklep-internetowy-drewnianamagia\\\/\"},{\"@type\":\"ListItem\",\"position\":3,\"name\":\"Serwetnik z personalizacj\u0105\"}]},{\"@type\":\"WebSite\",\"@id\":\"https:\\\/\\\/www.drewnianamagia.pl\\\/#website\",\"url\":\"https:\\\/\\\/www.drewnianamagia.pl\\\/\",\"name\":\"Drewniana Magia\",\"description\":\"Personalizowane prezenty i dekoracje z drewna i druku 3D, na ka\u017cd\u0105 okazj\u0119 i okoliczno\u015b\u0107. Urodziny, Chrzest, Przyj\u0119cie, \u015awi\u0119ta, \u015alub\",\"publisher\":{\"@id\":\"https:\\\/\\\/www.drewnianamagia.pl\\\/#organization\"},\"potentialAction\":[{\"@type\":\"SearchAction\",\"target\":{\"@type\":\"EntryPoint\",\"urlTemplate\":\"https:\\\/\\\/www.drewnianamagia.pl\\\/?s={search_term_string}\"},\"query-input\":{\"@type\":\"PropertyValueSpecification\",\"valueRequired\":true,\"valueName\":\"search_term_string\"}}],\"inLanguage\":\"pl-PL\"},{\"@type\":\"Organization\",\"@id\":\"https:\\\/\\\/www.drewnianamagia.pl\\\/#organization\",\"name\":\"Drewniana Magia\",\"url\":\"https:\\\/\\\/www.drewnianamagia.pl\\\/\",\"logo\":{\"@type\":\"ImageObject\",\"inLanguage\":\"pl-PL\",\"@id\":\"https:\\\/\\\/www.drewnianamagia.pl\\\/#\\\/schema\\\/logo\\\/image\\\/\",\"url\":\"https:\\\/\\\/www.drewnianamagia.pl\\\/wp-content\\\/uploads\\\/2024\\\/02\\\/cropped-LOGO-DrewnianaMagia-375x188-1.png\",\"contentUrl\":\"https:\\\/\\\/www.drewnianamagia.pl\\\/wp-content\\\/uploads\\\/2024\\\/02\\\/cropped-LOGO-DrewnianaMagia-375x188-1.png\",\"width\":374,\"height\":188,\"caption\":\"Drewniana Magia\"},\"image\":{\"@id\":\"https:\\\/\\\/www.drewnianamagia.pl\\\/#\\\/schema\\\/logo\\\/image\\\/\"},\"sameAs\":[\"https:\\\/\\\/facebook.com\\\/BelasDrewnianaMagia\"]}]}<\/script>\n<!-- \/ Yoast SEO plugin. -->","yoast_head_json":{"title":"Serwetnik z personalizacj\u0105 - Drewniana Magia","description":"Serwetnik personalizowany dowolnym tekstem i wybrana grafik\u0105 z obu stron. Wyj\u0105tkowy, niepowtarzalny i praktyczny prezent od serca.","robots":{"index":"index","follow":"follow","max-snippet":"max-snippet:-1","max-image-preview":"max-image-preview:large","max-video-preview":"max-video-preview:-1"},"canonical":"https:\/\/www.drewnianamagia.pl\/index.php\/produkt\/serwetnik-z-personalizacja\/","og_locale":"pl_PL","og_type":"article","og_title":"Serwetnik z personalizacj\u0105 - Drewniana Magia","og_description":"Serwetnik personalizowany dowolnym tekstem i wybrana grafik\u0105 z obu stron. Wyj\u0105tkowy, niepowtarzalny i praktyczny prezent od serca.","og_url":"https:\/\/www.drewnianamagia.pl\/index.php\/produkt\/serwetnik-z-personalizacja\/","og_site_name":"Drewniana Magia","article_publisher":"https:\/\/facebook.com\/BelasDrewnianaMagia","article_modified_time":"2025-11-20T18:24:21+00:00","og_image":[{"width":1500,"height":1500,"url":"https:\/\/www.drewnianamagia.pl\/wp-content\/uploads\/2024\/02\/serwetnik-4.png","type":"image\/png"}],"twitter_card":"summary_large_image","twitter_misc":{"Szacowany czas czytania":"2 minuty"},"schema":{"@context":"https:\/\/schema.org","@graph":[{"@type":"WebPage","@id":"https:\/\/www.drewnianamagia.pl\/index.php\/produkt\/serwetnik-z-personalizacja\/","url":"https:\/\/www.drewnianamagia.pl\/index.php\/produkt\/serwetnik-z-personalizacja\/","name":"Serwetnik z personalizacj\u0105 - Drewniana Magia","isPartOf":{"@id":"https:\/\/www.drewnianamagia.pl\/#website"},"primaryImageOfPage":{"@id":"https:\/\/www.drewnianamagia.pl\/index.php\/produkt\/serwetnik-z-personalizacja\/#primaryimage"},"image":{"@id":"https:\/\/www.drewnianamagia.pl\/index.php\/produkt\/serwetnik-z-personalizacja\/#primaryimage"},"thumbnailUrl":"https:\/\/www.drewnianamagia.pl\/wp-content\/uploads\/2024\/02\/serwetnik-4.png","datePublished":"2024-02-05T15:00:31+00:00","dateModified":"2025-11-20T18:24:21+00:00","description":"Serwetnik personalizowany dowolnym tekstem i wybrana grafik\u0105 z obu stron. Wyj\u0105tkowy, niepowtarzalny i praktyczny prezent od serca.","breadcrumb":{"@id":"https:\/\/www.drewnianamagia.pl\/index.php\/produkt\/serwetnik-z-personalizacja\/#breadcrumb"},"inLanguage":"pl-PL","potentialAction":[{"@type":"ReadAction","target":["https:\/\/www.drewnianamagia.pl\/index.php\/produkt\/serwetnik-z-personalizacja\/"]}]},{"@type":"ImageObject","inLanguage":"pl-PL","@id":"https:\/\/www.drewnianamagia.pl\/index.php\/produkt\/serwetnik-z-personalizacja\/#primaryimage","url":"https:\/\/www.drewnianamagia.pl\/wp-content\/uploads\/2024\/02\/serwetnik-4.png","contentUrl":"https:\/\/www.drewnianamagia.pl\/wp-content\/uploads\/2024\/02\/serwetnik-4.png","width":1500,"height":1500,"caption":"serwetnik z personalizacj\u0105"},{"@type":"BreadcrumbList","@id":"https:\/\/www.drewnianamagia.pl\/index.php\/produkt\/serwetnik-z-personalizacja\/#breadcrumb","itemListElement":[{"@type":"ListItem","position":1,"name":"Strona g\u0142\u00f3wna","item":"https:\/\/www.drewnianamagia.pl\/"},{"@type":"ListItem","position":2,"name":"Sklep","item":"https:\/\/www.drewnianamagia.pl\/index.php\/sklep-internetowy-drewnianamagia\/"},{"@type":"ListItem","position":3,"name":"Serwetnik z personalizacj\u0105"}]},{"@type":"WebSite","@id":"https:\/\/www.drewnianamagia.pl\/#website","url":"https:\/\/www.drewnianamagia.pl\/","name":"Drewniana Magia","description":"Personalizowane prezenty i dekoracje z drewna i druku 3D, na ka\u017cd\u0105 okazj\u0119 i okoliczno\u015b\u0107. Urodziny, Chrzest, Przyj\u0119cie, \u015awi\u0119ta, \u015alub","publisher":{"@id":"https:\/\/www.drewnianamagia.pl\/#organization"},"potentialAction":[{"@type":"SearchAction","target":{"@type":"EntryPoint","urlTemplate":"https:\/\/www.drewnianamagia.pl\/?s={search_term_string}"},"query-input":{"@type":"PropertyValueSpecification","valueRequired":true,"valueName":"search_term_string"}}],"inLanguage":"pl-PL"},{"@type":"Organization","@id":"https:\/\/www.drewnianamagia.pl\/#organization","name":"Drewniana Magia","url":"https:\/\/www.drewnianamagia.pl\/","logo":{"@type":"ImageObject","inLanguage":"pl-PL","@id":"https:\/\/www.drewnianamagia.pl\/#\/schema\/logo\/image\/","url":"https:\/\/www.drewnianamagia.pl\/wp-content\/uploads\/2024\/02\/cropped-LOGO-DrewnianaMagia-375x188-1.png","contentUrl":"https:\/\/www.drewnianamagia.pl\/wp-content\/uploads\/2024\/02\/cropped-LOGO-DrewnianaMagia-375x188-1.png","width":374,"height":188,"caption":"Drewniana Magia"},"image":{"@id":"https:\/\/www.drewnianamagia.pl\/#\/schema\/logo\/image\/"},"sameAs":["https:\/\/facebook.com\/BelasDrewnianaMagia"]}]}},"_links":{"self":[{"href":"https:\/\/www.drewnianamagia.pl\/index.php\/wp-json\/wp\/v2\/product\/1886","targetHints":{"allow":["GET"]}}],"collection":[{"href":"https:\/\/www.drewnianamagia.pl\/index.php\/wp-json\/wp\/v2\/product"}],"about":[{"href":"https:\/\/www.drewnianamagia.pl\/index.php\/wp-json\/wp\/v2\/types\/product"}],"replies":[{"embeddable":true,"href":"https:\/\/www.drewnianamagia.pl\/index.php\/wp-json\/wp\/v2\/comments?post=1886"}],"wp:featuredmedia":[{"embeddable":true,"href":"https:\/\/www.drewnianamagia.pl\/index.php\/wp-json\/wp\/v2\/media\/1838"}],"wp:attachment":[{"href":"https:\/\/www.drewnianamagia.pl\/index.php\/wp-json\/wp\/v2\/media?parent=1886"}],"wp:term":[{"taxonomy":"product_brand","embeddable":true,"href":"https:\/\/www.drewnianamagia.pl\/index.php\/wp-json\/wp\/v2\/product_brand?post=1886"},{"taxonomy":"product_cat","embeddable":true,"href":"https:\/\/www.drewnianamagia.pl\/index.php\/wp-json\/wp\/v2\/product_cat?post=1886"},{"taxonomy":"product_tag","embeddable":true,"href":"https:\/\/www.drewnianamagia.pl\/index.php\/wp-json\/wp\/v2\/product_tag?post=1886"}],"curies":[{"name":"wp","href":"https:\/\/api.w.org\/{rel}","templated":true}]}}