{"id":1882,"date":"2024-02-05T14:40:40","date_gmt":"2024-02-05T13:40:40","guid":{"rendered":"https:\/\/www.drewnianamagia.pl\/?post_type=product&#038;p=1882"},"modified":"2025-12-15T13:20:56","modified_gmt":"2025-12-15T12:20:56","slug":"zawieszka-do-auta-z-personalizacja-serce","status":"publish","type":"product","link":"https:\/\/www.drewnianamagia.pl\/index.php\/produkt\/zawieszka-do-auta-z-personalizacja-serce\/","title":{"rendered":"Zawieszka do auta z personalizacj\u0105 \u2013 serce v1"},"content":{"rendered":"<p style=\"text-align: center;\">Zawieszka do auta &#8211; serce<\/p>\n<p>Personalizowana drewniana zawieszka do auta w kszta\u0142cie serca.<\/p>\n<p>Wymiary produktu:\u00a0 9,5 cm x 8cm.<\/p>\n<p>Wykonana z wysokiej jako\u015bci sklejki o grubo\u015bci ok. 3mm. R\u0119cznie szlifowana.<\/p>\n<p>Do\u0142\u0105czony sznurek jutowy.<\/p>\n<p>Dodaj sw\u00f3j podpis do dedykowanego graweru &#8222;Kochanie zawsze wracaj bezpiecznie&#8221; lub podaj nam swoj\u0105 tre\u015b\u0107 jak\u0105 mamy umie\u015bci\u0107.<\/p>\n<p>&nbsp;<\/p>\n","protected":false},"excerpt":{"rendered":"<p>Zawieszka do auta &#8211; serce Personalizowana drewniana zawieszka do auta w kszta\u0142cie serca. Wymiary produktu:\u00a0 9,5 cm x 8cm. Wykonana z wysokiej jako\u015bci sklejki o grubo\u015bci ok. 3mm. R\u0119cznie szlifowana. Do\u0142\u0105czony sznurek jutowy. Dodaj sw\u00f3j podpis do dedykowanego graweru &#8222;Kochanie zawsze wracaj bezpiecznie&#8221; lub podaj nam swoj\u0105 tre\u015b\u0107 jak\u0105 mamy umie\u015bci\u0107. &nbsp;<\/p>\n","protected":false},"featured_media":1843,"comment_status":"open","ping_status":"closed","template":"","meta":{"_acf_changed":false},"product_brand":[],"product_cat":[49,103,109,108,100,104,92,105,96,99,144],"product_tag":[203],"class_list":{"0":"post-1882","1":"product","2":"type-product","3":"status-publish","4":"has-post-thumbnail","6":"product_cat-dekoracje","7":"product_cat-dzien-babci-dzien-dziadka","8":"product_cat-dzien-chlopaka","9":"product_cat-dzien-kobiet","10":"product_cat-dzien-matki-dzien-ojca","11":"product_cat-dzien-nauczyciela","12":"product_cat-gadzety","13":"product_cat-rocznice","14":"product_cat-urodziny-imieniny","15":"product_cat-walentynki","16":"product_cat-zawieszki","17":"product_tag-pnp","19":"first","20":"instock","21":"taxable","22":"shipping-taxable","23":"purchasable","24":"product-type-simple"},"acf":[],"yoast_head":"<!-- This site is optimized with the Yoast SEO plugin v27.5 - https:\/\/yoast.com\/product\/yoast-seo-wordpress\/ -->\n<title>Zawieszka do auta z personalizacj\u0105 \u2013 serce v1 - Drewniana Magia<\/title>\n<meta name=\"description\" content=\"Drewniana zawieszka do auta. Dodaj sw\u00f3j podpis lub zmie\u0144 ca\u0142y tekst zawieszki. Przeka\u017c swoje uczucia w ten wyj\u0105tkowy spos\u00f3b.\" \/>\n<meta name=\"robots\" content=\"index, follow, max-snippet:-1, max-image-preview:large, max-video-preview:-1\" \/>\n<link rel=\"canonical\" href=\"https:\/\/www.drewnianamagia.pl\/index.php\/produkt\/zawieszka-do-auta-z-personalizacja-serce\/\" \/>\n<meta property=\"og:locale\" content=\"pl_PL\" \/>\n<meta property=\"og:type\" content=\"article\" \/>\n<meta property=\"og:title\" content=\"Zawieszka do auta z personalizacj\u0105 \u2013 serce v1 - Drewniana Magia\" \/>\n<meta property=\"og:description\" content=\"Drewniana zawieszka do auta. Dodaj sw\u00f3j podpis lub zmie\u0144 ca\u0142y tekst zawieszki. Przeka\u017c swoje uczucia w ten wyj\u0105tkowy spos\u00f3b.\" \/>\n<meta property=\"og:url\" content=\"https:\/\/www.drewnianamagia.pl\/index.php\/produkt\/zawieszka-do-auta-z-personalizacja-serce\/\" \/>\n<meta property=\"og:site_name\" content=\"Drewniana Magia\" \/>\n<meta property=\"article:publisher\" content=\"https:\/\/facebook.com\/BelasDrewnianaMagia\" \/>\n<meta property=\"article:modified_time\" content=\"2025-12-15T12:20:56+00:00\" \/>\n<meta property=\"og:image\" content=\"https:\/\/www.drewnianamagia.pl\/wp-content\/uploads\/2024\/02\/zawieszka-serce-real.png\" \/>\n\t<meta property=\"og:image:width\" content=\"1500\" \/>\n\t<meta property=\"og:image:height\" content=\"1500\" \/>\n\t<meta property=\"og:image:type\" content=\"image\/png\" \/>\n<meta name=\"twitter:card\" content=\"summary_large_image\" \/>\n<meta name=\"twitter:label1\" content=\"Szacowany czas czytania\" \/>\n\t<meta name=\"twitter:data1\" content=\"1 minuta\" \/>\n<script type=\"application\/ld+json\" class=\"yoast-schema-graph\">{\"@context\":\"https:\\\/\\\/schema.org\",\"@graph\":[{\"@type\":\"WebPage\",\"@id\":\"https:\\\/\\\/www.drewnianamagia.pl\\\/index.php\\\/produkt\\\/zawieszka-do-auta-z-personalizacja-serce\\\/\",\"url\":\"https:\\\/\\\/www.drewnianamagia.pl\\\/index.php\\\/produkt\\\/zawieszka-do-auta-z-personalizacja-serce\\\/\",\"name\":\"Zawieszka do auta z personalizacj\u0105 \u2013 serce v1 - Drewniana Magia\",\"isPartOf\":{\"@id\":\"https:\\\/\\\/www.drewnianamagia.pl\\\/#website\"},\"primaryImageOfPage\":{\"@id\":\"https:\\\/\\\/www.drewnianamagia.pl\\\/index.php\\\/produkt\\\/zawieszka-do-auta-z-personalizacja-serce\\\/#primaryimage\"},\"image\":{\"@id\":\"https:\\\/\\\/www.drewnianamagia.pl\\\/index.php\\\/produkt\\\/zawieszka-do-auta-z-personalizacja-serce\\\/#primaryimage\"},\"thumbnailUrl\":\"https:\\\/\\\/www.drewnianamagia.pl\\\/wp-content\\\/uploads\\\/2024\\\/02\\\/zawieszka-serce-real.png\",\"datePublished\":\"2024-02-05T13:40:40+00:00\",\"dateModified\":\"2025-12-15T12:20:56+00:00\",\"description\":\"Drewniana zawieszka do auta. Dodaj sw\u00f3j podpis lub zmie\u0144 ca\u0142y tekst zawieszki. Przeka\u017c swoje uczucia w ten wyj\u0105tkowy spos\u00f3b.\",\"breadcrumb\":{\"@id\":\"https:\\\/\\\/www.drewnianamagia.pl\\\/index.php\\\/produkt\\\/zawieszka-do-auta-z-personalizacja-serce\\\/#breadcrumb\"},\"inLanguage\":\"pl-PL\",\"potentialAction\":[{\"@type\":\"ReadAction\",\"target\":[\"https:\\\/\\\/www.drewnianamagia.pl\\\/index.php\\\/produkt\\\/zawieszka-do-auta-z-personalizacja-serce\\\/\"]}]},{\"@type\":\"ImageObject\",\"inLanguage\":\"pl-PL\",\"@id\":\"https:\\\/\\\/www.drewnianamagia.pl\\\/index.php\\\/produkt\\\/zawieszka-do-auta-z-personalizacja-serce\\\/#primaryimage\",\"url\":\"https:\\\/\\\/www.drewnianamagia.pl\\\/wp-content\\\/uploads\\\/2024\\\/02\\\/zawieszka-serce-real.png\",\"contentUrl\":\"https:\\\/\\\/www.drewnianamagia.pl\\\/wp-content\\\/uploads\\\/2024\\\/02\\\/zawieszka-serce-real.png\",\"width\":1500,\"height\":1500,\"caption\":\"Zawieszka do auta\"},{\"@type\":\"BreadcrumbList\",\"@id\":\"https:\\\/\\\/www.drewnianamagia.pl\\\/index.php\\\/produkt\\\/zawieszka-do-auta-z-personalizacja-serce\\\/#breadcrumb\",\"itemListElement\":[{\"@type\":\"ListItem\",\"position\":1,\"name\":\"Strona g\u0142\u00f3wna\",\"item\":\"https:\\\/\\\/www.drewnianamagia.pl\\\/\"},{\"@type\":\"ListItem\",\"position\":2,\"name\":\"Sklep\",\"item\":\"https:\\\/\\\/www.drewnianamagia.pl\\\/index.php\\\/sklep-internetowy-drewnianamagia\\\/\"},{\"@type\":\"ListItem\",\"position\":3,\"name\":\"Zawieszka do auta z personalizacj\u0105 \u2013 serce v1\"}]},{\"@type\":\"WebSite\",\"@id\":\"https:\\\/\\\/www.drewnianamagia.pl\\\/#website\",\"url\":\"https:\\\/\\\/www.drewnianamagia.pl\\\/\",\"name\":\"Drewniana Magia\",\"description\":\"Personalizowane prezenty i dekoracje z drewna i druku 3D, na ka\u017cd\u0105 okazj\u0119 i okoliczno\u015b\u0107. Urodziny, Chrzest, Przyj\u0119cie, \u015awi\u0119ta, \u015alub\",\"publisher\":{\"@id\":\"https:\\\/\\\/www.drewnianamagia.pl\\\/#organization\"},\"potentialAction\":[{\"@type\":\"SearchAction\",\"target\":{\"@type\":\"EntryPoint\",\"urlTemplate\":\"https:\\\/\\\/www.drewnianamagia.pl\\\/?s={search_term_string}\"},\"query-input\":{\"@type\":\"PropertyValueSpecification\",\"valueRequired\":true,\"valueName\":\"search_term_string\"}}],\"inLanguage\":\"pl-PL\"},{\"@type\":\"Organization\",\"@id\":\"https:\\\/\\\/www.drewnianamagia.pl\\\/#organization\",\"name\":\"Drewniana Magia\",\"url\":\"https:\\\/\\\/www.drewnianamagia.pl\\\/\",\"logo\":{\"@type\":\"ImageObject\",\"inLanguage\":\"pl-PL\",\"@id\":\"https:\\\/\\\/www.drewnianamagia.pl\\\/#\\\/schema\\\/logo\\\/image\\\/\",\"url\":\"https:\\\/\\\/www.drewnianamagia.pl\\\/wp-content\\\/uploads\\\/2024\\\/02\\\/cropped-LOGO-DrewnianaMagia-375x188-1.png\",\"contentUrl\":\"https:\\\/\\\/www.drewnianamagia.pl\\\/wp-content\\\/uploads\\\/2024\\\/02\\\/cropped-LOGO-DrewnianaMagia-375x188-1.png\",\"width\":374,\"height\":188,\"caption\":\"Drewniana Magia\"},\"image\":{\"@id\":\"https:\\\/\\\/www.drewnianamagia.pl\\\/#\\\/schema\\\/logo\\\/image\\\/\"},\"sameAs\":[\"https:\\\/\\\/facebook.com\\\/BelasDrewnianaMagia\"]}]}<\/script>\n<!-- \/ Yoast SEO plugin. -->","yoast_head_json":{"title":"Zawieszka do auta z personalizacj\u0105 \u2013 serce v1 - Drewniana Magia","description":"Drewniana zawieszka do auta. Dodaj sw\u00f3j podpis lub zmie\u0144 ca\u0142y tekst zawieszki. Przeka\u017c swoje uczucia w ten wyj\u0105tkowy spos\u00f3b.","robots":{"index":"index","follow":"follow","max-snippet":"max-snippet:-1","max-image-preview":"max-image-preview:large","max-video-preview":"max-video-preview:-1"},"canonical":"https:\/\/www.drewnianamagia.pl\/index.php\/produkt\/zawieszka-do-auta-z-personalizacja-serce\/","og_locale":"pl_PL","og_type":"article","og_title":"Zawieszka do auta z personalizacj\u0105 \u2013 serce v1 - Drewniana Magia","og_description":"Drewniana zawieszka do auta. Dodaj sw\u00f3j podpis lub zmie\u0144 ca\u0142y tekst zawieszki. Przeka\u017c swoje uczucia w ten wyj\u0105tkowy spos\u00f3b.","og_url":"https:\/\/www.drewnianamagia.pl\/index.php\/produkt\/zawieszka-do-auta-z-personalizacja-serce\/","og_site_name":"Drewniana Magia","article_publisher":"https:\/\/facebook.com\/BelasDrewnianaMagia","article_modified_time":"2025-12-15T12:20:56+00:00","og_image":[{"width":1500,"height":1500,"url":"https:\/\/www.drewnianamagia.pl\/wp-content\/uploads\/2024\/02\/zawieszka-serce-real.png","type":"image\/png"}],"twitter_card":"summary_large_image","twitter_misc":{"Szacowany czas czytania":"1 minuta"},"schema":{"@context":"https:\/\/schema.org","@graph":[{"@type":"WebPage","@id":"https:\/\/www.drewnianamagia.pl\/index.php\/produkt\/zawieszka-do-auta-z-personalizacja-serce\/","url":"https:\/\/www.drewnianamagia.pl\/index.php\/produkt\/zawieszka-do-auta-z-personalizacja-serce\/","name":"Zawieszka do auta z personalizacj\u0105 \u2013 serce v1 - Drewniana Magia","isPartOf":{"@id":"https:\/\/www.drewnianamagia.pl\/#website"},"primaryImageOfPage":{"@id":"https:\/\/www.drewnianamagia.pl\/index.php\/produkt\/zawieszka-do-auta-z-personalizacja-serce\/#primaryimage"},"image":{"@id":"https:\/\/www.drewnianamagia.pl\/index.php\/produkt\/zawieszka-do-auta-z-personalizacja-serce\/#primaryimage"},"thumbnailUrl":"https:\/\/www.drewnianamagia.pl\/wp-content\/uploads\/2024\/02\/zawieszka-serce-real.png","datePublished":"2024-02-05T13:40:40+00:00","dateModified":"2025-12-15T12:20:56+00:00","description":"Drewniana zawieszka do auta. Dodaj sw\u00f3j podpis lub zmie\u0144 ca\u0142y tekst zawieszki. Przeka\u017c swoje uczucia w ten wyj\u0105tkowy spos\u00f3b.","breadcrumb":{"@id":"https:\/\/www.drewnianamagia.pl\/index.php\/produkt\/zawieszka-do-auta-z-personalizacja-serce\/#breadcrumb"},"inLanguage":"pl-PL","potentialAction":[{"@type":"ReadAction","target":["https:\/\/www.drewnianamagia.pl\/index.php\/produkt\/zawieszka-do-auta-z-personalizacja-serce\/"]}]},{"@type":"ImageObject","inLanguage":"pl-PL","@id":"https:\/\/www.drewnianamagia.pl\/index.php\/produkt\/zawieszka-do-auta-z-personalizacja-serce\/#primaryimage","url":"https:\/\/www.drewnianamagia.pl\/wp-content\/uploads\/2024\/02\/zawieszka-serce-real.png","contentUrl":"https:\/\/www.drewnianamagia.pl\/wp-content\/uploads\/2024\/02\/zawieszka-serce-real.png","width":1500,"height":1500,"caption":"Zawieszka do auta"},{"@type":"BreadcrumbList","@id":"https:\/\/www.drewnianamagia.pl\/index.php\/produkt\/zawieszka-do-auta-z-personalizacja-serce\/#breadcrumb","itemListElement":[{"@type":"ListItem","position":1,"name":"Strona g\u0142\u00f3wna","item":"https:\/\/www.drewnianamagia.pl\/"},{"@type":"ListItem","position":2,"name":"Sklep","item":"https:\/\/www.drewnianamagia.pl\/index.php\/sklep-internetowy-drewnianamagia\/"},{"@type":"ListItem","position":3,"name":"Zawieszka do auta z personalizacj\u0105 \u2013 serce v1"}]},{"@type":"WebSite","@id":"https:\/\/www.drewnianamagia.pl\/#website","url":"https:\/\/www.drewnianamagia.pl\/","name":"Drewniana Magia","description":"Personalizowane prezenty i dekoracje z drewna i druku 3D, na ka\u017cd\u0105 okazj\u0119 i okoliczno\u015b\u0107. Urodziny, Chrzest, Przyj\u0119cie, \u015awi\u0119ta, \u015alub","publisher":{"@id":"https:\/\/www.drewnianamagia.pl\/#organization"},"potentialAction":[{"@type":"SearchAction","target":{"@type":"EntryPoint","urlTemplate":"https:\/\/www.drewnianamagia.pl\/?s={search_term_string}"},"query-input":{"@type":"PropertyValueSpecification","valueRequired":true,"valueName":"search_term_string"}}],"inLanguage":"pl-PL"},{"@type":"Organization","@id":"https:\/\/www.drewnianamagia.pl\/#organization","name":"Drewniana Magia","url":"https:\/\/www.drewnianamagia.pl\/","logo":{"@type":"ImageObject","inLanguage":"pl-PL","@id":"https:\/\/www.drewnianamagia.pl\/#\/schema\/logo\/image\/","url":"https:\/\/www.drewnianamagia.pl\/wp-content\/uploads\/2024\/02\/cropped-LOGO-DrewnianaMagia-375x188-1.png","contentUrl":"https:\/\/www.drewnianamagia.pl\/wp-content\/uploads\/2024\/02\/cropped-LOGO-DrewnianaMagia-375x188-1.png","width":374,"height":188,"caption":"Drewniana Magia"},"image":{"@id":"https:\/\/www.drewnianamagia.pl\/#\/schema\/logo\/image\/"},"sameAs":["https:\/\/facebook.com\/BelasDrewnianaMagia"]}]}},"_links":{"self":[{"href":"https:\/\/www.drewnianamagia.pl\/index.php\/wp-json\/wp\/v2\/product\/1882","targetHints":{"allow":["GET"]}}],"collection":[{"href":"https:\/\/www.drewnianamagia.pl\/index.php\/wp-json\/wp\/v2\/product"}],"about":[{"href":"https:\/\/www.drewnianamagia.pl\/index.php\/wp-json\/wp\/v2\/types\/product"}],"replies":[{"embeddable":true,"href":"https:\/\/www.drewnianamagia.pl\/index.php\/wp-json\/wp\/v2\/comments?post=1882"}],"wp:featuredmedia":[{"embeddable":true,"href":"https:\/\/www.drewnianamagia.pl\/index.php\/wp-json\/wp\/v2\/media\/1843"}],"wp:attachment":[{"href":"https:\/\/www.drewnianamagia.pl\/index.php\/wp-json\/wp\/v2\/media?parent=1882"}],"wp:term":[{"taxonomy":"product_brand","embeddable":true,"href":"https:\/\/www.drewnianamagia.pl\/index.php\/wp-json\/wp\/v2\/product_brand?post=1882"},{"taxonomy":"product_cat","embeddable":true,"href":"https:\/\/www.drewnianamagia.pl\/index.php\/wp-json\/wp\/v2\/product_cat?post=1882"},{"taxonomy":"product_tag","embeddable":true,"href":"https:\/\/www.drewnianamagia.pl\/index.php\/wp-json\/wp\/v2\/product_tag?post=1882"}],"curies":[{"name":"wp","href":"https:\/\/api.w.org\/{rel}","templated":true}]}}