{"id":1867,"date":"2024-02-03T12:33:33","date_gmt":"2024-02-03T11:33:33","guid":{"rendered":"https:\/\/www.drewnianamagia.pl\/?post_type=product&#038;p=1867"},"modified":"2024-12-13T12:27:59","modified_gmt":"2024-12-13T11:27:59","slug":"topper-na-podstawie","status":"publish","type":"product","link":"https:\/\/www.drewnianamagia.pl\/index.php\/produkt\/topper-na-podstawie\/","title":{"rendered":"Topper na podstawie"},"content":{"rendered":"<p style=\"text-align: center;\"><strong>Topper na podstawie &#8211; ozdoba ka\u017cdej uroczysto\u015bci<\/strong><\/p>\n<p>&nbsp;<\/p>\n<p>Z przyjemno\u015bci\u0105 przedstawiamy nasz wyj\u0105tkowy i personalizowany topper z do\u0142\u0105czon\u0105 podstawk\u0105, stworzony z my\u015bl\u0105 o dodaniu wyj\u0105tkowego akcentu do Twoich istotnych chwil. Ten elegancki topper, wykonany z wysokiej jako\u015bci sklejki o grubo\u015bci oko\u0142o 3mm, jest nie tylko estetyczny, ale r\u00f3wnie\u017c trwa\u0142y.<\/p>\n<p>Oto kilka kluczowych cech naszego personalizowanego toppera:<\/p>\n<ol>\n<li><strong>Personalizacja:<\/strong> To niezwyk\u0142e akcesorium umo\u017cliwia swobodne dostosowanie do Twoich potrzeb. Mo\u017cesz umie\u015bci\u0107 dowolny tekst w obr\u0119czy, co dodatkowo podkre\u015bli znaczenie danej chwili. Idealny spos\u00f3b, aby uczci\u0107 wa\u017cne wydarzenia, takie jak urodziny, jubileusze czy rocznice. Daj nam zna\u0107 jaki tekst mamy umie\u015bci\u0107. S\u0142owa i wielko\u015b\u0107 czcionki u\u0142o\u017cymy w taki spos\u00f3b aby maksymalnie wykorzysta\u0107 potencja\u0142 produktu.<\/li>\n<li><strong>Obr\u0119cz o \u015brednicy 20 cm:<\/strong> Obr\u0119cz topera, o imponuj\u0105cej \u015brednicy 20 cm, zapewnia odpowiedni\u0105 powierzchni\u0119 do umieszczenia spersonalizowanego tekstu. Wyrazista i czytelna czcionka sprawi, \u017ce Twoja wiadomo\u015b\u0107 b\u0119dzie widoczna i elegancka.<\/li>\n<li><strong>Ca\u0142kowita wysoko\u015b\u0107 topera:<\/strong> Produkt osi\u0105ga imponuj\u0105c\u0105 wysoko\u015b\u0107 oko\u0142o 30 cm, co dodaje mu efektownego charakteru. Dzi\u0119ki temu topperowi bez trudu przyci\u0105gniesz uwag\u0119, staj\u0105c si\u0119 wyj\u0105tkowym elementem dekoracyjnym.<\/li>\n<li><strong>Materia\u0142:<\/strong> Wybrali\u015bmy wysokiej jako\u015bci sklejk\u0119, kt\u00f3ra nie tylko prezentuje si\u0119 elegancko, ale r\u00f3wnie\u017c gwarantuje trwa\u0142o\u015b\u0107 i stabilno\u015b\u0107 &#8211; w odr\u00f3\u017cnieniu od\u00a0 popularnych na rynku topper\u00f3w z tektury. Ka\u017cdy topper jest r\u0119cznie szlifowany, co nadaje mu wyj\u0105tkowy charakter i sprawia, \u017ce ka\u017cdy egzemplarz jest niepowtarzalny.<\/li>\n<li><strong>Podstawa do postawienia:<\/strong> Do\u0142\u0105czona podstawa umo\u017cliwia \u0142atwe i bezpieczne postawienie topera na stole, szafce, czy p\u00f3\u0142ce. Dzi\u0119ki temu mo\u017cesz swobodnie eksponowa\u0107 sw\u00f3j personalizowany topper w miejscu, kt\u00f3re uwa\u017casz za najbardziej odpowiednie.<\/li>\n<\/ol>\n<p>W naszym personalizowanym topperze \u0142\u0105cz\u0105 si\u0119 precyzja wykonania, elegancja i unikalno\u015b\u0107, tworz\u0105c niepowtarzalny element dekoracyjny idealny na ka\u017cd\u0105 okazj\u0119. Spraw, by wa\u017cne chwile by\u0142y jeszcze bardziej wyj\u0105tkowe dzi\u0119ki naszemu personalizowanemu topperowi z obr\u0119cz\u0105 o \u015brednicy 20 cm.<\/p>\n","protected":false},"excerpt":{"rendered":"<p>Topper na podstawie &#8211; ozdoba ka\u017cdej uroczysto\u015bci &nbsp; Z przyjemno\u015bci\u0105 przedstawiamy nasz wyj\u0105tkowy i personalizowany topper z do\u0142\u0105czon\u0105 podstawk\u0105, stworzony z my\u015bl\u0105 o dodaniu wyj\u0105tkowego akcentu do Twoich istotnych chwil. Ten elegancki topper, wykonany z wysokiej jako\u015bci sklejki o grubo\u015bci oko\u0142o 3mm, jest nie tylko estetyczny, ale r\u00f3wnie\u017c trwa\u0142y. Oto kilka kluczowych cech naszego personalizowanego [&hellip;]<\/p>\n","protected":false},"featured_media":1852,"comment_status":"open","ping_status":"closed","template":"","meta":{"_acf_changed":false},"product_brand":[],"product_cat":[97,49,92,105,98,148,149,96],"product_tag":[54],"class_list":{"0":"post-1867","1":"product","2":"type-product","3":"status-publish","4":"has-post-thumbnail","6":"product_cat-chrzest-komunia","7":"product_cat-dekoracje","8":"product_cat-gadzety","9":"product_cat-rocznice","10":"product_cat-slub-wesele","11":"product_cat-statuetki","12":"product_cat-toppery","13":"product_cat-urodziny-imieniny","14":"product_tag-personalizacja","16":"first","17":"instock","18":"taxable","19":"shipping-taxable","20":"purchasable","21":"product-type-simple"},"acf":[],"yoast_head":"<!-- This site is optimized with the Yoast SEO plugin v27.5 - https:\/\/yoast.com\/product\/yoast-seo-wordpress\/ -->\n<title>Topper na podstawie - Drewniana Magia<\/title>\n<meta name=\"description\" content=\"Personalizowany Twoim tekstem du\u017cy drewniany topper z do\u0142\u0105czon\u0105 podstaw\u0105 o \u0142\u0105cznej wysoko\u015bci ok. 30 cm. Idealna ozdoba ka\u017cdej uroczysto\u015bci!\" \/>\n<meta name=\"robots\" content=\"index, follow, max-snippet:-1, max-image-preview:large, max-video-preview:-1\" \/>\n<link rel=\"canonical\" href=\"https:\/\/www.drewnianamagia.pl\/index.php\/produkt\/topper-na-podstawie\/\" \/>\n<meta property=\"og:locale\" content=\"pl_PL\" \/>\n<meta property=\"og:type\" content=\"article\" \/>\n<meta property=\"og:title\" content=\"Topper na podstawie - Drewniana Magia\" \/>\n<meta property=\"og:description\" content=\"Personalizowany Twoim tekstem du\u017cy drewniany topper z do\u0142\u0105czon\u0105 podstaw\u0105 o \u0142\u0105cznej wysoko\u015bci ok. 30 cm. Idealna ozdoba ka\u017cdej uroczysto\u015bci!\" \/>\n<meta property=\"og:url\" content=\"https:\/\/www.drewnianamagia.pl\/index.php\/produkt\/topper-na-podstawie\/\" \/>\n<meta property=\"og:site_name\" content=\"Drewniana Magia\" \/>\n<meta property=\"article:publisher\" content=\"https:\/\/facebook.com\/BelasDrewnianaMagia\" \/>\n<meta property=\"article:modified_time\" content=\"2024-12-13T11:27:59+00:00\" \/>\n<meta property=\"og:image\" content=\"https:\/\/www.drewnianamagia.pl\/wp-content\/uploads\/2024\/02\/topper-kolo-podstawa-1.png\" \/>\n\t<meta property=\"og:image:width\" content=\"1500\" \/>\n\t<meta property=\"og:image:height\" content=\"1500\" \/>\n\t<meta property=\"og:image:type\" content=\"image\/png\" \/>\n<meta name=\"twitter:card\" content=\"summary_large_image\" \/>\n<meta name=\"twitter:label1\" content=\"Szacowany czas czytania\" \/>\n\t<meta name=\"twitter:data1\" content=\"2 minuty\" \/>\n<script type=\"application\/ld+json\" class=\"yoast-schema-graph\">{\"@context\":\"https:\\\/\\\/schema.org\",\"@graph\":[{\"@type\":\"WebPage\",\"@id\":\"https:\\\/\\\/www.drewnianamagia.pl\\\/index.php\\\/produkt\\\/topper-na-podstawie\\\/\",\"url\":\"https:\\\/\\\/www.drewnianamagia.pl\\\/index.php\\\/produkt\\\/topper-na-podstawie\\\/\",\"name\":\"Topper na podstawie - Drewniana Magia\",\"isPartOf\":{\"@id\":\"https:\\\/\\\/www.drewnianamagia.pl\\\/#website\"},\"primaryImageOfPage\":{\"@id\":\"https:\\\/\\\/www.drewnianamagia.pl\\\/index.php\\\/produkt\\\/topper-na-podstawie\\\/#primaryimage\"},\"image\":{\"@id\":\"https:\\\/\\\/www.drewnianamagia.pl\\\/index.php\\\/produkt\\\/topper-na-podstawie\\\/#primaryimage\"},\"thumbnailUrl\":\"https:\\\/\\\/www.drewnianamagia.pl\\\/wp-content\\\/uploads\\\/2024\\\/02\\\/topper-kolo-podstawa-1.png\",\"datePublished\":\"2024-02-03T11:33:33+00:00\",\"dateModified\":\"2024-12-13T11:27:59+00:00\",\"description\":\"Personalizowany Twoim tekstem du\u017cy drewniany topper z do\u0142\u0105czon\u0105 podstaw\u0105 o \u0142\u0105cznej wysoko\u015bci ok. 30 cm. Idealna ozdoba ka\u017cdej uroczysto\u015bci!\",\"breadcrumb\":{\"@id\":\"https:\\\/\\\/www.drewnianamagia.pl\\\/index.php\\\/produkt\\\/topper-na-podstawie\\\/#breadcrumb\"},\"inLanguage\":\"pl-PL\",\"potentialAction\":[{\"@type\":\"ReadAction\",\"target\":[\"https:\\\/\\\/www.drewnianamagia.pl\\\/index.php\\\/produkt\\\/topper-na-podstawie\\\/\"]}]},{\"@type\":\"ImageObject\",\"inLanguage\":\"pl-PL\",\"@id\":\"https:\\\/\\\/www.drewnianamagia.pl\\\/index.php\\\/produkt\\\/topper-na-podstawie\\\/#primaryimage\",\"url\":\"https:\\\/\\\/www.drewnianamagia.pl\\\/wp-content\\\/uploads\\\/2024\\\/02\\\/topper-kolo-podstawa-1.png\",\"contentUrl\":\"https:\\\/\\\/www.drewnianamagia.pl\\\/wp-content\\\/uploads\\\/2024\\\/02\\\/topper-kolo-podstawa-1.png\",\"width\":1500,\"height\":1500,\"caption\":\"topper na podstawie\"},{\"@type\":\"BreadcrumbList\",\"@id\":\"https:\\\/\\\/www.drewnianamagia.pl\\\/index.php\\\/produkt\\\/topper-na-podstawie\\\/#breadcrumb\",\"itemListElement\":[{\"@type\":\"ListItem\",\"position\":1,\"name\":\"Strona g\u0142\u00f3wna\",\"item\":\"https:\\\/\\\/www.drewnianamagia.pl\\\/\"},{\"@type\":\"ListItem\",\"position\":2,\"name\":\"Sklep\",\"item\":\"https:\\\/\\\/www.drewnianamagia.pl\\\/index.php\\\/sklep-internetowy-drewnianamagia\\\/\"},{\"@type\":\"ListItem\",\"position\":3,\"name\":\"Topper na podstawie\"}]},{\"@type\":\"WebSite\",\"@id\":\"https:\\\/\\\/www.drewnianamagia.pl\\\/#website\",\"url\":\"https:\\\/\\\/www.drewnianamagia.pl\\\/\",\"name\":\"Drewniana Magia\",\"description\":\"Personalizowane prezenty i dekoracje z drewna i druku 3D, na ka\u017cd\u0105 okazj\u0119 i okoliczno\u015b\u0107. Urodziny, Chrzest, Przyj\u0119cie, \u015awi\u0119ta, \u015alub\",\"publisher\":{\"@id\":\"https:\\\/\\\/www.drewnianamagia.pl\\\/#organization\"},\"potentialAction\":[{\"@type\":\"SearchAction\",\"target\":{\"@type\":\"EntryPoint\",\"urlTemplate\":\"https:\\\/\\\/www.drewnianamagia.pl\\\/?s={search_term_string}\"},\"query-input\":{\"@type\":\"PropertyValueSpecification\",\"valueRequired\":true,\"valueName\":\"search_term_string\"}}],\"inLanguage\":\"pl-PL\"},{\"@type\":\"Organization\",\"@id\":\"https:\\\/\\\/www.drewnianamagia.pl\\\/#organization\",\"name\":\"Drewniana Magia\",\"url\":\"https:\\\/\\\/www.drewnianamagia.pl\\\/\",\"logo\":{\"@type\":\"ImageObject\",\"inLanguage\":\"pl-PL\",\"@id\":\"https:\\\/\\\/www.drewnianamagia.pl\\\/#\\\/schema\\\/logo\\\/image\\\/\",\"url\":\"https:\\\/\\\/www.drewnianamagia.pl\\\/wp-content\\\/uploads\\\/2024\\\/02\\\/cropped-LOGO-DrewnianaMagia-375x188-1.png\",\"contentUrl\":\"https:\\\/\\\/www.drewnianamagia.pl\\\/wp-content\\\/uploads\\\/2024\\\/02\\\/cropped-LOGO-DrewnianaMagia-375x188-1.png\",\"width\":374,\"height\":188,\"caption\":\"Drewniana Magia\"},\"image\":{\"@id\":\"https:\\\/\\\/www.drewnianamagia.pl\\\/#\\\/schema\\\/logo\\\/image\\\/\"},\"sameAs\":[\"https:\\\/\\\/facebook.com\\\/BelasDrewnianaMagia\"]}]}<\/script>\n<!-- \/ Yoast SEO plugin. -->","yoast_head_json":{"title":"Topper na podstawie - Drewniana Magia","description":"Personalizowany Twoim tekstem du\u017cy drewniany topper z do\u0142\u0105czon\u0105 podstaw\u0105 o \u0142\u0105cznej wysoko\u015bci ok. 30 cm. Idealna ozdoba ka\u017cdej uroczysto\u015bci!","robots":{"index":"index","follow":"follow","max-snippet":"max-snippet:-1","max-image-preview":"max-image-preview:large","max-video-preview":"max-video-preview:-1"},"canonical":"https:\/\/www.drewnianamagia.pl\/index.php\/produkt\/topper-na-podstawie\/","og_locale":"pl_PL","og_type":"article","og_title":"Topper na podstawie - Drewniana Magia","og_description":"Personalizowany Twoim tekstem du\u017cy drewniany topper z do\u0142\u0105czon\u0105 podstaw\u0105 o \u0142\u0105cznej wysoko\u015bci ok. 30 cm. Idealna ozdoba ka\u017cdej uroczysto\u015bci!","og_url":"https:\/\/www.drewnianamagia.pl\/index.php\/produkt\/topper-na-podstawie\/","og_site_name":"Drewniana Magia","article_publisher":"https:\/\/facebook.com\/BelasDrewnianaMagia","article_modified_time":"2024-12-13T11:27:59+00:00","og_image":[{"width":1500,"height":1500,"url":"https:\/\/www.drewnianamagia.pl\/wp-content\/uploads\/2024\/02\/topper-kolo-podstawa-1.png","type":"image\/png"}],"twitter_card":"summary_large_image","twitter_misc":{"Szacowany czas czytania":"2 minuty"},"schema":{"@context":"https:\/\/schema.org","@graph":[{"@type":"WebPage","@id":"https:\/\/www.drewnianamagia.pl\/index.php\/produkt\/topper-na-podstawie\/","url":"https:\/\/www.drewnianamagia.pl\/index.php\/produkt\/topper-na-podstawie\/","name":"Topper na podstawie - Drewniana Magia","isPartOf":{"@id":"https:\/\/www.drewnianamagia.pl\/#website"},"primaryImageOfPage":{"@id":"https:\/\/www.drewnianamagia.pl\/index.php\/produkt\/topper-na-podstawie\/#primaryimage"},"image":{"@id":"https:\/\/www.drewnianamagia.pl\/index.php\/produkt\/topper-na-podstawie\/#primaryimage"},"thumbnailUrl":"https:\/\/www.drewnianamagia.pl\/wp-content\/uploads\/2024\/02\/topper-kolo-podstawa-1.png","datePublished":"2024-02-03T11:33:33+00:00","dateModified":"2024-12-13T11:27:59+00:00","description":"Personalizowany Twoim tekstem du\u017cy drewniany topper z do\u0142\u0105czon\u0105 podstaw\u0105 o \u0142\u0105cznej wysoko\u015bci ok. 30 cm. Idealna ozdoba ka\u017cdej uroczysto\u015bci!","breadcrumb":{"@id":"https:\/\/www.drewnianamagia.pl\/index.php\/produkt\/topper-na-podstawie\/#breadcrumb"},"inLanguage":"pl-PL","potentialAction":[{"@type":"ReadAction","target":["https:\/\/www.drewnianamagia.pl\/index.php\/produkt\/topper-na-podstawie\/"]}]},{"@type":"ImageObject","inLanguage":"pl-PL","@id":"https:\/\/www.drewnianamagia.pl\/index.php\/produkt\/topper-na-podstawie\/#primaryimage","url":"https:\/\/www.drewnianamagia.pl\/wp-content\/uploads\/2024\/02\/topper-kolo-podstawa-1.png","contentUrl":"https:\/\/www.drewnianamagia.pl\/wp-content\/uploads\/2024\/02\/topper-kolo-podstawa-1.png","width":1500,"height":1500,"caption":"topper na podstawie"},{"@type":"BreadcrumbList","@id":"https:\/\/www.drewnianamagia.pl\/index.php\/produkt\/topper-na-podstawie\/#breadcrumb","itemListElement":[{"@type":"ListItem","position":1,"name":"Strona g\u0142\u00f3wna","item":"https:\/\/www.drewnianamagia.pl\/"},{"@type":"ListItem","position":2,"name":"Sklep","item":"https:\/\/www.drewnianamagia.pl\/index.php\/sklep-internetowy-drewnianamagia\/"},{"@type":"ListItem","position":3,"name":"Topper na podstawie"}]},{"@type":"WebSite","@id":"https:\/\/www.drewnianamagia.pl\/#website","url":"https:\/\/www.drewnianamagia.pl\/","name":"Drewniana Magia","description":"Personalizowane prezenty i dekoracje z drewna i druku 3D, na ka\u017cd\u0105 okazj\u0119 i okoliczno\u015b\u0107. Urodziny, Chrzest, Przyj\u0119cie, \u015awi\u0119ta, \u015alub","publisher":{"@id":"https:\/\/www.drewnianamagia.pl\/#organization"},"potentialAction":[{"@type":"SearchAction","target":{"@type":"EntryPoint","urlTemplate":"https:\/\/www.drewnianamagia.pl\/?s={search_term_string}"},"query-input":{"@type":"PropertyValueSpecification","valueRequired":true,"valueName":"search_term_string"}}],"inLanguage":"pl-PL"},{"@type":"Organization","@id":"https:\/\/www.drewnianamagia.pl\/#organization","name":"Drewniana Magia","url":"https:\/\/www.drewnianamagia.pl\/","logo":{"@type":"ImageObject","inLanguage":"pl-PL","@id":"https:\/\/www.drewnianamagia.pl\/#\/schema\/logo\/image\/","url":"https:\/\/www.drewnianamagia.pl\/wp-content\/uploads\/2024\/02\/cropped-LOGO-DrewnianaMagia-375x188-1.png","contentUrl":"https:\/\/www.drewnianamagia.pl\/wp-content\/uploads\/2024\/02\/cropped-LOGO-DrewnianaMagia-375x188-1.png","width":374,"height":188,"caption":"Drewniana Magia"},"image":{"@id":"https:\/\/www.drewnianamagia.pl\/#\/schema\/logo\/image\/"},"sameAs":["https:\/\/facebook.com\/BelasDrewnianaMagia"]}]}},"_links":{"self":[{"href":"https:\/\/www.drewnianamagia.pl\/index.php\/wp-json\/wp\/v2\/product\/1867","targetHints":{"allow":["GET"]}}],"collection":[{"href":"https:\/\/www.drewnianamagia.pl\/index.php\/wp-json\/wp\/v2\/product"}],"about":[{"href":"https:\/\/www.drewnianamagia.pl\/index.php\/wp-json\/wp\/v2\/types\/product"}],"replies":[{"embeddable":true,"href":"https:\/\/www.drewnianamagia.pl\/index.php\/wp-json\/wp\/v2\/comments?post=1867"}],"wp:featuredmedia":[{"embeddable":true,"href":"https:\/\/www.drewnianamagia.pl\/index.php\/wp-json\/wp\/v2\/media\/1852"}],"wp:attachment":[{"href":"https:\/\/www.drewnianamagia.pl\/index.php\/wp-json\/wp\/v2\/media?parent=1867"}],"wp:term":[{"taxonomy":"product_brand","embeddable":true,"href":"https:\/\/www.drewnianamagia.pl\/index.php\/wp-json\/wp\/v2\/product_brand?post=1867"},{"taxonomy":"product_cat","embeddable":true,"href":"https:\/\/www.drewnianamagia.pl\/index.php\/wp-json\/wp\/v2\/product_cat?post=1867"},{"taxonomy":"product_tag","embeddable":true,"href":"https:\/\/www.drewnianamagia.pl\/index.php\/wp-json\/wp\/v2\/product_tag?post=1867"}],"curies":[{"name":"wp","href":"https:\/\/api.w.org\/{rel}","templated":true}]}}