{"id":1746,"date":"2024-01-22T14:21:27","date_gmt":"2024-01-22T13:21:27","guid":{"rendered":"https:\/\/www.drewnianamagia.pl\/?post_type=product&#038;p=1746"},"modified":"2024-12-13T12:27:56","modified_gmt":"2024-12-13T11:27:56","slug":"drewniana-pocztowka","status":"publish","type":"product","link":"https:\/\/www.drewnianamagia.pl\/index.php\/produkt\/drewniana-pocztowka\/","title":{"rendered":"Drewniana poczt\u00f3wka &#8211; prezent urodziny, dzie\u0144 kobiet, walentynki"},"content":{"rendered":"<p style=\"text-align: center;\">Drewniana poczt\u00f3wka &#8211; prezent na walentynki, rocznic\u0119, urodziny, imieniny.<\/p>\n<p>&nbsp;<\/p>\n<p>Chcesz zrobi\u0107 niespodziank\u0119 swojej drugiej po\u0142\u00f3wce?<\/p>\n<p>Podaruj jej drewnian\u0105 poczt\u00f3wk\u0119, kt\u00f3ra wyrazi Twoj\u0105 mi\u0142o\u015b\u0107 w niezwyk\u0142y spos\u00f3b.<\/p>\n<p>Nasza poczt\u00f3wka o wymiarach 10&#215;15 cm jest wykonana z wysokiej jako\u015bci sklejki i ozdobiona romantycznymi wzorami i tekstami.<\/p>\n<p><img loading=\"lazy\" decoding=\"async\" class=\"aligncenter size-medium wp-image-1737\" src=\"https:\/\/www.drewnianamagia.pl\/wp-content\/uploads\/2024\/01\/pocztowka-3-300x300.png\" alt=\"tw\u00f3j tekst\" width=\"300\" height=\"300\" srcset=\"https:\/\/www.drewnianamagia.pl\/wp-content\/uploads\/2024\/01\/pocztowka-3-300x300.png 300w, https:\/\/www.drewnianamagia.pl\/wp-content\/uploads\/2024\/01\/pocztowka-3-324x324.png 324w, https:\/\/www.drewnianamagia.pl\/wp-content\/uploads\/2024\/01\/pocztowka-3-100x100.png 100w, https:\/\/www.drewnianamagia.pl\/wp-content\/uploads\/2024\/01\/pocztowka-3-416x416.png 416w, https:\/\/www.drewnianamagia.pl\/wp-content\/uploads\/2024\/01\/pocztowka-3-150x150.png 150w, https:\/\/www.drewnianamagia.pl\/wp-content\/uploads\/2024\/01\/pocztowka-3-768x768.png 768w, https:\/\/www.drewnianamagia.pl\/wp-content\/uploads\/2024\/01\/pocztowka-3.png 1000w\" sizes=\"auto, (max-width: 300px) 100vw, 300px\" \/><\/p>\n<p>Mo\u017cesz spersonalizowa\u0107 poczt\u00f3wk\u0119, dodaj\u0105c w\u0142asne imiona, daty lub \u017cyczenia oraz wybra\u0107 jedn\u0105 z kilkudziesi\u0119ciu grafik, kt\u00f3r\u0105 umie\u015bcimy po lewej stronie produktu.\u00a0 Daj nam zna\u0107 jaki tekst mamy dla Ciebie wygrawerowa\u0107 w wybranych miejscach. Do zagospodarowania masz pole po lewej stronie wraz z podpisem lub innym kr\u00f3tkim tekstem i wybran\u0105 grafik\u0105 (dost\u0119pne grafiki widoczne w zdj\u0119ciach oferty), a tak\u017ce miejsce po stronie adresata (do 3 linijek tekstu).<\/p>\n<p>W ten spos\u00f3b stworzysz nie tylko pi\u0119kny prezent, ale tak\u017ce niepowtarzaln\u0105 pami\u0105tk\u0119.<\/p>\n<p>Nasza drewniana poczt\u00f3wka jest idealna na r\u00f3\u017cne okazje, takie jak rocznica, Walentynki czy urodziny. Zam\u00f3w ju\u017c dzi\u015b i zaskocz swoj\u0105 ukochan\u0105 osob\u0119 oryginalnym prezentem!<\/p>\n<p>Do tej wyj\u0105tkowej drewnianej kartki do\u0142\u0105czamy craftow\u0105 br\u0105zow\u0105 kopert\u0119 oraz dwa mini stojaczki aby wygodnie postawi\u0107 poczt\u00f3wk\u0119 na p\u00f3\u0142ce.<\/p>\n","protected":false},"excerpt":{"rendered":"<p>Drewniana poczt\u00f3wka &#8211; prezent na walentynki, rocznic\u0119, urodziny, imieniny. &nbsp; Chcesz zrobi\u0107 niespodziank\u0119 swojej drugiej po\u0142\u00f3wce? Podaruj jej drewnian\u0105 poczt\u00f3wk\u0119, kt\u00f3ra wyrazi Twoj\u0105 mi\u0142o\u015b\u0107 w niezwyk\u0142y spos\u00f3b. Nasza poczt\u00f3wka o wymiarach 10&#215;15 cm jest wykonana z wysokiej jako\u015bci sklejki i ozdobiona romantycznymi wzorami i tekstami. Mo\u017cesz spersonalizowa\u0107 poczt\u00f3wk\u0119, dodaj\u0105c w\u0142asne imiona, daty lub \u017cyczenia oraz [&hellip;]<\/p>\n","protected":false},"featured_media":1738,"comment_status":"open","ping_status":"closed","template":"","meta":{"_acf_changed":false},"product_brand":[],"product_cat":[109,108,100,92,105,96,99],"product_tag":[],"class_list":{"0":"post-1746","1":"product","2":"type-product","3":"status-publish","4":"has-post-thumbnail","6":"product_cat-dzien-chlopaka","7":"product_cat-dzien-kobiet","8":"product_cat-dzien-matki-dzien-ojca","9":"product_cat-gadzety","10":"product_cat-rocznice","11":"product_cat-urodziny-imieniny","12":"product_cat-walentynki","14":"first","15":"instock","16":"taxable","17":"shipping-taxable","18":"purchasable","19":"product-type-simple"},"acf":[],"yoast_head":"<!-- This site is optimized with the Yoast SEO plugin v27.5 - https:\/\/yoast.com\/product\/yoast-seo-wordpress\/ -->\n<title>Drewniana poczt\u00f3wka - prezent urodziny, dzie\u0144 kobiet, walentynki - Drewniana Magia<\/title>\n<meta name=\"description\" content=\"Drewniana poczt\u00f3wka z personalizacj\u0105. Wyj\u0105tkowy dodatek do prezentu na walentynki, rocznic\u0119 lub urodziny. Dodaj sw\u00f3j tekst i wyra\u017a swoje uczucia.\" \/>\n<meta name=\"robots\" content=\"index, follow, max-snippet:-1, max-image-preview:large, max-video-preview:-1\" \/>\n<link rel=\"canonical\" href=\"https:\/\/www.drewnianamagia.pl\/index.php\/produkt\/drewniana-pocztowka\/\" \/>\n<meta property=\"og:locale\" content=\"pl_PL\" \/>\n<meta property=\"og:type\" content=\"article\" \/>\n<meta property=\"og:title\" content=\"Drewniana poczt\u00f3wka - prezent urodziny, dzie\u0144 kobiet, walentynki - Drewniana Magia\" \/>\n<meta property=\"og:description\" content=\"Drewniana poczt\u00f3wka z personalizacj\u0105. Wyj\u0105tkowy dodatek do prezentu na walentynki, rocznic\u0119 lub urodziny. Dodaj sw\u00f3j tekst i wyra\u017a swoje uczucia.\" \/>\n<meta property=\"og:url\" content=\"https:\/\/www.drewnianamagia.pl\/index.php\/produkt\/drewniana-pocztowka\/\" \/>\n<meta property=\"og:site_name\" content=\"Drewniana Magia\" \/>\n<meta property=\"article:publisher\" content=\"https:\/\/facebook.com\/BelasDrewnianaMagia\" \/>\n<meta property=\"article:modified_time\" content=\"2024-12-13T11:27:56+00:00\" \/>\n<meta property=\"og:image\" content=\"https:\/\/www.drewnianamagia.pl\/wp-content\/uploads\/2024\/01\/pocztowka-4.png\" \/>\n\t<meta property=\"og:image:width\" content=\"1000\" \/>\n\t<meta property=\"og:image:height\" content=\"1000\" \/>\n\t<meta property=\"og:image:type\" content=\"image\/png\" \/>\n<meta name=\"twitter:card\" content=\"summary_large_image\" \/>\n<meta name=\"twitter:label1\" content=\"Szacowany czas czytania\" \/>\n\t<meta name=\"twitter:data1\" content=\"2 minuty\" \/>\n<script type=\"application\/ld+json\" class=\"yoast-schema-graph\">{\"@context\":\"https:\\\/\\\/schema.org\",\"@graph\":[{\"@type\":\"WebPage\",\"@id\":\"https:\\\/\\\/www.drewnianamagia.pl\\\/index.php\\\/produkt\\\/drewniana-pocztowka\\\/\",\"url\":\"https:\\\/\\\/www.drewnianamagia.pl\\\/index.php\\\/produkt\\\/drewniana-pocztowka\\\/\",\"name\":\"Drewniana poczt\u00f3wka - prezent urodziny, dzie\u0144 kobiet, walentynki - Drewniana Magia\",\"isPartOf\":{\"@id\":\"https:\\\/\\\/www.drewnianamagia.pl\\\/#website\"},\"primaryImageOfPage\":{\"@id\":\"https:\\\/\\\/www.drewnianamagia.pl\\\/index.php\\\/produkt\\\/drewniana-pocztowka\\\/#primaryimage\"},\"image\":{\"@id\":\"https:\\\/\\\/www.drewnianamagia.pl\\\/index.php\\\/produkt\\\/drewniana-pocztowka\\\/#primaryimage\"},\"thumbnailUrl\":\"https:\\\/\\\/www.drewnianamagia.pl\\\/wp-content\\\/uploads\\\/2024\\\/01\\\/pocztowka-4.png\",\"datePublished\":\"2024-01-22T13:21:27+00:00\",\"dateModified\":\"2024-12-13T11:27:56+00:00\",\"description\":\"Drewniana poczt\u00f3wka z personalizacj\u0105. Wyj\u0105tkowy dodatek do prezentu na walentynki, rocznic\u0119 lub urodziny. Dodaj sw\u00f3j tekst i wyra\u017a swoje uczucia.\",\"breadcrumb\":{\"@id\":\"https:\\\/\\\/www.drewnianamagia.pl\\\/index.php\\\/produkt\\\/drewniana-pocztowka\\\/#breadcrumb\"},\"inLanguage\":\"pl-PL\",\"potentialAction\":[{\"@type\":\"ReadAction\",\"target\":[\"https:\\\/\\\/www.drewnianamagia.pl\\\/index.php\\\/produkt\\\/drewniana-pocztowka\\\/\"]}]},{\"@type\":\"ImageObject\",\"inLanguage\":\"pl-PL\",\"@id\":\"https:\\\/\\\/www.drewnianamagia.pl\\\/index.php\\\/produkt\\\/drewniana-pocztowka\\\/#primaryimage\",\"url\":\"https:\\\/\\\/www.drewnianamagia.pl\\\/wp-content\\\/uploads\\\/2024\\\/01\\\/pocztowka-4.png\",\"contentUrl\":\"https:\\\/\\\/www.drewnianamagia.pl\\\/wp-content\\\/uploads\\\/2024\\\/01\\\/pocztowka-4.png\",\"width\":1000,\"height\":1000,\"caption\":\"drewniana poczt\u00f3wka\"},{\"@type\":\"BreadcrumbList\",\"@id\":\"https:\\\/\\\/www.drewnianamagia.pl\\\/index.php\\\/produkt\\\/drewniana-pocztowka\\\/#breadcrumb\",\"itemListElement\":[{\"@type\":\"ListItem\",\"position\":1,\"name\":\"Strona g\u0142\u00f3wna\",\"item\":\"https:\\\/\\\/www.drewnianamagia.pl\\\/\"},{\"@type\":\"ListItem\",\"position\":2,\"name\":\"Sklep\",\"item\":\"https:\\\/\\\/www.drewnianamagia.pl\\\/index.php\\\/sklep-internetowy-drewnianamagia\\\/\"},{\"@type\":\"ListItem\",\"position\":3,\"name\":\"Drewniana poczt\u00f3wka &#8211; prezent urodziny, dzie\u0144 kobiet, walentynki\"}]},{\"@type\":\"WebSite\",\"@id\":\"https:\\\/\\\/www.drewnianamagia.pl\\\/#website\",\"url\":\"https:\\\/\\\/www.drewnianamagia.pl\\\/\",\"name\":\"Drewniana Magia\",\"description\":\"Personalizowane prezenty i dekoracje z drewna i druku 3D, na ka\u017cd\u0105 okazj\u0119 i okoliczno\u015b\u0107. Urodziny, Chrzest, Przyj\u0119cie, \u015awi\u0119ta, \u015alub\",\"publisher\":{\"@id\":\"https:\\\/\\\/www.drewnianamagia.pl\\\/#organization\"},\"potentialAction\":[{\"@type\":\"SearchAction\",\"target\":{\"@type\":\"EntryPoint\",\"urlTemplate\":\"https:\\\/\\\/www.drewnianamagia.pl\\\/?s={search_term_string}\"},\"query-input\":{\"@type\":\"PropertyValueSpecification\",\"valueRequired\":true,\"valueName\":\"search_term_string\"}}],\"inLanguage\":\"pl-PL\"},{\"@type\":\"Organization\",\"@id\":\"https:\\\/\\\/www.drewnianamagia.pl\\\/#organization\",\"name\":\"Drewniana Magia\",\"url\":\"https:\\\/\\\/www.drewnianamagia.pl\\\/\",\"logo\":{\"@type\":\"ImageObject\",\"inLanguage\":\"pl-PL\",\"@id\":\"https:\\\/\\\/www.drewnianamagia.pl\\\/#\\\/schema\\\/logo\\\/image\\\/\",\"url\":\"https:\\\/\\\/www.drewnianamagia.pl\\\/wp-content\\\/uploads\\\/2024\\\/02\\\/cropped-LOGO-DrewnianaMagia-375x188-1.png\",\"contentUrl\":\"https:\\\/\\\/www.drewnianamagia.pl\\\/wp-content\\\/uploads\\\/2024\\\/02\\\/cropped-LOGO-DrewnianaMagia-375x188-1.png\",\"width\":374,\"height\":188,\"caption\":\"Drewniana Magia\"},\"image\":{\"@id\":\"https:\\\/\\\/www.drewnianamagia.pl\\\/#\\\/schema\\\/logo\\\/image\\\/\"},\"sameAs\":[\"https:\\\/\\\/facebook.com\\\/BelasDrewnianaMagia\"]}]}<\/script>\n<!-- \/ Yoast SEO plugin. -->","yoast_head_json":{"title":"Drewniana poczt\u00f3wka - prezent urodziny, dzie\u0144 kobiet, walentynki - Drewniana Magia","description":"Drewniana poczt\u00f3wka z personalizacj\u0105. Wyj\u0105tkowy dodatek do prezentu na walentynki, rocznic\u0119 lub urodziny. Dodaj sw\u00f3j tekst i wyra\u017a swoje uczucia.","robots":{"index":"index","follow":"follow","max-snippet":"max-snippet:-1","max-image-preview":"max-image-preview:large","max-video-preview":"max-video-preview:-1"},"canonical":"https:\/\/www.drewnianamagia.pl\/index.php\/produkt\/drewniana-pocztowka\/","og_locale":"pl_PL","og_type":"article","og_title":"Drewniana poczt\u00f3wka - prezent urodziny, dzie\u0144 kobiet, walentynki - Drewniana Magia","og_description":"Drewniana poczt\u00f3wka z personalizacj\u0105. Wyj\u0105tkowy dodatek do prezentu na walentynki, rocznic\u0119 lub urodziny. Dodaj sw\u00f3j tekst i wyra\u017a swoje uczucia.","og_url":"https:\/\/www.drewnianamagia.pl\/index.php\/produkt\/drewniana-pocztowka\/","og_site_name":"Drewniana Magia","article_publisher":"https:\/\/facebook.com\/BelasDrewnianaMagia","article_modified_time":"2024-12-13T11:27:56+00:00","og_image":[{"width":1000,"height":1000,"url":"https:\/\/www.drewnianamagia.pl\/wp-content\/uploads\/2024\/01\/pocztowka-4.png","type":"image\/png"}],"twitter_card":"summary_large_image","twitter_misc":{"Szacowany czas czytania":"2 minuty"},"schema":{"@context":"https:\/\/schema.org","@graph":[{"@type":"WebPage","@id":"https:\/\/www.drewnianamagia.pl\/index.php\/produkt\/drewniana-pocztowka\/","url":"https:\/\/www.drewnianamagia.pl\/index.php\/produkt\/drewniana-pocztowka\/","name":"Drewniana poczt\u00f3wka - prezent urodziny, dzie\u0144 kobiet, walentynki - Drewniana Magia","isPartOf":{"@id":"https:\/\/www.drewnianamagia.pl\/#website"},"primaryImageOfPage":{"@id":"https:\/\/www.drewnianamagia.pl\/index.php\/produkt\/drewniana-pocztowka\/#primaryimage"},"image":{"@id":"https:\/\/www.drewnianamagia.pl\/index.php\/produkt\/drewniana-pocztowka\/#primaryimage"},"thumbnailUrl":"https:\/\/www.drewnianamagia.pl\/wp-content\/uploads\/2024\/01\/pocztowka-4.png","datePublished":"2024-01-22T13:21:27+00:00","dateModified":"2024-12-13T11:27:56+00:00","description":"Drewniana poczt\u00f3wka z personalizacj\u0105. Wyj\u0105tkowy dodatek do prezentu na walentynki, rocznic\u0119 lub urodziny. Dodaj sw\u00f3j tekst i wyra\u017a swoje uczucia.","breadcrumb":{"@id":"https:\/\/www.drewnianamagia.pl\/index.php\/produkt\/drewniana-pocztowka\/#breadcrumb"},"inLanguage":"pl-PL","potentialAction":[{"@type":"ReadAction","target":["https:\/\/www.drewnianamagia.pl\/index.php\/produkt\/drewniana-pocztowka\/"]}]},{"@type":"ImageObject","inLanguage":"pl-PL","@id":"https:\/\/www.drewnianamagia.pl\/index.php\/produkt\/drewniana-pocztowka\/#primaryimage","url":"https:\/\/www.drewnianamagia.pl\/wp-content\/uploads\/2024\/01\/pocztowka-4.png","contentUrl":"https:\/\/www.drewnianamagia.pl\/wp-content\/uploads\/2024\/01\/pocztowka-4.png","width":1000,"height":1000,"caption":"drewniana poczt\u00f3wka"},{"@type":"BreadcrumbList","@id":"https:\/\/www.drewnianamagia.pl\/index.php\/produkt\/drewniana-pocztowka\/#breadcrumb","itemListElement":[{"@type":"ListItem","position":1,"name":"Strona g\u0142\u00f3wna","item":"https:\/\/www.drewnianamagia.pl\/"},{"@type":"ListItem","position":2,"name":"Sklep","item":"https:\/\/www.drewnianamagia.pl\/index.php\/sklep-internetowy-drewnianamagia\/"},{"@type":"ListItem","position":3,"name":"Drewniana poczt\u00f3wka &#8211; prezent urodziny, dzie\u0144 kobiet, walentynki"}]},{"@type":"WebSite","@id":"https:\/\/www.drewnianamagia.pl\/#website","url":"https:\/\/www.drewnianamagia.pl\/","name":"Drewniana Magia","description":"Personalizowane prezenty i dekoracje z drewna i druku 3D, na ka\u017cd\u0105 okazj\u0119 i okoliczno\u015b\u0107. Urodziny, Chrzest, Przyj\u0119cie, \u015awi\u0119ta, \u015alub","publisher":{"@id":"https:\/\/www.drewnianamagia.pl\/#organization"},"potentialAction":[{"@type":"SearchAction","target":{"@type":"EntryPoint","urlTemplate":"https:\/\/www.drewnianamagia.pl\/?s={search_term_string}"},"query-input":{"@type":"PropertyValueSpecification","valueRequired":true,"valueName":"search_term_string"}}],"inLanguage":"pl-PL"},{"@type":"Organization","@id":"https:\/\/www.drewnianamagia.pl\/#organization","name":"Drewniana Magia","url":"https:\/\/www.drewnianamagia.pl\/","logo":{"@type":"ImageObject","inLanguage":"pl-PL","@id":"https:\/\/www.drewnianamagia.pl\/#\/schema\/logo\/image\/","url":"https:\/\/www.drewnianamagia.pl\/wp-content\/uploads\/2024\/02\/cropped-LOGO-DrewnianaMagia-375x188-1.png","contentUrl":"https:\/\/www.drewnianamagia.pl\/wp-content\/uploads\/2024\/02\/cropped-LOGO-DrewnianaMagia-375x188-1.png","width":374,"height":188,"caption":"Drewniana Magia"},"image":{"@id":"https:\/\/www.drewnianamagia.pl\/#\/schema\/logo\/image\/"},"sameAs":["https:\/\/facebook.com\/BelasDrewnianaMagia"]}]}},"_links":{"self":[{"href":"https:\/\/www.drewnianamagia.pl\/index.php\/wp-json\/wp\/v2\/product\/1746","targetHints":{"allow":["GET"]}}],"collection":[{"href":"https:\/\/www.drewnianamagia.pl\/index.php\/wp-json\/wp\/v2\/product"}],"about":[{"href":"https:\/\/www.drewnianamagia.pl\/index.php\/wp-json\/wp\/v2\/types\/product"}],"replies":[{"embeddable":true,"href":"https:\/\/www.drewnianamagia.pl\/index.php\/wp-json\/wp\/v2\/comments?post=1746"}],"wp:featuredmedia":[{"embeddable":true,"href":"https:\/\/www.drewnianamagia.pl\/index.php\/wp-json\/wp\/v2\/media\/1738"}],"wp:attachment":[{"href":"https:\/\/www.drewnianamagia.pl\/index.php\/wp-json\/wp\/v2\/media?parent=1746"}],"wp:term":[{"taxonomy":"product_brand","embeddable":true,"href":"https:\/\/www.drewnianamagia.pl\/index.php\/wp-json\/wp\/v2\/product_brand?post=1746"},{"taxonomy":"product_cat","embeddable":true,"href":"https:\/\/www.drewnianamagia.pl\/index.php\/wp-json\/wp\/v2\/product_cat?post=1746"},{"taxonomy":"product_tag","embeddable":true,"href":"https:\/\/www.drewnianamagia.pl\/index.php\/wp-json\/wp\/v2\/product_tag?post=1746"}],"curies":[{"name":"wp","href":"https:\/\/api.w.org\/{rel}","templated":true}]}}