{"id":1711,"date":"2024-01-18T15:18:10","date_gmt":"2024-01-18T14:18:10","guid":{"rendered":"https:\/\/www.drewnianamagia.pl\/?post_type=product&#038;p=1711"},"modified":"2024-12-13T12:27:56","modified_gmt":"2024-12-13T11:27:56","slug":"personalizowany-drewniany-stojak-na-telefon","status":"publish","type":"product","link":"https:\/\/www.drewnianamagia.pl\/index.php\/produkt\/personalizowany-drewniany-stojak-na-telefon\/","title":{"rendered":"Personalizowany drewniany stojak na telefon"},"content":{"rendered":"<p style=\"text-align: center;\"><strong>Personalizowany stojak na telefon<\/strong><\/p>\n<p>&nbsp;<\/p>\n<p>Odkryj nowy wymiar personalizacji z naszym unikalnym stojakiem na telefon\/smartfon, kt\u00f3ry nie tylko utrzyma Twoje urz\u0105dzenie w doskona\u0142ej pozycji, ale r\u00f3wnie\u017c dodatkowo ozdobi Twoje przestrzenie. Nasz stojak, wykonany z wysokiej jako\u015bci sklejki, to idealne po\u0142\u0105czenie funkcjonalno\u015bci, estetyki i indywidualnego stylu.<\/p>\n<h3>Cechy Produktu:<\/h3>\n<ul>\n<li><strong>Materia\u0142<\/strong>: Stojak wykonany z najwy\u017cszej jako\u015bci sklejki, zapewniaj\u0105cej trwa\u0142o\u015b\u0107 i naturalny wygl\u0105d.<\/li>\n<li><strong>Wymiary<\/strong>:\n<ul>\n<li>Wysoko\u015b\u0107: 15 cm<\/li>\n<li>Szeroko\u015b\u0107: 7 cm<\/li>\n<li>G\u0142\u0119boko\u015b\u0107: 9 cm<\/li>\n<\/ul>\n<\/li>\n<li><strong>Personalizacja<\/strong>: Dodaj swoje unikatowe tchnienie do stojaka, umieszczaj\u0105c dowolny tekst wed\u0142ug w\u0142asnych preferencji. Sklejka umo\u017cliwia umieszczenie dowolnej wiadomo\u015bci, imienia czy daty.<\/li>\n<li><strong>R\u0119cznie Szlifowany<\/strong>: Ka\u017cdy stojak jest starannie r\u0119cznie szlifowany, co podkre\u015bla naturalne pi\u0119kno drewna i nadaje mu wyj\u0105tkowego charakteru.<\/li>\n<li><strong>Praktyczne Wyci\u0119cie na Kabel<\/strong>: Specjalne wyci\u0119cie pozwala na \u0142atwe przeprowadzenie kabla \u0142adowania, dzi\u0119ki czemu telefon zawsze pozostaje gotowy do u\u017cycia.<\/li>\n<li><strong>Dowolno\u015b\u0107 Grafiki<\/strong>: Mo\u017cliwo\u015b\u0107 usuni\u0119cia domy\u015blnej grafiki i zast\u0105pienia jej w\u0142asnym tekstem, logo lub inn\u0105 grafik\u0105. Prosimy o podanie stosownej informacji podczas sk\u0142adania zam\u00f3wienia. W przypadku ch\u0119ci naniesienia w\u0142asnej grafiki wa\u017cne aby by\u0142a ona w formacie wektorowym. Plik prosimy wys\u0142a\u0107 w odpowiedzi na otrzymanego maila z potwierdzeniem z\u0142o\u017cenia zam\u00f3wienia.<\/li>\n<\/ul>\n<p>Nasz stojak na telefon\/smartfon to nie tylko praktyczny gad\u017cet, ale tak\u017ce doskona\u0142y prezent, kt\u00f3rym mo\u017cesz obdarowa\u0107 siebie lub blisk\u0105 osob\u0119. Niech Tw\u00f3j telefon zawsze znajduje si\u0119 w miejscu honorowym, a dodatkowo cieszy oko oryginalnym designem stojaka, dostosowanego do Twojego stylu \u017cycia.<\/p>\n<p>Poznaj harmoni\u0119 funkcjonalno\u015bci i personalizacji z naszym stojakiem na telefon, kt\u00f3ry stanowi idealne po\u0142\u0105czenie elegancji i indywidualnego charakteru.<\/p>\n<p>Daj nam zna\u0107 jaki grawer mamy umie\u015bci\u0107 na produkcie (dowolny tekst \/ usuni\u0119cie domy\u015blnej grafiki \/ w\u0142asne logo)<\/p>\n","protected":false},"excerpt":{"rendered":"<p>Personalizowany stojak na telefon &nbsp; Odkryj nowy wymiar personalizacji z naszym unikalnym stojakiem na telefon\/smartfon, kt\u00f3ry nie tylko utrzyma Twoje urz\u0105dzenie w doskona\u0142ej pozycji, ale r\u00f3wnie\u017c dodatkowo ozdobi Twoje przestrzenie. Nasz stojak, wykonany z wysokiej jako\u015bci sklejki, to idealne po\u0142\u0105czenie funkcjonalno\u015bci, estetyki i indywidualnego stylu. Cechy Produktu: Materia\u0142: Stojak wykonany z najwy\u017cszej jako\u015bci sklejki, zapewniaj\u0105cej [&hellip;]<\/p>\n","protected":false},"featured_media":1705,"comment_status":"open","ping_status":"closed","template":"","meta":{"_acf_changed":false},"product_brand":[],"product_cat":[109,108,100,104,92,96,99],"product_tag":[54],"class_list":{"0":"post-1711","1":"product","2":"type-product","3":"status-publish","4":"has-post-thumbnail","6":"product_cat-dzien-chlopaka","7":"product_cat-dzien-kobiet","8":"product_cat-dzien-matki-dzien-ojca","9":"product_cat-dzien-nauczyciela","10":"product_cat-gadzety","11":"product_cat-urodziny-imieniny","12":"product_cat-walentynki","13":"product_tag-personalizacja","15":"first","16":"instock","17":"taxable","18":"shipping-taxable","19":"purchasable","20":"product-type-simple"},"acf":[],"yoast_head":"<!-- This site is optimized with the Yoast SEO plugin v27.5 - https:\/\/yoast.com\/product\/yoast-seo-wordpress\/ -->\n<title>Personalizowany drewniany stojak na telefon - Drewniana Magia<\/title>\n<meta name=\"description\" content=\"Stojak na telefon \/ smartfon z mo\u017cliwo\u015bci\u0105 dowolnej personalizacji. R\u0119cznie szlifowany, wykonany z wysokiej jako\u015bci sklejki.\" \/>\n<meta name=\"robots\" content=\"index, follow, max-snippet:-1, max-image-preview:large, max-video-preview:-1\" \/>\n<link rel=\"canonical\" href=\"https:\/\/www.drewnianamagia.pl\/index.php\/produkt\/personalizowany-drewniany-stojak-na-telefon\/\" \/>\n<meta property=\"og:locale\" content=\"pl_PL\" \/>\n<meta property=\"og:type\" content=\"article\" \/>\n<meta property=\"og:title\" content=\"Personalizowany drewniany stojak na telefon - Drewniana Magia\" \/>\n<meta property=\"og:description\" content=\"Stojak na telefon \/ smartfon z mo\u017cliwo\u015bci\u0105 dowolnej personalizacji. R\u0119cznie szlifowany, wykonany z wysokiej jako\u015bci sklejki.\" \/>\n<meta property=\"og:url\" content=\"https:\/\/www.drewnianamagia.pl\/index.php\/produkt\/personalizowany-drewniany-stojak-na-telefon\/\" \/>\n<meta property=\"og:site_name\" content=\"Drewniana Magia\" \/>\n<meta property=\"article:publisher\" content=\"https:\/\/facebook.com\/BelasDrewnianaMagia\" \/>\n<meta property=\"article:modified_time\" content=\"2024-12-13T11:27:56+00:00\" \/>\n<meta property=\"og:image\" content=\"https:\/\/www.drewnianamagia.pl\/wp-content\/uploads\/2024\/01\/podstawka-pod-smartfon-2.png\" \/>\n\t<meta property=\"og:image:width\" content=\"1000\" \/>\n\t<meta property=\"og:image:height\" content=\"1000\" \/>\n\t<meta property=\"og:image:type\" content=\"image\/png\" \/>\n<meta name=\"twitter:card\" content=\"summary_large_image\" \/>\n<meta name=\"twitter:label1\" content=\"Szacowany czas czytania\" \/>\n\t<meta name=\"twitter:data1\" content=\"2 minuty\" \/>\n<script type=\"application\/ld+json\" class=\"yoast-schema-graph\">{\"@context\":\"https:\\\/\\\/schema.org\",\"@graph\":[{\"@type\":\"WebPage\",\"@id\":\"https:\\\/\\\/www.drewnianamagia.pl\\\/index.php\\\/produkt\\\/personalizowany-drewniany-stojak-na-telefon\\\/\",\"url\":\"https:\\\/\\\/www.drewnianamagia.pl\\\/index.php\\\/produkt\\\/personalizowany-drewniany-stojak-na-telefon\\\/\",\"name\":\"Personalizowany drewniany stojak na telefon - Drewniana Magia\",\"isPartOf\":{\"@id\":\"https:\\\/\\\/www.drewnianamagia.pl\\\/#website\"},\"primaryImageOfPage\":{\"@id\":\"https:\\\/\\\/www.drewnianamagia.pl\\\/index.php\\\/produkt\\\/personalizowany-drewniany-stojak-na-telefon\\\/#primaryimage\"},\"image\":{\"@id\":\"https:\\\/\\\/www.drewnianamagia.pl\\\/index.php\\\/produkt\\\/personalizowany-drewniany-stojak-na-telefon\\\/#primaryimage\"},\"thumbnailUrl\":\"https:\\\/\\\/www.drewnianamagia.pl\\\/wp-content\\\/uploads\\\/2024\\\/01\\\/podstawka-pod-smartfon-2.png\",\"datePublished\":\"2024-01-18T14:18:10+00:00\",\"dateModified\":\"2024-12-13T11:27:56+00:00\",\"description\":\"Stojak na telefon \\\/ smartfon z mo\u017cliwo\u015bci\u0105 dowolnej personalizacji. R\u0119cznie szlifowany, wykonany z wysokiej jako\u015bci sklejki.\",\"breadcrumb\":{\"@id\":\"https:\\\/\\\/www.drewnianamagia.pl\\\/index.php\\\/produkt\\\/personalizowany-drewniany-stojak-na-telefon\\\/#breadcrumb\"},\"inLanguage\":\"pl-PL\",\"potentialAction\":[{\"@type\":\"ReadAction\",\"target\":[\"https:\\\/\\\/www.drewnianamagia.pl\\\/index.php\\\/produkt\\\/personalizowany-drewniany-stojak-na-telefon\\\/\"]}]},{\"@type\":\"ImageObject\",\"inLanguage\":\"pl-PL\",\"@id\":\"https:\\\/\\\/www.drewnianamagia.pl\\\/index.php\\\/produkt\\\/personalizowany-drewniany-stojak-na-telefon\\\/#primaryimage\",\"url\":\"https:\\\/\\\/www.drewnianamagia.pl\\\/wp-content\\\/uploads\\\/2024\\\/01\\\/podstawka-pod-smartfon-2.png\",\"contentUrl\":\"https:\\\/\\\/www.drewnianamagia.pl\\\/wp-content\\\/uploads\\\/2024\\\/01\\\/podstawka-pod-smartfon-2.png\",\"width\":1000,\"height\":1000,\"caption\":\"stojak na telefon\"},{\"@type\":\"BreadcrumbList\",\"@id\":\"https:\\\/\\\/www.drewnianamagia.pl\\\/index.php\\\/produkt\\\/personalizowany-drewniany-stojak-na-telefon\\\/#breadcrumb\",\"itemListElement\":[{\"@type\":\"ListItem\",\"position\":1,\"name\":\"Strona g\u0142\u00f3wna\",\"item\":\"https:\\\/\\\/www.drewnianamagia.pl\\\/\"},{\"@type\":\"ListItem\",\"position\":2,\"name\":\"Sklep\",\"item\":\"https:\\\/\\\/www.drewnianamagia.pl\\\/index.php\\\/sklep-internetowy-drewnianamagia\\\/\"},{\"@type\":\"ListItem\",\"position\":3,\"name\":\"Personalizowany drewniany stojak na telefon\"}]},{\"@type\":\"WebSite\",\"@id\":\"https:\\\/\\\/www.drewnianamagia.pl\\\/#website\",\"url\":\"https:\\\/\\\/www.drewnianamagia.pl\\\/\",\"name\":\"Drewniana Magia\",\"description\":\"Personalizowane prezenty i dekoracje z drewna i druku 3D, na ka\u017cd\u0105 okazj\u0119 i okoliczno\u015b\u0107. Urodziny, Chrzest, Przyj\u0119cie, \u015awi\u0119ta, \u015alub\",\"publisher\":{\"@id\":\"https:\\\/\\\/www.drewnianamagia.pl\\\/#organization\"},\"potentialAction\":[{\"@type\":\"SearchAction\",\"target\":{\"@type\":\"EntryPoint\",\"urlTemplate\":\"https:\\\/\\\/www.drewnianamagia.pl\\\/?s={search_term_string}\"},\"query-input\":{\"@type\":\"PropertyValueSpecification\",\"valueRequired\":true,\"valueName\":\"search_term_string\"}}],\"inLanguage\":\"pl-PL\"},{\"@type\":\"Organization\",\"@id\":\"https:\\\/\\\/www.drewnianamagia.pl\\\/#organization\",\"name\":\"Drewniana Magia\",\"url\":\"https:\\\/\\\/www.drewnianamagia.pl\\\/\",\"logo\":{\"@type\":\"ImageObject\",\"inLanguage\":\"pl-PL\",\"@id\":\"https:\\\/\\\/www.drewnianamagia.pl\\\/#\\\/schema\\\/logo\\\/image\\\/\",\"url\":\"https:\\\/\\\/www.drewnianamagia.pl\\\/wp-content\\\/uploads\\\/2024\\\/02\\\/cropped-LOGO-DrewnianaMagia-375x188-1.png\",\"contentUrl\":\"https:\\\/\\\/www.drewnianamagia.pl\\\/wp-content\\\/uploads\\\/2024\\\/02\\\/cropped-LOGO-DrewnianaMagia-375x188-1.png\",\"width\":374,\"height\":188,\"caption\":\"Drewniana Magia\"},\"image\":{\"@id\":\"https:\\\/\\\/www.drewnianamagia.pl\\\/#\\\/schema\\\/logo\\\/image\\\/\"},\"sameAs\":[\"https:\\\/\\\/facebook.com\\\/BelasDrewnianaMagia\"]}]}<\/script>\n<!-- \/ Yoast SEO plugin. -->","yoast_head_json":{"title":"Personalizowany drewniany stojak na telefon - Drewniana Magia","description":"Stojak na telefon \/ smartfon z mo\u017cliwo\u015bci\u0105 dowolnej personalizacji. R\u0119cznie szlifowany, wykonany z wysokiej jako\u015bci sklejki.","robots":{"index":"index","follow":"follow","max-snippet":"max-snippet:-1","max-image-preview":"max-image-preview:large","max-video-preview":"max-video-preview:-1"},"canonical":"https:\/\/www.drewnianamagia.pl\/index.php\/produkt\/personalizowany-drewniany-stojak-na-telefon\/","og_locale":"pl_PL","og_type":"article","og_title":"Personalizowany drewniany stojak na telefon - Drewniana Magia","og_description":"Stojak na telefon \/ smartfon z mo\u017cliwo\u015bci\u0105 dowolnej personalizacji. R\u0119cznie szlifowany, wykonany z wysokiej jako\u015bci sklejki.","og_url":"https:\/\/www.drewnianamagia.pl\/index.php\/produkt\/personalizowany-drewniany-stojak-na-telefon\/","og_site_name":"Drewniana Magia","article_publisher":"https:\/\/facebook.com\/BelasDrewnianaMagia","article_modified_time":"2024-12-13T11:27:56+00:00","og_image":[{"width":1000,"height":1000,"url":"https:\/\/www.drewnianamagia.pl\/wp-content\/uploads\/2024\/01\/podstawka-pod-smartfon-2.png","type":"image\/png"}],"twitter_card":"summary_large_image","twitter_misc":{"Szacowany czas czytania":"2 minuty"},"schema":{"@context":"https:\/\/schema.org","@graph":[{"@type":"WebPage","@id":"https:\/\/www.drewnianamagia.pl\/index.php\/produkt\/personalizowany-drewniany-stojak-na-telefon\/","url":"https:\/\/www.drewnianamagia.pl\/index.php\/produkt\/personalizowany-drewniany-stojak-na-telefon\/","name":"Personalizowany drewniany stojak na telefon - Drewniana Magia","isPartOf":{"@id":"https:\/\/www.drewnianamagia.pl\/#website"},"primaryImageOfPage":{"@id":"https:\/\/www.drewnianamagia.pl\/index.php\/produkt\/personalizowany-drewniany-stojak-na-telefon\/#primaryimage"},"image":{"@id":"https:\/\/www.drewnianamagia.pl\/index.php\/produkt\/personalizowany-drewniany-stojak-na-telefon\/#primaryimage"},"thumbnailUrl":"https:\/\/www.drewnianamagia.pl\/wp-content\/uploads\/2024\/01\/podstawka-pod-smartfon-2.png","datePublished":"2024-01-18T14:18:10+00:00","dateModified":"2024-12-13T11:27:56+00:00","description":"Stojak na telefon \/ smartfon z mo\u017cliwo\u015bci\u0105 dowolnej personalizacji. R\u0119cznie szlifowany, wykonany z wysokiej jako\u015bci sklejki.","breadcrumb":{"@id":"https:\/\/www.drewnianamagia.pl\/index.php\/produkt\/personalizowany-drewniany-stojak-na-telefon\/#breadcrumb"},"inLanguage":"pl-PL","potentialAction":[{"@type":"ReadAction","target":["https:\/\/www.drewnianamagia.pl\/index.php\/produkt\/personalizowany-drewniany-stojak-na-telefon\/"]}]},{"@type":"ImageObject","inLanguage":"pl-PL","@id":"https:\/\/www.drewnianamagia.pl\/index.php\/produkt\/personalizowany-drewniany-stojak-na-telefon\/#primaryimage","url":"https:\/\/www.drewnianamagia.pl\/wp-content\/uploads\/2024\/01\/podstawka-pod-smartfon-2.png","contentUrl":"https:\/\/www.drewnianamagia.pl\/wp-content\/uploads\/2024\/01\/podstawka-pod-smartfon-2.png","width":1000,"height":1000,"caption":"stojak na telefon"},{"@type":"BreadcrumbList","@id":"https:\/\/www.drewnianamagia.pl\/index.php\/produkt\/personalizowany-drewniany-stojak-na-telefon\/#breadcrumb","itemListElement":[{"@type":"ListItem","position":1,"name":"Strona g\u0142\u00f3wna","item":"https:\/\/www.drewnianamagia.pl\/"},{"@type":"ListItem","position":2,"name":"Sklep","item":"https:\/\/www.drewnianamagia.pl\/index.php\/sklep-internetowy-drewnianamagia\/"},{"@type":"ListItem","position":3,"name":"Personalizowany drewniany stojak na telefon"}]},{"@type":"WebSite","@id":"https:\/\/www.drewnianamagia.pl\/#website","url":"https:\/\/www.drewnianamagia.pl\/","name":"Drewniana Magia","description":"Personalizowane prezenty i dekoracje z drewna i druku 3D, na ka\u017cd\u0105 okazj\u0119 i okoliczno\u015b\u0107. Urodziny, Chrzest, Przyj\u0119cie, \u015awi\u0119ta, \u015alub","publisher":{"@id":"https:\/\/www.drewnianamagia.pl\/#organization"},"potentialAction":[{"@type":"SearchAction","target":{"@type":"EntryPoint","urlTemplate":"https:\/\/www.drewnianamagia.pl\/?s={search_term_string}"},"query-input":{"@type":"PropertyValueSpecification","valueRequired":true,"valueName":"search_term_string"}}],"inLanguage":"pl-PL"},{"@type":"Organization","@id":"https:\/\/www.drewnianamagia.pl\/#organization","name":"Drewniana Magia","url":"https:\/\/www.drewnianamagia.pl\/","logo":{"@type":"ImageObject","inLanguage":"pl-PL","@id":"https:\/\/www.drewnianamagia.pl\/#\/schema\/logo\/image\/","url":"https:\/\/www.drewnianamagia.pl\/wp-content\/uploads\/2024\/02\/cropped-LOGO-DrewnianaMagia-375x188-1.png","contentUrl":"https:\/\/www.drewnianamagia.pl\/wp-content\/uploads\/2024\/02\/cropped-LOGO-DrewnianaMagia-375x188-1.png","width":374,"height":188,"caption":"Drewniana Magia"},"image":{"@id":"https:\/\/www.drewnianamagia.pl\/#\/schema\/logo\/image\/"},"sameAs":["https:\/\/facebook.com\/BelasDrewnianaMagia"]}]}},"_links":{"self":[{"href":"https:\/\/www.drewnianamagia.pl\/index.php\/wp-json\/wp\/v2\/product\/1711","targetHints":{"allow":["GET"]}}],"collection":[{"href":"https:\/\/www.drewnianamagia.pl\/index.php\/wp-json\/wp\/v2\/product"}],"about":[{"href":"https:\/\/www.drewnianamagia.pl\/index.php\/wp-json\/wp\/v2\/types\/product"}],"replies":[{"embeddable":true,"href":"https:\/\/www.drewnianamagia.pl\/index.php\/wp-json\/wp\/v2\/comments?post=1711"}],"wp:featuredmedia":[{"embeddable":true,"href":"https:\/\/www.drewnianamagia.pl\/index.php\/wp-json\/wp\/v2\/media\/1705"}],"wp:attachment":[{"href":"https:\/\/www.drewnianamagia.pl\/index.php\/wp-json\/wp\/v2\/media?parent=1711"}],"wp:term":[{"taxonomy":"product_brand","embeddable":true,"href":"https:\/\/www.drewnianamagia.pl\/index.php\/wp-json\/wp\/v2\/product_brand?post=1711"},{"taxonomy":"product_cat","embeddable":true,"href":"https:\/\/www.drewnianamagia.pl\/index.php\/wp-json\/wp\/v2\/product_cat?post=1711"},{"taxonomy":"product_tag","embeddable":true,"href":"https:\/\/www.drewnianamagia.pl\/index.php\/wp-json\/wp\/v2\/product_tag?post=1711"}],"curies":[{"name":"wp","href":"https:\/\/api.w.org\/{rel}","templated":true}]}}