{"id":1709,"date":"2024-01-18T14:39:06","date_gmt":"2024-01-18T13:39:06","guid":{"rendered":"https:\/\/www.drewnianamagia.pl\/?post_type=product&#038;p=1709"},"modified":"2025-06-21T15:19:47","modified_gmt":"2025-06-21T13:19:47","slug":"drewniana-personalizowana-zawieszka-na-wodke-weselna","status":"publish","type":"product","link":"https:\/\/www.drewnianamagia.pl\/index.php\/produkt\/drewniana-personalizowana-zawieszka-na-wodke-weselna\/","title":{"rendered":"Drewniana personalizowana zawieszka na w\u00f3dk\u0119 weseln\u0105"},"content":{"rendered":"<p>Drewniana personalizowana zawieszka na w\u00f3dk\u0119 weseln\u0105.<\/p>\n<p>&nbsp;<\/p>\n<p>Zapraszamy do odkrywania naszej wyj\u0105tkowej drewnianej zawieszki na w\u00f3dk\u0119 weseln\u0105, kt\u00f3ra stworzy niezapomniany akcent na Waszym \u015blubie. Wykonujemy j\u0105 z najwy\u017cszej jako\u015bci sklejki. Ta urocza zawieszka jest nie tylko elegancka, ale tak\u017ce personalizowana, aby sprawi\u0107, \u017ce Wasze wsp\u00f3lne \u015bwi\u0119to b\u0119dzie jeszcze bardziej wyj\u0105tkowe.<\/p>\n<h3>Cechy Produktu:<\/h3>\n<ul>\n<li><strong>Materia\u0142<\/strong>: Drewniana zawieszka wykonana z wysokiej jako\u015bci sklejki, gwarantuj\u0105ca trwa\u0142o\u015b\u0107 i elegancj\u0119.<\/li>\n<li><strong>Wymiary<\/strong>:\n<ul>\n<li>Wysoko\u015b\u0107: 9 cm<\/li>\n<li>Szeroko\u015b\u0107: 5 cm<\/li>\n<li>Grubo\u015b\u0107: Ok. 3 mm<\/li>\n<\/ul>\n<\/li>\n<li><strong>Personalizacja<\/strong>: Masz mo\u017cliwo\u015b\u0107 umieszczenia na zawieszce dowolnego napisu, takiego jak imiona pary m\u0142odej oraz data \u015blubu, co nadaje produktowi niepowtarzalny charakter. Grawer umieszczamy z jednej strony zawieszki.<\/li>\n<li><strong>Dodatkowy Element<\/strong>: Do zawieszki do\u0142\u0105czamy oko\u0142o 20 cm sznurka jutowego, dzi\u0119ki kt\u00f3remu mo\u017cna \u0142atwo umie\u015bci\u0107 zawieszk\u0119 w wybranym miejscu (na przyk\u0142ad na szyjce butelki).<\/li>\n<li><strong>R\u0119czne Szlifowanie<\/strong>: Ka\u017cd\u0105 zawieszk\u0119 starannie i r\u0119cznie szlifujemy, co podkre\u015bla naturalne pi\u0119kno drewna i dodaje produktowi unikalno\u015bci.<\/li>\n<\/ul>\n<p>Nasza drewniana zawieszka na w\u00f3dk\u0119 weseln\u0105 jest doskona\u0142ym dodatkiem do dekoracji \u015blubnych oraz idealnym upominkiem dla go\u015bci. Wyj\u0105tkowy design i personalizacja sprawi\u0105, \u017ce stanie si\u0119 ona nie tylko elementem uroczysto\u015bci, ale r\u00f3wnie\u017c pami\u0105tk\u0105 na lata.<\/p>\n<p>Dajcie Waszej uroczysto\u015bci wyj\u0105tkowy akcent dzi\u0119ki naszej drewnianej zawieszce na w\u00f3dk\u0119, kt\u00f3ra emanuje elegancj\u0105 i indywidualnym podej\u015bciem do szczeg\u00f3\u0142\u00f3w.<\/p>\n<p>Daj nam zna\u0107 jaki grawer mamy umie\u015bci\u0107 na zawieszce (tekst nad wygrawerowanym obrazkiem oraz tekst pod nim).<\/p>\n","protected":false},"excerpt":{"rendered":"<p>Drewniana personalizowana zawieszka na w\u00f3dk\u0119 weseln\u0105. &nbsp; Zapraszamy do odkrywania naszej wyj\u0105tkowej drewnianej zawieszki na w\u00f3dk\u0119 weseln\u0105, kt\u00f3ra stworzy niezapomniany akcent na Waszym \u015blubie. Wykonujemy j\u0105 z najwy\u017cszej jako\u015bci sklejki. Ta urocza zawieszka jest nie tylko elegancka, ale tak\u017ce personalizowana, aby sprawi\u0107, \u017ce Wasze wsp\u00f3lne \u015bwi\u0119to b\u0119dzie jeszcze bardziej wyj\u0105tkowe. Cechy Produktu: Materia\u0142: Drewniana zawieszka [&hellip;]<\/p>\n","protected":false},"featured_media":1708,"comment_status":"open","ping_status":"closed","template":"","meta":{"_acf_changed":false},"product_brand":[],"product_cat":[97,92,98,144],"product_tag":[54],"class_list":{"0":"post-1709","1":"product","2":"type-product","3":"status-publish","4":"has-post-thumbnail","6":"product_cat-chrzest-komunia","7":"product_cat-gadzety","8":"product_cat-slub-wesele","9":"product_cat-zawieszki","10":"product_tag-personalizacja","12":"first","13":"instock","14":"taxable","15":"shipping-taxable","16":"purchasable","17":"product-type-simple"},"acf":[],"yoast_head":"<!-- This site is optimized with the Yoast SEO plugin v27.5 - https:\/\/yoast.com\/product\/yoast-seo-wordpress\/ -->\n<title>Drewniana personalizowana zawieszka na w\u00f3dk\u0119 weseln\u0105 - Drewniana Magia<\/title>\n<meta name=\"description\" content=\"Drewniana zawieszka na w\u00f3dk\u0119 weseln\u0105. Spersonalizuj j\u0105 wed\u0142ug w\u0142asnych preferencji. Wykonana z wysokiej jako\u015bci sklejki, r\u0119cznie szlifowana.\" \/>\n<meta name=\"robots\" content=\"index, follow, max-snippet:-1, max-image-preview:large, max-video-preview:-1\" \/>\n<link rel=\"canonical\" href=\"https:\/\/www.drewnianamagia.pl\/index.php\/produkt\/drewniana-personalizowana-zawieszka-na-wodke-weselna\/\" \/>\n<meta property=\"og:locale\" content=\"pl_PL\" \/>\n<meta property=\"og:type\" content=\"article\" \/>\n<meta property=\"og:title\" content=\"Drewniana personalizowana zawieszka na w\u00f3dk\u0119 weseln\u0105 - Drewniana Magia\" \/>\n<meta property=\"og:description\" content=\"Drewniana zawieszka na w\u00f3dk\u0119 weseln\u0105. Spersonalizuj j\u0105 wed\u0142ug w\u0142asnych preferencji. Wykonana z wysokiej jako\u015bci sklejki, r\u0119cznie szlifowana.\" \/>\n<meta property=\"og:url\" content=\"https:\/\/www.drewnianamagia.pl\/index.php\/produkt\/drewniana-personalizowana-zawieszka-na-wodke-weselna\/\" \/>\n<meta property=\"og:site_name\" content=\"Drewniana Magia\" \/>\n<meta property=\"article:publisher\" content=\"https:\/\/facebook.com\/BelasDrewnianaMagia\" \/>\n<meta property=\"article:modified_time\" content=\"2025-06-21T13:19:47+00:00\" \/>\n<meta property=\"og:image\" content=\"https:\/\/www.drewnianamagia.pl\/wp-content\/uploads\/2024\/01\/zawieszka.png\" \/>\n\t<meta property=\"og:image:width\" content=\"1000\" \/>\n\t<meta property=\"og:image:height\" content=\"1000\" \/>\n\t<meta property=\"og:image:type\" content=\"image\/png\" \/>\n<meta name=\"twitter:card\" content=\"summary_large_image\" \/>\n<meta name=\"twitter:label1\" content=\"Szacowany czas czytania\" \/>\n\t<meta name=\"twitter:data1\" content=\"2 minuty\" \/>\n<script type=\"application\/ld+json\" class=\"yoast-schema-graph\">{\"@context\":\"https:\\\/\\\/schema.org\",\"@graph\":[{\"@type\":\"WebPage\",\"@id\":\"https:\\\/\\\/www.drewnianamagia.pl\\\/index.php\\\/produkt\\\/drewniana-personalizowana-zawieszka-na-wodke-weselna\\\/\",\"url\":\"https:\\\/\\\/www.drewnianamagia.pl\\\/index.php\\\/produkt\\\/drewniana-personalizowana-zawieszka-na-wodke-weselna\\\/\",\"name\":\"Drewniana personalizowana zawieszka na w\u00f3dk\u0119 weseln\u0105 - Drewniana Magia\",\"isPartOf\":{\"@id\":\"https:\\\/\\\/www.drewnianamagia.pl\\\/#website\"},\"primaryImageOfPage\":{\"@id\":\"https:\\\/\\\/www.drewnianamagia.pl\\\/index.php\\\/produkt\\\/drewniana-personalizowana-zawieszka-na-wodke-weselna\\\/#primaryimage\"},\"image\":{\"@id\":\"https:\\\/\\\/www.drewnianamagia.pl\\\/index.php\\\/produkt\\\/drewniana-personalizowana-zawieszka-na-wodke-weselna\\\/#primaryimage\"},\"thumbnailUrl\":\"https:\\\/\\\/www.drewnianamagia.pl\\\/wp-content\\\/uploads\\\/2024\\\/01\\\/zawieszka.png\",\"datePublished\":\"2024-01-18T13:39:06+00:00\",\"dateModified\":\"2025-06-21T13:19:47+00:00\",\"description\":\"Drewniana zawieszka na w\u00f3dk\u0119 weseln\u0105. Spersonalizuj j\u0105 wed\u0142ug w\u0142asnych preferencji. Wykonana z wysokiej jako\u015bci sklejki, r\u0119cznie szlifowana.\",\"breadcrumb\":{\"@id\":\"https:\\\/\\\/www.drewnianamagia.pl\\\/index.php\\\/produkt\\\/drewniana-personalizowana-zawieszka-na-wodke-weselna\\\/#breadcrumb\"},\"inLanguage\":\"pl-PL\",\"potentialAction\":[{\"@type\":\"ReadAction\",\"target\":[\"https:\\\/\\\/www.drewnianamagia.pl\\\/index.php\\\/produkt\\\/drewniana-personalizowana-zawieszka-na-wodke-weselna\\\/\"]}]},{\"@type\":\"ImageObject\",\"inLanguage\":\"pl-PL\",\"@id\":\"https:\\\/\\\/www.drewnianamagia.pl\\\/index.php\\\/produkt\\\/drewniana-personalizowana-zawieszka-na-wodke-weselna\\\/#primaryimage\",\"url\":\"https:\\\/\\\/www.drewnianamagia.pl\\\/wp-content\\\/uploads\\\/2024\\\/01\\\/zawieszka.png\",\"contentUrl\":\"https:\\\/\\\/www.drewnianamagia.pl\\\/wp-content\\\/uploads\\\/2024\\\/01\\\/zawieszka.png\",\"width\":1000,\"height\":1000,\"caption\":\"zawieszka na w\u00f3dk\u0119 weseln\u0105\"},{\"@type\":\"BreadcrumbList\",\"@id\":\"https:\\\/\\\/www.drewnianamagia.pl\\\/index.php\\\/produkt\\\/drewniana-personalizowana-zawieszka-na-wodke-weselna\\\/#breadcrumb\",\"itemListElement\":[{\"@type\":\"ListItem\",\"position\":1,\"name\":\"Strona g\u0142\u00f3wna\",\"item\":\"https:\\\/\\\/www.drewnianamagia.pl\\\/\"},{\"@type\":\"ListItem\",\"position\":2,\"name\":\"Sklep\",\"item\":\"https:\\\/\\\/www.drewnianamagia.pl\\\/index.php\\\/sklep-internetowy-drewnianamagia\\\/\"},{\"@type\":\"ListItem\",\"position\":3,\"name\":\"Drewniana personalizowana zawieszka na w\u00f3dk\u0119 weseln\u0105\"}]},{\"@type\":\"WebSite\",\"@id\":\"https:\\\/\\\/www.drewnianamagia.pl\\\/#website\",\"url\":\"https:\\\/\\\/www.drewnianamagia.pl\\\/\",\"name\":\"Drewniana Magia\",\"description\":\"Personalizowane prezenty i dekoracje z drewna i druku 3D, na ka\u017cd\u0105 okazj\u0119 i okoliczno\u015b\u0107. Urodziny, Chrzest, Przyj\u0119cie, \u015awi\u0119ta, \u015alub\",\"publisher\":{\"@id\":\"https:\\\/\\\/www.drewnianamagia.pl\\\/#organization\"},\"potentialAction\":[{\"@type\":\"SearchAction\",\"target\":{\"@type\":\"EntryPoint\",\"urlTemplate\":\"https:\\\/\\\/www.drewnianamagia.pl\\\/?s={search_term_string}\"},\"query-input\":{\"@type\":\"PropertyValueSpecification\",\"valueRequired\":true,\"valueName\":\"search_term_string\"}}],\"inLanguage\":\"pl-PL\"},{\"@type\":\"Organization\",\"@id\":\"https:\\\/\\\/www.drewnianamagia.pl\\\/#organization\",\"name\":\"Drewniana Magia\",\"url\":\"https:\\\/\\\/www.drewnianamagia.pl\\\/\",\"logo\":{\"@type\":\"ImageObject\",\"inLanguage\":\"pl-PL\",\"@id\":\"https:\\\/\\\/www.drewnianamagia.pl\\\/#\\\/schema\\\/logo\\\/image\\\/\",\"url\":\"https:\\\/\\\/www.drewnianamagia.pl\\\/wp-content\\\/uploads\\\/2024\\\/02\\\/cropped-LOGO-DrewnianaMagia-375x188-1.png\",\"contentUrl\":\"https:\\\/\\\/www.drewnianamagia.pl\\\/wp-content\\\/uploads\\\/2024\\\/02\\\/cropped-LOGO-DrewnianaMagia-375x188-1.png\",\"width\":374,\"height\":188,\"caption\":\"Drewniana Magia\"},\"image\":{\"@id\":\"https:\\\/\\\/www.drewnianamagia.pl\\\/#\\\/schema\\\/logo\\\/image\\\/\"},\"sameAs\":[\"https:\\\/\\\/facebook.com\\\/BelasDrewnianaMagia\"]}]}<\/script>\n<!-- \/ Yoast SEO plugin. -->","yoast_head_json":{"title":"Drewniana personalizowana zawieszka na w\u00f3dk\u0119 weseln\u0105 - Drewniana Magia","description":"Drewniana zawieszka na w\u00f3dk\u0119 weseln\u0105. Spersonalizuj j\u0105 wed\u0142ug w\u0142asnych preferencji. Wykonana z wysokiej jako\u015bci sklejki, r\u0119cznie szlifowana.","robots":{"index":"index","follow":"follow","max-snippet":"max-snippet:-1","max-image-preview":"max-image-preview:large","max-video-preview":"max-video-preview:-1"},"canonical":"https:\/\/www.drewnianamagia.pl\/index.php\/produkt\/drewniana-personalizowana-zawieszka-na-wodke-weselna\/","og_locale":"pl_PL","og_type":"article","og_title":"Drewniana personalizowana zawieszka na w\u00f3dk\u0119 weseln\u0105 - Drewniana Magia","og_description":"Drewniana zawieszka na w\u00f3dk\u0119 weseln\u0105. Spersonalizuj j\u0105 wed\u0142ug w\u0142asnych preferencji. Wykonana z wysokiej jako\u015bci sklejki, r\u0119cznie szlifowana.","og_url":"https:\/\/www.drewnianamagia.pl\/index.php\/produkt\/drewniana-personalizowana-zawieszka-na-wodke-weselna\/","og_site_name":"Drewniana Magia","article_publisher":"https:\/\/facebook.com\/BelasDrewnianaMagia","article_modified_time":"2025-06-21T13:19:47+00:00","og_image":[{"width":1000,"height":1000,"url":"https:\/\/www.drewnianamagia.pl\/wp-content\/uploads\/2024\/01\/zawieszka.png","type":"image\/png"}],"twitter_card":"summary_large_image","twitter_misc":{"Szacowany czas czytania":"2 minuty"},"schema":{"@context":"https:\/\/schema.org","@graph":[{"@type":"WebPage","@id":"https:\/\/www.drewnianamagia.pl\/index.php\/produkt\/drewniana-personalizowana-zawieszka-na-wodke-weselna\/","url":"https:\/\/www.drewnianamagia.pl\/index.php\/produkt\/drewniana-personalizowana-zawieszka-na-wodke-weselna\/","name":"Drewniana personalizowana zawieszka na w\u00f3dk\u0119 weseln\u0105 - Drewniana Magia","isPartOf":{"@id":"https:\/\/www.drewnianamagia.pl\/#website"},"primaryImageOfPage":{"@id":"https:\/\/www.drewnianamagia.pl\/index.php\/produkt\/drewniana-personalizowana-zawieszka-na-wodke-weselna\/#primaryimage"},"image":{"@id":"https:\/\/www.drewnianamagia.pl\/index.php\/produkt\/drewniana-personalizowana-zawieszka-na-wodke-weselna\/#primaryimage"},"thumbnailUrl":"https:\/\/www.drewnianamagia.pl\/wp-content\/uploads\/2024\/01\/zawieszka.png","datePublished":"2024-01-18T13:39:06+00:00","dateModified":"2025-06-21T13:19:47+00:00","description":"Drewniana zawieszka na w\u00f3dk\u0119 weseln\u0105. Spersonalizuj j\u0105 wed\u0142ug w\u0142asnych preferencji. Wykonana z wysokiej jako\u015bci sklejki, r\u0119cznie szlifowana.","breadcrumb":{"@id":"https:\/\/www.drewnianamagia.pl\/index.php\/produkt\/drewniana-personalizowana-zawieszka-na-wodke-weselna\/#breadcrumb"},"inLanguage":"pl-PL","potentialAction":[{"@type":"ReadAction","target":["https:\/\/www.drewnianamagia.pl\/index.php\/produkt\/drewniana-personalizowana-zawieszka-na-wodke-weselna\/"]}]},{"@type":"ImageObject","inLanguage":"pl-PL","@id":"https:\/\/www.drewnianamagia.pl\/index.php\/produkt\/drewniana-personalizowana-zawieszka-na-wodke-weselna\/#primaryimage","url":"https:\/\/www.drewnianamagia.pl\/wp-content\/uploads\/2024\/01\/zawieszka.png","contentUrl":"https:\/\/www.drewnianamagia.pl\/wp-content\/uploads\/2024\/01\/zawieszka.png","width":1000,"height":1000,"caption":"zawieszka na w\u00f3dk\u0119 weseln\u0105"},{"@type":"BreadcrumbList","@id":"https:\/\/www.drewnianamagia.pl\/index.php\/produkt\/drewniana-personalizowana-zawieszka-na-wodke-weselna\/#breadcrumb","itemListElement":[{"@type":"ListItem","position":1,"name":"Strona g\u0142\u00f3wna","item":"https:\/\/www.drewnianamagia.pl\/"},{"@type":"ListItem","position":2,"name":"Sklep","item":"https:\/\/www.drewnianamagia.pl\/index.php\/sklep-internetowy-drewnianamagia\/"},{"@type":"ListItem","position":3,"name":"Drewniana personalizowana zawieszka na w\u00f3dk\u0119 weseln\u0105"}]},{"@type":"WebSite","@id":"https:\/\/www.drewnianamagia.pl\/#website","url":"https:\/\/www.drewnianamagia.pl\/","name":"Drewniana Magia","description":"Personalizowane prezenty i dekoracje z drewna i druku 3D, na ka\u017cd\u0105 okazj\u0119 i okoliczno\u015b\u0107. Urodziny, Chrzest, Przyj\u0119cie, \u015awi\u0119ta, \u015alub","publisher":{"@id":"https:\/\/www.drewnianamagia.pl\/#organization"},"potentialAction":[{"@type":"SearchAction","target":{"@type":"EntryPoint","urlTemplate":"https:\/\/www.drewnianamagia.pl\/?s={search_term_string}"},"query-input":{"@type":"PropertyValueSpecification","valueRequired":true,"valueName":"search_term_string"}}],"inLanguage":"pl-PL"},{"@type":"Organization","@id":"https:\/\/www.drewnianamagia.pl\/#organization","name":"Drewniana Magia","url":"https:\/\/www.drewnianamagia.pl\/","logo":{"@type":"ImageObject","inLanguage":"pl-PL","@id":"https:\/\/www.drewnianamagia.pl\/#\/schema\/logo\/image\/","url":"https:\/\/www.drewnianamagia.pl\/wp-content\/uploads\/2024\/02\/cropped-LOGO-DrewnianaMagia-375x188-1.png","contentUrl":"https:\/\/www.drewnianamagia.pl\/wp-content\/uploads\/2024\/02\/cropped-LOGO-DrewnianaMagia-375x188-1.png","width":374,"height":188,"caption":"Drewniana Magia"},"image":{"@id":"https:\/\/www.drewnianamagia.pl\/#\/schema\/logo\/image\/"},"sameAs":["https:\/\/facebook.com\/BelasDrewnianaMagia"]}]}},"_links":{"self":[{"href":"https:\/\/www.drewnianamagia.pl\/index.php\/wp-json\/wp\/v2\/product\/1709","targetHints":{"allow":["GET"]}}],"collection":[{"href":"https:\/\/www.drewnianamagia.pl\/index.php\/wp-json\/wp\/v2\/product"}],"about":[{"href":"https:\/\/www.drewnianamagia.pl\/index.php\/wp-json\/wp\/v2\/types\/product"}],"replies":[{"embeddable":true,"href":"https:\/\/www.drewnianamagia.pl\/index.php\/wp-json\/wp\/v2\/comments?post=1709"}],"wp:featuredmedia":[{"embeddable":true,"href":"https:\/\/www.drewnianamagia.pl\/index.php\/wp-json\/wp\/v2\/media\/1708"}],"wp:attachment":[{"href":"https:\/\/www.drewnianamagia.pl\/index.php\/wp-json\/wp\/v2\/media?parent=1709"}],"wp:term":[{"taxonomy":"product_brand","embeddable":true,"href":"https:\/\/www.drewnianamagia.pl\/index.php\/wp-json\/wp\/v2\/product_brand?post=1709"},{"taxonomy":"product_cat","embeddable":true,"href":"https:\/\/www.drewnianamagia.pl\/index.php\/wp-json\/wp\/v2\/product_cat?post=1709"},{"taxonomy":"product_tag","embeddable":true,"href":"https:\/\/www.drewnianamagia.pl\/index.php\/wp-json\/wp\/v2\/product_tag?post=1709"}],"curies":[{"name":"wp","href":"https:\/\/api.w.org\/{rel}","templated":true}]}}