{"id":1701,"date":"2024-01-15T14:19:27","date_gmt":"2024-01-15T13:19:27","guid":{"rendered":"https:\/\/www.drewnianamagia.pl\/?post_type=product&#038;p=1701"},"modified":"2024-12-13T12:27:56","modified_gmt":"2024-12-13T11:27:56","slug":"winietka-na-stol-nieskonczonosc-slub-wesele","status":"publish","type":"product","link":"https:\/\/www.drewnianamagia.pl\/index.php\/produkt\/winietka-na-stol-nieskonczonosc-slub-wesele\/","title":{"rendered":"Winietka na st\u00f3\u0142 &#8211; niesko\u0144czono\u015b\u0107 &#8211; \u015blub, wesele"},"content":{"rendered":"<p>Winietka na st\u00f3\u0142 &#8211; personalizowana. 9cm.<\/p>\n<p>&nbsp;<\/p>\n<p>Zapraszamy do odkrycia wyj\u0105tkowego dodatku do dekoracji sto\u0142u \u2013 nasza personalizowana winietka w kszta\u0142cie znaku niesko\u0144czono\u015bci. To elegancki spos\u00f3b na dodanie indywidualnego akcentu do Twojego przyj\u0119cia, \u015blubu czy innej wyj\u0105tkowej okazji.<\/p>\n<p>Winietk\u0119 wykonujemy z wysokiej jako\u015bci drewna sklejki, co nadaje jej trwa\u0142o\u015b\u0107 i elegancj\u0119. Ka\u017cd\u0105 sztuk\u0119 r\u0119cznie szlifujemy, co sprawia, \u017ce ka\u017cdy detal jest starannie wyko\u0144czony, a tekst wygrawerowany z precyzj\u0105. Mo\u017cesz spersonalizowa\u0107 winietk\u0119, umieszczaj\u0105c na niej imi\u0119 go\u015bcia lub kr\u00f3tki, wyj\u0105tkowy tekst &#8211; zalecamy do dw\u00f3ch s\u0142\u00f3w, aby zachowa\u0107 elegancj\u0119 i czytelno\u015b\u0107. Daj nam zna\u0107 jakie s\u0142owa (imiona, nazwy pseudonimy itp.) mamy wygrawerowa\u0107 na winietce.<\/p>\n<p>W zestawie z winietk\u0105 otrzymasz r\u00f3wnie\u017c solidn\u0105 podstawk\u0119, kt\u00f3ra pomaga utrzyma\u0107 j\u0105 w pionie, dodaj\u0105c jednocze\u015bnie nowy wymiar elegancji i stylu. Wymiary winietki wynosz\u0105 6cm na 9cm, a grubo\u015b\u0107 to zaledwie 3mm, co sprawia, \u017ce jest subtelna, ale zarazem zauwa\u017calna na ka\u017cdym stole. Podstawka ma wymiary 8cm na 2cm i grubo\u015b\u0107 3mm, idealnie wsp\u00f3\u0142graj\u0105c z winietk\u0105.<\/p>\n<p>To nie tylko praktyczny element organizacji miejsca przy stole, ale tak\u017ce pi\u0119kny detal, kt\u00f3ry doda uroku i osobistego charakteru Twojemu wydarzeniu. Dzi\u0119ki mo\u017cliwo\u015bci personalizacji, nasza winietka w kszta\u0142cie niesko\u0144czono\u015bci stanie si\u0119 niezapomnianym prezentem dla Twoich go\u015bci. Odkryj teraz pi\u0119kno prostoty i elegancji naszego produktu, kt\u00f3ry wzbogaci ka\u017cd\u0105 okoliczno\u015b\u0107.<\/p>\n","protected":false},"excerpt":{"rendered":"<p>Winietka na st\u00f3\u0142 &#8211; personalizowana. 9cm. &nbsp; Zapraszamy do odkrycia wyj\u0105tkowego dodatku do dekoracji sto\u0142u \u2013 nasza personalizowana winietka w kszta\u0142cie znaku niesko\u0144czono\u015bci. To elegancki spos\u00f3b na dodanie indywidualnego akcentu do Twojego przyj\u0119cia, \u015blubu czy innej wyj\u0105tkowej okazji. Winietk\u0119 wykonujemy z wysokiej jako\u015bci drewna sklejki, co nadaje jej trwa\u0142o\u015b\u0107 i elegancj\u0119. Ka\u017cd\u0105 sztuk\u0119 r\u0119cznie szlifujemy, [&hellip;]<\/p>\n","protected":false},"featured_media":1699,"comment_status":"open","ping_status":"closed","template":"","meta":{"_acf_changed":false},"product_brand":[],"product_cat":[97,49,105,98,148,96],"product_tag":[54],"class_list":{"0":"post-1701","1":"product","2":"type-product","3":"status-publish","4":"has-post-thumbnail","6":"product_cat-chrzest-komunia","7":"product_cat-dekoracje","8":"product_cat-rocznice","9":"product_cat-slub-wesele","10":"product_cat-statuetki","11":"product_cat-urodziny-imieniny","12":"product_tag-personalizacja","14":"first","15":"instock","16":"taxable","17":"shipping-taxable","18":"purchasable","19":"product-type-simple"},"acf":[],"yoast_head":"<!-- This site is optimized with the Yoast SEO plugin v27.5 - https:\/\/yoast.com\/product\/yoast-seo-wordpress\/ -->\n<title>Winietka na st\u00f3\u0142 - niesko\u0144czono\u015b\u0107 - \u015blub, wesele - Drewniana Magia<\/title>\n<meta name=\"description\" content=\"Personalizowana winietka na st\u00f3\u0142. W kszta\u0142cie znaku niesko\u0144czono\u015bci. Wykonana z drewna. R\u0119cznie szlifowana. Praktyczna ozdoba sto\u0142u weselnego.\" \/>\n<meta name=\"robots\" content=\"index, follow, max-snippet:-1, max-image-preview:large, max-video-preview:-1\" \/>\n<link rel=\"canonical\" href=\"https:\/\/www.drewnianamagia.pl\/index.php\/produkt\/winietka-na-stol-nieskonczonosc-slub-wesele\/\" \/>\n<meta property=\"og:locale\" content=\"pl_PL\" \/>\n<meta property=\"og:type\" content=\"article\" \/>\n<meta property=\"og:title\" content=\"Winietka na st\u00f3\u0142 - niesko\u0144czono\u015b\u0107 - \u015blub, wesele - Drewniana Magia\" \/>\n<meta property=\"og:description\" content=\"Personalizowana winietka na st\u00f3\u0142. W kszta\u0142cie znaku niesko\u0144czono\u015bci. Wykonana z drewna. R\u0119cznie szlifowana. Praktyczna ozdoba sto\u0142u weselnego.\" \/>\n<meta property=\"og:url\" content=\"https:\/\/www.drewnianamagia.pl\/index.php\/produkt\/winietka-na-stol-nieskonczonosc-slub-wesele\/\" \/>\n<meta property=\"og:site_name\" content=\"Drewniana Magia\" \/>\n<meta property=\"article:publisher\" content=\"https:\/\/facebook.com\/BelasDrewnianaMagia\" \/>\n<meta property=\"article:modified_time\" content=\"2024-12-13T11:27:56+00:00\" \/>\n<meta property=\"og:image\" content=\"https:\/\/www.drewnianamagia.pl\/wp-content\/uploads\/2024\/01\/winietka-nieskonczonosc-2.png\" \/>\n\t<meta property=\"og:image:width\" content=\"1000\" \/>\n\t<meta property=\"og:image:height\" content=\"1000\" \/>\n\t<meta property=\"og:image:type\" content=\"image\/png\" \/>\n<meta name=\"twitter:card\" content=\"summary_large_image\" \/>\n<meta name=\"twitter:label1\" content=\"Szacowany czas czytania\" \/>\n\t<meta name=\"twitter:data1\" content=\"2 minuty\" \/>\n<script type=\"application\/ld+json\" class=\"yoast-schema-graph\">{\"@context\":\"https:\\\/\\\/schema.org\",\"@graph\":[{\"@type\":\"WebPage\",\"@id\":\"https:\\\/\\\/www.drewnianamagia.pl\\\/index.php\\\/produkt\\\/winietka-na-stol-nieskonczonosc-slub-wesele\\\/\",\"url\":\"https:\\\/\\\/www.drewnianamagia.pl\\\/index.php\\\/produkt\\\/winietka-na-stol-nieskonczonosc-slub-wesele\\\/\",\"name\":\"Winietka na st\u00f3\u0142 - niesko\u0144czono\u015b\u0107 - \u015blub, wesele - Drewniana Magia\",\"isPartOf\":{\"@id\":\"https:\\\/\\\/www.drewnianamagia.pl\\\/#website\"},\"primaryImageOfPage\":{\"@id\":\"https:\\\/\\\/www.drewnianamagia.pl\\\/index.php\\\/produkt\\\/winietka-na-stol-nieskonczonosc-slub-wesele\\\/#primaryimage\"},\"image\":{\"@id\":\"https:\\\/\\\/www.drewnianamagia.pl\\\/index.php\\\/produkt\\\/winietka-na-stol-nieskonczonosc-slub-wesele\\\/#primaryimage\"},\"thumbnailUrl\":\"https:\\\/\\\/www.drewnianamagia.pl\\\/wp-content\\\/uploads\\\/2024\\\/01\\\/winietka-nieskonczonosc-2.png\",\"datePublished\":\"2024-01-15T13:19:27+00:00\",\"dateModified\":\"2024-12-13T11:27:56+00:00\",\"description\":\"Personalizowana winietka na st\u00f3\u0142. W kszta\u0142cie znaku niesko\u0144czono\u015bci. Wykonana z drewna. R\u0119cznie szlifowana. Praktyczna ozdoba sto\u0142u weselnego.\",\"breadcrumb\":{\"@id\":\"https:\\\/\\\/www.drewnianamagia.pl\\\/index.php\\\/produkt\\\/winietka-na-stol-nieskonczonosc-slub-wesele\\\/#breadcrumb\"},\"inLanguage\":\"pl-PL\",\"potentialAction\":[{\"@type\":\"ReadAction\",\"target\":[\"https:\\\/\\\/www.drewnianamagia.pl\\\/index.php\\\/produkt\\\/winietka-na-stol-nieskonczonosc-slub-wesele\\\/\"]}]},{\"@type\":\"ImageObject\",\"inLanguage\":\"pl-PL\",\"@id\":\"https:\\\/\\\/www.drewnianamagia.pl\\\/index.php\\\/produkt\\\/winietka-na-stol-nieskonczonosc-slub-wesele\\\/#primaryimage\",\"url\":\"https:\\\/\\\/www.drewnianamagia.pl\\\/wp-content\\\/uploads\\\/2024\\\/01\\\/winietka-nieskonczonosc-2.png\",\"contentUrl\":\"https:\\\/\\\/www.drewnianamagia.pl\\\/wp-content\\\/uploads\\\/2024\\\/01\\\/winietka-nieskonczonosc-2.png\",\"width\":1000,\"height\":1000,\"caption\":\"winietka\"},{\"@type\":\"BreadcrumbList\",\"@id\":\"https:\\\/\\\/www.drewnianamagia.pl\\\/index.php\\\/produkt\\\/winietka-na-stol-nieskonczonosc-slub-wesele\\\/#breadcrumb\",\"itemListElement\":[{\"@type\":\"ListItem\",\"position\":1,\"name\":\"Strona g\u0142\u00f3wna\",\"item\":\"https:\\\/\\\/www.drewnianamagia.pl\\\/\"},{\"@type\":\"ListItem\",\"position\":2,\"name\":\"Sklep\",\"item\":\"https:\\\/\\\/www.drewnianamagia.pl\\\/index.php\\\/sklep-internetowy-drewnianamagia\\\/\"},{\"@type\":\"ListItem\",\"position\":3,\"name\":\"Winietka na st\u00f3\u0142 &#8211; niesko\u0144czono\u015b\u0107 &#8211; \u015blub, wesele\"}]},{\"@type\":\"WebSite\",\"@id\":\"https:\\\/\\\/www.drewnianamagia.pl\\\/#website\",\"url\":\"https:\\\/\\\/www.drewnianamagia.pl\\\/\",\"name\":\"Drewniana Magia\",\"description\":\"Personalizowane prezenty i dekoracje z drewna i druku 3D, na ka\u017cd\u0105 okazj\u0119 i okoliczno\u015b\u0107. Urodziny, Chrzest, Przyj\u0119cie, \u015awi\u0119ta, \u015alub\",\"publisher\":{\"@id\":\"https:\\\/\\\/www.drewnianamagia.pl\\\/#organization\"},\"potentialAction\":[{\"@type\":\"SearchAction\",\"target\":{\"@type\":\"EntryPoint\",\"urlTemplate\":\"https:\\\/\\\/www.drewnianamagia.pl\\\/?s={search_term_string}\"},\"query-input\":{\"@type\":\"PropertyValueSpecification\",\"valueRequired\":true,\"valueName\":\"search_term_string\"}}],\"inLanguage\":\"pl-PL\"},{\"@type\":\"Organization\",\"@id\":\"https:\\\/\\\/www.drewnianamagia.pl\\\/#organization\",\"name\":\"Drewniana Magia\",\"url\":\"https:\\\/\\\/www.drewnianamagia.pl\\\/\",\"logo\":{\"@type\":\"ImageObject\",\"inLanguage\":\"pl-PL\",\"@id\":\"https:\\\/\\\/www.drewnianamagia.pl\\\/#\\\/schema\\\/logo\\\/image\\\/\",\"url\":\"https:\\\/\\\/www.drewnianamagia.pl\\\/wp-content\\\/uploads\\\/2024\\\/02\\\/cropped-LOGO-DrewnianaMagia-375x188-1.png\",\"contentUrl\":\"https:\\\/\\\/www.drewnianamagia.pl\\\/wp-content\\\/uploads\\\/2024\\\/02\\\/cropped-LOGO-DrewnianaMagia-375x188-1.png\",\"width\":374,\"height\":188,\"caption\":\"Drewniana Magia\"},\"image\":{\"@id\":\"https:\\\/\\\/www.drewnianamagia.pl\\\/#\\\/schema\\\/logo\\\/image\\\/\"},\"sameAs\":[\"https:\\\/\\\/facebook.com\\\/BelasDrewnianaMagia\"]}]}<\/script>\n<!-- \/ Yoast SEO plugin. -->","yoast_head_json":{"title":"Winietka na st\u00f3\u0142 - niesko\u0144czono\u015b\u0107 - \u015blub, wesele - Drewniana Magia","description":"Personalizowana winietka na st\u00f3\u0142. W kszta\u0142cie znaku niesko\u0144czono\u015bci. Wykonana z drewna. R\u0119cznie szlifowana. Praktyczna ozdoba sto\u0142u weselnego.","robots":{"index":"index","follow":"follow","max-snippet":"max-snippet:-1","max-image-preview":"max-image-preview:large","max-video-preview":"max-video-preview:-1"},"canonical":"https:\/\/www.drewnianamagia.pl\/index.php\/produkt\/winietka-na-stol-nieskonczonosc-slub-wesele\/","og_locale":"pl_PL","og_type":"article","og_title":"Winietka na st\u00f3\u0142 - niesko\u0144czono\u015b\u0107 - \u015blub, wesele - Drewniana Magia","og_description":"Personalizowana winietka na st\u00f3\u0142. W kszta\u0142cie znaku niesko\u0144czono\u015bci. Wykonana z drewna. R\u0119cznie szlifowana. Praktyczna ozdoba sto\u0142u weselnego.","og_url":"https:\/\/www.drewnianamagia.pl\/index.php\/produkt\/winietka-na-stol-nieskonczonosc-slub-wesele\/","og_site_name":"Drewniana Magia","article_publisher":"https:\/\/facebook.com\/BelasDrewnianaMagia","article_modified_time":"2024-12-13T11:27:56+00:00","og_image":[{"width":1000,"height":1000,"url":"https:\/\/www.drewnianamagia.pl\/wp-content\/uploads\/2024\/01\/winietka-nieskonczonosc-2.png","type":"image\/png"}],"twitter_card":"summary_large_image","twitter_misc":{"Szacowany czas czytania":"2 minuty"},"schema":{"@context":"https:\/\/schema.org","@graph":[{"@type":"WebPage","@id":"https:\/\/www.drewnianamagia.pl\/index.php\/produkt\/winietka-na-stol-nieskonczonosc-slub-wesele\/","url":"https:\/\/www.drewnianamagia.pl\/index.php\/produkt\/winietka-na-stol-nieskonczonosc-slub-wesele\/","name":"Winietka na st\u00f3\u0142 - niesko\u0144czono\u015b\u0107 - \u015blub, wesele - Drewniana Magia","isPartOf":{"@id":"https:\/\/www.drewnianamagia.pl\/#website"},"primaryImageOfPage":{"@id":"https:\/\/www.drewnianamagia.pl\/index.php\/produkt\/winietka-na-stol-nieskonczonosc-slub-wesele\/#primaryimage"},"image":{"@id":"https:\/\/www.drewnianamagia.pl\/index.php\/produkt\/winietka-na-stol-nieskonczonosc-slub-wesele\/#primaryimage"},"thumbnailUrl":"https:\/\/www.drewnianamagia.pl\/wp-content\/uploads\/2024\/01\/winietka-nieskonczonosc-2.png","datePublished":"2024-01-15T13:19:27+00:00","dateModified":"2024-12-13T11:27:56+00:00","description":"Personalizowana winietka na st\u00f3\u0142. W kszta\u0142cie znaku niesko\u0144czono\u015bci. Wykonana z drewna. R\u0119cznie szlifowana. Praktyczna ozdoba sto\u0142u weselnego.","breadcrumb":{"@id":"https:\/\/www.drewnianamagia.pl\/index.php\/produkt\/winietka-na-stol-nieskonczonosc-slub-wesele\/#breadcrumb"},"inLanguage":"pl-PL","potentialAction":[{"@type":"ReadAction","target":["https:\/\/www.drewnianamagia.pl\/index.php\/produkt\/winietka-na-stol-nieskonczonosc-slub-wesele\/"]}]},{"@type":"ImageObject","inLanguage":"pl-PL","@id":"https:\/\/www.drewnianamagia.pl\/index.php\/produkt\/winietka-na-stol-nieskonczonosc-slub-wesele\/#primaryimage","url":"https:\/\/www.drewnianamagia.pl\/wp-content\/uploads\/2024\/01\/winietka-nieskonczonosc-2.png","contentUrl":"https:\/\/www.drewnianamagia.pl\/wp-content\/uploads\/2024\/01\/winietka-nieskonczonosc-2.png","width":1000,"height":1000,"caption":"winietka"},{"@type":"BreadcrumbList","@id":"https:\/\/www.drewnianamagia.pl\/index.php\/produkt\/winietka-na-stol-nieskonczonosc-slub-wesele\/#breadcrumb","itemListElement":[{"@type":"ListItem","position":1,"name":"Strona g\u0142\u00f3wna","item":"https:\/\/www.drewnianamagia.pl\/"},{"@type":"ListItem","position":2,"name":"Sklep","item":"https:\/\/www.drewnianamagia.pl\/index.php\/sklep-internetowy-drewnianamagia\/"},{"@type":"ListItem","position":3,"name":"Winietka na st\u00f3\u0142 &#8211; niesko\u0144czono\u015b\u0107 &#8211; \u015blub, wesele"}]},{"@type":"WebSite","@id":"https:\/\/www.drewnianamagia.pl\/#website","url":"https:\/\/www.drewnianamagia.pl\/","name":"Drewniana Magia","description":"Personalizowane prezenty i dekoracje z drewna i druku 3D, na ka\u017cd\u0105 okazj\u0119 i okoliczno\u015b\u0107. Urodziny, Chrzest, Przyj\u0119cie, \u015awi\u0119ta, \u015alub","publisher":{"@id":"https:\/\/www.drewnianamagia.pl\/#organization"},"potentialAction":[{"@type":"SearchAction","target":{"@type":"EntryPoint","urlTemplate":"https:\/\/www.drewnianamagia.pl\/?s={search_term_string}"},"query-input":{"@type":"PropertyValueSpecification","valueRequired":true,"valueName":"search_term_string"}}],"inLanguage":"pl-PL"},{"@type":"Organization","@id":"https:\/\/www.drewnianamagia.pl\/#organization","name":"Drewniana Magia","url":"https:\/\/www.drewnianamagia.pl\/","logo":{"@type":"ImageObject","inLanguage":"pl-PL","@id":"https:\/\/www.drewnianamagia.pl\/#\/schema\/logo\/image\/","url":"https:\/\/www.drewnianamagia.pl\/wp-content\/uploads\/2024\/02\/cropped-LOGO-DrewnianaMagia-375x188-1.png","contentUrl":"https:\/\/www.drewnianamagia.pl\/wp-content\/uploads\/2024\/02\/cropped-LOGO-DrewnianaMagia-375x188-1.png","width":374,"height":188,"caption":"Drewniana Magia"},"image":{"@id":"https:\/\/www.drewnianamagia.pl\/#\/schema\/logo\/image\/"},"sameAs":["https:\/\/facebook.com\/BelasDrewnianaMagia"]}]}},"_links":{"self":[{"href":"https:\/\/www.drewnianamagia.pl\/index.php\/wp-json\/wp\/v2\/product\/1701","targetHints":{"allow":["GET"]}}],"collection":[{"href":"https:\/\/www.drewnianamagia.pl\/index.php\/wp-json\/wp\/v2\/product"}],"about":[{"href":"https:\/\/www.drewnianamagia.pl\/index.php\/wp-json\/wp\/v2\/types\/product"}],"replies":[{"embeddable":true,"href":"https:\/\/www.drewnianamagia.pl\/index.php\/wp-json\/wp\/v2\/comments?post=1701"}],"wp:featuredmedia":[{"embeddable":true,"href":"https:\/\/www.drewnianamagia.pl\/index.php\/wp-json\/wp\/v2\/media\/1699"}],"wp:attachment":[{"href":"https:\/\/www.drewnianamagia.pl\/index.php\/wp-json\/wp\/v2\/media?parent=1701"}],"wp:term":[{"taxonomy":"product_brand","embeddable":true,"href":"https:\/\/www.drewnianamagia.pl\/index.php\/wp-json\/wp\/v2\/product_brand?post=1701"},{"taxonomy":"product_cat","embeddable":true,"href":"https:\/\/www.drewnianamagia.pl\/index.php\/wp-json\/wp\/v2\/product_cat?post=1701"},{"taxonomy":"product_tag","embeddable":true,"href":"https:\/\/www.drewnianamagia.pl\/index.php\/wp-json\/wp\/v2\/product_tag?post=1701"}],"curies":[{"name":"wp","href":"https:\/\/api.w.org\/{rel}","templated":true}]}}