{"id":1645,"date":"2024-01-04T09:53:41","date_gmt":"2024-01-04T08:53:41","guid":{"rendered":"https:\/\/www.drewnianamagia.pl\/?post_type=product&#038;p=1645"},"modified":"2024-12-13T12:27:56","modified_gmt":"2024-12-13T11:27:56","slug":"kwiatek-z-zyczeniami-na-dzien-babci-i-dziadka","status":"publish","type":"product","link":"https:\/\/www.drewnianamagia.pl\/index.php\/produkt\/kwiatek-z-zyczeniami-na-dzien-babci-i-dziadka\/","title":{"rendered":"Kwiatek z \u017cyczeniami na Dzie\u0144 Babci i Dziadka"},"content":{"rendered":"<p style=\"text-align: center;\"><strong>&#8222;Kwiatek w doniczce&#8221; na podstawie z \u017cyczeniami na dzie\u0144 Babci i Dziadka<\/strong><\/p>\n<p>&nbsp;<\/p>\n<p>Rozpieszcz swoich najbli\u017cszych w wyj\u0105tkowy spos\u00f3b z naszym unikatowym produktem &#8211; Kwiatkiem w Doniczce z \u017byczeniami na Dzie\u0144 Babci i Dziadka. To nie tylko urocza ozdoba, ale r\u00f3wnie\u017c personalizowany prezent, kt\u00f3ry pozostawi trwa\u0142e wra\u017cenie.<\/p>\n<p><strong>Cechy Produktu:<\/strong><\/p>\n<ol>\n<li><strong>Materia\u0142 Najwy\u017cszej Jako\u015bci:<\/strong> Kwiatek precyzyjnie wycinamy laserowo z wysokiej jako\u015bci sklejki o grubo\u015bci ok. 3mm, co gwarantuje trwa\u0142o\u015b\u0107 i estetyk\u0119.<\/li>\n<li><strong>Personalizacja \u017bycze\u0144:<\/strong> Nadaj prezentowi wyj\u0105tkowy charakter, dodaj\u0105c w\u0142asne \u017cyczenia z okazji Dnia Babci i Dziadka. Mo\u017cesz wybra\u0107 s\u0142owa, kt\u00f3re najlepiej oddadz\u0105 Twoje uczucia. Daj nam zna\u0107 jaki tekst chcesz aby\u015bmy wygrawerowali pod kwiatkiem na &#8222;doniczce&#8221;.<\/li>\n<li><strong>R\u0119czne Szlifowanie:<\/strong> Po wykonaniu graweru ka\u017cdy kwiatek jest starannie r\u0119cznie szlifowany. Ten proces gwarantuje g\u0142adk\u0105 powierzchni\u0119 i eliminuje wszelkie okopcenia powsta\u0142e w trakcie produkcji, sprawiaj\u0105c, \u017ce produkt prezentuje si\u0119 perfekcyjnie.<\/li>\n<li><strong>Wymiary:<\/strong> Kwiatek ma wysoko\u015b\u0107 15cm i szeroko\u015b\u0107 10cm, co sprawia, \u017ce jest idealnym dodatkiem do ka\u017cdego wn\u0119trza.<\/li>\n<li><strong>Symbolika i Urok:<\/strong> Kwiatek w doniczce to nie tylko pi\u0119kna ozdoba, ale tak\u017ce symbol mi\u0142o\u015bci i szacunku. To doskona\u0142y spos\u00f3b na wyra\u017cenie wdzi\u0119czno\u015bci i uczucia do Babci i Dziadka.<\/li>\n<\/ol>\n<p>Daj swoim bliskim co\u015b wi\u0119cej ni\u017c zwyk\u0142y prezent &#8211; daj im pi\u0119kny kwiatek, kt\u00f3ry zawsze b\u0119dzie przypomina\u0142 o Twojej mi\u0142o\u015bci i trosce. Personalizacja \u017cycze\u0144 dodaje temu produktowi wyj\u0105tkowego charakteru, czyni\u0105c go prezentem niezapomnianym. Zam\u00f3w ju\u017c dzi\u015b i spraw swoim Babciom i Dziadkom rado\u015b\u0107, kt\u00f3r\u0105 zapami\u0119taj\u0105 na zawsze!<\/p>\n","protected":false},"excerpt":{"rendered":"<p>&#8222;Kwiatek w doniczce&#8221; na podstawie z \u017cyczeniami na dzie\u0144 Babci i Dziadka &nbsp; Rozpieszcz swoich najbli\u017cszych w wyj\u0105tkowy spos\u00f3b z naszym unikatowym produktem &#8211; Kwiatkiem w Doniczce z \u017byczeniami na Dzie\u0144 Babci i Dziadka. To nie tylko urocza ozdoba, ale r\u00f3wnie\u017c personalizowany prezent, kt\u00f3ry pozostawi trwa\u0142e wra\u017cenie. Cechy Produktu: Materia\u0142 Najwy\u017cszej Jako\u015bci: Kwiatek precyzyjnie wycinamy [&hellip;]<\/p>\n","protected":false},"featured_media":1641,"comment_status":"open","ping_status":"closed","template":"","meta":{"_acf_changed":false},"product_brand":[],"product_cat":[49,103,148],"product_tag":[55],"class_list":{"0":"post-1645","1":"product","2":"type-product","3":"status-publish","4":"has-post-thumbnail","6":"product_cat-dekoracje","7":"product_cat-dzien-babci-dzien-dziadka","8":"product_cat-statuetki","9":"product_tag-prezent","11":"first","12":"instock","13":"taxable","14":"shipping-taxable","15":"purchasable","16":"product-type-simple"},"acf":[],"yoast_head":"<!-- This site is optimized with the Yoast SEO plugin v27.5 - https:\/\/yoast.com\/product\/yoast-seo-wordpress\/ -->\n<title>Kwiatek z \u017cyczeniami na Dzie\u0144 Babci i Dziadka - Drewniana Magia<\/title>\n<meta name=\"description\" content=\"Drewniany kwiatek na podstawie z \u017cyczeniami na dzie\u0144 Babci i Dziadka. Wyra\u017any grawer laserowy. Personalizacja \u017cycze\u0144 - dowolny tekst.\" \/>\n<meta name=\"robots\" content=\"index, follow, max-snippet:-1, max-image-preview:large, max-video-preview:-1\" \/>\n<link rel=\"canonical\" href=\"https:\/\/www.drewnianamagia.pl\/index.php\/produkt\/kwiatek-z-zyczeniami-na-dzien-babci-i-dziadka\/\" \/>\n<meta property=\"og:locale\" content=\"pl_PL\" \/>\n<meta property=\"og:type\" content=\"article\" \/>\n<meta property=\"og:title\" content=\"Kwiatek z \u017cyczeniami na Dzie\u0144 Babci i Dziadka - Drewniana Magia\" \/>\n<meta property=\"og:description\" content=\"Drewniany kwiatek na podstawie z \u017cyczeniami na dzie\u0144 Babci i Dziadka. Wyra\u017any grawer laserowy. Personalizacja \u017cycze\u0144 - dowolny tekst.\" \/>\n<meta property=\"og:url\" content=\"https:\/\/www.drewnianamagia.pl\/index.php\/produkt\/kwiatek-z-zyczeniami-na-dzien-babci-i-dziadka\/\" \/>\n<meta property=\"og:site_name\" content=\"Drewniana Magia\" \/>\n<meta property=\"article:publisher\" content=\"https:\/\/facebook.com\/BelasDrewnianaMagia\" \/>\n<meta property=\"article:modified_time\" content=\"2024-12-13T11:27:56+00:00\" \/>\n<meta property=\"og:image\" content=\"https:\/\/www.drewnianamagia.pl\/wp-content\/uploads\/2024\/01\/kwiatek-1-dzien-babci-i-dziadka.png\" \/>\n\t<meta property=\"og:image:width\" content=\"1000\" \/>\n\t<meta property=\"og:image:height\" content=\"1000\" \/>\n\t<meta property=\"og:image:type\" content=\"image\/png\" \/>\n<meta name=\"twitter:card\" content=\"summary_large_image\" \/>\n<meta name=\"twitter:label1\" content=\"Szacowany czas czytania\" \/>\n\t<meta name=\"twitter:data1\" content=\"2 minuty\" \/>\n<script type=\"application\/ld+json\" class=\"yoast-schema-graph\">{\"@context\":\"https:\\\/\\\/schema.org\",\"@graph\":[{\"@type\":\"WebPage\",\"@id\":\"https:\\\/\\\/www.drewnianamagia.pl\\\/index.php\\\/produkt\\\/kwiatek-z-zyczeniami-na-dzien-babci-i-dziadka\\\/\",\"url\":\"https:\\\/\\\/www.drewnianamagia.pl\\\/index.php\\\/produkt\\\/kwiatek-z-zyczeniami-na-dzien-babci-i-dziadka\\\/\",\"name\":\"Kwiatek z \u017cyczeniami na Dzie\u0144 Babci i Dziadka - Drewniana Magia\",\"isPartOf\":{\"@id\":\"https:\\\/\\\/www.drewnianamagia.pl\\\/#website\"},\"primaryImageOfPage\":{\"@id\":\"https:\\\/\\\/www.drewnianamagia.pl\\\/index.php\\\/produkt\\\/kwiatek-z-zyczeniami-na-dzien-babci-i-dziadka\\\/#primaryimage\"},\"image\":{\"@id\":\"https:\\\/\\\/www.drewnianamagia.pl\\\/index.php\\\/produkt\\\/kwiatek-z-zyczeniami-na-dzien-babci-i-dziadka\\\/#primaryimage\"},\"thumbnailUrl\":\"https:\\\/\\\/www.drewnianamagia.pl\\\/wp-content\\\/uploads\\\/2024\\\/01\\\/kwiatek-1-dzien-babci-i-dziadka.png\",\"datePublished\":\"2024-01-04T08:53:41+00:00\",\"dateModified\":\"2024-12-13T11:27:56+00:00\",\"description\":\"Drewniany kwiatek na podstawie z \u017cyczeniami na dzie\u0144 Babci i Dziadka. Wyra\u017any grawer laserowy. Personalizacja \u017cycze\u0144 - dowolny tekst.\",\"breadcrumb\":{\"@id\":\"https:\\\/\\\/www.drewnianamagia.pl\\\/index.php\\\/produkt\\\/kwiatek-z-zyczeniami-na-dzien-babci-i-dziadka\\\/#breadcrumb\"},\"inLanguage\":\"pl-PL\",\"potentialAction\":[{\"@type\":\"ReadAction\",\"target\":[\"https:\\\/\\\/www.drewnianamagia.pl\\\/index.php\\\/produkt\\\/kwiatek-z-zyczeniami-na-dzien-babci-i-dziadka\\\/\"]}]},{\"@type\":\"ImageObject\",\"inLanguage\":\"pl-PL\",\"@id\":\"https:\\\/\\\/www.drewnianamagia.pl\\\/index.php\\\/produkt\\\/kwiatek-z-zyczeniami-na-dzien-babci-i-dziadka\\\/#primaryimage\",\"url\":\"https:\\\/\\\/www.drewnianamagia.pl\\\/wp-content\\\/uploads\\\/2024\\\/01\\\/kwiatek-1-dzien-babci-i-dziadka.png\",\"contentUrl\":\"https:\\\/\\\/www.drewnianamagia.pl\\\/wp-content\\\/uploads\\\/2024\\\/01\\\/kwiatek-1-dzien-babci-i-dziadka.png\",\"width\":1000,\"height\":1000,\"caption\":\"kwiatek z \u017cyczeniami\"},{\"@type\":\"BreadcrumbList\",\"@id\":\"https:\\\/\\\/www.drewnianamagia.pl\\\/index.php\\\/produkt\\\/kwiatek-z-zyczeniami-na-dzien-babci-i-dziadka\\\/#breadcrumb\",\"itemListElement\":[{\"@type\":\"ListItem\",\"position\":1,\"name\":\"Strona g\u0142\u00f3wna\",\"item\":\"https:\\\/\\\/www.drewnianamagia.pl\\\/\"},{\"@type\":\"ListItem\",\"position\":2,\"name\":\"Sklep\",\"item\":\"https:\\\/\\\/www.drewnianamagia.pl\\\/index.php\\\/sklep-internetowy-drewnianamagia\\\/\"},{\"@type\":\"ListItem\",\"position\":3,\"name\":\"Kwiatek z \u017cyczeniami na Dzie\u0144 Babci i Dziadka\"}]},{\"@type\":\"WebSite\",\"@id\":\"https:\\\/\\\/www.drewnianamagia.pl\\\/#website\",\"url\":\"https:\\\/\\\/www.drewnianamagia.pl\\\/\",\"name\":\"Drewniana Magia\",\"description\":\"Personalizowane prezenty i dekoracje z drewna i druku 3D, na ka\u017cd\u0105 okazj\u0119 i okoliczno\u015b\u0107. Urodziny, Chrzest, Przyj\u0119cie, \u015awi\u0119ta, \u015alub\",\"publisher\":{\"@id\":\"https:\\\/\\\/www.drewnianamagia.pl\\\/#organization\"},\"potentialAction\":[{\"@type\":\"SearchAction\",\"target\":{\"@type\":\"EntryPoint\",\"urlTemplate\":\"https:\\\/\\\/www.drewnianamagia.pl\\\/?s={search_term_string}\"},\"query-input\":{\"@type\":\"PropertyValueSpecification\",\"valueRequired\":true,\"valueName\":\"search_term_string\"}}],\"inLanguage\":\"pl-PL\"},{\"@type\":\"Organization\",\"@id\":\"https:\\\/\\\/www.drewnianamagia.pl\\\/#organization\",\"name\":\"Drewniana Magia\",\"url\":\"https:\\\/\\\/www.drewnianamagia.pl\\\/\",\"logo\":{\"@type\":\"ImageObject\",\"inLanguage\":\"pl-PL\",\"@id\":\"https:\\\/\\\/www.drewnianamagia.pl\\\/#\\\/schema\\\/logo\\\/image\\\/\",\"url\":\"https:\\\/\\\/www.drewnianamagia.pl\\\/wp-content\\\/uploads\\\/2024\\\/02\\\/cropped-LOGO-DrewnianaMagia-375x188-1.png\",\"contentUrl\":\"https:\\\/\\\/www.drewnianamagia.pl\\\/wp-content\\\/uploads\\\/2024\\\/02\\\/cropped-LOGO-DrewnianaMagia-375x188-1.png\",\"width\":374,\"height\":188,\"caption\":\"Drewniana Magia\"},\"image\":{\"@id\":\"https:\\\/\\\/www.drewnianamagia.pl\\\/#\\\/schema\\\/logo\\\/image\\\/\"},\"sameAs\":[\"https:\\\/\\\/facebook.com\\\/BelasDrewnianaMagia\"]}]}<\/script>\n<!-- \/ Yoast SEO plugin. -->","yoast_head_json":{"title":"Kwiatek z \u017cyczeniami na Dzie\u0144 Babci i Dziadka - Drewniana Magia","description":"Drewniany kwiatek na podstawie z \u017cyczeniami na dzie\u0144 Babci i Dziadka. Wyra\u017any grawer laserowy. Personalizacja \u017cycze\u0144 - dowolny tekst.","robots":{"index":"index","follow":"follow","max-snippet":"max-snippet:-1","max-image-preview":"max-image-preview:large","max-video-preview":"max-video-preview:-1"},"canonical":"https:\/\/www.drewnianamagia.pl\/index.php\/produkt\/kwiatek-z-zyczeniami-na-dzien-babci-i-dziadka\/","og_locale":"pl_PL","og_type":"article","og_title":"Kwiatek z \u017cyczeniami na Dzie\u0144 Babci i Dziadka - Drewniana Magia","og_description":"Drewniany kwiatek na podstawie z \u017cyczeniami na dzie\u0144 Babci i Dziadka. Wyra\u017any grawer laserowy. Personalizacja \u017cycze\u0144 - dowolny tekst.","og_url":"https:\/\/www.drewnianamagia.pl\/index.php\/produkt\/kwiatek-z-zyczeniami-na-dzien-babci-i-dziadka\/","og_site_name":"Drewniana Magia","article_publisher":"https:\/\/facebook.com\/BelasDrewnianaMagia","article_modified_time":"2024-12-13T11:27:56+00:00","og_image":[{"width":1000,"height":1000,"url":"https:\/\/www.drewnianamagia.pl\/wp-content\/uploads\/2024\/01\/kwiatek-1-dzien-babci-i-dziadka.png","type":"image\/png"}],"twitter_card":"summary_large_image","twitter_misc":{"Szacowany czas czytania":"2 minuty"},"schema":{"@context":"https:\/\/schema.org","@graph":[{"@type":"WebPage","@id":"https:\/\/www.drewnianamagia.pl\/index.php\/produkt\/kwiatek-z-zyczeniami-na-dzien-babci-i-dziadka\/","url":"https:\/\/www.drewnianamagia.pl\/index.php\/produkt\/kwiatek-z-zyczeniami-na-dzien-babci-i-dziadka\/","name":"Kwiatek z \u017cyczeniami na Dzie\u0144 Babci i Dziadka - Drewniana Magia","isPartOf":{"@id":"https:\/\/www.drewnianamagia.pl\/#website"},"primaryImageOfPage":{"@id":"https:\/\/www.drewnianamagia.pl\/index.php\/produkt\/kwiatek-z-zyczeniami-na-dzien-babci-i-dziadka\/#primaryimage"},"image":{"@id":"https:\/\/www.drewnianamagia.pl\/index.php\/produkt\/kwiatek-z-zyczeniami-na-dzien-babci-i-dziadka\/#primaryimage"},"thumbnailUrl":"https:\/\/www.drewnianamagia.pl\/wp-content\/uploads\/2024\/01\/kwiatek-1-dzien-babci-i-dziadka.png","datePublished":"2024-01-04T08:53:41+00:00","dateModified":"2024-12-13T11:27:56+00:00","description":"Drewniany kwiatek na podstawie z \u017cyczeniami na dzie\u0144 Babci i Dziadka. Wyra\u017any grawer laserowy. Personalizacja \u017cycze\u0144 - dowolny tekst.","breadcrumb":{"@id":"https:\/\/www.drewnianamagia.pl\/index.php\/produkt\/kwiatek-z-zyczeniami-na-dzien-babci-i-dziadka\/#breadcrumb"},"inLanguage":"pl-PL","potentialAction":[{"@type":"ReadAction","target":["https:\/\/www.drewnianamagia.pl\/index.php\/produkt\/kwiatek-z-zyczeniami-na-dzien-babci-i-dziadka\/"]}]},{"@type":"ImageObject","inLanguage":"pl-PL","@id":"https:\/\/www.drewnianamagia.pl\/index.php\/produkt\/kwiatek-z-zyczeniami-na-dzien-babci-i-dziadka\/#primaryimage","url":"https:\/\/www.drewnianamagia.pl\/wp-content\/uploads\/2024\/01\/kwiatek-1-dzien-babci-i-dziadka.png","contentUrl":"https:\/\/www.drewnianamagia.pl\/wp-content\/uploads\/2024\/01\/kwiatek-1-dzien-babci-i-dziadka.png","width":1000,"height":1000,"caption":"kwiatek z \u017cyczeniami"},{"@type":"BreadcrumbList","@id":"https:\/\/www.drewnianamagia.pl\/index.php\/produkt\/kwiatek-z-zyczeniami-na-dzien-babci-i-dziadka\/#breadcrumb","itemListElement":[{"@type":"ListItem","position":1,"name":"Strona g\u0142\u00f3wna","item":"https:\/\/www.drewnianamagia.pl\/"},{"@type":"ListItem","position":2,"name":"Sklep","item":"https:\/\/www.drewnianamagia.pl\/index.php\/sklep-internetowy-drewnianamagia\/"},{"@type":"ListItem","position":3,"name":"Kwiatek z \u017cyczeniami na Dzie\u0144 Babci i Dziadka"}]},{"@type":"WebSite","@id":"https:\/\/www.drewnianamagia.pl\/#website","url":"https:\/\/www.drewnianamagia.pl\/","name":"Drewniana Magia","description":"Personalizowane prezenty i dekoracje z drewna i druku 3D, na ka\u017cd\u0105 okazj\u0119 i okoliczno\u015b\u0107. Urodziny, Chrzest, Przyj\u0119cie, \u015awi\u0119ta, \u015alub","publisher":{"@id":"https:\/\/www.drewnianamagia.pl\/#organization"},"potentialAction":[{"@type":"SearchAction","target":{"@type":"EntryPoint","urlTemplate":"https:\/\/www.drewnianamagia.pl\/?s={search_term_string}"},"query-input":{"@type":"PropertyValueSpecification","valueRequired":true,"valueName":"search_term_string"}}],"inLanguage":"pl-PL"},{"@type":"Organization","@id":"https:\/\/www.drewnianamagia.pl\/#organization","name":"Drewniana Magia","url":"https:\/\/www.drewnianamagia.pl\/","logo":{"@type":"ImageObject","inLanguage":"pl-PL","@id":"https:\/\/www.drewnianamagia.pl\/#\/schema\/logo\/image\/","url":"https:\/\/www.drewnianamagia.pl\/wp-content\/uploads\/2024\/02\/cropped-LOGO-DrewnianaMagia-375x188-1.png","contentUrl":"https:\/\/www.drewnianamagia.pl\/wp-content\/uploads\/2024\/02\/cropped-LOGO-DrewnianaMagia-375x188-1.png","width":374,"height":188,"caption":"Drewniana Magia"},"image":{"@id":"https:\/\/www.drewnianamagia.pl\/#\/schema\/logo\/image\/"},"sameAs":["https:\/\/facebook.com\/BelasDrewnianaMagia"]}]}},"_links":{"self":[{"href":"https:\/\/www.drewnianamagia.pl\/index.php\/wp-json\/wp\/v2\/product\/1645","targetHints":{"allow":["GET"]}}],"collection":[{"href":"https:\/\/www.drewnianamagia.pl\/index.php\/wp-json\/wp\/v2\/product"}],"about":[{"href":"https:\/\/www.drewnianamagia.pl\/index.php\/wp-json\/wp\/v2\/types\/product"}],"replies":[{"embeddable":true,"href":"https:\/\/www.drewnianamagia.pl\/index.php\/wp-json\/wp\/v2\/comments?post=1645"}],"wp:featuredmedia":[{"embeddable":true,"href":"https:\/\/www.drewnianamagia.pl\/index.php\/wp-json\/wp\/v2\/media\/1641"}],"wp:attachment":[{"href":"https:\/\/www.drewnianamagia.pl\/index.php\/wp-json\/wp\/v2\/media?parent=1645"}],"wp:term":[{"taxonomy":"product_brand","embeddable":true,"href":"https:\/\/www.drewnianamagia.pl\/index.php\/wp-json\/wp\/v2\/product_brand?post=1645"},{"taxonomy":"product_cat","embeddable":true,"href":"https:\/\/www.drewnianamagia.pl\/index.php\/wp-json\/wp\/v2\/product_cat?post=1645"},{"taxonomy":"product_tag","embeddable":true,"href":"https:\/\/www.drewnianamagia.pl\/index.php\/wp-json\/wp\/v2\/product_tag?post=1645"}],"curies":[{"name":"wp","href":"https:\/\/api.w.org\/{rel}","templated":true}]}}