{"id":1451,"date":"2023-12-04T13:07:25","date_gmt":"2023-12-04T12:07:25","guid":{"rendered":"https:\/\/www.drewnianamagia.pl\/?post_type=product&#038;p=1451"},"modified":"2026-01-03T09:49:07","modified_gmt":"2026-01-03T08:49:07","slug":"personalizowana-zlota-choinka-z-imionami-na-podstawie","status":"publish","type":"product","link":"https:\/\/www.drewnianamagia.pl\/index.php\/produkt\/personalizowana-zlota-choinka-z-imionami-na-podstawie\/","title":{"rendered":"Personalizowana z\u0142ota choinka z imionami na podstawie"},"content":{"rendered":"<h2 style=\"text-align: center;\"><strong>Personalizowana Choinka Drewniana z Imionami, Z\u0142oty Kolor<\/strong><\/h2>\n<p>Szukasz wyj\u0105tkowego prezentu na \u015bwi\u0119ta lub inn\u0105 wyj\u0105tkow\u0105 okazj\u0119? Nasza personalizowana choinka drewniana z imionami o wysoko\u015bci oko\u0142o 15 cm to idealny wyb\u00f3r. Wykonana z wysokiej jako\u015bci sklejki, ta urocza ozdoba stoi na podstawie, pomalowana z obu stron na z\u0142oty kolor, co dodaje jej elegancji i \u015bwi\u0105tecznego blasku.<\/p>\n<p><strong>Daj nam zna\u0107 jakie imiona \/ s\u0142owa<\/strong> maj\u0105 znale\u017a\u0107 si\u0119 na tej wyj\u0105tkowej ozdobie a stworzymy j\u0105 dla Ciebie. <strong>Rok umieszczony pod imionami (tak jak na zdj\u0119ciu produktu) jest opcjonalny<\/strong>. Je\u015bli chcesz by\u015bmy uwzgl\u0119dnili go w Twoim produkcie poinformuj nas o tym dopisuj\u0105c go do personalizacji wraz z imionami.<\/p>\n<p><strong>G\u0142\u00f3wne cechy produktu:<\/strong><\/p>\n<ul>\n<li>Kszta\u0142t choinki: Ta drewniana choinka o wyj\u0105tkowym kszta\u0142cie nadaje \u015bwi\u0105teczny urok, idealny do postawienia na stole, p\u00f3\u0142ce lub innym miejscu, kt\u00f3re chcesz ozdobi\u0107.<\/li>\n<li>Personalizacja imion: Mo\u017cesz doda\u0107 do niej do 15 imion swoich najbli\u017cszych, tworz\u0105c wyj\u0105tkow\u0105 ozdob\u0119. Imiona zostan\u0105 rozmieszczone w takiej kolejno\u015bci aby zachowa\u0107 oczekiwany kszta\u0142t produktu, a ca\u0142o\u015b\u0107 b\u0119dzie estetycznie wyko\u0144czona. Podaj nam list\u0119 imion, a my zadedykujemy im odpowiedni\u0105 przestrze\u0144.<\/li>\n<li>Wykonanie najwy\u017cszej jako\u015bci: Choink\u0119 wykonujemy z trwa\u0142ej sklejki topolowo-lipowej, korzystaj\u0105c z precyzyjnego ci\u0119cia laserowego. R\u0119czne wyka\u0144czanie i szlifowanie gwarantuj\u0105 unikatowy charakter ka\u017cdego egzemplarza.<\/li>\n<li>Z\u0142oty kolor: Ca\u0142\u0105 choink\u0119, z wyj\u0105tkiem podstawy, malujemy na z\u0142oty kolor z obu stron, co dodaje jej \u015bwi\u0105tecznego blasku.<\/li>\n<li>Idealny prezent: Ta personalizowana choinka to doskona\u0142y prezent na \u015bwi\u0119ta, urodziny, rocznice czy inne okazje. Wyra\u017a swoj\u0105 mi\u0142o\u015b\u0107 i trosk\u0119 w wyj\u0105tkowy spos\u00f3b.<\/li>\n<\/ul>\n<p>Nasza drewniana choinka z imionami to nie tylko ozdoba, ale tak\u017ce wyj\u0105tkowy spos\u00f3b wyra\u017cenia uczu\u0107. Zam\u00f3w teraz i spraw, by ten prezent pe\u0142en mi\u0142o\u015bci zago\u015bci\u0142 w sercach bliskich os\u00f3b.<\/p>\n<p><strong>Wymiary produktu:<\/strong><\/p>\n<ul>\n<li>Wysoko\u015b\u0107: ok. 15cm<\/li>\n<li>Grubo\u015b\u0107 samej choinki: ok. 3mm<\/li>\n<li>Szeroko\u015b\u0107: Zale\u017cna od d\u0142ugo\u015bci imion.<\/li>\n<li>Wymiar podstawy: 10 x 4,5 cm<\/li>\n<\/ul>\n<p>&nbsp;<\/p>\n","protected":false},"excerpt":{"rendered":"<p>Personalizowana Choinka Drewniana z Imionami, Z\u0142oty Kolor Szukasz wyj\u0105tkowego prezentu na \u015bwi\u0119ta lub inn\u0105 wyj\u0105tkow\u0105 okazj\u0119? Nasza personalizowana choinka drewniana z imionami o wysoko\u015bci oko\u0142o 15 cm to idealny wyb\u00f3r. Wykonana z wysokiej jako\u015bci sklejki, ta urocza ozdoba stoi na podstawie, pomalowana z obu stron na z\u0142oty kolor, co dodaje jej elegancji i \u015bwi\u0105tecznego blasku. [&hellip;]<\/p>\n","protected":false},"featured_media":1442,"comment_status":"open","ping_status":"closed","template":"","meta":{"_acf_changed":false},"product_brand":[],"product_cat":[95,49,148],"product_tag":[54,55,80,77],"class_list":{"0":"post-1451","1":"product","2":"type-product","3":"status-publish","4":"has-post-thumbnail","6":"product_cat-boze-narodzenie","7":"product_cat-dekoracje","8":"product_cat-statuetki","9":"product_tag-personalizacja","10":"product_tag-prezent","11":"product_tag-rodzina","12":"product_tag-swieta","14":"first","15":"instock","16":"taxable","17":"shipping-taxable","18":"purchasable","19":"product-type-simple"},"acf":[],"yoast_head":"<!-- This site is optimized with the Yoast SEO plugin v27.5 - https:\/\/yoast.com\/product\/yoast-seo-wordpress\/ -->\n<title>Personalizowana z\u0142ota choinka z imionami na podstawie - Drewniana Magia<\/title>\n<meta name=\"description\" content=\"Statuetka z imionami w kszta\u0142cie choinki, kt\u00f3r\u0105 mo\u017cesz spersonalizowa\u0107 o dowolne imiona. Wyj\u0105tkowa ozdoba i uzupe\u0142nienie \u015bwi\u0105tecznego wystroju.\" \/>\n<meta name=\"robots\" content=\"index, follow, max-snippet:-1, max-image-preview:large, max-video-preview:-1\" \/>\n<link rel=\"canonical\" href=\"https:\/\/www.drewnianamagia.pl\/index.php\/produkt\/personalizowana-zlota-choinka-z-imionami-na-podstawie\/\" \/>\n<meta property=\"og:locale\" content=\"pl_PL\" \/>\n<meta property=\"og:type\" content=\"article\" \/>\n<meta property=\"og:title\" content=\"Personalizowana z\u0142ota choinka z imionami na podstawie - Drewniana Magia\" \/>\n<meta property=\"og:description\" content=\"Statuetka z imionami w kszta\u0142cie choinki, kt\u00f3r\u0105 mo\u017cesz spersonalizowa\u0107 o dowolne imiona. Wyj\u0105tkowa ozdoba i uzupe\u0142nienie \u015bwi\u0105tecznego wystroju.\" \/>\n<meta property=\"og:url\" content=\"https:\/\/www.drewnianamagia.pl\/index.php\/produkt\/personalizowana-zlota-choinka-z-imionami-na-podstawie\/\" \/>\n<meta property=\"og:site_name\" content=\"Drewniana Magia\" \/>\n<meta property=\"article:publisher\" content=\"https:\/\/facebook.com\/BelasDrewnianaMagia\" \/>\n<meta property=\"article:modified_time\" content=\"2026-01-03T08:49:07+00:00\" \/>\n<meta property=\"og:image\" content=\"https:\/\/www.drewnianamagia.pl\/wp-content\/uploads\/2023\/12\/zlota-choinka-z-imionami-15cm.png\" \/>\n\t<meta property=\"og:image:width\" content=\"1000\" \/>\n\t<meta property=\"og:image:height\" content=\"1000\" \/>\n\t<meta property=\"og:image:type\" content=\"image\/png\" \/>\n<meta name=\"twitter:card\" content=\"summary_large_image\" \/>\n<meta name=\"twitter:label1\" content=\"Szacowany czas czytania\" \/>\n\t<meta name=\"twitter:data1\" content=\"2 minuty\" \/>\n<script type=\"application\/ld+json\" class=\"yoast-schema-graph\">{\"@context\":\"https:\\\/\\\/schema.org\",\"@graph\":[{\"@type\":\"WebPage\",\"@id\":\"https:\\\/\\\/www.drewnianamagia.pl\\\/index.php\\\/produkt\\\/personalizowana-zlota-choinka-z-imionami-na-podstawie\\\/\",\"url\":\"https:\\\/\\\/www.drewnianamagia.pl\\\/index.php\\\/produkt\\\/personalizowana-zlota-choinka-z-imionami-na-podstawie\\\/\",\"name\":\"Personalizowana z\u0142ota choinka z imionami na podstawie - Drewniana Magia\",\"isPartOf\":{\"@id\":\"https:\\\/\\\/www.drewnianamagia.pl\\\/#website\"},\"primaryImageOfPage\":{\"@id\":\"https:\\\/\\\/www.drewnianamagia.pl\\\/index.php\\\/produkt\\\/personalizowana-zlota-choinka-z-imionami-na-podstawie\\\/#primaryimage\"},\"image\":{\"@id\":\"https:\\\/\\\/www.drewnianamagia.pl\\\/index.php\\\/produkt\\\/personalizowana-zlota-choinka-z-imionami-na-podstawie\\\/#primaryimage\"},\"thumbnailUrl\":\"https:\\\/\\\/www.drewnianamagia.pl\\\/wp-content\\\/uploads\\\/2023\\\/12\\\/zlota-choinka-z-imionami-15cm.png\",\"datePublished\":\"2023-12-04T12:07:25+00:00\",\"dateModified\":\"2026-01-03T08:49:07+00:00\",\"description\":\"Statuetka z imionami w kszta\u0142cie choinki, kt\u00f3r\u0105 mo\u017cesz spersonalizowa\u0107 o dowolne imiona. Wyj\u0105tkowa ozdoba i uzupe\u0142nienie \u015bwi\u0105tecznego wystroju.\",\"breadcrumb\":{\"@id\":\"https:\\\/\\\/www.drewnianamagia.pl\\\/index.php\\\/produkt\\\/personalizowana-zlota-choinka-z-imionami-na-podstawie\\\/#breadcrumb\"},\"inLanguage\":\"pl-PL\",\"potentialAction\":[{\"@type\":\"ReadAction\",\"target\":[\"https:\\\/\\\/www.drewnianamagia.pl\\\/index.php\\\/produkt\\\/personalizowana-zlota-choinka-z-imionami-na-podstawie\\\/\"]}]},{\"@type\":\"ImageObject\",\"inLanguage\":\"pl-PL\",\"@id\":\"https:\\\/\\\/www.drewnianamagia.pl\\\/index.php\\\/produkt\\\/personalizowana-zlota-choinka-z-imionami-na-podstawie\\\/#primaryimage\",\"url\":\"https:\\\/\\\/www.drewnianamagia.pl\\\/wp-content\\\/uploads\\\/2023\\\/12\\\/zlota-choinka-z-imionami-15cm.png\",\"contentUrl\":\"https:\\\/\\\/www.drewnianamagia.pl\\\/wp-content\\\/uploads\\\/2023\\\/12\\\/zlota-choinka-z-imionami-15cm.png\",\"width\":1000,\"height\":1000,\"caption\":\"z\u0142ota choinka z imionami\"},{\"@type\":\"BreadcrumbList\",\"@id\":\"https:\\\/\\\/www.drewnianamagia.pl\\\/index.php\\\/produkt\\\/personalizowana-zlota-choinka-z-imionami-na-podstawie\\\/#breadcrumb\",\"itemListElement\":[{\"@type\":\"ListItem\",\"position\":1,\"name\":\"Strona g\u0142\u00f3wna\",\"item\":\"https:\\\/\\\/www.drewnianamagia.pl\\\/\"},{\"@type\":\"ListItem\",\"position\":2,\"name\":\"Sklep\",\"item\":\"https:\\\/\\\/www.drewnianamagia.pl\\\/index.php\\\/sklep-internetowy-drewnianamagia\\\/\"},{\"@type\":\"ListItem\",\"position\":3,\"name\":\"Personalizowana z\u0142ota choinka z imionami na podstawie\"}]},{\"@type\":\"WebSite\",\"@id\":\"https:\\\/\\\/www.drewnianamagia.pl\\\/#website\",\"url\":\"https:\\\/\\\/www.drewnianamagia.pl\\\/\",\"name\":\"Drewniana Magia\",\"description\":\"Personalizowane prezenty i dekoracje z drewna i druku 3D, na ka\u017cd\u0105 okazj\u0119 i okoliczno\u015b\u0107. Urodziny, Chrzest, Przyj\u0119cie, \u015awi\u0119ta, \u015alub\",\"publisher\":{\"@id\":\"https:\\\/\\\/www.drewnianamagia.pl\\\/#organization\"},\"potentialAction\":[{\"@type\":\"SearchAction\",\"target\":{\"@type\":\"EntryPoint\",\"urlTemplate\":\"https:\\\/\\\/www.drewnianamagia.pl\\\/?s={search_term_string}\"},\"query-input\":{\"@type\":\"PropertyValueSpecification\",\"valueRequired\":true,\"valueName\":\"search_term_string\"}}],\"inLanguage\":\"pl-PL\"},{\"@type\":\"Organization\",\"@id\":\"https:\\\/\\\/www.drewnianamagia.pl\\\/#organization\",\"name\":\"Drewniana Magia\",\"url\":\"https:\\\/\\\/www.drewnianamagia.pl\\\/\",\"logo\":{\"@type\":\"ImageObject\",\"inLanguage\":\"pl-PL\",\"@id\":\"https:\\\/\\\/www.drewnianamagia.pl\\\/#\\\/schema\\\/logo\\\/image\\\/\",\"url\":\"https:\\\/\\\/www.drewnianamagia.pl\\\/wp-content\\\/uploads\\\/2024\\\/02\\\/cropped-LOGO-DrewnianaMagia-375x188-1.png\",\"contentUrl\":\"https:\\\/\\\/www.drewnianamagia.pl\\\/wp-content\\\/uploads\\\/2024\\\/02\\\/cropped-LOGO-DrewnianaMagia-375x188-1.png\",\"width\":374,\"height\":188,\"caption\":\"Drewniana Magia\"},\"image\":{\"@id\":\"https:\\\/\\\/www.drewnianamagia.pl\\\/#\\\/schema\\\/logo\\\/image\\\/\"},\"sameAs\":[\"https:\\\/\\\/facebook.com\\\/BelasDrewnianaMagia\"]}]}<\/script>\n<!-- \/ Yoast SEO plugin. -->","yoast_head_json":{"title":"Personalizowana z\u0142ota choinka z imionami na podstawie - Drewniana Magia","description":"Statuetka z imionami w kszta\u0142cie choinki, kt\u00f3r\u0105 mo\u017cesz spersonalizowa\u0107 o dowolne imiona. Wyj\u0105tkowa ozdoba i uzupe\u0142nienie \u015bwi\u0105tecznego wystroju.","robots":{"index":"index","follow":"follow","max-snippet":"max-snippet:-1","max-image-preview":"max-image-preview:large","max-video-preview":"max-video-preview:-1"},"canonical":"https:\/\/www.drewnianamagia.pl\/index.php\/produkt\/personalizowana-zlota-choinka-z-imionami-na-podstawie\/","og_locale":"pl_PL","og_type":"article","og_title":"Personalizowana z\u0142ota choinka z imionami na podstawie - Drewniana Magia","og_description":"Statuetka z imionami w kszta\u0142cie choinki, kt\u00f3r\u0105 mo\u017cesz spersonalizowa\u0107 o dowolne imiona. Wyj\u0105tkowa ozdoba i uzupe\u0142nienie \u015bwi\u0105tecznego wystroju.","og_url":"https:\/\/www.drewnianamagia.pl\/index.php\/produkt\/personalizowana-zlota-choinka-z-imionami-na-podstawie\/","og_site_name":"Drewniana Magia","article_publisher":"https:\/\/facebook.com\/BelasDrewnianaMagia","article_modified_time":"2026-01-03T08:49:07+00:00","og_image":[{"width":1000,"height":1000,"url":"https:\/\/www.drewnianamagia.pl\/wp-content\/uploads\/2023\/12\/zlota-choinka-z-imionami-15cm.png","type":"image\/png"}],"twitter_card":"summary_large_image","twitter_misc":{"Szacowany czas czytania":"2 minuty"},"schema":{"@context":"https:\/\/schema.org","@graph":[{"@type":"WebPage","@id":"https:\/\/www.drewnianamagia.pl\/index.php\/produkt\/personalizowana-zlota-choinka-z-imionami-na-podstawie\/","url":"https:\/\/www.drewnianamagia.pl\/index.php\/produkt\/personalizowana-zlota-choinka-z-imionami-na-podstawie\/","name":"Personalizowana z\u0142ota choinka z imionami na podstawie - Drewniana Magia","isPartOf":{"@id":"https:\/\/www.drewnianamagia.pl\/#website"},"primaryImageOfPage":{"@id":"https:\/\/www.drewnianamagia.pl\/index.php\/produkt\/personalizowana-zlota-choinka-z-imionami-na-podstawie\/#primaryimage"},"image":{"@id":"https:\/\/www.drewnianamagia.pl\/index.php\/produkt\/personalizowana-zlota-choinka-z-imionami-na-podstawie\/#primaryimage"},"thumbnailUrl":"https:\/\/www.drewnianamagia.pl\/wp-content\/uploads\/2023\/12\/zlota-choinka-z-imionami-15cm.png","datePublished":"2023-12-04T12:07:25+00:00","dateModified":"2026-01-03T08:49:07+00:00","description":"Statuetka z imionami w kszta\u0142cie choinki, kt\u00f3r\u0105 mo\u017cesz spersonalizowa\u0107 o dowolne imiona. Wyj\u0105tkowa ozdoba i uzupe\u0142nienie \u015bwi\u0105tecznego wystroju.","breadcrumb":{"@id":"https:\/\/www.drewnianamagia.pl\/index.php\/produkt\/personalizowana-zlota-choinka-z-imionami-na-podstawie\/#breadcrumb"},"inLanguage":"pl-PL","potentialAction":[{"@type":"ReadAction","target":["https:\/\/www.drewnianamagia.pl\/index.php\/produkt\/personalizowana-zlota-choinka-z-imionami-na-podstawie\/"]}]},{"@type":"ImageObject","inLanguage":"pl-PL","@id":"https:\/\/www.drewnianamagia.pl\/index.php\/produkt\/personalizowana-zlota-choinka-z-imionami-na-podstawie\/#primaryimage","url":"https:\/\/www.drewnianamagia.pl\/wp-content\/uploads\/2023\/12\/zlota-choinka-z-imionami-15cm.png","contentUrl":"https:\/\/www.drewnianamagia.pl\/wp-content\/uploads\/2023\/12\/zlota-choinka-z-imionami-15cm.png","width":1000,"height":1000,"caption":"z\u0142ota choinka z imionami"},{"@type":"BreadcrumbList","@id":"https:\/\/www.drewnianamagia.pl\/index.php\/produkt\/personalizowana-zlota-choinka-z-imionami-na-podstawie\/#breadcrumb","itemListElement":[{"@type":"ListItem","position":1,"name":"Strona g\u0142\u00f3wna","item":"https:\/\/www.drewnianamagia.pl\/"},{"@type":"ListItem","position":2,"name":"Sklep","item":"https:\/\/www.drewnianamagia.pl\/index.php\/sklep-internetowy-drewnianamagia\/"},{"@type":"ListItem","position":3,"name":"Personalizowana z\u0142ota choinka z imionami na podstawie"}]},{"@type":"WebSite","@id":"https:\/\/www.drewnianamagia.pl\/#website","url":"https:\/\/www.drewnianamagia.pl\/","name":"Drewniana Magia","description":"Personalizowane prezenty i dekoracje z drewna i druku 3D, na ka\u017cd\u0105 okazj\u0119 i okoliczno\u015b\u0107. Urodziny, Chrzest, Przyj\u0119cie, \u015awi\u0119ta, \u015alub","publisher":{"@id":"https:\/\/www.drewnianamagia.pl\/#organization"},"potentialAction":[{"@type":"SearchAction","target":{"@type":"EntryPoint","urlTemplate":"https:\/\/www.drewnianamagia.pl\/?s={search_term_string}"},"query-input":{"@type":"PropertyValueSpecification","valueRequired":true,"valueName":"search_term_string"}}],"inLanguage":"pl-PL"},{"@type":"Organization","@id":"https:\/\/www.drewnianamagia.pl\/#organization","name":"Drewniana Magia","url":"https:\/\/www.drewnianamagia.pl\/","logo":{"@type":"ImageObject","inLanguage":"pl-PL","@id":"https:\/\/www.drewnianamagia.pl\/#\/schema\/logo\/image\/","url":"https:\/\/www.drewnianamagia.pl\/wp-content\/uploads\/2024\/02\/cropped-LOGO-DrewnianaMagia-375x188-1.png","contentUrl":"https:\/\/www.drewnianamagia.pl\/wp-content\/uploads\/2024\/02\/cropped-LOGO-DrewnianaMagia-375x188-1.png","width":374,"height":188,"caption":"Drewniana Magia"},"image":{"@id":"https:\/\/www.drewnianamagia.pl\/#\/schema\/logo\/image\/"},"sameAs":["https:\/\/facebook.com\/BelasDrewnianaMagia"]}]}},"_links":{"self":[{"href":"https:\/\/www.drewnianamagia.pl\/index.php\/wp-json\/wp\/v2\/product\/1451","targetHints":{"allow":["GET"]}}],"collection":[{"href":"https:\/\/www.drewnianamagia.pl\/index.php\/wp-json\/wp\/v2\/product"}],"about":[{"href":"https:\/\/www.drewnianamagia.pl\/index.php\/wp-json\/wp\/v2\/types\/product"}],"replies":[{"embeddable":true,"href":"https:\/\/www.drewnianamagia.pl\/index.php\/wp-json\/wp\/v2\/comments?post=1451"}],"wp:featuredmedia":[{"embeddable":true,"href":"https:\/\/www.drewnianamagia.pl\/index.php\/wp-json\/wp\/v2\/media\/1442"}],"wp:attachment":[{"href":"https:\/\/www.drewnianamagia.pl\/index.php\/wp-json\/wp\/v2\/media?parent=1451"}],"wp:term":[{"taxonomy":"product_brand","embeddable":true,"href":"https:\/\/www.drewnianamagia.pl\/index.php\/wp-json\/wp\/v2\/product_brand?post=1451"},{"taxonomy":"product_cat","embeddable":true,"href":"https:\/\/www.drewnianamagia.pl\/index.php\/wp-json\/wp\/v2\/product_cat?post=1451"},{"taxonomy":"product_tag","embeddable":true,"href":"https:\/\/www.drewnianamagia.pl\/index.php\/wp-json\/wp\/v2\/product_tag?post=1451"}],"curies":[{"name":"wp","href":"https:\/\/api.w.org\/{rel}","templated":true}]}}