{"id":1378,"date":"2023-11-17T15:30:03","date_gmt":"2023-11-17T14:30:03","guid":{"rendered":"https:\/\/www.drewnianamagia.pl\/?post_type=product&#038;p=1378"},"modified":"2024-12-13T12:27:51","modified_gmt":"2024-12-13T11:27:51","slug":"drewniana-linijka-z-grawerem-zestaw-2-szt","status":"publish","type":"product","link":"https:\/\/www.drewnianamagia.pl\/index.php\/produkt\/drewniana-linijka-z-grawerem-zestaw-2-szt\/","title":{"rendered":"Drewniana Linijka z grawerem &#8211; zestaw 2 szt."},"content":{"rendered":"<p style=\"text-align: center;\"><strong>Drewniana Linijka z grawerem<\/strong><\/p>\n<p style=\"text-align: center;\"><strong>Zestaw 2 sztuk.<\/strong><\/p>\n<p>&nbsp;<\/p>\n<p>Prezentujemy wyj\u0105tkow\u0105 drewnian\u0105 linijk\u0119 z grawerem imienia &#8211; personalizowany dodatek idealny dla wszystkich mi\u0142o\u015bnik\u00f3w precyzyjnych pomiar\u00f3w. Nasza linijka to nie tylko praktyczne narz\u0119dzie, ale r\u00f3wnie\u017c estetyczny element, wykonany z najwy\u017cszej jako\u015bci sklejki topolowo-lipowej o wymiarach:<\/p>\n<ul>\n<li>szeroko\u015b\u0107 21cm,<\/li>\n<li>wysoko\u015b\u0107 6cm,<\/li>\n<li>grubo\u015b\u0107 3mm.<\/li>\n<\/ul>\n<p><strong>Czym wyr\u00f3\u017cnia si\u0119 nasza linijka?<\/strong><\/p>\n<p>Po pierwsze, grawerowane imi\u0119, kt\u00f3re nadaje produktowi niepowtarzalny charakter i czyni go idealnym prezentem personalizowanym. Ka\u017cde zam\u00f3wienie to unikalna mo\u017cliwo\u015b\u0107 spersonalizowania linijki z imieniem wybranej osoby, co czyni j\u0105 wyj\u0105tkowym upominkiem na ka\u017cd\u0105 okazj\u0119.<\/p>\n<p>Co wi\u0119cej, linijka zosta\u0142a starannie wykonana z dba\u0142o\u015bci\u0105 o detale. Skorzystali\u015bmy z wysokiej jako\u015bci sklejki topolowo-lipowej, kt\u00f3ra nie tylko nadaje produktowi trwa\u0142o\u015b\u0107, ale r\u00f3wnie\u017c elegancj\u0119. Drewno zosta\u0142o r\u0119cznie szlifowane, co gwarantuje g\u0142adk\u0105 powierzchni\u0119 i precyzyjne wykonanie.<\/p>\n<p>Nasza linijka jest niezast\u0105piona w codziennych pomiarach, dzi\u0119ki skali co <strong>1mm w przedziale od 0 do 20cm<\/strong>. Precyzyjne pomiary staj\u0105 si\u0119 teraz prostsze i bardziej przyjemne.<\/p>\n<p>Zam\u00f3w ju\u017c dzi\u015b nasz\u0105 drewnian\u0105 linijk\u0119 z grawerem imienia i podaruj bliskiej osobie funkcjonalny oraz osobisty prezent. Wybierz jako\u015b\u0107, precyzj\u0119 i unikalno\u015b\u0107 &#8211; wybierz nasz\u0105 linijk\u0119 do codziennych pomiar\u00f3w!<\/p>\n<p><strong>Daj nam zna\u0107 jaki tekst \/ imi\u0119 mamy na niej wygrawerowa\u0107.<\/strong><\/p>\n","protected":false},"excerpt":{"rendered":"<p>Drewniana Linijka z grawerem Zestaw 2 sztuk. &nbsp; Prezentujemy wyj\u0105tkow\u0105 drewnian\u0105 linijk\u0119 z grawerem imienia &#8211; personalizowany dodatek idealny dla wszystkich mi\u0142o\u015bnik\u00f3w precyzyjnych pomiar\u00f3w. Nasza linijka to nie tylko praktyczne narz\u0119dzie, ale r\u00f3wnie\u017c estetyczny element, wykonany z najwy\u017cszej jako\u015bci sklejki topolowo-lipowej o wymiarach: szeroko\u015b\u0107 21cm, wysoko\u015b\u0107 6cm, grubo\u015b\u0107 3mm. Czym wyr\u00f3\u017cnia si\u0119 nasza linijka? Po [&hellip;]<\/p>\n","protected":false},"featured_media":1372,"comment_status":"open","ping_status":"closed","template":"","meta":{"_acf_changed":false},"product_brand":[],"product_cat":[101,104,92],"product_tag":[69,54,55,93],"class_list":{"0":"post-1378","1":"product","2":"type-product","3":"status-publish","4":"has-post-thumbnail","6":"product_cat-dzien-dziecka","7":"product_cat-dzien-nauczyciela","8":"product_cat-gadzety","9":"product_tag-dziecko","10":"product_tag-personalizacja","11":"product_tag-prezent","12":"product_tag-szkola","14":"first","15":"instock","16":"taxable","17":"shipping-taxable","18":"purchasable","19":"product-type-simple"},"acf":[],"yoast_head":"<!-- This site is optimized with the Yoast SEO plugin v27.5 - https:\/\/yoast.com\/product\/yoast-seo-wordpress\/ -->\n<title>Drewniana Linijka z grawerem - zestaw 2 szt. - Drewniana Magia<\/title>\n<meta name=\"description\" content=\"Drewniane linijki z w\u0142asnym grawerem. Praktyczny gad\u017cet personalizowany na ka\u017cd\u0105 okazj\u0119. Wykonane z wysokiej jako\u015bci sklejki topolowo-lipowej.\" \/>\n<meta name=\"robots\" content=\"index, follow, max-snippet:-1, max-image-preview:large, max-video-preview:-1\" \/>\n<link rel=\"canonical\" href=\"https:\/\/www.drewnianamagia.pl\/index.php\/produkt\/drewniana-linijka-z-grawerem-zestaw-2-szt\/\" \/>\n<meta property=\"og:locale\" content=\"pl_PL\" \/>\n<meta property=\"og:type\" content=\"article\" \/>\n<meta property=\"og:title\" content=\"Drewniana Linijka z grawerem - zestaw 2 szt. - Drewniana Magia\" \/>\n<meta property=\"og:description\" content=\"Drewniane linijki z w\u0142asnym grawerem. Praktyczny gad\u017cet personalizowany na ka\u017cd\u0105 okazj\u0119. Wykonane z wysokiej jako\u015bci sklejki topolowo-lipowej.\" \/>\n<meta property=\"og:url\" content=\"https:\/\/www.drewnianamagia.pl\/index.php\/produkt\/drewniana-linijka-z-grawerem-zestaw-2-szt\/\" \/>\n<meta property=\"og:site_name\" content=\"Drewniana Magia\" \/>\n<meta property=\"article:publisher\" content=\"https:\/\/facebook.com\/BelasDrewnianaMagia\" \/>\n<meta property=\"article:modified_time\" content=\"2024-12-13T11:27:51+00:00\" \/>\n<meta property=\"og:image\" content=\"https:\/\/www.drewnianamagia.pl\/wp-content\/uploads\/2023\/11\/2x-drewniana-linijka-z-grawerem-210x60-1.png\" \/>\n\t<meta property=\"og:image:width\" content=\"1000\" \/>\n\t<meta property=\"og:image:height\" content=\"1000\" \/>\n\t<meta property=\"og:image:type\" content=\"image\/png\" \/>\n<meta name=\"twitter:card\" content=\"summary_large_image\" \/>\n<meta name=\"twitter:label1\" content=\"Szacowany czas czytania\" \/>\n\t<meta name=\"twitter:data1\" content=\"2 minuty\" \/>\n<script type=\"application\/ld+json\" class=\"yoast-schema-graph\">{\"@context\":\"https:\\\/\\\/schema.org\",\"@graph\":[{\"@type\":\"WebPage\",\"@id\":\"https:\\\/\\\/www.drewnianamagia.pl\\\/index.php\\\/produkt\\\/drewniana-linijka-z-grawerem-zestaw-2-szt\\\/\",\"url\":\"https:\\\/\\\/www.drewnianamagia.pl\\\/index.php\\\/produkt\\\/drewniana-linijka-z-grawerem-zestaw-2-szt\\\/\",\"name\":\"Drewniana Linijka z grawerem - zestaw 2 szt. - Drewniana Magia\",\"isPartOf\":{\"@id\":\"https:\\\/\\\/www.drewnianamagia.pl\\\/#website\"},\"primaryImageOfPage\":{\"@id\":\"https:\\\/\\\/www.drewnianamagia.pl\\\/index.php\\\/produkt\\\/drewniana-linijka-z-grawerem-zestaw-2-szt\\\/#primaryimage\"},\"image\":{\"@id\":\"https:\\\/\\\/www.drewnianamagia.pl\\\/index.php\\\/produkt\\\/drewniana-linijka-z-grawerem-zestaw-2-szt\\\/#primaryimage\"},\"thumbnailUrl\":\"https:\\\/\\\/www.drewnianamagia.pl\\\/wp-content\\\/uploads\\\/2023\\\/11\\\/2x-drewniana-linijka-z-grawerem-210x60-1.png\",\"datePublished\":\"2023-11-17T14:30:03+00:00\",\"dateModified\":\"2024-12-13T11:27:51+00:00\",\"description\":\"Drewniane linijki z w\u0142asnym grawerem. Praktyczny gad\u017cet personalizowany na ka\u017cd\u0105 okazj\u0119. Wykonane z wysokiej jako\u015bci sklejki topolowo-lipowej.\",\"breadcrumb\":{\"@id\":\"https:\\\/\\\/www.drewnianamagia.pl\\\/index.php\\\/produkt\\\/drewniana-linijka-z-grawerem-zestaw-2-szt\\\/#breadcrumb\"},\"inLanguage\":\"pl-PL\",\"potentialAction\":[{\"@type\":\"ReadAction\",\"target\":[\"https:\\\/\\\/www.drewnianamagia.pl\\\/index.php\\\/produkt\\\/drewniana-linijka-z-grawerem-zestaw-2-szt\\\/\"]}]},{\"@type\":\"ImageObject\",\"inLanguage\":\"pl-PL\",\"@id\":\"https:\\\/\\\/www.drewnianamagia.pl\\\/index.php\\\/produkt\\\/drewniana-linijka-z-grawerem-zestaw-2-szt\\\/#primaryimage\",\"url\":\"https:\\\/\\\/www.drewnianamagia.pl\\\/wp-content\\\/uploads\\\/2023\\\/11\\\/2x-drewniana-linijka-z-grawerem-210x60-1.png\",\"contentUrl\":\"https:\\\/\\\/www.drewnianamagia.pl\\\/wp-content\\\/uploads\\\/2023\\\/11\\\/2x-drewniana-linijka-z-grawerem-210x60-1.png\",\"width\":1000,\"height\":1000,\"caption\":\"Drewniana linijka z grawerem - 2 sztuki\"},{\"@type\":\"BreadcrumbList\",\"@id\":\"https:\\\/\\\/www.drewnianamagia.pl\\\/index.php\\\/produkt\\\/drewniana-linijka-z-grawerem-zestaw-2-szt\\\/#breadcrumb\",\"itemListElement\":[{\"@type\":\"ListItem\",\"position\":1,\"name\":\"Strona g\u0142\u00f3wna\",\"item\":\"https:\\\/\\\/www.drewnianamagia.pl\\\/\"},{\"@type\":\"ListItem\",\"position\":2,\"name\":\"Sklep\",\"item\":\"https:\\\/\\\/www.drewnianamagia.pl\\\/index.php\\\/sklep-internetowy-drewnianamagia\\\/\"},{\"@type\":\"ListItem\",\"position\":3,\"name\":\"Drewniana Linijka z grawerem &#8211; zestaw 2 szt.\"}]},{\"@type\":\"WebSite\",\"@id\":\"https:\\\/\\\/www.drewnianamagia.pl\\\/#website\",\"url\":\"https:\\\/\\\/www.drewnianamagia.pl\\\/\",\"name\":\"Drewniana Magia\",\"description\":\"Personalizowane prezenty i dekoracje z drewna i druku 3D, na ka\u017cd\u0105 okazj\u0119 i okoliczno\u015b\u0107. Urodziny, Chrzest, Przyj\u0119cie, \u015awi\u0119ta, \u015alub\",\"publisher\":{\"@id\":\"https:\\\/\\\/www.drewnianamagia.pl\\\/#organization\"},\"potentialAction\":[{\"@type\":\"SearchAction\",\"target\":{\"@type\":\"EntryPoint\",\"urlTemplate\":\"https:\\\/\\\/www.drewnianamagia.pl\\\/?s={search_term_string}\"},\"query-input\":{\"@type\":\"PropertyValueSpecification\",\"valueRequired\":true,\"valueName\":\"search_term_string\"}}],\"inLanguage\":\"pl-PL\"},{\"@type\":\"Organization\",\"@id\":\"https:\\\/\\\/www.drewnianamagia.pl\\\/#organization\",\"name\":\"Drewniana Magia\",\"url\":\"https:\\\/\\\/www.drewnianamagia.pl\\\/\",\"logo\":{\"@type\":\"ImageObject\",\"inLanguage\":\"pl-PL\",\"@id\":\"https:\\\/\\\/www.drewnianamagia.pl\\\/#\\\/schema\\\/logo\\\/image\\\/\",\"url\":\"https:\\\/\\\/www.drewnianamagia.pl\\\/wp-content\\\/uploads\\\/2024\\\/02\\\/cropped-LOGO-DrewnianaMagia-375x188-1.png\",\"contentUrl\":\"https:\\\/\\\/www.drewnianamagia.pl\\\/wp-content\\\/uploads\\\/2024\\\/02\\\/cropped-LOGO-DrewnianaMagia-375x188-1.png\",\"width\":374,\"height\":188,\"caption\":\"Drewniana Magia\"},\"image\":{\"@id\":\"https:\\\/\\\/www.drewnianamagia.pl\\\/#\\\/schema\\\/logo\\\/image\\\/\"},\"sameAs\":[\"https:\\\/\\\/facebook.com\\\/BelasDrewnianaMagia\"]}]}<\/script>\n<!-- \/ Yoast SEO plugin. -->","yoast_head_json":{"title":"Drewniana Linijka z grawerem - zestaw 2 szt. - Drewniana Magia","description":"Drewniane linijki z w\u0142asnym grawerem. Praktyczny gad\u017cet personalizowany na ka\u017cd\u0105 okazj\u0119. Wykonane z wysokiej jako\u015bci sklejki topolowo-lipowej.","robots":{"index":"index","follow":"follow","max-snippet":"max-snippet:-1","max-image-preview":"max-image-preview:large","max-video-preview":"max-video-preview:-1"},"canonical":"https:\/\/www.drewnianamagia.pl\/index.php\/produkt\/drewniana-linijka-z-grawerem-zestaw-2-szt\/","og_locale":"pl_PL","og_type":"article","og_title":"Drewniana Linijka z grawerem - zestaw 2 szt. - Drewniana Magia","og_description":"Drewniane linijki z w\u0142asnym grawerem. Praktyczny gad\u017cet personalizowany na ka\u017cd\u0105 okazj\u0119. Wykonane z wysokiej jako\u015bci sklejki topolowo-lipowej.","og_url":"https:\/\/www.drewnianamagia.pl\/index.php\/produkt\/drewniana-linijka-z-grawerem-zestaw-2-szt\/","og_site_name":"Drewniana Magia","article_publisher":"https:\/\/facebook.com\/BelasDrewnianaMagia","article_modified_time":"2024-12-13T11:27:51+00:00","og_image":[{"width":1000,"height":1000,"url":"https:\/\/www.drewnianamagia.pl\/wp-content\/uploads\/2023\/11\/2x-drewniana-linijka-z-grawerem-210x60-1.png","type":"image\/png"}],"twitter_card":"summary_large_image","twitter_misc":{"Szacowany czas czytania":"2 minuty"},"schema":{"@context":"https:\/\/schema.org","@graph":[{"@type":"WebPage","@id":"https:\/\/www.drewnianamagia.pl\/index.php\/produkt\/drewniana-linijka-z-grawerem-zestaw-2-szt\/","url":"https:\/\/www.drewnianamagia.pl\/index.php\/produkt\/drewniana-linijka-z-grawerem-zestaw-2-szt\/","name":"Drewniana Linijka z grawerem - zestaw 2 szt. - Drewniana Magia","isPartOf":{"@id":"https:\/\/www.drewnianamagia.pl\/#website"},"primaryImageOfPage":{"@id":"https:\/\/www.drewnianamagia.pl\/index.php\/produkt\/drewniana-linijka-z-grawerem-zestaw-2-szt\/#primaryimage"},"image":{"@id":"https:\/\/www.drewnianamagia.pl\/index.php\/produkt\/drewniana-linijka-z-grawerem-zestaw-2-szt\/#primaryimage"},"thumbnailUrl":"https:\/\/www.drewnianamagia.pl\/wp-content\/uploads\/2023\/11\/2x-drewniana-linijka-z-grawerem-210x60-1.png","datePublished":"2023-11-17T14:30:03+00:00","dateModified":"2024-12-13T11:27:51+00:00","description":"Drewniane linijki z w\u0142asnym grawerem. Praktyczny gad\u017cet personalizowany na ka\u017cd\u0105 okazj\u0119. Wykonane z wysokiej jako\u015bci sklejki topolowo-lipowej.","breadcrumb":{"@id":"https:\/\/www.drewnianamagia.pl\/index.php\/produkt\/drewniana-linijka-z-grawerem-zestaw-2-szt\/#breadcrumb"},"inLanguage":"pl-PL","potentialAction":[{"@type":"ReadAction","target":["https:\/\/www.drewnianamagia.pl\/index.php\/produkt\/drewniana-linijka-z-grawerem-zestaw-2-szt\/"]}]},{"@type":"ImageObject","inLanguage":"pl-PL","@id":"https:\/\/www.drewnianamagia.pl\/index.php\/produkt\/drewniana-linijka-z-grawerem-zestaw-2-szt\/#primaryimage","url":"https:\/\/www.drewnianamagia.pl\/wp-content\/uploads\/2023\/11\/2x-drewniana-linijka-z-grawerem-210x60-1.png","contentUrl":"https:\/\/www.drewnianamagia.pl\/wp-content\/uploads\/2023\/11\/2x-drewniana-linijka-z-grawerem-210x60-1.png","width":1000,"height":1000,"caption":"Drewniana linijka z grawerem - 2 sztuki"},{"@type":"BreadcrumbList","@id":"https:\/\/www.drewnianamagia.pl\/index.php\/produkt\/drewniana-linijka-z-grawerem-zestaw-2-szt\/#breadcrumb","itemListElement":[{"@type":"ListItem","position":1,"name":"Strona g\u0142\u00f3wna","item":"https:\/\/www.drewnianamagia.pl\/"},{"@type":"ListItem","position":2,"name":"Sklep","item":"https:\/\/www.drewnianamagia.pl\/index.php\/sklep-internetowy-drewnianamagia\/"},{"@type":"ListItem","position":3,"name":"Drewniana Linijka z grawerem &#8211; zestaw 2 szt."}]},{"@type":"WebSite","@id":"https:\/\/www.drewnianamagia.pl\/#website","url":"https:\/\/www.drewnianamagia.pl\/","name":"Drewniana Magia","description":"Personalizowane prezenty i dekoracje z drewna i druku 3D, na ka\u017cd\u0105 okazj\u0119 i okoliczno\u015b\u0107. Urodziny, Chrzest, Przyj\u0119cie, \u015awi\u0119ta, \u015alub","publisher":{"@id":"https:\/\/www.drewnianamagia.pl\/#organization"},"potentialAction":[{"@type":"SearchAction","target":{"@type":"EntryPoint","urlTemplate":"https:\/\/www.drewnianamagia.pl\/?s={search_term_string}"},"query-input":{"@type":"PropertyValueSpecification","valueRequired":true,"valueName":"search_term_string"}}],"inLanguage":"pl-PL"},{"@type":"Organization","@id":"https:\/\/www.drewnianamagia.pl\/#organization","name":"Drewniana Magia","url":"https:\/\/www.drewnianamagia.pl\/","logo":{"@type":"ImageObject","inLanguage":"pl-PL","@id":"https:\/\/www.drewnianamagia.pl\/#\/schema\/logo\/image\/","url":"https:\/\/www.drewnianamagia.pl\/wp-content\/uploads\/2024\/02\/cropped-LOGO-DrewnianaMagia-375x188-1.png","contentUrl":"https:\/\/www.drewnianamagia.pl\/wp-content\/uploads\/2024\/02\/cropped-LOGO-DrewnianaMagia-375x188-1.png","width":374,"height":188,"caption":"Drewniana Magia"},"image":{"@id":"https:\/\/www.drewnianamagia.pl\/#\/schema\/logo\/image\/"},"sameAs":["https:\/\/facebook.com\/BelasDrewnianaMagia"]}]}},"_links":{"self":[{"href":"https:\/\/www.drewnianamagia.pl\/index.php\/wp-json\/wp\/v2\/product\/1378","targetHints":{"allow":["GET"]}}],"collection":[{"href":"https:\/\/www.drewnianamagia.pl\/index.php\/wp-json\/wp\/v2\/product"}],"about":[{"href":"https:\/\/www.drewnianamagia.pl\/index.php\/wp-json\/wp\/v2\/types\/product"}],"replies":[{"embeddable":true,"href":"https:\/\/www.drewnianamagia.pl\/index.php\/wp-json\/wp\/v2\/comments?post=1378"}],"wp:featuredmedia":[{"embeddable":true,"href":"https:\/\/www.drewnianamagia.pl\/index.php\/wp-json\/wp\/v2\/media\/1372"}],"wp:attachment":[{"href":"https:\/\/www.drewnianamagia.pl\/index.php\/wp-json\/wp\/v2\/media?parent=1378"}],"wp:term":[{"taxonomy":"product_brand","embeddable":true,"href":"https:\/\/www.drewnianamagia.pl\/index.php\/wp-json\/wp\/v2\/product_brand?post=1378"},{"taxonomy":"product_cat","embeddable":true,"href":"https:\/\/www.drewnianamagia.pl\/index.php\/wp-json\/wp\/v2\/product_cat?post=1378"},{"taxonomy":"product_tag","embeddable":true,"href":"https:\/\/www.drewnianamagia.pl\/index.php\/wp-json\/wp\/v2\/product_tag?post=1378"}],"curies":[{"name":"wp","href":"https:\/\/api.w.org\/{rel}","templated":true}]}}