{"id":1362,"date":"2023-11-17T10:23:41","date_gmt":"2023-11-17T09:23:41","guid":{"rendered":"https:\/\/www.drewnianamagia.pl\/?post_type=product&#038;p=1362"},"modified":"2024-12-13T12:27:50","modified_gmt":"2024-12-13T11:27:50","slug":"drewniana-baza-do-makramy-bombka-wesolych-swiat","status":"publish","type":"product","link":"https:\/\/www.drewnianamagia.pl\/index.php\/produkt\/drewniana-baza-do-makramy-bombka-wesolych-swiat\/","title":{"rendered":"Drewniana baza do makramy &#8211; Bombka &#8222;Weso\u0142ych \u015awi\u0105t&#8221;"},"content":{"rendered":"<p style=\"text-align: center;\"><strong>Baza do makramy &#8211; Bombka &#8222;Weso\u0142ych \u015awi\u0105t&#8221;<\/strong><\/p>\n<p>przybli\u017cone wymiary produktu:<\/p>\n<ul>\n<li>wysoko\u015b\u0107: 90 mm<\/li>\n<li>szeroko\u015b\u0107: 80 mm<\/li>\n<li>grubo\u015b\u0107: 3 mm<\/li>\n<\/ul>\n<p>&nbsp;<\/p>\n<p>Prezentujemy niezwyk\u0142\u0105 baz\u0119 do tworzenia w\u0142asnych dzie\u0142 sztuki &#8211;\u00a0 idealn\u0105 do makramy, dekoracji, \u0142apaczy sn\u00f3w oraz r\u00f3\u017cnorodnych projekt\u00f3w florystycznych. Ta wyj\u0105tkowa baza zosta\u0142a stworzona z my\u015bl\u0105 o pasjonatach r\u0119kodzie\u0142a, pragn\u0105cych da\u0107 upust swojej kreatywno\u015bci i stworzy\u0107 unikalne, personalizowane ozdoby.<\/p>\n<p>Ten produkt to nie tylko solidny fundament dla Twoich projekt\u00f3w, ale r\u00f3wnie\u017c inspiracja do tworzenia wyj\u0105tkowych dzie\u0142 sztuki. Wykonany z najwy\u017cszej jako\u015bci sklejki topolowo-lipowej o grubo\u015bci 3mm, gwarantuje trwa\u0142o\u015b\u0107 i stabilno\u015b\u0107, co sprawia, \u017ce jest idealnym pod\u0142o\u017cem dla r\u00f3\u017cnorodnych technik artystycznych.<\/p>\n<p>Dzi\u0119ki swojej formie, baza ta doskonale nadaje si\u0119 do tworzenia eleganckich makram, kt\u00f3re mog\u0105 ozdabia\u0107 Twoje wn\u0119trza, nadaj\u0105c im lekko\u015bci i delikatno\u015bci. Jednak mo\u017cliwo\u015bci wykorzystania nie ko\u0144cz\u0105 si\u0119 tam \u2013 baza ta stanowi doskona\u0142\u0105 podstaw\u0119 do projekt\u00f3w florystycznych. Mo\u017cesz j\u0105 oplata\u0107 ozdobnymi sznurkami, stosowa\u0107 szyde\u0142kowe sploty, a tak\u017ce ozdabia\u0107 kwiatami, tworz\u0105c unikalne kompozycje.<\/p>\n<p>Nie tylko mi\u0142o\u015bnicy makramy i florystyki znajd\u0105 w niej doskona\u0142e zastosowanie \u2013\u00a0 doskonale sprawdzi si\u0119 tak\u017ce w technice decoupage. Jej g\u0142adka powierzchnia, r\u0119cznie szlifowana umo\u017cliwia \u0142atwe oklejanie serwetkami i papierami, tworz\u0105c oryginalne, ozdobione motywami wzory.<\/p>\n<p>Mo\u017cliwo\u015bci dekoracyjne s\u0105 praktycznie nieograniczone. T\u0105 drewnian\u0105 baz\u0119 mo\u017cesz zdobi\u0107 farbami, pi\u00f3rkami, brokatami, koralikami czy wst\u0105\u017ckami \u2013 jedynie Twoja wyobra\u017ania stanowi ograniczenie. Nawet bez dodatkowych ozd\u00f3b prezentuje si\u0119 efektownie, dodaj\u0105c uroku ka\u017cdemu projektowi.<\/p>\n<p>Zam\u00f3w ju\u017c dzi\u015b nasz\u0105 baz\u0119 do makramy i daj upust swojej kreatywno\u015bci, tworz\u0105c niepowtarzalne dzie\u0142a sztuki, kt\u00f3re wzbogac\u0105 Twoje otoczenie. Solidno\u015b\u0107, jako\u015b\u0107 i inspiruj\u0105cy design \u2013 to wszystko znajdziesz w naszej wyj\u0105tkowej bazie do r\u0119kodzie\u0142a.<\/p>\n","protected":false},"excerpt":{"rendered":"<p>Baza do makramy &#8211; Bombka &#8222;Weso\u0142ych \u015awi\u0105t&#8221; przybli\u017cone wymiary produktu: wysoko\u015b\u0107: 90 mm szeroko\u015b\u0107: 80 mm grubo\u015b\u0107: 3 mm &nbsp; Prezentujemy niezwyk\u0142\u0105 baz\u0119 do tworzenia w\u0142asnych dzie\u0142 sztuki &#8211;\u00a0 idealn\u0105 do makramy, dekoracji, \u0142apaczy sn\u00f3w oraz r\u00f3\u017cnorodnych projekt\u00f3w florystycznych. Ta wyj\u0105tkowa baza zosta\u0142a stworzona z my\u015bl\u0105 o pasjonatach r\u0119kodzie\u0142a, pragn\u0105cych da\u0107 upust swojej kreatywno\u015bci i [&hellip;]<\/p>\n","protected":false},"featured_media":1351,"comment_status":"open","ping_status":"closed","template":"","meta":{"_acf_changed":false},"product_brand":[],"product_cat":[91,151,95],"product_tag":[],"class_list":{"0":"post-1362","1":"product","2":"type-product","3":"status-publish","4":"has-post-thumbnail","6":"product_cat-bazy-do-makramy","7":"product_cat-bombki","8":"product_cat-boze-narodzenie","10":"first","11":"instock","12":"taxable","13":"shipping-taxable","14":"purchasable","15":"product-type-simple"},"acf":[],"yoast_head":"<!-- This site is optimized with the Yoast SEO plugin v27.5 - https:\/\/yoast.com\/product\/yoast-seo-wordpress\/ -->\n<title>Drewniana baza do makramy - Bombka &quot;Weso\u0142ych \u015awi\u0105t&quot; - Drewniana Magia<\/title>\n<meta name=\"description\" content=\"Drewniana baza do makramy wykonana z wysokiej jako\u015bci sklejki. R\u0119cznie szlifowana. Idealna do zdobienia - ogranicza Ci\u0119 tylko Twoja kreatywno\u015b\u0107.\" \/>\n<meta name=\"robots\" content=\"index, follow, max-snippet:-1, max-image-preview:large, max-video-preview:-1\" \/>\n<link rel=\"canonical\" href=\"https:\/\/www.drewnianamagia.pl\/index.php\/produkt\/drewniana-baza-do-makramy-bombka-wesolych-swiat\/\" \/>\n<meta property=\"og:locale\" content=\"pl_PL\" \/>\n<meta property=\"og:type\" content=\"article\" \/>\n<meta property=\"og:title\" content=\"Drewniana baza do makramy - Bombka &quot;Weso\u0142ych \u015awi\u0105t&quot; - Drewniana Magia\" \/>\n<meta property=\"og:description\" content=\"Drewniana baza do makramy wykonana z wysokiej jako\u015bci sklejki. R\u0119cznie szlifowana. Idealna do zdobienia - ogranicza Ci\u0119 tylko Twoja kreatywno\u015b\u0107.\" \/>\n<meta property=\"og:url\" content=\"https:\/\/www.drewnianamagia.pl\/index.php\/produkt\/drewniana-baza-do-makramy-bombka-wesolych-swiat\/\" \/>\n<meta property=\"og:site_name\" content=\"Drewniana Magia\" \/>\n<meta property=\"article:publisher\" content=\"https:\/\/facebook.com\/BelasDrewnianaMagia\" \/>\n<meta property=\"article:modified_time\" content=\"2024-12-13T11:27:50+00:00\" \/>\n<meta property=\"og:image\" content=\"https:\/\/www.drewnianamagia.pl\/wp-content\/uploads\/2023\/11\/baza-do-makramy-bombka-wesolych-swiat-w90s80.png\" \/>\n\t<meta property=\"og:image:width\" content=\"1000\" \/>\n\t<meta property=\"og:image:height\" content=\"1000\" \/>\n\t<meta property=\"og:image:type\" content=\"image\/png\" \/>\n<meta name=\"twitter:card\" content=\"summary_large_image\" \/>\n<meta name=\"twitter:label1\" content=\"Szacowany czas czytania\" \/>\n\t<meta name=\"twitter:data1\" content=\"2 minuty\" \/>\n<script type=\"application\/ld+json\" class=\"yoast-schema-graph\">{\"@context\":\"https:\\\/\\\/schema.org\",\"@graph\":[{\"@type\":\"WebPage\",\"@id\":\"https:\\\/\\\/www.drewnianamagia.pl\\\/index.php\\\/produkt\\\/drewniana-baza-do-makramy-bombka-wesolych-swiat\\\/\",\"url\":\"https:\\\/\\\/www.drewnianamagia.pl\\\/index.php\\\/produkt\\\/drewniana-baza-do-makramy-bombka-wesolych-swiat\\\/\",\"name\":\"Drewniana baza do makramy - Bombka \\\"Weso\u0142ych \u015awi\u0105t\\\" - Drewniana Magia\",\"isPartOf\":{\"@id\":\"https:\\\/\\\/www.drewnianamagia.pl\\\/#website\"},\"primaryImageOfPage\":{\"@id\":\"https:\\\/\\\/www.drewnianamagia.pl\\\/index.php\\\/produkt\\\/drewniana-baza-do-makramy-bombka-wesolych-swiat\\\/#primaryimage\"},\"image\":{\"@id\":\"https:\\\/\\\/www.drewnianamagia.pl\\\/index.php\\\/produkt\\\/drewniana-baza-do-makramy-bombka-wesolych-swiat\\\/#primaryimage\"},\"thumbnailUrl\":\"https:\\\/\\\/www.drewnianamagia.pl\\\/wp-content\\\/uploads\\\/2023\\\/11\\\/baza-do-makramy-bombka-wesolych-swiat-w90s80.png\",\"datePublished\":\"2023-11-17T09:23:41+00:00\",\"dateModified\":\"2024-12-13T11:27:50+00:00\",\"description\":\"Drewniana baza do makramy wykonana z wysokiej jako\u015bci sklejki. R\u0119cznie szlifowana. Idealna do zdobienia - ogranicza Ci\u0119 tylko Twoja kreatywno\u015b\u0107.\",\"breadcrumb\":{\"@id\":\"https:\\\/\\\/www.drewnianamagia.pl\\\/index.php\\\/produkt\\\/drewniana-baza-do-makramy-bombka-wesolych-swiat\\\/#breadcrumb\"},\"inLanguage\":\"pl-PL\",\"potentialAction\":[{\"@type\":\"ReadAction\",\"target\":[\"https:\\\/\\\/www.drewnianamagia.pl\\\/index.php\\\/produkt\\\/drewniana-baza-do-makramy-bombka-wesolych-swiat\\\/\"]}]},{\"@type\":\"ImageObject\",\"inLanguage\":\"pl-PL\",\"@id\":\"https:\\\/\\\/www.drewnianamagia.pl\\\/index.php\\\/produkt\\\/drewniana-baza-do-makramy-bombka-wesolych-swiat\\\/#primaryimage\",\"url\":\"https:\\\/\\\/www.drewnianamagia.pl\\\/wp-content\\\/uploads\\\/2023\\\/11\\\/baza-do-makramy-bombka-wesolych-swiat-w90s80.png\",\"contentUrl\":\"https:\\\/\\\/www.drewnianamagia.pl\\\/wp-content\\\/uploads\\\/2023\\\/11\\\/baza-do-makramy-bombka-wesolych-swiat-w90s80.png\",\"width\":1000,\"height\":1000,\"caption\":\"baza do makramy - bombka Weso\u0142ych \u015awi\u0105t\"},{\"@type\":\"BreadcrumbList\",\"@id\":\"https:\\\/\\\/www.drewnianamagia.pl\\\/index.php\\\/produkt\\\/drewniana-baza-do-makramy-bombka-wesolych-swiat\\\/#breadcrumb\",\"itemListElement\":[{\"@type\":\"ListItem\",\"position\":1,\"name\":\"Strona g\u0142\u00f3wna\",\"item\":\"https:\\\/\\\/www.drewnianamagia.pl\\\/\"},{\"@type\":\"ListItem\",\"position\":2,\"name\":\"Sklep\",\"item\":\"https:\\\/\\\/www.drewnianamagia.pl\\\/index.php\\\/sklep-internetowy-drewnianamagia\\\/\"},{\"@type\":\"ListItem\",\"position\":3,\"name\":\"Drewniana baza do makramy &#8211; Bombka &#8222;Weso\u0142ych \u015awi\u0105t&#8221;\"}]},{\"@type\":\"WebSite\",\"@id\":\"https:\\\/\\\/www.drewnianamagia.pl\\\/#website\",\"url\":\"https:\\\/\\\/www.drewnianamagia.pl\\\/\",\"name\":\"Drewniana Magia\",\"description\":\"Personalizowane prezenty i dekoracje z drewna i druku 3D, na ka\u017cd\u0105 okazj\u0119 i okoliczno\u015b\u0107. Urodziny, Chrzest, Przyj\u0119cie, \u015awi\u0119ta, \u015alub\",\"publisher\":{\"@id\":\"https:\\\/\\\/www.drewnianamagia.pl\\\/#organization\"},\"potentialAction\":[{\"@type\":\"SearchAction\",\"target\":{\"@type\":\"EntryPoint\",\"urlTemplate\":\"https:\\\/\\\/www.drewnianamagia.pl\\\/?s={search_term_string}\"},\"query-input\":{\"@type\":\"PropertyValueSpecification\",\"valueRequired\":true,\"valueName\":\"search_term_string\"}}],\"inLanguage\":\"pl-PL\"},{\"@type\":\"Organization\",\"@id\":\"https:\\\/\\\/www.drewnianamagia.pl\\\/#organization\",\"name\":\"Drewniana Magia\",\"url\":\"https:\\\/\\\/www.drewnianamagia.pl\\\/\",\"logo\":{\"@type\":\"ImageObject\",\"inLanguage\":\"pl-PL\",\"@id\":\"https:\\\/\\\/www.drewnianamagia.pl\\\/#\\\/schema\\\/logo\\\/image\\\/\",\"url\":\"https:\\\/\\\/www.drewnianamagia.pl\\\/wp-content\\\/uploads\\\/2024\\\/02\\\/cropped-LOGO-DrewnianaMagia-375x188-1.png\",\"contentUrl\":\"https:\\\/\\\/www.drewnianamagia.pl\\\/wp-content\\\/uploads\\\/2024\\\/02\\\/cropped-LOGO-DrewnianaMagia-375x188-1.png\",\"width\":374,\"height\":188,\"caption\":\"Drewniana Magia\"},\"image\":{\"@id\":\"https:\\\/\\\/www.drewnianamagia.pl\\\/#\\\/schema\\\/logo\\\/image\\\/\"},\"sameAs\":[\"https:\\\/\\\/facebook.com\\\/BelasDrewnianaMagia\"]}]}<\/script>\n<!-- \/ Yoast SEO plugin. -->","yoast_head_json":{"title":"Drewniana baza do makramy - Bombka \"Weso\u0142ych \u015awi\u0105t\" - Drewniana Magia","description":"Drewniana baza do makramy wykonana z wysokiej jako\u015bci sklejki. R\u0119cznie szlifowana. Idealna do zdobienia - ogranicza Ci\u0119 tylko Twoja kreatywno\u015b\u0107.","robots":{"index":"index","follow":"follow","max-snippet":"max-snippet:-1","max-image-preview":"max-image-preview:large","max-video-preview":"max-video-preview:-1"},"canonical":"https:\/\/www.drewnianamagia.pl\/index.php\/produkt\/drewniana-baza-do-makramy-bombka-wesolych-swiat\/","og_locale":"pl_PL","og_type":"article","og_title":"Drewniana baza do makramy - Bombka \"Weso\u0142ych \u015awi\u0105t\" - Drewniana Magia","og_description":"Drewniana baza do makramy wykonana z wysokiej jako\u015bci sklejki. R\u0119cznie szlifowana. Idealna do zdobienia - ogranicza Ci\u0119 tylko Twoja kreatywno\u015b\u0107.","og_url":"https:\/\/www.drewnianamagia.pl\/index.php\/produkt\/drewniana-baza-do-makramy-bombka-wesolych-swiat\/","og_site_name":"Drewniana Magia","article_publisher":"https:\/\/facebook.com\/BelasDrewnianaMagia","article_modified_time":"2024-12-13T11:27:50+00:00","og_image":[{"width":1000,"height":1000,"url":"https:\/\/www.drewnianamagia.pl\/wp-content\/uploads\/2023\/11\/baza-do-makramy-bombka-wesolych-swiat-w90s80.png","type":"image\/png"}],"twitter_card":"summary_large_image","twitter_misc":{"Szacowany czas czytania":"2 minuty"},"schema":{"@context":"https:\/\/schema.org","@graph":[{"@type":"WebPage","@id":"https:\/\/www.drewnianamagia.pl\/index.php\/produkt\/drewniana-baza-do-makramy-bombka-wesolych-swiat\/","url":"https:\/\/www.drewnianamagia.pl\/index.php\/produkt\/drewniana-baza-do-makramy-bombka-wesolych-swiat\/","name":"Drewniana baza do makramy - Bombka \"Weso\u0142ych \u015awi\u0105t\" - Drewniana Magia","isPartOf":{"@id":"https:\/\/www.drewnianamagia.pl\/#website"},"primaryImageOfPage":{"@id":"https:\/\/www.drewnianamagia.pl\/index.php\/produkt\/drewniana-baza-do-makramy-bombka-wesolych-swiat\/#primaryimage"},"image":{"@id":"https:\/\/www.drewnianamagia.pl\/index.php\/produkt\/drewniana-baza-do-makramy-bombka-wesolych-swiat\/#primaryimage"},"thumbnailUrl":"https:\/\/www.drewnianamagia.pl\/wp-content\/uploads\/2023\/11\/baza-do-makramy-bombka-wesolych-swiat-w90s80.png","datePublished":"2023-11-17T09:23:41+00:00","dateModified":"2024-12-13T11:27:50+00:00","description":"Drewniana baza do makramy wykonana z wysokiej jako\u015bci sklejki. R\u0119cznie szlifowana. Idealna do zdobienia - ogranicza Ci\u0119 tylko Twoja kreatywno\u015b\u0107.","breadcrumb":{"@id":"https:\/\/www.drewnianamagia.pl\/index.php\/produkt\/drewniana-baza-do-makramy-bombka-wesolych-swiat\/#breadcrumb"},"inLanguage":"pl-PL","potentialAction":[{"@type":"ReadAction","target":["https:\/\/www.drewnianamagia.pl\/index.php\/produkt\/drewniana-baza-do-makramy-bombka-wesolych-swiat\/"]}]},{"@type":"ImageObject","inLanguage":"pl-PL","@id":"https:\/\/www.drewnianamagia.pl\/index.php\/produkt\/drewniana-baza-do-makramy-bombka-wesolych-swiat\/#primaryimage","url":"https:\/\/www.drewnianamagia.pl\/wp-content\/uploads\/2023\/11\/baza-do-makramy-bombka-wesolych-swiat-w90s80.png","contentUrl":"https:\/\/www.drewnianamagia.pl\/wp-content\/uploads\/2023\/11\/baza-do-makramy-bombka-wesolych-swiat-w90s80.png","width":1000,"height":1000,"caption":"baza do makramy - bombka Weso\u0142ych \u015awi\u0105t"},{"@type":"BreadcrumbList","@id":"https:\/\/www.drewnianamagia.pl\/index.php\/produkt\/drewniana-baza-do-makramy-bombka-wesolych-swiat\/#breadcrumb","itemListElement":[{"@type":"ListItem","position":1,"name":"Strona g\u0142\u00f3wna","item":"https:\/\/www.drewnianamagia.pl\/"},{"@type":"ListItem","position":2,"name":"Sklep","item":"https:\/\/www.drewnianamagia.pl\/index.php\/sklep-internetowy-drewnianamagia\/"},{"@type":"ListItem","position":3,"name":"Drewniana baza do makramy &#8211; Bombka &#8222;Weso\u0142ych \u015awi\u0105t&#8221;"}]},{"@type":"WebSite","@id":"https:\/\/www.drewnianamagia.pl\/#website","url":"https:\/\/www.drewnianamagia.pl\/","name":"Drewniana Magia","description":"Personalizowane prezenty i dekoracje z drewna i druku 3D, na ka\u017cd\u0105 okazj\u0119 i okoliczno\u015b\u0107. Urodziny, Chrzest, Przyj\u0119cie, \u015awi\u0119ta, \u015alub","publisher":{"@id":"https:\/\/www.drewnianamagia.pl\/#organization"},"potentialAction":[{"@type":"SearchAction","target":{"@type":"EntryPoint","urlTemplate":"https:\/\/www.drewnianamagia.pl\/?s={search_term_string}"},"query-input":{"@type":"PropertyValueSpecification","valueRequired":true,"valueName":"search_term_string"}}],"inLanguage":"pl-PL"},{"@type":"Organization","@id":"https:\/\/www.drewnianamagia.pl\/#organization","name":"Drewniana Magia","url":"https:\/\/www.drewnianamagia.pl\/","logo":{"@type":"ImageObject","inLanguage":"pl-PL","@id":"https:\/\/www.drewnianamagia.pl\/#\/schema\/logo\/image\/","url":"https:\/\/www.drewnianamagia.pl\/wp-content\/uploads\/2024\/02\/cropped-LOGO-DrewnianaMagia-375x188-1.png","contentUrl":"https:\/\/www.drewnianamagia.pl\/wp-content\/uploads\/2024\/02\/cropped-LOGO-DrewnianaMagia-375x188-1.png","width":374,"height":188,"caption":"Drewniana Magia"},"image":{"@id":"https:\/\/www.drewnianamagia.pl\/#\/schema\/logo\/image\/"},"sameAs":["https:\/\/facebook.com\/BelasDrewnianaMagia"]}]}},"_links":{"self":[{"href":"https:\/\/www.drewnianamagia.pl\/index.php\/wp-json\/wp\/v2\/product\/1362","targetHints":{"allow":["GET"]}}],"collection":[{"href":"https:\/\/www.drewnianamagia.pl\/index.php\/wp-json\/wp\/v2\/product"}],"about":[{"href":"https:\/\/www.drewnianamagia.pl\/index.php\/wp-json\/wp\/v2\/types\/product"}],"replies":[{"embeddable":true,"href":"https:\/\/www.drewnianamagia.pl\/index.php\/wp-json\/wp\/v2\/comments?post=1362"}],"wp:featuredmedia":[{"embeddable":true,"href":"https:\/\/www.drewnianamagia.pl\/index.php\/wp-json\/wp\/v2\/media\/1351"}],"wp:attachment":[{"href":"https:\/\/www.drewnianamagia.pl\/index.php\/wp-json\/wp\/v2\/media?parent=1362"}],"wp:term":[{"taxonomy":"product_brand","embeddable":true,"href":"https:\/\/www.drewnianamagia.pl\/index.php\/wp-json\/wp\/v2\/product_brand?post=1362"},{"taxonomy":"product_cat","embeddable":true,"href":"https:\/\/www.drewnianamagia.pl\/index.php\/wp-json\/wp\/v2\/product_cat?post=1362"},{"taxonomy":"product_tag","embeddable":true,"href":"https:\/\/www.drewnianamagia.pl\/index.php\/wp-json\/wp\/v2\/product_tag?post=1362"}],"curies":[{"name":"wp","href":"https:\/\/api.w.org\/{rel}","templated":true}]}}