{"id":1236,"date":"2023-11-06T13:08:04","date_gmt":"2023-11-06T12:08:04","guid":{"rendered":"https:\/\/www.drewnianamagia.pl\/?post_type=product&#038;p=1236"},"modified":"2024-12-13T12:27:42","modified_gmt":"2024-12-13T11:27:42","slug":"wysypywanka-sowka","status":"publish","type":"product","link":"https:\/\/www.drewnianamagia.pl\/index.php\/produkt\/wysypywanka-sowka\/","title":{"rendered":"Wysypywanka &#8211; s\u00f3wka"},"content":{"rendered":"<p style=\"text-align: center;\"><strong>Wysypywanka S\u00f3wka<\/strong><\/p>\n<p style=\"text-align: center;\">\n<p>Witaj w magicznym \u015bwiecie naszych ekologicznych Wysypywanek! Nasza Wysypywanka jest nie tylko fascynuj\u0105cym narz\u0119dziem sensorycznym, ale r\u00f3wnie\u017c pi\u0119knym elementem dekoracyjnym, kt\u00f3ry rozwinie kreatywno\u015b\u0107 Twojego dziecka i dostarczy mu niezapomnianych do\u015bwiadcze\u0144 w nauce.<\/p>\n<p><img loading=\"lazy\" decoding=\"async\" class=\"aligncenter size-medium wp-image-1222\" src=\"https:\/\/www.drewnianamagia.pl\/wp-content\/uploads\/2023\/11\/wysypywanki-reklama-300x300.png\" alt=\"wysypywanki - zdj\u0119cie kategorii\" width=\"300\" height=\"300\" srcset=\"https:\/\/www.drewnianamagia.pl\/wp-content\/uploads\/2023\/11\/wysypywanki-reklama-300x300.png 300w, https:\/\/www.drewnianamagia.pl\/wp-content\/uploads\/2023\/11\/wysypywanki-reklama-324x324.png 324w, https:\/\/www.drewnianamagia.pl\/wp-content\/uploads\/2023\/11\/wysypywanki-reklama-100x100.png 100w, https:\/\/www.drewnianamagia.pl\/wp-content\/uploads\/2023\/11\/wysypywanki-reklama-416x416.png 416w, https:\/\/www.drewnianamagia.pl\/wp-content\/uploads\/2023\/11\/wysypywanki-reklama-1024x1024.png 1024w, https:\/\/www.drewnianamagia.pl\/wp-content\/uploads\/2023\/11\/wysypywanki-reklama-150x150.png 150w, https:\/\/www.drewnianamagia.pl\/wp-content\/uploads\/2023\/11\/wysypywanki-reklama-768x768.png 768w, https:\/\/www.drewnianamagia.pl\/wp-content\/uploads\/2023\/11\/wysypywanki-reklama-1536x1536.png 1536w, https:\/\/www.drewnianamagia.pl\/wp-content\/uploads\/2023\/11\/wysypywanki-reklama.png 2000w\" sizes=\"auto, (max-width: 300px) 100vw, 300px\" \/><\/p>\n<p>Nasze Wysypywanki tworzymy z my\u015bl\u0105 o jako\u015bci i \u015brodowisku naturalnym. Wykonane z wysokiej jako\u015bci sklejki topolowo-lipowej, nasze produkty to przyk\u0142ad zr\u00f3wnowa\u017conej produkcji. Nasza sklejka spe\u0142nia najwy\u017csze standardy jako\u015bci, jest trwa\u0142a i przyjazna dla \u015brodowiska, co sprawia, \u017ce nasze Wysypywanki s\u0105 nie tylko atrakcyjne wizualnie, ale r\u00f3wnie\u017c eko.<\/p>\n<p>Ka\u017cdy produkt tworzymy r\u0119cznie, co sprawia, \u017ce jest wyj\u0105tkowa i niepowtarzalna. Dzi\u0119ki temu Tw\u00f3j ma\u0142y artysta mo\u017ce eksplorowa\u0107, tworzy\u0107 i rozwija\u0107 swoje zdolno\u015bci w spos\u00f3b indywidualny.<\/p>\n<p>Nasze Wysypywanki stanowi\u0105 idealne t\u0142o dla r\u00f3\u017cnorodnych materia\u0142\u00f3w sensorycznych, takich jak koraliki, ry\u017c, groch, pompony, a tak\u017ce inne kolorowe materia\u0142y. Dzi\u0119ki nim Twoje dziecko mo\u017ce tworzy\u0107 unikalne kompozycje kolorystyczne, rozwijaj\u0105c jednocze\u015bnie zdolno\u015bci motoryczne i wyobra\u017ani\u0119.<\/p>\n<p>Nasze Wysypywanki <strong>nie s\u0105 zabawkami.<\/strong> Pe\u0142ni\u0105 rol\u0119 pomocy dydaktycznej, rozwijaj\u0105c motoryk\u0119 ma\u0142\u0105, kreatywno\u015b\u0107 i zdolno\u015bci poznawcze Twojego dziecka. Pami\u0119taj, \u017ce produkt ten powinien by\u0107 u\u017cywany w obecno\u015bci osoby doros\u0142ej, aby zapewni\u0107 bezpiecze\u0144stwo i w pe\u0142ni wykorzysta\u0107 jego potencja\u0142 edukacyjny.<\/p>\n<p>Przenie\u015b swoje dziecko do magicznego \u015bwiata Wysypywanek w kszta\u0142cie s\u00f3wki, gdzie wyobra\u017ania nie zna granic. Daj mu szans\u0119 na eksploracj\u0119 i odkrywanie poprzez kszta\u0142ty, kolory i tekstury. To wi\u0119cej ni\u017c zabawa &#8211; to nauka w najlepszym wydaniu.<\/p>\n<p>Wymiary produktu to 12cm x 8cm x 6mm.<\/p>\n<p>Dodaj nasz\u0105 Wysypywank\u0119 do koszyka i podaruj swojemu dziecku niezapomniane chwile pe\u0142ne rado\u015bci, nauki i kreatywno\u015bci!<\/p>\n","protected":false},"excerpt":{"rendered":"<p>Wysypywanka S\u00f3wka Witaj w magicznym \u015bwiecie naszych ekologicznych Wysypywanek! Nasza Wysypywanka jest nie tylko fascynuj\u0105cym narz\u0119dziem sensorycznym, ale r\u00f3wnie\u017c pi\u0119knym elementem dekoracyjnym, kt\u00f3ry rozwinie kreatywno\u015b\u0107 Twojego dziecka i dostarczy mu niezapomnianych do\u015bwiadcze\u0144 w nauce. Nasze Wysypywanki tworzymy z my\u015bl\u0105 o jako\u015bci i \u015brodowisku naturalnym. Wykonane z wysokiej jako\u015bci sklejki topolowo-lipowej, nasze produkty to przyk\u0142ad zr\u00f3wnowa\u017conej [&hellip;]<\/p>\n","protected":false},"featured_media":1225,"comment_status":"open","ping_status":"closed","template":"","meta":{"_acf_changed":false},"product_brand":[],"product_cat":[101,96,87],"product_tag":[69,90],"class_list":{"0":"post-1236","1":"product","2":"type-product","3":"status-publish","4":"has-post-thumbnail","6":"product_cat-dzien-dziecka","7":"product_cat-urodziny-imieniny","8":"product_cat-wysypywanki","9":"product_tag-dziecko","10":"product_tag-nauka","12":"first","13":"instock","14":"taxable","15":"shipping-taxable","16":"purchasable","17":"product-type-simple"},"acf":[],"yoast_head":"<!-- This site is optimized with the Yoast SEO plugin v27.5 - https:\/\/yoast.com\/product\/yoast-seo-wordpress\/ -->\n<title>Wysypywanka - s\u00f3wka - Drewniana Magia<\/title>\n<meta name=\"description\" content=\"Wysypywanka - doskona\u0142e narz\u0119dzie sensoryczne. Rozwija kreatywno\u015b\u0107 i zdolno\u015bci motoryczne. Tworzona r\u0119cznie z wysokiej jako\u015bci sklejki.\" \/>\n<meta name=\"robots\" content=\"index, follow, max-snippet:-1, max-image-preview:large, max-video-preview:-1\" \/>\n<link rel=\"canonical\" href=\"https:\/\/www.drewnianamagia.pl\/index.php\/produkt\/wysypywanka-sowka\/\" \/>\n<meta property=\"og:locale\" content=\"pl_PL\" \/>\n<meta property=\"og:type\" content=\"article\" \/>\n<meta property=\"og:title\" content=\"Wysypywanka - s\u00f3wka - Drewniana Magia\" \/>\n<meta property=\"og:description\" content=\"Wysypywanka - doskona\u0142e narz\u0119dzie sensoryczne. Rozwija kreatywno\u015b\u0107 i zdolno\u015bci motoryczne. Tworzona r\u0119cznie z wysokiej jako\u015bci sklejki.\" \/>\n<meta property=\"og:url\" content=\"https:\/\/www.drewnianamagia.pl\/index.php\/produkt\/wysypywanka-sowka\/\" \/>\n<meta property=\"og:site_name\" content=\"Drewniana Magia\" \/>\n<meta property=\"article:publisher\" content=\"https:\/\/facebook.com\/BelasDrewnianaMagia\" \/>\n<meta property=\"article:modified_time\" content=\"2024-12-13T11:27:42+00:00\" \/>\n<meta property=\"og:image\" content=\"https:\/\/www.drewnianamagia.pl\/wp-content\/uploads\/2023\/11\/wysypywanka-sowka.png\" \/>\n\t<meta property=\"og:image:width\" content=\"2000\" \/>\n\t<meta property=\"og:image:height\" content=\"2000\" \/>\n\t<meta property=\"og:image:type\" content=\"image\/png\" \/>\n<meta name=\"twitter:card\" content=\"summary_large_image\" \/>\n<meta name=\"twitter:label1\" content=\"Szacowany czas czytania\" \/>\n\t<meta name=\"twitter:data1\" content=\"2 minuty\" \/>\n<script type=\"application\/ld+json\" class=\"yoast-schema-graph\">{\"@context\":\"https:\\\/\\\/schema.org\",\"@graph\":[{\"@type\":\"WebPage\",\"@id\":\"https:\\\/\\\/www.drewnianamagia.pl\\\/index.php\\\/produkt\\\/wysypywanka-sowka\\\/\",\"url\":\"https:\\\/\\\/www.drewnianamagia.pl\\\/index.php\\\/produkt\\\/wysypywanka-sowka\\\/\",\"name\":\"Wysypywanka - s\u00f3wka - Drewniana Magia\",\"isPartOf\":{\"@id\":\"https:\\\/\\\/www.drewnianamagia.pl\\\/#website\"},\"primaryImageOfPage\":{\"@id\":\"https:\\\/\\\/www.drewnianamagia.pl\\\/index.php\\\/produkt\\\/wysypywanka-sowka\\\/#primaryimage\"},\"image\":{\"@id\":\"https:\\\/\\\/www.drewnianamagia.pl\\\/index.php\\\/produkt\\\/wysypywanka-sowka\\\/#primaryimage\"},\"thumbnailUrl\":\"https:\\\/\\\/www.drewnianamagia.pl\\\/wp-content\\\/uploads\\\/2023\\\/11\\\/wysypywanka-sowka.png\",\"datePublished\":\"2023-11-06T12:08:04+00:00\",\"dateModified\":\"2024-12-13T11:27:42+00:00\",\"description\":\"Wysypywanka - doskona\u0142e narz\u0119dzie sensoryczne. Rozwija kreatywno\u015b\u0107 i zdolno\u015bci motoryczne. Tworzona r\u0119cznie z wysokiej jako\u015bci sklejki.\",\"breadcrumb\":{\"@id\":\"https:\\\/\\\/www.drewnianamagia.pl\\\/index.php\\\/produkt\\\/wysypywanka-sowka\\\/#breadcrumb\"},\"inLanguage\":\"pl-PL\",\"potentialAction\":[{\"@type\":\"ReadAction\",\"target\":[\"https:\\\/\\\/www.drewnianamagia.pl\\\/index.php\\\/produkt\\\/wysypywanka-sowka\\\/\"]}]},{\"@type\":\"ImageObject\",\"inLanguage\":\"pl-PL\",\"@id\":\"https:\\\/\\\/www.drewnianamagia.pl\\\/index.php\\\/produkt\\\/wysypywanka-sowka\\\/#primaryimage\",\"url\":\"https:\\\/\\\/www.drewnianamagia.pl\\\/wp-content\\\/uploads\\\/2023\\\/11\\\/wysypywanka-sowka.png\",\"contentUrl\":\"https:\\\/\\\/www.drewnianamagia.pl\\\/wp-content\\\/uploads\\\/2023\\\/11\\\/wysypywanka-sowka.png\",\"width\":2000,\"height\":2000,\"caption\":\"wysypywanka - s\u00f3wka\"},{\"@type\":\"BreadcrumbList\",\"@id\":\"https:\\\/\\\/www.drewnianamagia.pl\\\/index.php\\\/produkt\\\/wysypywanka-sowka\\\/#breadcrumb\",\"itemListElement\":[{\"@type\":\"ListItem\",\"position\":1,\"name\":\"Strona g\u0142\u00f3wna\",\"item\":\"https:\\\/\\\/www.drewnianamagia.pl\\\/\"},{\"@type\":\"ListItem\",\"position\":2,\"name\":\"Sklep\",\"item\":\"https:\\\/\\\/www.drewnianamagia.pl\\\/index.php\\\/sklep-internetowy-drewnianamagia\\\/\"},{\"@type\":\"ListItem\",\"position\":3,\"name\":\"Wysypywanka &#8211; s\u00f3wka\"}]},{\"@type\":\"WebSite\",\"@id\":\"https:\\\/\\\/www.drewnianamagia.pl\\\/#website\",\"url\":\"https:\\\/\\\/www.drewnianamagia.pl\\\/\",\"name\":\"Drewniana Magia\",\"description\":\"Personalizowane prezenty i dekoracje z drewna i druku 3D, na ka\u017cd\u0105 okazj\u0119 i okoliczno\u015b\u0107. Urodziny, Chrzest, Przyj\u0119cie, \u015awi\u0119ta, \u015alub\",\"publisher\":{\"@id\":\"https:\\\/\\\/www.drewnianamagia.pl\\\/#organization\"},\"potentialAction\":[{\"@type\":\"SearchAction\",\"target\":{\"@type\":\"EntryPoint\",\"urlTemplate\":\"https:\\\/\\\/www.drewnianamagia.pl\\\/?s={search_term_string}\"},\"query-input\":{\"@type\":\"PropertyValueSpecification\",\"valueRequired\":true,\"valueName\":\"search_term_string\"}}],\"inLanguage\":\"pl-PL\"},{\"@type\":\"Organization\",\"@id\":\"https:\\\/\\\/www.drewnianamagia.pl\\\/#organization\",\"name\":\"Drewniana Magia\",\"url\":\"https:\\\/\\\/www.drewnianamagia.pl\\\/\",\"logo\":{\"@type\":\"ImageObject\",\"inLanguage\":\"pl-PL\",\"@id\":\"https:\\\/\\\/www.drewnianamagia.pl\\\/#\\\/schema\\\/logo\\\/image\\\/\",\"url\":\"https:\\\/\\\/www.drewnianamagia.pl\\\/wp-content\\\/uploads\\\/2024\\\/02\\\/cropped-LOGO-DrewnianaMagia-375x188-1.png\",\"contentUrl\":\"https:\\\/\\\/www.drewnianamagia.pl\\\/wp-content\\\/uploads\\\/2024\\\/02\\\/cropped-LOGO-DrewnianaMagia-375x188-1.png\",\"width\":374,\"height\":188,\"caption\":\"Drewniana Magia\"},\"image\":{\"@id\":\"https:\\\/\\\/www.drewnianamagia.pl\\\/#\\\/schema\\\/logo\\\/image\\\/\"},\"sameAs\":[\"https:\\\/\\\/facebook.com\\\/BelasDrewnianaMagia\"]}]}<\/script>\n<!-- \/ Yoast SEO plugin. -->","yoast_head_json":{"title":"Wysypywanka - s\u00f3wka - Drewniana Magia","description":"Wysypywanka - doskona\u0142e narz\u0119dzie sensoryczne. Rozwija kreatywno\u015b\u0107 i zdolno\u015bci motoryczne. Tworzona r\u0119cznie z wysokiej jako\u015bci sklejki.","robots":{"index":"index","follow":"follow","max-snippet":"max-snippet:-1","max-image-preview":"max-image-preview:large","max-video-preview":"max-video-preview:-1"},"canonical":"https:\/\/www.drewnianamagia.pl\/index.php\/produkt\/wysypywanka-sowka\/","og_locale":"pl_PL","og_type":"article","og_title":"Wysypywanka - s\u00f3wka - Drewniana Magia","og_description":"Wysypywanka - doskona\u0142e narz\u0119dzie sensoryczne. Rozwija kreatywno\u015b\u0107 i zdolno\u015bci motoryczne. Tworzona r\u0119cznie z wysokiej jako\u015bci sklejki.","og_url":"https:\/\/www.drewnianamagia.pl\/index.php\/produkt\/wysypywanka-sowka\/","og_site_name":"Drewniana Magia","article_publisher":"https:\/\/facebook.com\/BelasDrewnianaMagia","article_modified_time":"2024-12-13T11:27:42+00:00","og_image":[{"width":2000,"height":2000,"url":"https:\/\/www.drewnianamagia.pl\/wp-content\/uploads\/2023\/11\/wysypywanka-sowka.png","type":"image\/png"}],"twitter_card":"summary_large_image","twitter_misc":{"Szacowany czas czytania":"2 minuty"},"schema":{"@context":"https:\/\/schema.org","@graph":[{"@type":"WebPage","@id":"https:\/\/www.drewnianamagia.pl\/index.php\/produkt\/wysypywanka-sowka\/","url":"https:\/\/www.drewnianamagia.pl\/index.php\/produkt\/wysypywanka-sowka\/","name":"Wysypywanka - s\u00f3wka - Drewniana Magia","isPartOf":{"@id":"https:\/\/www.drewnianamagia.pl\/#website"},"primaryImageOfPage":{"@id":"https:\/\/www.drewnianamagia.pl\/index.php\/produkt\/wysypywanka-sowka\/#primaryimage"},"image":{"@id":"https:\/\/www.drewnianamagia.pl\/index.php\/produkt\/wysypywanka-sowka\/#primaryimage"},"thumbnailUrl":"https:\/\/www.drewnianamagia.pl\/wp-content\/uploads\/2023\/11\/wysypywanka-sowka.png","datePublished":"2023-11-06T12:08:04+00:00","dateModified":"2024-12-13T11:27:42+00:00","description":"Wysypywanka - doskona\u0142e narz\u0119dzie sensoryczne. Rozwija kreatywno\u015b\u0107 i zdolno\u015bci motoryczne. Tworzona r\u0119cznie z wysokiej jako\u015bci sklejki.","breadcrumb":{"@id":"https:\/\/www.drewnianamagia.pl\/index.php\/produkt\/wysypywanka-sowka\/#breadcrumb"},"inLanguage":"pl-PL","potentialAction":[{"@type":"ReadAction","target":["https:\/\/www.drewnianamagia.pl\/index.php\/produkt\/wysypywanka-sowka\/"]}]},{"@type":"ImageObject","inLanguage":"pl-PL","@id":"https:\/\/www.drewnianamagia.pl\/index.php\/produkt\/wysypywanka-sowka\/#primaryimage","url":"https:\/\/www.drewnianamagia.pl\/wp-content\/uploads\/2023\/11\/wysypywanka-sowka.png","contentUrl":"https:\/\/www.drewnianamagia.pl\/wp-content\/uploads\/2023\/11\/wysypywanka-sowka.png","width":2000,"height":2000,"caption":"wysypywanka - s\u00f3wka"},{"@type":"BreadcrumbList","@id":"https:\/\/www.drewnianamagia.pl\/index.php\/produkt\/wysypywanka-sowka\/#breadcrumb","itemListElement":[{"@type":"ListItem","position":1,"name":"Strona g\u0142\u00f3wna","item":"https:\/\/www.drewnianamagia.pl\/"},{"@type":"ListItem","position":2,"name":"Sklep","item":"https:\/\/www.drewnianamagia.pl\/index.php\/sklep-internetowy-drewnianamagia\/"},{"@type":"ListItem","position":3,"name":"Wysypywanka &#8211; s\u00f3wka"}]},{"@type":"WebSite","@id":"https:\/\/www.drewnianamagia.pl\/#website","url":"https:\/\/www.drewnianamagia.pl\/","name":"Drewniana Magia","description":"Personalizowane prezenty i dekoracje z drewna i druku 3D, na ka\u017cd\u0105 okazj\u0119 i okoliczno\u015b\u0107. Urodziny, Chrzest, Przyj\u0119cie, \u015awi\u0119ta, \u015alub","publisher":{"@id":"https:\/\/www.drewnianamagia.pl\/#organization"},"potentialAction":[{"@type":"SearchAction","target":{"@type":"EntryPoint","urlTemplate":"https:\/\/www.drewnianamagia.pl\/?s={search_term_string}"},"query-input":{"@type":"PropertyValueSpecification","valueRequired":true,"valueName":"search_term_string"}}],"inLanguage":"pl-PL"},{"@type":"Organization","@id":"https:\/\/www.drewnianamagia.pl\/#organization","name":"Drewniana Magia","url":"https:\/\/www.drewnianamagia.pl\/","logo":{"@type":"ImageObject","inLanguage":"pl-PL","@id":"https:\/\/www.drewnianamagia.pl\/#\/schema\/logo\/image\/","url":"https:\/\/www.drewnianamagia.pl\/wp-content\/uploads\/2024\/02\/cropped-LOGO-DrewnianaMagia-375x188-1.png","contentUrl":"https:\/\/www.drewnianamagia.pl\/wp-content\/uploads\/2024\/02\/cropped-LOGO-DrewnianaMagia-375x188-1.png","width":374,"height":188,"caption":"Drewniana Magia"},"image":{"@id":"https:\/\/www.drewnianamagia.pl\/#\/schema\/logo\/image\/"},"sameAs":["https:\/\/facebook.com\/BelasDrewnianaMagia"]}]}},"_links":{"self":[{"href":"https:\/\/www.drewnianamagia.pl\/index.php\/wp-json\/wp\/v2\/product\/1236","targetHints":{"allow":["GET"]}}],"collection":[{"href":"https:\/\/www.drewnianamagia.pl\/index.php\/wp-json\/wp\/v2\/product"}],"about":[{"href":"https:\/\/www.drewnianamagia.pl\/index.php\/wp-json\/wp\/v2\/types\/product"}],"replies":[{"embeddable":true,"href":"https:\/\/www.drewnianamagia.pl\/index.php\/wp-json\/wp\/v2\/comments?post=1236"}],"wp:featuredmedia":[{"embeddable":true,"href":"https:\/\/www.drewnianamagia.pl\/index.php\/wp-json\/wp\/v2\/media\/1225"}],"wp:attachment":[{"href":"https:\/\/www.drewnianamagia.pl\/index.php\/wp-json\/wp\/v2\/media?parent=1236"}],"wp:term":[{"taxonomy":"product_brand","embeddable":true,"href":"https:\/\/www.drewnianamagia.pl\/index.php\/wp-json\/wp\/v2\/product_brand?post=1236"},{"taxonomy":"product_cat","embeddable":true,"href":"https:\/\/www.drewnianamagia.pl\/index.php\/wp-json\/wp\/v2\/product_cat?post=1236"},{"taxonomy":"product_tag","embeddable":true,"href":"https:\/\/www.drewnianamagia.pl\/index.php\/wp-json\/wp\/v2\/product_tag?post=1236"}],"curies":[{"name":"wp","href":"https:\/\/api.w.org\/{rel}","templated":true}]}}