{"id":1122,"date":"2023-10-21T20:14:15","date_gmt":"2023-10-21T18:14:15","guid":{"rendered":"https:\/\/www.drewnianamagia.pl\/?post_type=product&#038;p=1122"},"modified":"2025-09-16T14:08:00","modified_gmt":"2025-09-16T12:08:00","slug":"kamienna-tabliczka-ze-zdjeciem","status":"publish","type":"product","link":"https:\/\/www.drewnianamagia.pl\/index.php\/produkt\/kamienna-tabliczka-ze-zdjeciem\/","title":{"rendered":"Kamienna tabliczka ze zdj\u0119ciem"},"content":{"rendered":"<p>Kamienna tabliczka ze zdj\u0119ciem i dowolnym tekstem.<\/p>\n<p>&nbsp;<\/p>\n<p>Oferujemy wyj\u0105tkowy produkt, kt\u00f3ry nie tylko zachwyci swoim pi\u0119knem, ale tak\u017ce mo\u017ce sta\u0107 si\u0119 trwa\u0142ym pomnikiem wa\u017cnych chwil w Twoim \u017cyciu. Nasza kamienna tabliczka o wymiarach 20cm x 20cm to niezwykle osobisty element dekoracyjny, wykonany z najwy\u017csz\u0105 staranno\u015bci\u0105 i precyzj\u0105.<\/p>\n<p>&nbsp;<\/p>\n<p>Wykorzystujemy trwa\u0142y i estetyczny materia\u0142 &#8211; \u0142upek, kt\u00f3ry nadaje tabliczce niepowtarzalny charakter. To kamie\u0144, kt\u00f3ry przetrwa lata, zachowuj\u0105c swoje pi\u0119kno. Mo\u017cesz wybra\u0107 zdj\u0119cie, kt\u00f3re dla Ciebie ma szczeg\u00f3lne znaczenie, a my wypalimy je na tabliczce, tworz\u0105c niezwyk\u0142\u0105 pami\u0105tk\u0119. Dodatkowo, masz mo\u017cliwo\u015b\u0107 doda\u0107 dowolny tekst, kt\u00f3ry wyrazi Twoje uczucia, my\u015bli lub dedykacj\u0119.<\/p>\n<p>&nbsp;<\/p>\n<p>Warto podkre\u015bli\u0107, \u017ce nasza tabliczka idealnie nadaje si\u0119 na pomnik. To nie tylko ozdoba, ale tak\u017ce wyj\u0105tkowy spos\u00f3b na upami\u0119tnienie wa\u017cnych os\u00f3b, chwil, czy wydarze\u0144. Kamienna trwa\u0142o\u015b\u0107 gwarantuje, pozostanie niezmieniona przez wiele lat, przypominaj\u0105c o tych, kt\u00f3rych chcemy uczci\u0107.<\/p>\n<p>&nbsp;<\/p>\n<p>Dbaj\u0105c o jako\u015b\u0107 i trwa\u0142o\u015b\u0107 produktu, tabliczka jest dwukrotnie lakierowana. To proces, kt\u00f3ry nie tylko chroni j\u0105 przed wp\u0142ywami pogodowymi, ale tak\u017ce podkre\u015bla pi\u0119kno \u0142upka, nadaj\u0105c mu g\u0142\u0119bi i wyrazisto\u015bci. Nie musisz obawia\u0107 si\u0119 o zachowanie intensywno\u015bci i jako\u015bci zdj\u0119cia czy napis\u00f3w.<\/p>\n<p>&nbsp;<\/p>\n<p>Nasza kamienna tabliczka ze zdj\u0119ciem to nie tylko prezent, ale r\u00f3wnie\u017c wyj\u0105tkowy spos\u00f3b na wyra\u017cenie uczu\u0107, uhonorowanie pami\u0119ci bliskich czy uwiecznienie istotnych wydarze\u0144. To produkt, kt\u00f3ry \u0142\u0105czy estetyk\u0119 i trwa\u0142o\u015b\u0107, staj\u0105c si\u0119 pi\u0119knym pomnikiem dla przysz\u0142ych pokole\u0144. Daj nam szans\u0119 stworzenia dla Ciebie niezwyk\u0142ego dzie\u0142a, kt\u00f3re pozostanie w sercach i pami\u0119ci na zawsze<\/p>\n<h5>Pozosta\u0142e informacje<\/h5>\n<p>Daj nam zna\u0107 jaki tekst mamy wygrawerowa\u0107 oraz prze\u015blij zdj\u0119cie. Pami\u0119taj, \u017ce im lepsza jako\u015b\u0107 zdj\u0119cia tym wyra\u017aniejszy grawer. Je\u017celi zale\u017cy Ci na tym aby pozostawi\u0107 t\u0142o widoczne na przes\u0142anym zdj\u0119ciu, powiadom nas o tym podczas przesy\u0142ania zdj\u0119cia. Standardowo poddajemy zdj\u0119cia dodatkowej obr\u00f3bce graficznej usuwaj\u0105c to co na dalszym planie aby Twoja tabliczka by\u0142a idealna.<\/p>\n<p>Tabliczka nie zawiera warstwy klej\u0105cej po drugiej stronie. Na \u017cyczenie klienta mo\u017cemy przys\u0142a\u0107 j\u0105 z zamontowanymi gumowymi &#8222;n\u00f3\u017ckami&#8221;, co umo\u017cliwi bezpieczne po\u0142o\u017cenie jej na p\u0142asko. W przypadku gdyby\u015b chcia\u0142\/a j\u0105 przyklei\u0107, nale\u017cy u\u017cy\u0107 kleju monta\u017cowego (brak w zestawie).<\/p>\n<p>Zach\u0119camy do zapoznania si\u0119 z ofert\u0105 naszych pozosta\u0142ych produkt\u00f3w.<\/p>\n<p>&nbsp;<\/p>\n","protected":false},"excerpt":{"rendered":"<p>Kamienna tabliczka ze zdj\u0119ciem i dowolnym tekstem. &nbsp; Oferujemy wyj\u0105tkowy produkt, kt\u00f3ry nie tylko zachwyci swoim pi\u0119knem, ale tak\u017ce mo\u017ce sta\u0107 si\u0119 trwa\u0142ym pomnikiem wa\u017cnych chwil w Twoim \u017cyciu. Nasza kamienna tabliczka o wymiarach 20cm x 20cm to niezwykle osobisty element dekoracyjny, wykonany z najwy\u017csz\u0105 staranno\u015bci\u0105 i precyzj\u0105. &nbsp; Wykorzystujemy trwa\u0142y i estetyczny materia\u0142 &#8211; [&hellip;]<\/p>\n","protected":false},"featured_media":1117,"comment_status":"open","ping_status":"closed","template":"","meta":{"_acf_changed":false},"product_brand":[],"product_cat":[107,44],"product_tag":[82,81,85],"class_list":{"0":"post-1122","1":"product","2":"type-product","3":"status-publish","4":"has-post-thumbnail","6":"product_cat-pamiatki-zalobne","7":"product_cat-zdjecia-i-portrety","8":"product_tag-grob","9":"product_tag-pamiatka","10":"product_tag-portret","12":"first","13":"instock","14":"taxable","15":"shipping-taxable","16":"purchasable","17":"product-type-simple"},"acf":[],"yoast_head":"<!-- This site is optimized with the Yoast SEO plugin v27.5 - https:\/\/yoast.com\/product\/yoast-seo-wordpress\/ -->\n<title>Kamienna tabliczka ze zdj\u0119ciem - Drewniana Magia<\/title>\n<meta name=\"description\" content=\"Kamienna tabliczka ze zdj\u0119ciem wraz z dowolnym napisem. Idealna na pomnik. Du\u017cy rozmiar - 20cm. Pe\u0142na personalizacja i mo\u017cliwo\u015b\u0107 modyfikacji.\" \/>\n<meta name=\"robots\" content=\"index, follow, max-snippet:-1, max-image-preview:large, max-video-preview:-1\" \/>\n<link rel=\"canonical\" href=\"https:\/\/www.drewnianamagia.pl\/index.php\/produkt\/kamienna-tabliczka-ze-zdjeciem\/\" \/>\n<meta property=\"og:locale\" content=\"pl_PL\" \/>\n<meta property=\"og:type\" content=\"article\" \/>\n<meta property=\"og:title\" content=\"Kamienna tabliczka ze zdj\u0119ciem - Drewniana Magia\" \/>\n<meta property=\"og:description\" content=\"Kamienna tabliczka ze zdj\u0119ciem wraz z dowolnym napisem. Idealna na pomnik. Du\u017cy rozmiar - 20cm. Pe\u0142na personalizacja i mo\u017cliwo\u015b\u0107 modyfikacji.\" \/>\n<meta property=\"og:url\" content=\"https:\/\/www.drewnianamagia.pl\/index.php\/produkt\/kamienna-tabliczka-ze-zdjeciem\/\" \/>\n<meta property=\"og:site_name\" content=\"Drewniana Magia\" \/>\n<meta property=\"article:publisher\" content=\"https:\/\/facebook.com\/BelasDrewnianaMagia\" \/>\n<meta property=\"article:modified_time\" content=\"2025-09-16T12:08:00+00:00\" \/>\n<meta property=\"og:image\" content=\"https:\/\/www.drewnianamagia.pl\/wp-content\/uploads\/2023\/10\/20231021_190453.png\" \/>\n\t<meta property=\"og:image:width\" content=\"1009\" \/>\n\t<meta property=\"og:image:height\" content=\"934\" \/>\n\t<meta property=\"og:image:type\" content=\"image\/png\" \/>\n<meta name=\"twitter:card\" content=\"summary_large_image\" \/>\n<meta name=\"twitter:label1\" content=\"Szacowany czas czytania\" \/>\n\t<meta name=\"twitter:data1\" content=\"3 minuty\" \/>\n<script type=\"application\/ld+json\" class=\"yoast-schema-graph\">{\"@context\":\"https:\\\/\\\/schema.org\",\"@graph\":[{\"@type\":\"WebPage\",\"@id\":\"https:\\\/\\\/www.drewnianamagia.pl\\\/index.php\\\/produkt\\\/kamienna-tabliczka-ze-zdjeciem\\\/\",\"url\":\"https:\\\/\\\/www.drewnianamagia.pl\\\/index.php\\\/produkt\\\/kamienna-tabliczka-ze-zdjeciem\\\/\",\"name\":\"Kamienna tabliczka ze zdj\u0119ciem - Drewniana Magia\",\"isPartOf\":{\"@id\":\"https:\\\/\\\/www.drewnianamagia.pl\\\/#website\"},\"primaryImageOfPage\":{\"@id\":\"https:\\\/\\\/www.drewnianamagia.pl\\\/index.php\\\/produkt\\\/kamienna-tabliczka-ze-zdjeciem\\\/#primaryimage\"},\"image\":{\"@id\":\"https:\\\/\\\/www.drewnianamagia.pl\\\/index.php\\\/produkt\\\/kamienna-tabliczka-ze-zdjeciem\\\/#primaryimage\"},\"thumbnailUrl\":\"https:\\\/\\\/www.drewnianamagia.pl\\\/wp-content\\\/uploads\\\/2023\\\/10\\\/20231021_190453.png\",\"datePublished\":\"2023-10-21T18:14:15+00:00\",\"dateModified\":\"2025-09-16T12:08:00+00:00\",\"description\":\"Kamienna tabliczka ze zdj\u0119ciem wraz z dowolnym napisem. Idealna na pomnik. Du\u017cy rozmiar - 20cm. Pe\u0142na personalizacja i mo\u017cliwo\u015b\u0107 modyfikacji.\",\"breadcrumb\":{\"@id\":\"https:\\\/\\\/www.drewnianamagia.pl\\\/index.php\\\/produkt\\\/kamienna-tabliczka-ze-zdjeciem\\\/#breadcrumb\"},\"inLanguage\":\"pl-PL\",\"potentialAction\":[{\"@type\":\"ReadAction\",\"target\":[\"https:\\\/\\\/www.drewnianamagia.pl\\\/index.php\\\/produkt\\\/kamienna-tabliczka-ze-zdjeciem\\\/\"]}]},{\"@type\":\"ImageObject\",\"inLanguage\":\"pl-PL\",\"@id\":\"https:\\\/\\\/www.drewnianamagia.pl\\\/index.php\\\/produkt\\\/kamienna-tabliczka-ze-zdjeciem\\\/#primaryimage\",\"url\":\"https:\\\/\\\/www.drewnianamagia.pl\\\/wp-content\\\/uploads\\\/2023\\\/10\\\/20231021_190453.png\",\"contentUrl\":\"https:\\\/\\\/www.drewnianamagia.pl\\\/wp-content\\\/uploads\\\/2023\\\/10\\\/20231021_190453.png\",\"width\":1009,\"height\":934},{\"@type\":\"BreadcrumbList\",\"@id\":\"https:\\\/\\\/www.drewnianamagia.pl\\\/index.php\\\/produkt\\\/kamienna-tabliczka-ze-zdjeciem\\\/#breadcrumb\",\"itemListElement\":[{\"@type\":\"ListItem\",\"position\":1,\"name\":\"Strona g\u0142\u00f3wna\",\"item\":\"https:\\\/\\\/www.drewnianamagia.pl\\\/\"},{\"@type\":\"ListItem\",\"position\":2,\"name\":\"Sklep\",\"item\":\"https:\\\/\\\/www.drewnianamagia.pl\\\/index.php\\\/sklep-internetowy-drewnianamagia\\\/\"},{\"@type\":\"ListItem\",\"position\":3,\"name\":\"Kamienna tabliczka ze zdj\u0119ciem\"}]},{\"@type\":\"WebSite\",\"@id\":\"https:\\\/\\\/www.drewnianamagia.pl\\\/#website\",\"url\":\"https:\\\/\\\/www.drewnianamagia.pl\\\/\",\"name\":\"Drewniana Magia\",\"description\":\"Personalizowane prezenty i dekoracje z drewna i druku 3D, na ka\u017cd\u0105 okazj\u0119 i okoliczno\u015b\u0107. Urodziny, Chrzest, Przyj\u0119cie, \u015awi\u0119ta, \u015alub\",\"publisher\":{\"@id\":\"https:\\\/\\\/www.drewnianamagia.pl\\\/#organization\"},\"potentialAction\":[{\"@type\":\"SearchAction\",\"target\":{\"@type\":\"EntryPoint\",\"urlTemplate\":\"https:\\\/\\\/www.drewnianamagia.pl\\\/?s={search_term_string}\"},\"query-input\":{\"@type\":\"PropertyValueSpecification\",\"valueRequired\":true,\"valueName\":\"search_term_string\"}}],\"inLanguage\":\"pl-PL\"},{\"@type\":\"Organization\",\"@id\":\"https:\\\/\\\/www.drewnianamagia.pl\\\/#organization\",\"name\":\"Drewniana Magia\",\"url\":\"https:\\\/\\\/www.drewnianamagia.pl\\\/\",\"logo\":{\"@type\":\"ImageObject\",\"inLanguage\":\"pl-PL\",\"@id\":\"https:\\\/\\\/www.drewnianamagia.pl\\\/#\\\/schema\\\/logo\\\/image\\\/\",\"url\":\"https:\\\/\\\/www.drewnianamagia.pl\\\/wp-content\\\/uploads\\\/2024\\\/02\\\/cropped-LOGO-DrewnianaMagia-375x188-1.png\",\"contentUrl\":\"https:\\\/\\\/www.drewnianamagia.pl\\\/wp-content\\\/uploads\\\/2024\\\/02\\\/cropped-LOGO-DrewnianaMagia-375x188-1.png\",\"width\":374,\"height\":188,\"caption\":\"Drewniana Magia\"},\"image\":{\"@id\":\"https:\\\/\\\/www.drewnianamagia.pl\\\/#\\\/schema\\\/logo\\\/image\\\/\"},\"sameAs\":[\"https:\\\/\\\/facebook.com\\\/BelasDrewnianaMagia\"]}]}<\/script>\n<!-- \/ Yoast SEO plugin. -->","yoast_head_json":{"title":"Kamienna tabliczka ze zdj\u0119ciem - Drewniana Magia","description":"Kamienna tabliczka ze zdj\u0119ciem wraz z dowolnym napisem. Idealna na pomnik. Du\u017cy rozmiar - 20cm. Pe\u0142na personalizacja i mo\u017cliwo\u015b\u0107 modyfikacji.","robots":{"index":"index","follow":"follow","max-snippet":"max-snippet:-1","max-image-preview":"max-image-preview:large","max-video-preview":"max-video-preview:-1"},"canonical":"https:\/\/www.drewnianamagia.pl\/index.php\/produkt\/kamienna-tabliczka-ze-zdjeciem\/","og_locale":"pl_PL","og_type":"article","og_title":"Kamienna tabliczka ze zdj\u0119ciem - Drewniana Magia","og_description":"Kamienna tabliczka ze zdj\u0119ciem wraz z dowolnym napisem. Idealna na pomnik. Du\u017cy rozmiar - 20cm. Pe\u0142na personalizacja i mo\u017cliwo\u015b\u0107 modyfikacji.","og_url":"https:\/\/www.drewnianamagia.pl\/index.php\/produkt\/kamienna-tabliczka-ze-zdjeciem\/","og_site_name":"Drewniana Magia","article_publisher":"https:\/\/facebook.com\/BelasDrewnianaMagia","article_modified_time":"2025-09-16T12:08:00+00:00","og_image":[{"width":1009,"height":934,"url":"https:\/\/www.drewnianamagia.pl\/wp-content\/uploads\/2023\/10\/20231021_190453.png","type":"image\/png"}],"twitter_card":"summary_large_image","twitter_misc":{"Szacowany czas czytania":"3 minuty"},"schema":{"@context":"https:\/\/schema.org","@graph":[{"@type":"WebPage","@id":"https:\/\/www.drewnianamagia.pl\/index.php\/produkt\/kamienna-tabliczka-ze-zdjeciem\/","url":"https:\/\/www.drewnianamagia.pl\/index.php\/produkt\/kamienna-tabliczka-ze-zdjeciem\/","name":"Kamienna tabliczka ze zdj\u0119ciem - Drewniana Magia","isPartOf":{"@id":"https:\/\/www.drewnianamagia.pl\/#website"},"primaryImageOfPage":{"@id":"https:\/\/www.drewnianamagia.pl\/index.php\/produkt\/kamienna-tabliczka-ze-zdjeciem\/#primaryimage"},"image":{"@id":"https:\/\/www.drewnianamagia.pl\/index.php\/produkt\/kamienna-tabliczka-ze-zdjeciem\/#primaryimage"},"thumbnailUrl":"https:\/\/www.drewnianamagia.pl\/wp-content\/uploads\/2023\/10\/20231021_190453.png","datePublished":"2023-10-21T18:14:15+00:00","dateModified":"2025-09-16T12:08:00+00:00","description":"Kamienna tabliczka ze zdj\u0119ciem wraz z dowolnym napisem. Idealna na pomnik. Du\u017cy rozmiar - 20cm. Pe\u0142na personalizacja i mo\u017cliwo\u015b\u0107 modyfikacji.","breadcrumb":{"@id":"https:\/\/www.drewnianamagia.pl\/index.php\/produkt\/kamienna-tabliczka-ze-zdjeciem\/#breadcrumb"},"inLanguage":"pl-PL","potentialAction":[{"@type":"ReadAction","target":["https:\/\/www.drewnianamagia.pl\/index.php\/produkt\/kamienna-tabliczka-ze-zdjeciem\/"]}]},{"@type":"ImageObject","inLanguage":"pl-PL","@id":"https:\/\/www.drewnianamagia.pl\/index.php\/produkt\/kamienna-tabliczka-ze-zdjeciem\/#primaryimage","url":"https:\/\/www.drewnianamagia.pl\/wp-content\/uploads\/2023\/10\/20231021_190453.png","contentUrl":"https:\/\/www.drewnianamagia.pl\/wp-content\/uploads\/2023\/10\/20231021_190453.png","width":1009,"height":934},{"@type":"BreadcrumbList","@id":"https:\/\/www.drewnianamagia.pl\/index.php\/produkt\/kamienna-tabliczka-ze-zdjeciem\/#breadcrumb","itemListElement":[{"@type":"ListItem","position":1,"name":"Strona g\u0142\u00f3wna","item":"https:\/\/www.drewnianamagia.pl\/"},{"@type":"ListItem","position":2,"name":"Sklep","item":"https:\/\/www.drewnianamagia.pl\/index.php\/sklep-internetowy-drewnianamagia\/"},{"@type":"ListItem","position":3,"name":"Kamienna tabliczka ze zdj\u0119ciem"}]},{"@type":"WebSite","@id":"https:\/\/www.drewnianamagia.pl\/#website","url":"https:\/\/www.drewnianamagia.pl\/","name":"Drewniana Magia","description":"Personalizowane prezenty i dekoracje z drewna i druku 3D, na ka\u017cd\u0105 okazj\u0119 i okoliczno\u015b\u0107. Urodziny, Chrzest, Przyj\u0119cie, \u015awi\u0119ta, \u015alub","publisher":{"@id":"https:\/\/www.drewnianamagia.pl\/#organization"},"potentialAction":[{"@type":"SearchAction","target":{"@type":"EntryPoint","urlTemplate":"https:\/\/www.drewnianamagia.pl\/?s={search_term_string}"},"query-input":{"@type":"PropertyValueSpecification","valueRequired":true,"valueName":"search_term_string"}}],"inLanguage":"pl-PL"},{"@type":"Organization","@id":"https:\/\/www.drewnianamagia.pl\/#organization","name":"Drewniana Magia","url":"https:\/\/www.drewnianamagia.pl\/","logo":{"@type":"ImageObject","inLanguage":"pl-PL","@id":"https:\/\/www.drewnianamagia.pl\/#\/schema\/logo\/image\/","url":"https:\/\/www.drewnianamagia.pl\/wp-content\/uploads\/2024\/02\/cropped-LOGO-DrewnianaMagia-375x188-1.png","contentUrl":"https:\/\/www.drewnianamagia.pl\/wp-content\/uploads\/2024\/02\/cropped-LOGO-DrewnianaMagia-375x188-1.png","width":374,"height":188,"caption":"Drewniana Magia"},"image":{"@id":"https:\/\/www.drewnianamagia.pl\/#\/schema\/logo\/image\/"},"sameAs":["https:\/\/facebook.com\/BelasDrewnianaMagia"]}]}},"_links":{"self":[{"href":"https:\/\/www.drewnianamagia.pl\/index.php\/wp-json\/wp\/v2\/product\/1122","targetHints":{"allow":["GET"]}}],"collection":[{"href":"https:\/\/www.drewnianamagia.pl\/index.php\/wp-json\/wp\/v2\/product"}],"about":[{"href":"https:\/\/www.drewnianamagia.pl\/index.php\/wp-json\/wp\/v2\/types\/product"}],"replies":[{"embeddable":true,"href":"https:\/\/www.drewnianamagia.pl\/index.php\/wp-json\/wp\/v2\/comments?post=1122"}],"wp:featuredmedia":[{"embeddable":true,"href":"https:\/\/www.drewnianamagia.pl\/index.php\/wp-json\/wp\/v2\/media\/1117"}],"wp:attachment":[{"href":"https:\/\/www.drewnianamagia.pl\/index.php\/wp-json\/wp\/v2\/media?parent=1122"}],"wp:term":[{"taxonomy":"product_brand","embeddable":true,"href":"https:\/\/www.drewnianamagia.pl\/index.php\/wp-json\/wp\/v2\/product_brand?post=1122"},{"taxonomy":"product_cat","embeddable":true,"href":"https:\/\/www.drewnianamagia.pl\/index.php\/wp-json\/wp\/v2\/product_cat?post=1122"},{"taxonomy":"product_tag","embeddable":true,"href":"https:\/\/www.drewnianamagia.pl\/index.php\/wp-json\/wp\/v2\/product_tag?post=1122"}],"curies":[{"name":"wp","href":"https:\/\/api.w.org\/{rel}","templated":true}]}}