{"id":1019,"date":"2023-10-13T16:41:12","date_gmt":"2023-10-13T14:41:12","guid":{"rendered":"https:\/\/www.drewnianamagia.pl\/?post_type=product&#038;p=1019"},"modified":"2026-01-03T09:50:37","modified_gmt":"2026-01-03T08:50:37","slug":"bombka-drewniana-z-imionami-w-ksztalcie-choinki","status":"publish","type":"product","link":"https:\/\/www.drewnianamagia.pl\/index.php\/produkt\/bombka-drewniana-z-imionami-w-ksztalcie-choinki\/","title":{"rendered":"Bombka drewniana z imionami w kszta\u0142cie choinki"},"content":{"rendered":"<h6><\/h6>\n<div class=\"item item-6\"><\/div>\n<h3 class=\"section\" style=\"text-align: center;\"><b>Personalizowana Bombka drewniana z imionami w kszta\u0142cie choinki<\/b><\/h3>\n<section class=\"section\">Szukasz wyj\u0105tkowego i spersonalizowanego prezentu na \u015bwi\u0119ta lub inny wyj\u0105tkowy moment w \u017cyciu? Nasza personalizowana bombka drewniana z imionami w kszta\u0142cie choinki to idealny wyb\u00f3r. Wykonana z wysokiej jako\u015bci sklejki, ta urocza ozdoba nie tylko doda uroku Twoim dekoracjom \u015bwi\u0105tecznym, ale tak\u017ce sprawi, \u017ce Tw\u00f3j prezent b\u0119dzie wyj\u0105tkowy i pe\u0142en znaczenia.\u00a0<\/section>\n<section><\/section>\n<h3 class=\"section\"><b>Najwa\u017cniejsze informacje:<\/b><\/h3>\n<section class=\"section\">\n<div class=\"item item-6\">\n<ul>\n<li>W wiadomo\u015bci do sprzedawcy podaj s\u0142owa (imiona) z kt\u00f3rych mamy u\u0142o\u017cy\u0107 bombk\u0119.<\/li>\n<li>Rok na dole bombki pod imionami jest opcjonalny &#8211; podaj go r\u00f3wnie\u017c w personalizacji je\u015bli ma zosta\u0107 umieszczony na bombce pod imionami.<\/li>\n<li>Pami\u0119taj, \u017ce wysoko\u015b\u0107 bombki zale\u017cy od ilo\u015bci podanych imion i wynosi od 9 do 15 cm.<\/li>\n<li>Mo\u017cesz poda\u0107 a\u017c do 15 imion<\/li>\n<li>Imiona, kt\u00f3re podasz zostan\u0105 przez nas u\u0142o\u017cone w takiej kolejno\u015bci i powi\u0119kszone w taki spos\u00f3b aby tworzy\u0142y jak najbardziej zbli\u017cony kszta\u0142t przypominaj\u0105cy choink\u0119.<\/li>\n<\/ul>\n<p>&nbsp;<\/p>\n<\/div>\n<div><\/div>\n<h3 class=\"item item-6\"><b>G\u0142\u00f3wne cechy produktu:<\/b><\/h3>\n<\/section>\n<section class=\"section\">\n<div class=\"item item-6\">\n<section class=\"text-item\">\n<ul>\n<li><b>Kszta\u0142t choinki:<\/b>\u00a0Nasza drewniana bombka ma kszta\u0142t choinki, co nadaje jej \u015bwi\u0105teczny urok. Jest to doskona\u0142a ozdoba do zawieszenia na choince lub w innym miejscu, kt\u00f3re chcesz udekorowa\u0107.<\/li>\n<li><b>Personalizacja imion:<\/b> Mo\u017cesz doda\u0107 do niej imiona swoich najbli\u017cszych, tworz\u0105c unikalny element dekoracji. Nasza bombka pomie\u015bci nawet 15 imion, kt\u00f3re u\u0142o\u017cymy od najkr\u00f3tszych do najd\u0142u\u017cszych dzi\u0119ki czemu mo\u017cemy zapewni\u0107 jej estetyczny wygl\u0105d. Dodatkowo, wielko\u015b\u0107 czcionki dostosujemy odpowiednio, aby uzyska\u0107 r\u00f3wnomierny i harmonijny wygl\u0105d. Daj nam zna\u0107 jakie imiona maj\u0105 tworzy\u0107 t\u0119 wyj\u0105tkow\u0105 ozdob\u0119. Najlepiej prezentuj\u0105 si\u0119 choinki stworzone z 5-10 imion.<\/li>\n<li><b>Wykonanie najwy\u017cszej jako\u015bci:<\/b> Zawieszk\u0119 wykonujemy z wysokiej jako\u015bci sklejki, co gwarantuje trwa\u0142o\u015b\u0107 i elegancj\u0119. Wycinamy j\u0105 precyzyjnie za pomoc\u0105 lasera, r\u0119cznie wyka\u0144czamy i szlifujemy, dzi\u0119ki czemu ka\u017cdy egzemplarz jest unikatowy.<\/li>\n<li><b>Praktyczna zawieszka:<\/b> Do bombki do\u0142\u0105czamy 20 cm sznurka jutowego, kt\u00f3ry umo\u017cliwia \u0142atwe zawieszenie ozdoby, bez potrzeby stosowania dodatkowych element\u00f3w.<\/li>\n<li><b>Gwiazdka na szczycie:<\/b>\u00a0Nasza drewniana choinka ma umieszczon\u0105 urocz\u0105 gwiazdk\u0105 na szczycie, co dodaje jej wyj\u0105tkowego uroku.<\/li>\n<li><b>Idealny prezent:<\/b>\u00a0Ta personalizowana bombka to doskona\u0142y prezent na \u015bwi\u0119ta, urodziny, rocznice czy inne okazje. To wyj\u0105tkowy spos\u00f3b na wyra\u017cenie swojej mi\u0142o\u015bci i troski o najbli\u017cszych.<\/li>\n<\/ul>\n<p>Nasza drewniana bombka w kszta\u0142cie choinki z imionami to nie tylko ozdoba, ale tak\u017ce wyj\u0105tkowy element, kt\u00f3ry stworzony jest z my\u015bl\u0105 o innych. Wyra\u017a swoje uczucia w wyj\u0105tkowy spos\u00f3b. Zam\u00f3w teraz i podaruj prezent pe\u0142en mi\u0142o\u015bci i magii \u015bwi\u0105t!<\/p>\n<\/section>\n<\/div>\n<\/section>\n<section class=\"section\">\n<div class=\"item item-6\">\n<section class=\"text-item\">Wysoko\u015b\u0107 bombki wynosi od 9 do 15 cm &#8211; w zale\u017cno\u015bci od ilo\u015bci imion.Bombki do 9 imion maj\u0105 9 cm wysoko\u015bci, ka\u017cde kolejne imi\u0119 powi\u0119kszy jej wysoko\u015b\u0107 o ok. 1 cm.Szeroko\u015b\u0107 zale\u017cna jest od d\u0142ugo\u015bci podanych imion i wynika z proporcji tekstu.<\/p>\n<\/section>\n<\/div>\n<\/section>\n","protected":false},"excerpt":{"rendered":"<p>Personalizowana Bombka drewniana z imionami w kszta\u0142cie choinki Szukasz wyj\u0105tkowego i spersonalizowanego prezentu na \u015bwi\u0119ta lub inny wyj\u0105tkowy moment w \u017cyciu? Nasza personalizowana bombka drewniana z imionami w kszta\u0142cie choinki to idealny wyb\u00f3r. Wykonana z wysokiej jako\u015bci sklejki, ta urocza ozdoba nie tylko doda uroku Twoim dekoracjom \u015bwi\u0105tecznym, ale tak\u017ce sprawi, \u017ce Tw\u00f3j prezent b\u0119dzie [&hellip;]<\/p>\n","protected":false},"featured_media":9013,"comment_status":"open","ping_status":"closed","template":"","meta":{"_acf_changed":false},"product_brand":[],"product_cat":[151,95,49],"product_tag":[54,55,80,77],"class_list":{"0":"post-1019","1":"product","2":"type-product","3":"status-publish","4":"has-post-thumbnail","6":"product_cat-bombki","7":"product_cat-boze-narodzenie","8":"product_cat-dekoracje","9":"product_tag-personalizacja","10":"product_tag-prezent","11":"product_tag-rodzina","12":"product_tag-swieta","14":"first","15":"instock","16":"taxable","17":"shipping-taxable","18":"purchasable","19":"product-type-simple"},"acf":[],"yoast_head":"<!-- This site is optimized with the Yoast SEO plugin v27.5 - https:\/\/yoast.com\/product\/yoast-seo-wordpress\/ -->\n<title>Bombka drewniana z imionami w kszta\u0142cie choinki - Drewniana Magia<\/title>\n<meta name=\"description\" content=\"Bombka drewniana z imionami w kszta\u0142cie choinki, kt\u00f3r\u0105 mo\u017cesz spersonalizowa\u0107 o dowolne imiona. Wyj\u0105tkowa ozdoba \u015bwi\u0105tecznego drzewka.\" \/>\n<meta name=\"robots\" content=\"index, follow, max-snippet:-1, max-image-preview:large, max-video-preview:-1\" \/>\n<link rel=\"canonical\" href=\"https:\/\/www.drewnianamagia.pl\/index.php\/produkt\/bombka-drewniana-z-imionami-w-ksztalcie-choinki\/\" \/>\n<meta property=\"og:locale\" content=\"pl_PL\" \/>\n<meta property=\"og:type\" content=\"article\" \/>\n<meta property=\"og:title\" content=\"Bombka drewniana z imionami w kszta\u0142cie choinki - Drewniana Magia\" \/>\n<meta property=\"og:description\" content=\"Bombka drewniana z imionami w kszta\u0142cie choinki, kt\u00f3r\u0105 mo\u017cesz spersonalizowa\u0107 o dowolne imiona. Wyj\u0105tkowa ozdoba \u015bwi\u0105tecznego drzewka.\" \/>\n<meta property=\"og:url\" content=\"https:\/\/www.drewnianamagia.pl\/index.php\/produkt\/bombka-drewniana-z-imionami-w-ksztalcie-choinki\/\" \/>\n<meta property=\"og:site_name\" content=\"Drewniana Magia\" \/>\n<meta property=\"article:publisher\" content=\"https:\/\/facebook.com\/BelasDrewnianaMagia\" \/>\n<meta property=\"article:modified_time\" content=\"2026-01-03T08:50:37+00:00\" \/>\n<meta property=\"og:image\" content=\"https:\/\/www.drewnianamagia.pl\/wp-content\/uploads\/2025\/10\/bombka-choinka-z-imionami-2025.jpg\" \/>\n\t<meta property=\"og:image:width\" content=\"1919\" \/>\n\t<meta property=\"og:image:height\" content=\"1919\" \/>\n\t<meta property=\"og:image:type\" content=\"image\/jpeg\" \/>\n<meta name=\"twitter:card\" content=\"summary_large_image\" \/>\n<meta name=\"twitter:label1\" content=\"Szacowany czas czytania\" \/>\n\t<meta name=\"twitter:data1\" content=\"3 minuty\" \/>\n<script type=\"application\/ld+json\" class=\"yoast-schema-graph\">{\"@context\":\"https:\\\/\\\/schema.org\",\"@graph\":[{\"@type\":\"WebPage\",\"@id\":\"https:\\\/\\\/www.drewnianamagia.pl\\\/index.php\\\/produkt\\\/bombka-drewniana-z-imionami-w-ksztalcie-choinki\\\/\",\"url\":\"https:\\\/\\\/www.drewnianamagia.pl\\\/index.php\\\/produkt\\\/bombka-drewniana-z-imionami-w-ksztalcie-choinki\\\/\",\"name\":\"Bombka drewniana z imionami w kszta\u0142cie choinki - Drewniana Magia\",\"isPartOf\":{\"@id\":\"https:\\\/\\\/www.drewnianamagia.pl\\\/#website\"},\"primaryImageOfPage\":{\"@id\":\"https:\\\/\\\/www.drewnianamagia.pl\\\/index.php\\\/produkt\\\/bombka-drewniana-z-imionami-w-ksztalcie-choinki\\\/#primaryimage\"},\"image\":{\"@id\":\"https:\\\/\\\/www.drewnianamagia.pl\\\/index.php\\\/produkt\\\/bombka-drewniana-z-imionami-w-ksztalcie-choinki\\\/#primaryimage\"},\"thumbnailUrl\":\"https:\\\/\\\/www.drewnianamagia.pl\\\/wp-content\\\/uploads\\\/2025\\\/10\\\/bombka-choinka-z-imionami-2025.jpg\",\"datePublished\":\"2023-10-13T14:41:12+00:00\",\"dateModified\":\"2026-01-03T08:50:37+00:00\",\"description\":\"Bombka drewniana z imionami w kszta\u0142cie choinki, kt\u00f3r\u0105 mo\u017cesz spersonalizowa\u0107 o dowolne imiona. Wyj\u0105tkowa ozdoba \u015bwi\u0105tecznego drzewka.\",\"breadcrumb\":{\"@id\":\"https:\\\/\\\/www.drewnianamagia.pl\\\/index.php\\\/produkt\\\/bombka-drewniana-z-imionami-w-ksztalcie-choinki\\\/#breadcrumb\"},\"inLanguage\":\"pl-PL\",\"potentialAction\":[{\"@type\":\"ReadAction\",\"target\":[\"https:\\\/\\\/www.drewnianamagia.pl\\\/index.php\\\/produkt\\\/bombka-drewniana-z-imionami-w-ksztalcie-choinki\\\/\"]}]},{\"@type\":\"ImageObject\",\"inLanguage\":\"pl-PL\",\"@id\":\"https:\\\/\\\/www.drewnianamagia.pl\\\/index.php\\\/produkt\\\/bombka-drewniana-z-imionami-w-ksztalcie-choinki\\\/#primaryimage\",\"url\":\"https:\\\/\\\/www.drewnianamagia.pl\\\/wp-content\\\/uploads\\\/2025\\\/10\\\/bombka-choinka-z-imionami-2025.jpg\",\"contentUrl\":\"https:\\\/\\\/www.drewnianamagia.pl\\\/wp-content\\\/uploads\\\/2025\\\/10\\\/bombka-choinka-z-imionami-2025.jpg\",\"width\":1919,\"height\":1919,\"caption\":\"bombka - drewniana choinka z imionami\"},{\"@type\":\"BreadcrumbList\",\"@id\":\"https:\\\/\\\/www.drewnianamagia.pl\\\/index.php\\\/produkt\\\/bombka-drewniana-z-imionami-w-ksztalcie-choinki\\\/#breadcrumb\",\"itemListElement\":[{\"@type\":\"ListItem\",\"position\":1,\"name\":\"Strona g\u0142\u00f3wna\",\"item\":\"https:\\\/\\\/www.drewnianamagia.pl\\\/\"},{\"@type\":\"ListItem\",\"position\":2,\"name\":\"Sklep\",\"item\":\"https:\\\/\\\/www.drewnianamagia.pl\\\/index.php\\\/sklep-internetowy-drewnianamagia\\\/\"},{\"@type\":\"ListItem\",\"position\":3,\"name\":\"Bombka drewniana z imionami w kszta\u0142cie choinki\"}]},{\"@type\":\"WebSite\",\"@id\":\"https:\\\/\\\/www.drewnianamagia.pl\\\/#website\",\"url\":\"https:\\\/\\\/www.drewnianamagia.pl\\\/\",\"name\":\"Drewniana Magia\",\"description\":\"Personalizowane prezenty i dekoracje z drewna i druku 3D, na ka\u017cd\u0105 okazj\u0119 i okoliczno\u015b\u0107. Urodziny, Chrzest, Przyj\u0119cie, \u015awi\u0119ta, \u015alub\",\"publisher\":{\"@id\":\"https:\\\/\\\/www.drewnianamagia.pl\\\/#organization\"},\"potentialAction\":[{\"@type\":\"SearchAction\",\"target\":{\"@type\":\"EntryPoint\",\"urlTemplate\":\"https:\\\/\\\/www.drewnianamagia.pl\\\/?s={search_term_string}\"},\"query-input\":{\"@type\":\"PropertyValueSpecification\",\"valueRequired\":true,\"valueName\":\"search_term_string\"}}],\"inLanguage\":\"pl-PL\"},{\"@type\":\"Organization\",\"@id\":\"https:\\\/\\\/www.drewnianamagia.pl\\\/#organization\",\"name\":\"Drewniana Magia\",\"url\":\"https:\\\/\\\/www.drewnianamagia.pl\\\/\",\"logo\":{\"@type\":\"ImageObject\",\"inLanguage\":\"pl-PL\",\"@id\":\"https:\\\/\\\/www.drewnianamagia.pl\\\/#\\\/schema\\\/logo\\\/image\\\/\",\"url\":\"https:\\\/\\\/www.drewnianamagia.pl\\\/wp-content\\\/uploads\\\/2024\\\/02\\\/cropped-LOGO-DrewnianaMagia-375x188-1.png\",\"contentUrl\":\"https:\\\/\\\/www.drewnianamagia.pl\\\/wp-content\\\/uploads\\\/2024\\\/02\\\/cropped-LOGO-DrewnianaMagia-375x188-1.png\",\"width\":374,\"height\":188,\"caption\":\"Drewniana Magia\"},\"image\":{\"@id\":\"https:\\\/\\\/www.drewnianamagia.pl\\\/#\\\/schema\\\/logo\\\/image\\\/\"},\"sameAs\":[\"https:\\\/\\\/facebook.com\\\/BelasDrewnianaMagia\"]}]}<\/script>\n<!-- \/ Yoast SEO plugin. -->","yoast_head_json":{"title":"Bombka drewniana z imionami w kszta\u0142cie choinki - Drewniana Magia","description":"Bombka drewniana z imionami w kszta\u0142cie choinki, kt\u00f3r\u0105 mo\u017cesz spersonalizowa\u0107 o dowolne imiona. Wyj\u0105tkowa ozdoba \u015bwi\u0105tecznego drzewka.","robots":{"index":"index","follow":"follow","max-snippet":"max-snippet:-1","max-image-preview":"max-image-preview:large","max-video-preview":"max-video-preview:-1"},"canonical":"https:\/\/www.drewnianamagia.pl\/index.php\/produkt\/bombka-drewniana-z-imionami-w-ksztalcie-choinki\/","og_locale":"pl_PL","og_type":"article","og_title":"Bombka drewniana z imionami w kszta\u0142cie choinki - Drewniana Magia","og_description":"Bombka drewniana z imionami w kszta\u0142cie choinki, kt\u00f3r\u0105 mo\u017cesz spersonalizowa\u0107 o dowolne imiona. Wyj\u0105tkowa ozdoba \u015bwi\u0105tecznego drzewka.","og_url":"https:\/\/www.drewnianamagia.pl\/index.php\/produkt\/bombka-drewniana-z-imionami-w-ksztalcie-choinki\/","og_site_name":"Drewniana Magia","article_publisher":"https:\/\/facebook.com\/BelasDrewnianaMagia","article_modified_time":"2026-01-03T08:50:37+00:00","og_image":[{"width":1919,"height":1919,"url":"https:\/\/www.drewnianamagia.pl\/wp-content\/uploads\/2025\/10\/bombka-choinka-z-imionami-2025.jpg","type":"image\/jpeg"}],"twitter_card":"summary_large_image","twitter_misc":{"Szacowany czas czytania":"3 minuty"},"schema":{"@context":"https:\/\/schema.org","@graph":[{"@type":"WebPage","@id":"https:\/\/www.drewnianamagia.pl\/index.php\/produkt\/bombka-drewniana-z-imionami-w-ksztalcie-choinki\/","url":"https:\/\/www.drewnianamagia.pl\/index.php\/produkt\/bombka-drewniana-z-imionami-w-ksztalcie-choinki\/","name":"Bombka drewniana z imionami w kszta\u0142cie choinki - Drewniana Magia","isPartOf":{"@id":"https:\/\/www.drewnianamagia.pl\/#website"},"primaryImageOfPage":{"@id":"https:\/\/www.drewnianamagia.pl\/index.php\/produkt\/bombka-drewniana-z-imionami-w-ksztalcie-choinki\/#primaryimage"},"image":{"@id":"https:\/\/www.drewnianamagia.pl\/index.php\/produkt\/bombka-drewniana-z-imionami-w-ksztalcie-choinki\/#primaryimage"},"thumbnailUrl":"https:\/\/www.drewnianamagia.pl\/wp-content\/uploads\/2025\/10\/bombka-choinka-z-imionami-2025.jpg","datePublished":"2023-10-13T14:41:12+00:00","dateModified":"2026-01-03T08:50:37+00:00","description":"Bombka drewniana z imionami w kszta\u0142cie choinki, kt\u00f3r\u0105 mo\u017cesz spersonalizowa\u0107 o dowolne imiona. Wyj\u0105tkowa ozdoba \u015bwi\u0105tecznego drzewka.","breadcrumb":{"@id":"https:\/\/www.drewnianamagia.pl\/index.php\/produkt\/bombka-drewniana-z-imionami-w-ksztalcie-choinki\/#breadcrumb"},"inLanguage":"pl-PL","potentialAction":[{"@type":"ReadAction","target":["https:\/\/www.drewnianamagia.pl\/index.php\/produkt\/bombka-drewniana-z-imionami-w-ksztalcie-choinki\/"]}]},{"@type":"ImageObject","inLanguage":"pl-PL","@id":"https:\/\/www.drewnianamagia.pl\/index.php\/produkt\/bombka-drewniana-z-imionami-w-ksztalcie-choinki\/#primaryimage","url":"https:\/\/www.drewnianamagia.pl\/wp-content\/uploads\/2025\/10\/bombka-choinka-z-imionami-2025.jpg","contentUrl":"https:\/\/www.drewnianamagia.pl\/wp-content\/uploads\/2025\/10\/bombka-choinka-z-imionami-2025.jpg","width":1919,"height":1919,"caption":"bombka - drewniana choinka z imionami"},{"@type":"BreadcrumbList","@id":"https:\/\/www.drewnianamagia.pl\/index.php\/produkt\/bombka-drewniana-z-imionami-w-ksztalcie-choinki\/#breadcrumb","itemListElement":[{"@type":"ListItem","position":1,"name":"Strona g\u0142\u00f3wna","item":"https:\/\/www.drewnianamagia.pl\/"},{"@type":"ListItem","position":2,"name":"Sklep","item":"https:\/\/www.drewnianamagia.pl\/index.php\/sklep-internetowy-drewnianamagia\/"},{"@type":"ListItem","position":3,"name":"Bombka drewniana z imionami w kszta\u0142cie choinki"}]},{"@type":"WebSite","@id":"https:\/\/www.drewnianamagia.pl\/#website","url":"https:\/\/www.drewnianamagia.pl\/","name":"Drewniana Magia","description":"Personalizowane prezenty i dekoracje z drewna i druku 3D, na ka\u017cd\u0105 okazj\u0119 i okoliczno\u015b\u0107. Urodziny, Chrzest, Przyj\u0119cie, \u015awi\u0119ta, \u015alub","publisher":{"@id":"https:\/\/www.drewnianamagia.pl\/#organization"},"potentialAction":[{"@type":"SearchAction","target":{"@type":"EntryPoint","urlTemplate":"https:\/\/www.drewnianamagia.pl\/?s={search_term_string}"},"query-input":{"@type":"PropertyValueSpecification","valueRequired":true,"valueName":"search_term_string"}}],"inLanguage":"pl-PL"},{"@type":"Organization","@id":"https:\/\/www.drewnianamagia.pl\/#organization","name":"Drewniana Magia","url":"https:\/\/www.drewnianamagia.pl\/","logo":{"@type":"ImageObject","inLanguage":"pl-PL","@id":"https:\/\/www.drewnianamagia.pl\/#\/schema\/logo\/image\/","url":"https:\/\/www.drewnianamagia.pl\/wp-content\/uploads\/2024\/02\/cropped-LOGO-DrewnianaMagia-375x188-1.png","contentUrl":"https:\/\/www.drewnianamagia.pl\/wp-content\/uploads\/2024\/02\/cropped-LOGO-DrewnianaMagia-375x188-1.png","width":374,"height":188,"caption":"Drewniana Magia"},"image":{"@id":"https:\/\/www.drewnianamagia.pl\/#\/schema\/logo\/image\/"},"sameAs":["https:\/\/facebook.com\/BelasDrewnianaMagia"]}]}},"_links":{"self":[{"href":"https:\/\/www.drewnianamagia.pl\/index.php\/wp-json\/wp\/v2\/product\/1019","targetHints":{"allow":["GET"]}}],"collection":[{"href":"https:\/\/www.drewnianamagia.pl\/index.php\/wp-json\/wp\/v2\/product"}],"about":[{"href":"https:\/\/www.drewnianamagia.pl\/index.php\/wp-json\/wp\/v2\/types\/product"}],"replies":[{"embeddable":true,"href":"https:\/\/www.drewnianamagia.pl\/index.php\/wp-json\/wp\/v2\/comments?post=1019"}],"wp:featuredmedia":[{"embeddable":true,"href":"https:\/\/www.drewnianamagia.pl\/index.php\/wp-json\/wp\/v2\/media\/9013"}],"wp:attachment":[{"href":"https:\/\/www.drewnianamagia.pl\/index.php\/wp-json\/wp\/v2\/media?parent=1019"}],"wp:term":[{"taxonomy":"product_brand","embeddable":true,"href":"https:\/\/www.drewnianamagia.pl\/index.php\/wp-json\/wp\/v2\/product_brand?post=1019"},{"taxonomy":"product_cat","embeddable":true,"href":"https:\/\/www.drewnianamagia.pl\/index.php\/wp-json\/wp\/v2\/product_cat?post=1019"},{"taxonomy":"product_tag","embeddable":true,"href":"https:\/\/www.drewnianamagia.pl\/index.php\/wp-json\/wp\/v2\/product_tag?post=1019"}],"curies":[{"name":"wp","href":"https:\/\/api.w.org\/{rel}","templated":true}]}}