{"id":78,"date":"2023-08-14T11:35:32","date_gmt":"2023-08-14T11:35:32","guid":{"rendered":"https:\/\/www.drewnianamagia.pl\/?page_id=78"},"modified":"2025-11-29T17:04:56","modified_gmt":"2025-11-29T16:04:56","slug":"o-firmie","status":"publish","type":"page","link":"https:\/\/www.drewnianamagia.pl\/index.php\/o-firmie\/","title":{"rendered":"o firmie"},"content":{"rendered":"<p><img loading=\"lazy\" decoding=\"async\" class=\"aligncenter\" src=\"https:\/\/www.drewnianamagia.pl\/wp-content\/uploads\/2023\/09\/Ikona-DrewnianaMagia.png\" sizes=\"auto, (max-width: 512px) 100vw, 512px\" srcset=\"https:\/\/www.drewnianamagia.pl\/wp-content\/uploads\/2023\/09\/Ikona-DrewnianaMagia.png 512w, https:\/\/www.drewnianamagia.pl\/wp-content\/uploads\/2023\/09\/Ikona-DrewnianaMagia-324x324.png 324w, https:\/\/www.drewnianamagia.pl\/wp-content\/uploads\/2023\/09\/Ikona-DrewnianaMagia-100x100.png 100w, https:\/\/www.drewnianamagia.pl\/wp-content\/uploads\/2023\/09\/Ikona-DrewnianaMagia-416x416.png 416w, https:\/\/www.drewnianamagia.pl\/wp-content\/uploads\/2023\/09\/Ikona-DrewnianaMagia-300x300.png 300w, https:\/\/www.drewnianamagia.pl\/wp-content\/uploads\/2023\/09\/Ikona-DrewnianaMagia-150x150.png 150w\" alt=\"\" width=\"512\" height=\"512\" \/><\/p>\n<p style=\"text-align: center;\">Sklep internetowy o nazwie &#8222;<a href=\"https:\/\/www.drewnianamagia.pl\/\"><strong>Drewniana Magia<\/strong><\/a>&#8221; to miejsce, gdzie marzenia o pi\u0119knych i wyj\u0105tkowych upominkach i ozdobach staj\u0105 si\u0119 rzeczywisto\u015bci\u0105. Jeste\u015bmy dumni z tego, \u017ce mo\u017cemy dostarcza\u0107 naszym klientom produkty stworzone na miar\u0119 ich wyobra\u017ani i potrzeb.<\/p>\n<p style=\"text-align: center;\">W naszej stale poszerzaj\u0105cej si\u0119 ofercie znajdziesz r\u00f3\u017cnorodne upominki i ozdoby wykonane z r\u00f3\u017cnych materia\u0142\u00f3w, w tym drewna i tektury. Nasze wyj\u0105tkowe i r\u0119cznie wyko\u0144czone produkty to prawdziwe dzie\u0142a sztuki, kt\u00f3re dodaj\u0105 uroku i charakteru Twojemu otoczeniu. Ka\u017cdy detal jest starannie przemy\u015blany i wykonany z pasj\u0105, by sprosta\u0107 Twoim oczekiwaniom.<\/p>\n<p style=\"text-align: center;\">Jednym z naszych wyr\u00f3\u017cniaj\u0105cych si\u0119 aspekt\u00f3w jest mo\u017cliwo\u015b\u0107 zam\u00f3wienia produkt\u00f3w personalizowanych. Je\u015bli marzysz o czym\u015b zupe\u0142nie wyj\u0105tkowym, chcieliby\u015bmy pom\u00f3c Ci zrealizowa\u0107 to marzenie. Do\u0142o\u017cymy wszelkich stara\u0144, by stworzy\u0107 produkt dostosowany do Twoich osobistych preferencji, a tak\u017ce idealnie wpasowuj\u0105cy si\u0119 w Twoje wn\u0119trze czy okoliczno\u015bci.<\/p>\n<p style=\"text-align: center;\">Zach\u0119camy do zapoznania si\u0119 z nasz\u0105 ofert\u0105. Jeste\u015bmy przekonani, \u017ce znajdziesz u nas co\u015b, co sprawi, \u017ce Twoje otoczenie stanie si\u0119 jeszcze pi\u0119kniejsze. Niezale\u017cnie od tego, czy szukasz prezentu dla bliskiej osoby, chcesz ozdobi\u0107 swoje wn\u0119trze, czy po prostu pragniesz czego\u015b wyj\u0105tkowego, w &#8222;<a href=\"https:\/\/www.drewnianamagia.pl\/\"><strong>Drewnianej Magii<\/strong><\/a>&#8221; jeste\u015bmy gotowi, by spe\u0142ni\u0107 Twoje oczekiwania. Czekamy na Ciebie!<\/p>\n<p style=\"text-align: center;\">Oferujemy r\u00f3wnie\u017c mo\u017cliwo\u015b\u0107 zam\u00f3wienia produkt\u00f3w ze sklejki na podstawie projektu klienta lub wykonania projektu a nast\u0119pnie dostarczenia produktu na podstawie szczeg\u00f3\u0142owych wytycznych.<\/p>\n<p style=\"text-align: center;\">Skontaktuj si\u0119 z nami za pomoc\u0105 formularza w sekcji kontakt lub wy\u015blij e-mail: <a href=\"mailto:kontakt@drewnianamagia.pl\">kontakt@drewnianamagia.pl<\/a><\/p>\n<h5 style=\"text-align: center;\"><strong>Sklep prowadzony jest przez firm\u0119:<\/strong><\/h5>\n<h5 style=\"text-align: center;\"><strong>BELAS Bart\u0142omiej Belka<\/strong>, ul. Ks. Stanis\u0142awa Krausego 3 lok. 15, 86-100 \u015awiecie, NIP:5591900079, REGON:522285932, BDO:000569899<\/h5>\n<h5 style=\"text-align: center;\">e-mail: kontakt@drewnianamagia.pl | tel: +48 459 115 098<\/h5>\n","protected":false},"excerpt":{"rendered":"<p>Sklep internetowy o nazwie &#8222;Drewniana Magia&#8221; to miejsce, gdzie marzenia o pi\u0119knych i wyj\u0105tkowych upominkach i ozdobach staj\u0105 si\u0119 rzeczywisto\u015bci\u0105. Jeste\u015bmy dumni z tego, \u017ce mo\u017cemy dostarcza\u0107 naszym klientom produkty stworzone na miar\u0119 ich wyobra\u017ani i potrzeb. W naszej stale poszerzaj\u0105cej si\u0119 ofercie znajdziesz r\u00f3\u017cnorodne upominki i ozdoby wykonane z r\u00f3\u017cnych materia\u0142\u00f3w, w tym drewna [&hellip;]<\/p>\n","protected":false},"author":1,"featured_media":0,"parent":0,"menu_order":0,"comment_status":"closed","ping_status":"closed","template":"","meta":{"_acf_changed":false,"footnotes":""},"class_list":["post-78","page","type-page","status-publish","hentry"],"acf":[],"yoast_head":"<!-- This site is optimized with the Yoast SEO plugin v27.5 - https:\/\/yoast.com\/product\/yoast-seo-wordpress\/ -->\n<title>o firmie - Drewniana Magia<\/title>\n<meta name=\"robots\" content=\"index, follow, max-snippet:-1, max-image-preview:large, max-video-preview:-1\" \/>\n<link rel=\"canonical\" href=\"https:\/\/www.drewnianamagia.pl\/index.php\/o-firmie\/\" \/>\n<meta property=\"og:locale\" content=\"pl_PL\" \/>\n<meta property=\"og:type\" content=\"article\" \/>\n<meta property=\"og:title\" content=\"o firmie - Drewniana Magia\" \/>\n<meta property=\"og:description\" content=\"Sklep internetowy o nazwie &#8222;Drewniana Magia&#8221; to miejsce, gdzie marzenia o pi\u0119knych i wyj\u0105tkowych upominkach i ozdobach staj\u0105 si\u0119 rzeczywisto\u015bci\u0105. Jeste\u015bmy dumni z tego, \u017ce mo\u017cemy dostarcza\u0107 naszym klientom produkty stworzone na miar\u0119 ich wyobra\u017ani i potrzeb. W naszej stale poszerzaj\u0105cej si\u0119 ofercie znajdziesz r\u00f3\u017cnorodne upominki i ozdoby wykonane z r\u00f3\u017cnych materia\u0142\u00f3w, w tym drewna [&hellip;]\" \/>\n<meta property=\"og:url\" content=\"https:\/\/www.drewnianamagia.pl\/index.php\/o-firmie\/\" \/>\n<meta property=\"og:site_name\" content=\"Drewniana Magia\" \/>\n<meta property=\"article:publisher\" content=\"https:\/\/facebook.com\/BelasDrewnianaMagia\" \/>\n<meta property=\"article:modified_time\" content=\"2025-11-29T16:04:56+00:00\" \/>\n<meta property=\"og:image\" content=\"https:\/\/www.drewnianamagia.pl\/wp-content\/uploads\/2023\/09\/Ikona-DrewnianaMagia.png\" \/>\n<meta name=\"twitter:card\" content=\"summary_large_image\" \/>\n<meta name=\"twitter:label1\" content=\"Szacowany czas czytania\" \/>\n\t<meta name=\"twitter:data1\" content=\"2 minuty\" \/>\n<script type=\"application\/ld+json\" class=\"yoast-schema-graph\">{\"@context\":\"https:\\\/\\\/schema.org\",\"@graph\":[{\"@type\":\"WebPage\",\"@id\":\"https:\\\/\\\/www.drewnianamagia.pl\\\/index.php\\\/o-firmie\\\/\",\"url\":\"https:\\\/\\\/www.drewnianamagia.pl\\\/index.php\\\/o-firmie\\\/\",\"name\":\"o firmie - Drewniana Magia\",\"isPartOf\":{\"@id\":\"https:\\\/\\\/www.drewnianamagia.pl\\\/#website\"},\"primaryImageOfPage\":{\"@id\":\"https:\\\/\\\/www.drewnianamagia.pl\\\/index.php\\\/o-firmie\\\/#primaryimage\"},\"image\":{\"@id\":\"https:\\\/\\\/www.drewnianamagia.pl\\\/index.php\\\/o-firmie\\\/#primaryimage\"},\"thumbnailUrl\":\"https:\\\/\\\/www.drewnianamagia.pl\\\/wp-content\\\/uploads\\\/2023\\\/09\\\/Ikona-DrewnianaMagia.png\",\"datePublished\":\"2023-08-14T11:35:32+00:00\",\"dateModified\":\"2025-11-29T16:04:56+00:00\",\"breadcrumb\":{\"@id\":\"https:\\\/\\\/www.drewnianamagia.pl\\\/index.php\\\/o-firmie\\\/#breadcrumb\"},\"inLanguage\":\"pl-PL\",\"potentialAction\":[{\"@type\":\"ReadAction\",\"target\":[\"https:\\\/\\\/www.drewnianamagia.pl\\\/index.php\\\/o-firmie\\\/\"]}]},{\"@type\":\"ImageObject\",\"inLanguage\":\"pl-PL\",\"@id\":\"https:\\\/\\\/www.drewnianamagia.pl\\\/index.php\\\/o-firmie\\\/#primaryimage\",\"url\":\"https:\\\/\\\/www.drewnianamagia.pl\\\/wp-content\\\/uploads\\\/2023\\\/09\\\/Ikona-DrewnianaMagia.png\",\"contentUrl\":\"https:\\\/\\\/www.drewnianamagia.pl\\\/wp-content\\\/uploads\\\/2023\\\/09\\\/Ikona-DrewnianaMagia.png\",\"width\":512,\"height\":512},{\"@type\":\"BreadcrumbList\",\"@id\":\"https:\\\/\\\/www.drewnianamagia.pl\\\/index.php\\\/o-firmie\\\/#breadcrumb\",\"itemListElement\":[{\"@type\":\"ListItem\",\"position\":1,\"name\":\"Strona g\u0142\u00f3wna\",\"item\":\"https:\\\/\\\/www.drewnianamagia.pl\\\/\"},{\"@type\":\"ListItem\",\"position\":2,\"name\":\"o firmie\"}]},{\"@type\":\"WebSite\",\"@id\":\"https:\\\/\\\/www.drewnianamagia.pl\\\/#website\",\"url\":\"https:\\\/\\\/www.drewnianamagia.pl\\\/\",\"name\":\"Drewniana Magia\",\"description\":\"Personalizowane prezenty i dekoracje z drewna i druku 3D, na ka\u017cd\u0105 okazj\u0119 i okoliczno\u015b\u0107. Urodziny, Chrzest, Przyj\u0119cie, \u015awi\u0119ta, \u015alub\",\"publisher\":{\"@id\":\"https:\\\/\\\/www.drewnianamagia.pl\\\/#organization\"},\"potentialAction\":[{\"@type\":\"SearchAction\",\"target\":{\"@type\":\"EntryPoint\",\"urlTemplate\":\"https:\\\/\\\/www.drewnianamagia.pl\\\/?s={search_term_string}\"},\"query-input\":{\"@type\":\"PropertyValueSpecification\",\"valueRequired\":true,\"valueName\":\"search_term_string\"}}],\"inLanguage\":\"pl-PL\"},{\"@type\":\"Organization\",\"@id\":\"https:\\\/\\\/www.drewnianamagia.pl\\\/#organization\",\"name\":\"Drewniana Magia\",\"url\":\"https:\\\/\\\/www.drewnianamagia.pl\\\/\",\"logo\":{\"@type\":\"ImageObject\",\"inLanguage\":\"pl-PL\",\"@id\":\"https:\\\/\\\/www.drewnianamagia.pl\\\/#\\\/schema\\\/logo\\\/image\\\/\",\"url\":\"https:\\\/\\\/www.drewnianamagia.pl\\\/wp-content\\\/uploads\\\/2024\\\/02\\\/cropped-LOGO-DrewnianaMagia-375x188-1.png\",\"contentUrl\":\"https:\\\/\\\/www.drewnianamagia.pl\\\/wp-content\\\/uploads\\\/2024\\\/02\\\/cropped-LOGO-DrewnianaMagia-375x188-1.png\",\"width\":374,\"height\":188,\"caption\":\"Drewniana Magia\"},\"image\":{\"@id\":\"https:\\\/\\\/www.drewnianamagia.pl\\\/#\\\/schema\\\/logo\\\/image\\\/\"},\"sameAs\":[\"https:\\\/\\\/facebook.com\\\/BelasDrewnianaMagia\"]}]}<\/script>\n<!-- \/ Yoast SEO plugin. -->","yoast_head_json":{"title":"o firmie - Drewniana Magia","robots":{"index":"index","follow":"follow","max-snippet":"max-snippet:-1","max-image-preview":"max-image-preview:large","max-video-preview":"max-video-preview:-1"},"canonical":"https:\/\/www.drewnianamagia.pl\/index.php\/o-firmie\/","og_locale":"pl_PL","og_type":"article","og_title":"o firmie - Drewniana Magia","og_description":"Sklep internetowy o nazwie &#8222;Drewniana Magia&#8221; to miejsce, gdzie marzenia o pi\u0119knych i wyj\u0105tkowych upominkach i ozdobach staj\u0105 si\u0119 rzeczywisto\u015bci\u0105. Jeste\u015bmy dumni z tego, \u017ce mo\u017cemy dostarcza\u0107 naszym klientom produkty stworzone na miar\u0119 ich wyobra\u017ani i potrzeb. W naszej stale poszerzaj\u0105cej si\u0119 ofercie znajdziesz r\u00f3\u017cnorodne upominki i ozdoby wykonane z r\u00f3\u017cnych materia\u0142\u00f3w, w tym drewna [&hellip;]","og_url":"https:\/\/www.drewnianamagia.pl\/index.php\/o-firmie\/","og_site_name":"Drewniana Magia","article_publisher":"https:\/\/facebook.com\/BelasDrewnianaMagia","article_modified_time":"2025-11-29T16:04:56+00:00","og_image":[{"url":"https:\/\/www.drewnianamagia.pl\/wp-content\/uploads\/2023\/09\/Ikona-DrewnianaMagia.png","type":"","width":"","height":""}],"twitter_card":"summary_large_image","twitter_misc":{"Szacowany czas czytania":"2 minuty"},"schema":{"@context":"https:\/\/schema.org","@graph":[{"@type":"WebPage","@id":"https:\/\/www.drewnianamagia.pl\/index.php\/o-firmie\/","url":"https:\/\/www.drewnianamagia.pl\/index.php\/o-firmie\/","name":"o firmie - Drewniana Magia","isPartOf":{"@id":"https:\/\/www.drewnianamagia.pl\/#website"},"primaryImageOfPage":{"@id":"https:\/\/www.drewnianamagia.pl\/index.php\/o-firmie\/#primaryimage"},"image":{"@id":"https:\/\/www.drewnianamagia.pl\/index.php\/o-firmie\/#primaryimage"},"thumbnailUrl":"https:\/\/www.drewnianamagia.pl\/wp-content\/uploads\/2023\/09\/Ikona-DrewnianaMagia.png","datePublished":"2023-08-14T11:35:32+00:00","dateModified":"2025-11-29T16:04:56+00:00","breadcrumb":{"@id":"https:\/\/www.drewnianamagia.pl\/index.php\/o-firmie\/#breadcrumb"},"inLanguage":"pl-PL","potentialAction":[{"@type":"ReadAction","target":["https:\/\/www.drewnianamagia.pl\/index.php\/o-firmie\/"]}]},{"@type":"ImageObject","inLanguage":"pl-PL","@id":"https:\/\/www.drewnianamagia.pl\/index.php\/o-firmie\/#primaryimage","url":"https:\/\/www.drewnianamagia.pl\/wp-content\/uploads\/2023\/09\/Ikona-DrewnianaMagia.png","contentUrl":"https:\/\/www.drewnianamagia.pl\/wp-content\/uploads\/2023\/09\/Ikona-DrewnianaMagia.png","width":512,"height":512},{"@type":"BreadcrumbList","@id":"https:\/\/www.drewnianamagia.pl\/index.php\/o-firmie\/#breadcrumb","itemListElement":[{"@type":"ListItem","position":1,"name":"Strona g\u0142\u00f3wna","item":"https:\/\/www.drewnianamagia.pl\/"},{"@type":"ListItem","position":2,"name":"o firmie"}]},{"@type":"WebSite","@id":"https:\/\/www.drewnianamagia.pl\/#website","url":"https:\/\/www.drewnianamagia.pl\/","name":"Drewniana Magia","description":"Personalizowane prezenty i dekoracje z drewna i druku 3D, na ka\u017cd\u0105 okazj\u0119 i okoliczno\u015b\u0107. Urodziny, Chrzest, Przyj\u0119cie, \u015awi\u0119ta, \u015alub","publisher":{"@id":"https:\/\/www.drewnianamagia.pl\/#organization"},"potentialAction":[{"@type":"SearchAction","target":{"@type":"EntryPoint","urlTemplate":"https:\/\/www.drewnianamagia.pl\/?s={search_term_string}"},"query-input":{"@type":"PropertyValueSpecification","valueRequired":true,"valueName":"search_term_string"}}],"inLanguage":"pl-PL"},{"@type":"Organization","@id":"https:\/\/www.drewnianamagia.pl\/#organization","name":"Drewniana Magia","url":"https:\/\/www.drewnianamagia.pl\/","logo":{"@type":"ImageObject","inLanguage":"pl-PL","@id":"https:\/\/www.drewnianamagia.pl\/#\/schema\/logo\/image\/","url":"https:\/\/www.drewnianamagia.pl\/wp-content\/uploads\/2024\/02\/cropped-LOGO-DrewnianaMagia-375x188-1.png","contentUrl":"https:\/\/www.drewnianamagia.pl\/wp-content\/uploads\/2024\/02\/cropped-LOGO-DrewnianaMagia-375x188-1.png","width":374,"height":188,"caption":"Drewniana Magia"},"image":{"@id":"https:\/\/www.drewnianamagia.pl\/#\/schema\/logo\/image\/"},"sameAs":["https:\/\/facebook.com\/BelasDrewnianaMagia"]}]}},"_links":{"self":[{"href":"https:\/\/www.drewnianamagia.pl\/index.php\/wp-json\/wp\/v2\/pages\/78","targetHints":{"allow":["GET"]}}],"collection":[{"href":"https:\/\/www.drewnianamagia.pl\/index.php\/wp-json\/wp\/v2\/pages"}],"about":[{"href":"https:\/\/www.drewnianamagia.pl\/index.php\/wp-json\/wp\/v2\/types\/page"}],"author":[{"embeddable":true,"href":"https:\/\/www.drewnianamagia.pl\/index.php\/wp-json\/wp\/v2\/users\/1"}],"replies":[{"embeddable":true,"href":"https:\/\/www.drewnianamagia.pl\/index.php\/wp-json\/wp\/v2\/comments?post=78"}],"version-history":[{"count":2,"href":"https:\/\/www.drewnianamagia.pl\/index.php\/wp-json\/wp\/v2\/pages\/78\/revisions"}],"predecessor-version":[{"id":9203,"href":"https:\/\/www.drewnianamagia.pl\/index.php\/wp-json\/wp\/v2\/pages\/78\/revisions\/9203"}],"wp:attachment":[{"href":"https:\/\/www.drewnianamagia.pl\/index.php\/wp-json\/wp\/v2\/media?parent=78"}],"curies":[{"name":"wp","href":"https:\/\/api.w.org\/{rel}","templated":true}]}}