{"id":6215,"date":"2025-04-04T09:37:38","date_gmt":"2025-04-04T07:37:38","guid":{"rendered":"https:\/\/www.drewnianamagia.pl\/?page_id=6215"},"modified":"2025-04-04T10:06:34","modified_gmt":"2025-04-04T08:06:34","slug":"personalizacja-2","status":"publish","type":"page","link":"https:\/\/www.drewnianamagia.pl\/index.php\/personalizacja-2\/","title":{"rendered":"Personalizacja"},"content":{"rendered":"\n<p class=\"has-vivid-red-color has-text-color has-link-color has-medium-font-size wp-elements-69597caf5dfee6bb1c2f4ed5619958c5\"><strong>Zasady Personalizacji:<\/strong><\/p>\n\n\n\n<p>Poni\u017cej umieszczamy odpowiedzi dotycz\u0105ce najwa\u017cniejszych zagadnie\u0144 dotycz\u0105cych personalizacji. <\/p>\n\n\n\n<details class=\"wp-block-details is-layout-flow wp-block-details-is-layout-flow\"><summary><strong>Czym jest personalizacja?<\/strong><\/summary>\n<blockquote class=\"wp-block-quote is-layout-flow wp-block-quote-is-layout-flow\">\n<p>Personalizacja produktu to nadanie mu specyfikacji zgodnie z oczekiwaniem klienta. Np. grawer tekstu lub grafiki.<\/p>\n<\/blockquote>\n<\/details>\n\n\n\n<details class=\"wp-block-details is-layout-flow wp-block-details-is-layout-flow\"><summary><strong>Jakich produkt\u00f3w dotyczy personalizacja?<\/strong><\/summary>\n<blockquote class=\"wp-block-quote is-layout-flow wp-block-quote-is-layout-flow\">\n<p>Wi\u0119kszo\u015b\u0107 produkt\u00f3w w ofercie sklepu drewnianamagia.pl mo\u017cna spersonalizowa\u0107. Ka\u017cdy produkt, kt\u00f3ry podlega personalizacji posiada tak\u0105 informacj\u0119 w swoim opisie.<\/p>\n<\/blockquote>\n<\/details>\n\n\n\n<details class=\"wp-block-details is-layout-flow wp-block-details-is-layout-flow\"><summary><strong>Co mo\u017cna personalizowa\u0107?<\/strong><\/summary>\n<blockquote class=\"wp-block-quote is-layout-flow wp-block-quote-is-layout-flow\">\n<p>W opisie produkt\u00f3w obj\u0119tych personalizacj\u0105 znajduj\u0105 si\u0119 informacje jakie elementy podlegaj\u0105 personalizacji. G\u0142\u00f3wnie b\u0119dzie to wybrany tekst lub grafika. Je\u015bli interesuje Ci\u0119 wi\u0119ksza mo\u017cliwo\u015b\u0107 modyfikacji &#8211; daj nam zna\u0107 a znajdziemy rozwi\u0105zanie specjalnie dla Ciebie.<\/p>\n<\/blockquote>\n<\/details>\n\n\n\n<details class=\"wp-block-details is-layout-flow wp-block-details-is-layout-flow\"><summary><strong>Jakiej personalizacji nie wykonujemy?<\/strong><\/summary>\n<blockquote class=\"wp-block-quote is-layout-flow wp-block-quote-is-layout-flow\">\n<p>Nie umieszczamy przes\u0142anych emotikon &#8211; poniewa\u017c nie zawsze to co widzi klient w formularzu pokrywa si\u0119 z tym co otrzymujemy w zam\u00f3wieniu. Unikamy r\u00f3wnie\u017c personalizacji, kt\u00f3re jednoznacznie nawo\u0142uj\u0105 do nienawi\u015bci lub dyskryminacji.<\/p>\n<\/blockquote>\n<\/details>\n\n\n\n<details class=\"wp-block-details is-layout-flow wp-block-details-is-layout-flow\"><summary><strong>Jak przes\u0142a\u0107 dane do personalizacji?<\/strong><\/summary>\n<blockquote class=\"wp-block-quote is-layout-flow wp-block-quote-is-layout-flow\">\n<p>Na karcie produkt\u00f3w, kt\u00f3re podlegaj\u0105 personalizacji dost\u0119pne jest pole do wpisania tre\u015bci personalizacji. Dodatkowe informacje dotycz\u0105ce personalizacji mo\u017cna r\u00f3wnie\u017c poda\u0107 w polu komentarza dost\u0119pnym w koszyku, przed sfinalizowaniem zakupu.<\/p>\n<\/blockquote>\n<\/details>\n\n\n\n<details class=\"wp-block-details is-layout-flow wp-block-details-is-layout-flow\"><summary><strong>Co w przypadku b\u0142\u0119dnie wpisanych danych w z\u0142o\u017conym ju\u017c zam\u00f3wieniu?<\/strong><\/summary>\n<blockquote class=\"wp-block-quote is-layout-flow wp-block-quote-is-layout-flow\">\n<p>Je\u015bli zdarzy si\u0119 konieczno\u015b\u0107 zmiany przes\u0142anej ju\u017c personalizacji lub nie zosta\u0142a ona dodana, a zam\u00f3wienie zosta\u0142o z\u0142o\u017cone nale\u017cy w mo\u017cliwie najkr\u00f3tszym czasie poinformowa\u0107 nas o ch\u0119ci uzupe\u0142nienia lub wprowadzenia zmian. W tym celu prosimy o przys\u0142anie maila na skrzynk\u0119 <a href=\"mailto:kontakt@drewnianamagia.pl\">kontakt@drewnianamagia.pl<\/a>. Zmian\u0119 mo\u017cemy wprowadzi\u0107 do momentu a\u017c projekt Twojego zam\u00f3wienia nie trafi do wykonania. Czas ten uzale\u017cniony jest od wielu czynnik\u00f3w (mo\u017ce to by\u0107 kilka godzin lub kilka minut) dlatego wa\u017cne jest to by ewentualne poprawki zg\u0142osi\u0107 jak najszybciej.<\/p>\n<\/blockquote>\n<\/details>\n\n\n\n<details class=\"wp-block-details is-layout-flow wp-block-details-is-layout-flow\"><summary><strong>B\u0142\u0119dy ortograficzne, interpunkcyjne, j\u0119zykowe, itp.<\/strong><\/summary>\n<blockquote class=\"wp-block-quote is-layout-flow wp-block-quote-is-layout-flow\">\n<p>Nie prowadzimy szczeg\u00f3\u0142owej weryfikacji przes\u0142anych personalizacji, jednak w sytuacjach gdy zauwa\u017cymy ewidentny b\u0142\u0105d i nie ma w\u0105tpliwo\u015bci co do tego, \u017ce powsta\u0142 nieumy\u015blnie to go skorygujemy. Nale\u017cy jednak pami\u0119ta\u0107, \u017ce nie skorygowany przez klienta b\u0142\u0105d nie jest podstaw\u0105 do reklamacji wykonanej personalizacji.<\/p>\n<\/blockquote>\n<\/details>\n\n\n\n<details class=\"wp-block-details is-layout-flow wp-block-details-is-layout-flow\"><summary><strong>Czy udost\u0119pniamy wizualizacj\u0119 produktu?<\/strong><\/summary>\n<blockquote class=\"wp-block-quote is-layout-flow wp-block-quote-is-layout-flow\">\n<p>Nie przesy\u0142amy wizualizacji produktu do bie\u017c\u0105cych zam\u00f3wie\u0144. Mo\u017cemy tak\u0105 wizualizacj\u0119 przes\u0142a\u0107 na pro\u015bb\u0119 klienta. Mo\u017cna o to poprosi\u0107 nawet przed z\u0142o\u017ceniem zam\u00f3wienia korzystaj\u0105c z formularza kontaktowego dost\u0119pnego na stronie lub pisz\u0105c na adres e-mail: <a href=\"mailto:kontakt@drewnianamagia.pl\">kontakt@drewnianamagia.pl<\/a> .<\/p>\n<\/blockquote>\n<\/details>\n\n\n\n<p><\/p>\n","protected":false},"excerpt":{"rendered":"<p>Zasady Personalizacji: Poni\u017cej umieszczamy odpowiedzi dotycz\u0105ce najwa\u017cniejszych zagadnie\u0144 dotycz\u0105cych personalizacji.<\/p>\n","protected":false},"author":1,"featured_media":0,"parent":0,"menu_order":0,"comment_status":"closed","ping_status":"closed","template":"","meta":{"_acf_changed":false,"footnotes":""},"class_list":["post-6215","page","type-page","status-publish","hentry"],"acf":[],"yoast_head":"<!-- This site is optimized with the Yoast SEO plugin v27.5 - https:\/\/yoast.com\/product\/yoast-seo-wordpress\/ -->\n<title>Personalizacja - Drewniana Magia<\/title>\n<meta name=\"robots\" content=\"index, follow, max-snippet:-1, max-image-preview:large, max-video-preview:-1\" \/>\n<link rel=\"canonical\" href=\"https:\/\/www.drewnianamagia.pl\/index.php\/personalizacja-2\/\" \/>\n<meta property=\"og:locale\" content=\"pl_PL\" \/>\n<meta property=\"og:type\" content=\"article\" \/>\n<meta property=\"og:title\" content=\"Personalizacja - Drewniana Magia\" \/>\n<meta property=\"og:description\" content=\"Zasady Personalizacji: Poni\u017cej umieszczamy odpowiedzi dotycz\u0105ce najwa\u017cniejszych zagadnie\u0144 dotycz\u0105cych personalizacji.\" \/>\n<meta property=\"og:url\" content=\"https:\/\/www.drewnianamagia.pl\/index.php\/personalizacja-2\/\" \/>\n<meta property=\"og:site_name\" content=\"Drewniana Magia\" \/>\n<meta property=\"article:publisher\" content=\"https:\/\/facebook.com\/BelasDrewnianaMagia\" \/>\n<meta property=\"article:modified_time\" content=\"2025-04-04T08:06:34+00:00\" \/>\n<meta name=\"twitter:card\" content=\"summary_large_image\" \/>\n<meta name=\"twitter:label1\" content=\"Szacowany czas czytania\" \/>\n\t<meta name=\"twitter:data1\" content=\"1 minuta\" \/>\n<script type=\"application\/ld+json\" class=\"yoast-schema-graph\">{\"@context\":\"https:\\\/\\\/schema.org\",\"@graph\":[{\"@type\":\"WebPage\",\"@id\":\"https:\\\/\\\/www.drewnianamagia.pl\\\/index.php\\\/personalizacja-2\\\/\",\"url\":\"https:\\\/\\\/www.drewnianamagia.pl\\\/index.php\\\/personalizacja-2\\\/\",\"name\":\"Personalizacja - Drewniana Magia\",\"isPartOf\":{\"@id\":\"https:\\\/\\\/www.drewnianamagia.pl\\\/#website\"},\"datePublished\":\"2025-04-04T07:37:38+00:00\",\"dateModified\":\"2025-04-04T08:06:34+00:00\",\"breadcrumb\":{\"@id\":\"https:\\\/\\\/www.drewnianamagia.pl\\\/index.php\\\/personalizacja-2\\\/#breadcrumb\"},\"inLanguage\":\"pl-PL\",\"potentialAction\":[{\"@type\":\"ReadAction\",\"target\":[\"https:\\\/\\\/www.drewnianamagia.pl\\\/index.php\\\/personalizacja-2\\\/\"]}]},{\"@type\":\"BreadcrumbList\",\"@id\":\"https:\\\/\\\/www.drewnianamagia.pl\\\/index.php\\\/personalizacja-2\\\/#breadcrumb\",\"itemListElement\":[{\"@type\":\"ListItem\",\"position\":1,\"name\":\"Strona g\u0142\u00f3wna\",\"item\":\"https:\\\/\\\/www.drewnianamagia.pl\\\/\"},{\"@type\":\"ListItem\",\"position\":2,\"name\":\"Personalizacja\"}]},{\"@type\":\"WebSite\",\"@id\":\"https:\\\/\\\/www.drewnianamagia.pl\\\/#website\",\"url\":\"https:\\\/\\\/www.drewnianamagia.pl\\\/\",\"name\":\"Drewniana Magia\",\"description\":\"Personalizowane prezenty i dekoracje z drewna i druku 3D, na ka\u017cd\u0105 okazj\u0119 i okoliczno\u015b\u0107. Urodziny, Chrzest, Przyj\u0119cie, \u015awi\u0119ta, \u015alub\",\"publisher\":{\"@id\":\"https:\\\/\\\/www.drewnianamagia.pl\\\/#organization\"},\"potentialAction\":[{\"@type\":\"SearchAction\",\"target\":{\"@type\":\"EntryPoint\",\"urlTemplate\":\"https:\\\/\\\/www.drewnianamagia.pl\\\/?s={search_term_string}\"},\"query-input\":{\"@type\":\"PropertyValueSpecification\",\"valueRequired\":true,\"valueName\":\"search_term_string\"}}],\"inLanguage\":\"pl-PL\"},{\"@type\":\"Organization\",\"@id\":\"https:\\\/\\\/www.drewnianamagia.pl\\\/#organization\",\"name\":\"Drewniana Magia\",\"url\":\"https:\\\/\\\/www.drewnianamagia.pl\\\/\",\"logo\":{\"@type\":\"ImageObject\",\"inLanguage\":\"pl-PL\",\"@id\":\"https:\\\/\\\/www.drewnianamagia.pl\\\/#\\\/schema\\\/logo\\\/image\\\/\",\"url\":\"https:\\\/\\\/www.drewnianamagia.pl\\\/wp-content\\\/uploads\\\/2024\\\/02\\\/cropped-LOGO-DrewnianaMagia-375x188-1.png\",\"contentUrl\":\"https:\\\/\\\/www.drewnianamagia.pl\\\/wp-content\\\/uploads\\\/2024\\\/02\\\/cropped-LOGO-DrewnianaMagia-375x188-1.png\",\"width\":374,\"height\":188,\"caption\":\"Drewniana Magia\"},\"image\":{\"@id\":\"https:\\\/\\\/www.drewnianamagia.pl\\\/#\\\/schema\\\/logo\\\/image\\\/\"},\"sameAs\":[\"https:\\\/\\\/facebook.com\\\/BelasDrewnianaMagia\"]}]}<\/script>\n<!-- \/ Yoast SEO plugin. -->","yoast_head_json":{"title":"Personalizacja - Drewniana Magia","robots":{"index":"index","follow":"follow","max-snippet":"max-snippet:-1","max-image-preview":"max-image-preview:large","max-video-preview":"max-video-preview:-1"},"canonical":"https:\/\/www.drewnianamagia.pl\/index.php\/personalizacja-2\/","og_locale":"pl_PL","og_type":"article","og_title":"Personalizacja - Drewniana Magia","og_description":"Zasady Personalizacji: Poni\u017cej umieszczamy odpowiedzi dotycz\u0105ce najwa\u017cniejszych zagadnie\u0144 dotycz\u0105cych personalizacji.","og_url":"https:\/\/www.drewnianamagia.pl\/index.php\/personalizacja-2\/","og_site_name":"Drewniana Magia","article_publisher":"https:\/\/facebook.com\/BelasDrewnianaMagia","article_modified_time":"2025-04-04T08:06:34+00:00","twitter_card":"summary_large_image","twitter_misc":{"Szacowany czas czytania":"1 minuta"},"schema":{"@context":"https:\/\/schema.org","@graph":[{"@type":"WebPage","@id":"https:\/\/www.drewnianamagia.pl\/index.php\/personalizacja-2\/","url":"https:\/\/www.drewnianamagia.pl\/index.php\/personalizacja-2\/","name":"Personalizacja - Drewniana Magia","isPartOf":{"@id":"https:\/\/www.drewnianamagia.pl\/#website"},"datePublished":"2025-04-04T07:37:38+00:00","dateModified":"2025-04-04T08:06:34+00:00","breadcrumb":{"@id":"https:\/\/www.drewnianamagia.pl\/index.php\/personalizacja-2\/#breadcrumb"},"inLanguage":"pl-PL","potentialAction":[{"@type":"ReadAction","target":["https:\/\/www.drewnianamagia.pl\/index.php\/personalizacja-2\/"]}]},{"@type":"BreadcrumbList","@id":"https:\/\/www.drewnianamagia.pl\/index.php\/personalizacja-2\/#breadcrumb","itemListElement":[{"@type":"ListItem","position":1,"name":"Strona g\u0142\u00f3wna","item":"https:\/\/www.drewnianamagia.pl\/"},{"@type":"ListItem","position":2,"name":"Personalizacja"}]},{"@type":"WebSite","@id":"https:\/\/www.drewnianamagia.pl\/#website","url":"https:\/\/www.drewnianamagia.pl\/","name":"Drewniana Magia","description":"Personalizowane prezenty i dekoracje z drewna i druku 3D, na ka\u017cd\u0105 okazj\u0119 i okoliczno\u015b\u0107. Urodziny, Chrzest, Przyj\u0119cie, \u015awi\u0119ta, \u015alub","publisher":{"@id":"https:\/\/www.drewnianamagia.pl\/#organization"},"potentialAction":[{"@type":"SearchAction","target":{"@type":"EntryPoint","urlTemplate":"https:\/\/www.drewnianamagia.pl\/?s={search_term_string}"},"query-input":{"@type":"PropertyValueSpecification","valueRequired":true,"valueName":"search_term_string"}}],"inLanguage":"pl-PL"},{"@type":"Organization","@id":"https:\/\/www.drewnianamagia.pl\/#organization","name":"Drewniana Magia","url":"https:\/\/www.drewnianamagia.pl\/","logo":{"@type":"ImageObject","inLanguage":"pl-PL","@id":"https:\/\/www.drewnianamagia.pl\/#\/schema\/logo\/image\/","url":"https:\/\/www.drewnianamagia.pl\/wp-content\/uploads\/2024\/02\/cropped-LOGO-DrewnianaMagia-375x188-1.png","contentUrl":"https:\/\/www.drewnianamagia.pl\/wp-content\/uploads\/2024\/02\/cropped-LOGO-DrewnianaMagia-375x188-1.png","width":374,"height":188,"caption":"Drewniana Magia"},"image":{"@id":"https:\/\/www.drewnianamagia.pl\/#\/schema\/logo\/image\/"},"sameAs":["https:\/\/facebook.com\/BelasDrewnianaMagia"]}]}},"_links":{"self":[{"href":"https:\/\/www.drewnianamagia.pl\/index.php\/wp-json\/wp\/v2\/pages\/6215","targetHints":{"allow":["GET"]}}],"collection":[{"href":"https:\/\/www.drewnianamagia.pl\/index.php\/wp-json\/wp\/v2\/pages"}],"about":[{"href":"https:\/\/www.drewnianamagia.pl\/index.php\/wp-json\/wp\/v2\/types\/page"}],"author":[{"embeddable":true,"href":"https:\/\/www.drewnianamagia.pl\/index.php\/wp-json\/wp\/v2\/users\/1"}],"replies":[{"embeddable":true,"href":"https:\/\/www.drewnianamagia.pl\/index.php\/wp-json\/wp\/v2\/comments?post=6215"}],"version-history":[{"count":0,"href":"https:\/\/www.drewnianamagia.pl\/index.php\/wp-json\/wp\/v2\/pages\/6215\/revisions"}],"wp:attachment":[{"href":"https:\/\/www.drewnianamagia.pl\/index.php\/wp-json\/wp\/v2\/media?parent=6215"}],"curies":[{"name":"wp","href":"https:\/\/api.w.org\/{rel}","templated":true}]}}