{"id":53,"date":"2023-08-14T10:13:39","date_gmt":"2023-08-14T10:13:39","guid":{"rendered":"https:\/\/www.drewnianamagia.pl\/?page_id=53"},"modified":"2025-04-02T11:31:16","modified_gmt":"2025-04-02T09:31:16","slug":"platnosci","status":"publish","type":"page","link":"https:\/\/www.drewnianamagia.pl\/index.php\/platnosci\/","title":{"rendered":"p\u0142atno\u015bci i dostawa"},"content":{"rendered":"\n<p>W naszym sklepie zam\u00f3wienie op\u0142acisz online za pomoc\u0105 elektronicznego systemu p\u0142atno\u015bci (BLIK, przelew online, p\u0142atno\u015b\u0107 odroczona, p\u0142atno\u015b\u0107 kart\u0105) lub przelewem tradycyjnym na nasz numer konta. W przypadku skorzystania z opcji przelewu tradycyjnego po z\u0142o\u017ceniu zam\u00f3wienia w jego podsumowaniu orzz korespondencji e-mail otrzymasz numer konta do wp\u0142aty.<\/p>\n\n\n\n<div class=\"wp-block-group is-layout-grid wp-container-core-group-is-layout-478b6e6b wp-block-group-is-layout-grid\">\n<figure class=\"wp-block-image size-full\"><img loading=\"lazy\" decoding=\"async\" width=\"1024\" height=\"327\" src=\"https:\/\/www.drewnianamagia.pl\/wp-content\/uploads\/2024\/09\/image.png\" alt=\"paynow\" class=\"wp-image-4343\" srcset=\"https:\/\/www.drewnianamagia.pl\/wp-content\/uploads\/2024\/09\/image.png 1024w, https:\/\/www.drewnianamagia.pl\/wp-content\/uploads\/2024\/09\/image-324x103.png 324w, https:\/\/www.drewnianamagia.pl\/wp-content\/uploads\/2024\/09\/image-416x133.png 416w, https:\/\/www.drewnianamagia.pl\/wp-content\/uploads\/2024\/09\/image-300x96.png 300w, https:\/\/www.drewnianamagia.pl\/wp-content\/uploads\/2024\/09\/image-768x245.png 768w\" sizes=\"auto, (max-width: 1024px) 100vw, 1024px\" \/><\/figure>\n\n\n\n<figure class=\"wp-block-image size-full\"><img loading=\"lazy\" decoding=\"async\" width=\"337\" height=\"281\" src=\"https:\/\/www.drewnianamagia.pl\/wp-content\/uploads\/2024\/09\/PayPo_launch_baner_336x280.png\" alt=\"\" class=\"wp-image-4342\" srcset=\"https:\/\/www.drewnianamagia.pl\/wp-content\/uploads\/2024\/09\/PayPo_launch_baner_336x280.png 337w, https:\/\/www.drewnianamagia.pl\/wp-content\/uploads\/2024\/09\/PayPo_launch_baner_336x280-324x270.png 324w, https:\/\/www.drewnianamagia.pl\/wp-content\/uploads\/2024\/09\/PayPo_launch_baner_336x280-300x250.png 300w\" sizes=\"auto, (max-width: 337px) 100vw, 337px\" \/><\/figure>\n\n\n\n<figure class=\"wp-block-image size-full\"><img loading=\"lazy\" decoding=\"async\" width=\"1000\" height=\"350\" src=\"https:\/\/www.drewnianamagia.pl\/wp-content\/uploads\/2024\/09\/Przelewy24_logo.png\" alt=\"\" class=\"wp-image-4341\" srcset=\"https:\/\/www.drewnianamagia.pl\/wp-content\/uploads\/2024\/09\/Przelewy24_logo.png 1000w, https:\/\/www.drewnianamagia.pl\/wp-content\/uploads\/2024\/09\/Przelewy24_logo-324x113.png 324w, https:\/\/www.drewnianamagia.pl\/wp-content\/uploads\/2024\/09\/Przelewy24_logo-416x146.png 416w, https:\/\/www.drewnianamagia.pl\/wp-content\/uploads\/2024\/09\/Przelewy24_logo-300x105.png 300w, https:\/\/www.drewnianamagia.pl\/wp-content\/uploads\/2024\/09\/Przelewy24_logo-768x269.png 768w\" sizes=\"auto, (max-width: 1000px) 100vw, 1000px\" \/><\/figure>\n<\/div>\n\n\n\n<p>Rozliczenia transakcji za pomoc\u0105 elektronicznego systemu p\u0142atno\u015bci przeprowadzane s\u0105 za po\u015brednictwem mElements S.A. oraz Przelewy24.<\/p>\n\n\n\n<p>Realizacj\u0119 zam\u00f3wienia rozpoczynamy po zaksi\u0119gowaniu p\u0142atno\u015bci.<\/p>\n\n\n\n<p><strong>Do ka\u017cdego zam\u00f3wienia wystawiamy faktur\u0119 VAT<\/strong><\/p>\n\n\n\n<p>Paczki wysy\u0142amy za pomoc\u0105 <strong>kuriera DPD<\/strong> (pod drzwi lub do punktu odbioru), <strong>OrlenPaczk\u0105<\/strong> oraz poprzez wysy\u0142k\u0119 do <strong>paczkomat\u00f3w InPost<\/strong>. (w przypadku ch\u0119ci skorzystania z innej formy wysy\u0142ki prosimy o kontakt przez formularz kontaktowy przed za\u0142o\u017ceniem zam\u00f3wienia. Zadowolenie klienta jest dla nas priorytetem, w zwi\u0105zku z czym jeste\u015bmy otwarci na niestandardowe rozwi\u0105zania)<\/p>\n\n\n\n<p>Czas realizacji zam\u00f3wienia uzale\u017cniony jest od rodzaju zamawianego produktu, skomplikowania projektu oraz ilo\u015bci zam\u00f3wie\u0144 w danym okresie.<\/p>\n\n\n\n<p><strong>Na karcie produktu umieszczamy orientacyjny czas dostawy, kt\u00f3ry uwzgl\u0119dnia czas wykonania produktu, przekazania do wysy\u0142ki oraz jego dostarczenia przez przewo\u017anika. Wi\u0119kszo\u015b\u0107 poprawnie z\u0142o\u017conych i op\u0142aconych zam\u00f3wie\u0144 dociera do klient\u00f3w w pierwszym terminie wymienionego zakresu dat.<\/strong><\/p>\n\n\n\n<hr class=\"wp-block-separator has-alpha-channel-opacity is-style-wide\"\/>\n\n\n\n<p class=\"has-vivid-red-color has-text-color has-link-color has-medium-font-size wp-elements-8c97f5d8fcf293859dd91d90f6ff66f0\"><strong>Dostawa<\/strong>:<\/p>\n\n\n\n<div class=\"wp-block-group is-layout-grid wp-container-core-group-is-layout-5578fac9 wp-block-group-is-layout-grid\" style=\"margin-top:var(--wp--preset--spacing--20);margin-bottom:var(--wp--preset--spacing--20)\">\n<p>Orlen Paczka<\/p>\n\n\n\n<p><strong>12,00 z\u0142<\/strong><\/p>\n<\/div>\n\n\n\n<div class=\"wp-block-group is-layout-grid wp-container-core-group-is-layout-5578fac9 wp-block-group-is-layout-grid\" style=\"margin-top:var(--wp--preset--spacing--20);margin-bottom:var(--wp--preset--spacing--20)\">\n<p class=\"wp-container-content-b4c5012d\">DPD &#8211; odbi\u00f3r w punkcie<\/p>\n\n\n\n<p class=\"wp-container-content-b4c5012d\"><strong>15,00 <\/strong>z\u0142<\/p>\n<\/div>\n\n\n\n<div class=\"wp-block-group is-layout-grid wp-container-core-group-is-layout-5578fac9 wp-block-group-is-layout-grid\" style=\"margin-top:var(--wp--preset--spacing--20);margin-bottom:var(--wp--preset--spacing--20)\">\n<div class=\"wp-block-group is-layout-grid wp-container-core-group-is-layout-478b6e6b wp-block-group-is-layout-grid\">\n<p>Paczkomaty InPost<\/p>\n<\/div>\n\n\n\n<p><strong>16,00 z\u0142<\/strong><\/p>\n<\/div>\n\n\n\n<div class=\"wp-block-group is-layout-grid wp-container-core-group-is-layout-5578fac9 wp-block-group-is-layout-grid\" style=\"margin-top:var(--wp--preset--spacing--20);margin-bottom:var(--wp--preset--spacing--20)\">\n<p>DPD &#8211; Kurier<\/p>\n\n\n\n<p class=\"wp-container-content-02b0e625\"><strong>23,00 z\u0142<\/strong><\/p>\n<\/div>\n\n\n\n<p class=\"has-text-color has-link-color wp-elements-878ea5ec0fde08f198eb37253ed54e88\" style=\"color:#006d05\"><strong>Bezp\u0142atna wysy\u0142ka<\/strong> do punkt\u00f3w <strong>Orlen Paczka<\/strong> dla zam\u00f3wie\u0144 o \u0142\u0105cznej warto\u015bci <strong>powy\u017cej 99,00 z\u0142<\/strong><\/p>\n\n\n\n<details class=\"wp-block-details has-white-color has-midnight-gradient-background has-text-color has-background has-link-color wp-elements-60d7ce4fb4e005dc4fd10856355de788 is-layout-flow wp-block-details-is-layout-flow\"><summary>*Wysy\u0142ka personalizowanych zam\u00f3wie\u0144 nawet w 2 dni robocze od potwierdzenia p\u0142atno\u015bci.<\/summary>\n<p class=\"has-white-color has-text-color has-link-color has-small-font-size wp-elements-e5927b74a927c576d7938bac486bdb6d\">*Przy ka\u017cdym produkcie widnieje orientacyjna data w jakiej prawdopodobnie zostanie on dostarczony (uwzgl\u0119dnia czas wykonania oraz przewozu przez kuriera) Nie jest to termin gwarantowany.<\/p>\n\n\n\n<p class=\"has-white-color has-text-color has-link-color has-small-font-size wp-elements-1fd118a1a8f2995b06d9039d639da699\">*W przypadku zam\u00f3wie\u0144 wi\u0119kszych ilo\u015bci (powy\u017cej 2 szt. tego samego produktu) czas wysy\u0142ki mo\u017ce by\u0107 d\u0142u\u017cszy. Je\u015bli chcesz dok\u0142adnie pozna\u0107 termin realizacji dla niestandardowego zam\u00f3wienia &#8211; napisz do nas.<\/p>\n\n\n\n<p class=\"has-white-color has-text-color has-link-color has-small-font-size wp-elements-9a460fa734dd7399f412a80ce9b0dc74\">*D\u0142u\u017cszy czas realizacji dotyczy r\u00f3wnie\u017c towar\u00f3w, kt\u00f3re wymagaj\u0105 dodatkowego czasu na ich wykonanie (np. sk\u0142adaj\u0105 si\u0119 z wielu element\u00f3w, s\u0105 klejone lub lakierowane). <\/p>\n\n\n\n<p class=\"has-white-color has-text-color has-link-color has-small-font-size wp-elements-1aeecaef861f5412a32df47a547652ae\">*Dni robocze liczone s\u0105 od kolejnego dnia po zatwierdzeniu p\u0142atno\u015bci za zam\u00f3wienie. Czyli sk\u0142adaj\u0105c zam\u00f3wienie w poniedzia\u0142ek wy\u015blemy je do \u015brody. Je\u015bli zam\u00f3wienie zostanie z\u0142o\u017cone w godzinach porannych, np. w poniedzia\u0142ek o godz. 10:00 to istnieje du\u017ce prawdopodobie\u0144stwo, \u017ce zostanie wys\u0142ane dnia nast\u0119pnego (we wtorek). Je\u015bli zam\u00f3wienie zostanie z\u0142o\u017cone i op\u0142acone w pi\u0105tek, to jego wysy\u0142ka nast\u0105pi do wtorku.<\/p>\n\n\n\n<p class=\"has-white-color has-text-color has-link-color has-small-font-size wp-elements-277130396ec94f67637b42ddd966e493\">*W sytuacji gdy do zam\u00f3wienia nie do\u0142\u0105czono informacji odno\u015bnie personalizacji produktu lub przes\u0142ano j\u0105 niekompletn\u0105 &#8211; wy\u015blemy pro\u015bb\u0119 o uzupe\u0142nienie tych danych a czas wysy\u0142ki b\u0119dziemy liczy\u0107 od momentu otrzymania kompletu informacji.<\/p>\n\n\n\n<p class=\"has-white-color has-text-color has-link-color has-small-font-size wp-elements-2dbdead581f5d37858053091e32f3a99\">*Dla zam\u00f3wie\u0144 z\u0142o\u017conych z form\u0105 p\u0142atno\u015bci przelew tradycyjny &#8211; czas wysy\u0142ki liczymy od momentu zaksi\u0119gowania p\u0142atno\u015bci na naszym rachunku. O zaksi\u0119gowaniu wp\u0142aty informujemy niezw\u0142ocznie.<\/p>\n<\/details>\n\n\n\n<p><\/p>\n\n\n\n<p><\/p>\n\n\n\n\n<p><\/p>\n\n\n\n<p><\/p>\n","protected":false},"excerpt":{"rendered":"<p>W naszym sklepie zam\u00f3wienie op\u0142acisz online za pomoc\u0105 elektronicznego systemu p\u0142atno\u015bci (BLIK, przelew online, p\u0142atno\u015b\u0107 odroczona, p\u0142atno\u015b\u0107 kart\u0105) lub przelewem tradycyjnym na nasz numer konta. W przypadku skorzystania z opcji przelewu tradycyjnego po z\u0142o\u017ceniu zam\u00f3wienia w jego podsumowaniu orzz korespondencji e-mail otrzymasz numer konta do wp\u0142aty. Rozliczenia transakcji za pomoc\u0105 elektronicznego systemu p\u0142atno\u015bci przeprowadzane s\u0105 [&hellip;]<\/p>\n","protected":false},"author":1,"featured_media":0,"parent":0,"menu_order":0,"comment_status":"closed","ping_status":"closed","template":"","meta":{"_acf_changed":false,"footnotes":""},"class_list":["post-53","page","type-page","status-publish","hentry"],"acf":[],"yoast_head":"<!-- This site is optimized with the Yoast SEO plugin v27.5 - https:\/\/yoast.com\/product\/yoast-seo-wordpress\/ -->\n<title>p\u0142atno\u015bci i dostawa - Drewniana Magia<\/title>\n<meta name=\"robots\" content=\"index, follow, max-snippet:-1, max-image-preview:large, max-video-preview:-1\" \/>\n<link rel=\"canonical\" href=\"https:\/\/www.drewnianamagia.pl\/index.php\/platnosci\/\" \/>\n<meta property=\"og:locale\" content=\"pl_PL\" \/>\n<meta property=\"og:type\" content=\"article\" \/>\n<meta property=\"og:title\" content=\"p\u0142atno\u015bci i dostawa - Drewniana Magia\" \/>\n<meta property=\"og:description\" content=\"W naszym sklepie zam\u00f3wienie op\u0142acisz online za pomoc\u0105 elektronicznego systemu p\u0142atno\u015bci (BLIK, przelew online, p\u0142atno\u015b\u0107 odroczona, p\u0142atno\u015b\u0107 kart\u0105) lub przelewem tradycyjnym na nasz numer konta. W przypadku skorzystania z opcji przelewu tradycyjnego po z\u0142o\u017ceniu zam\u00f3wienia w jego podsumowaniu orzz korespondencji e-mail otrzymasz numer konta do wp\u0142aty. Rozliczenia transakcji za pomoc\u0105 elektronicznego systemu p\u0142atno\u015bci przeprowadzane s\u0105 [&hellip;]\" \/>\n<meta property=\"og:url\" content=\"https:\/\/www.drewnianamagia.pl\/index.php\/platnosci\/\" \/>\n<meta property=\"og:site_name\" content=\"Drewniana Magia\" \/>\n<meta property=\"article:publisher\" content=\"https:\/\/facebook.com\/BelasDrewnianaMagia\" \/>\n<meta property=\"article:modified_time\" content=\"2025-04-02T09:31:16+00:00\" \/>\n<meta property=\"og:image\" content=\"https:\/\/www.drewnianamagia.pl\/wp-content\/uploads\/2024\/09\/image.png\" \/>\n\t<meta property=\"og:image:width\" content=\"1024\" \/>\n\t<meta property=\"og:image:height\" content=\"327\" \/>\n\t<meta property=\"og:image:type\" content=\"image\/png\" \/>\n<meta name=\"twitter:card\" content=\"summary_large_image\" \/>\n<meta name=\"twitter:label1\" content=\"Szacowany czas czytania\" \/>\n\t<meta name=\"twitter:data1\" content=\"2 minuty\" \/>\n<script type=\"application\/ld+json\" class=\"yoast-schema-graph\">{\"@context\":\"https:\\\/\\\/schema.org\",\"@graph\":[{\"@type\":\"WebPage\",\"@id\":\"https:\\\/\\\/www.drewnianamagia.pl\\\/index.php\\\/platnosci\\\/\",\"url\":\"https:\\\/\\\/www.drewnianamagia.pl\\\/index.php\\\/platnosci\\\/\",\"name\":\"p\u0142atno\u015bci i dostawa - Drewniana Magia\",\"isPartOf\":{\"@id\":\"https:\\\/\\\/www.drewnianamagia.pl\\\/#website\"},\"primaryImageOfPage\":{\"@id\":\"https:\\\/\\\/www.drewnianamagia.pl\\\/index.php\\\/platnosci\\\/#primaryimage\"},\"image\":{\"@id\":\"https:\\\/\\\/www.drewnianamagia.pl\\\/index.php\\\/platnosci\\\/#primaryimage\"},\"thumbnailUrl\":\"https:\\\/\\\/www.drewnianamagia.pl\\\/wp-content\\\/uploads\\\/2024\\\/09\\\/image.png\",\"datePublished\":\"2023-08-14T10:13:39+00:00\",\"dateModified\":\"2025-04-02T09:31:16+00:00\",\"breadcrumb\":{\"@id\":\"https:\\\/\\\/www.drewnianamagia.pl\\\/index.php\\\/platnosci\\\/#breadcrumb\"},\"inLanguage\":\"pl-PL\",\"potentialAction\":[{\"@type\":\"ReadAction\",\"target\":[\"https:\\\/\\\/www.drewnianamagia.pl\\\/index.php\\\/platnosci\\\/\"]}]},{\"@type\":\"ImageObject\",\"inLanguage\":\"pl-PL\",\"@id\":\"https:\\\/\\\/www.drewnianamagia.pl\\\/index.php\\\/platnosci\\\/#primaryimage\",\"url\":\"https:\\\/\\\/www.drewnianamagia.pl\\\/wp-content\\\/uploads\\\/2024\\\/09\\\/image.png\",\"contentUrl\":\"https:\\\/\\\/www.drewnianamagia.pl\\\/wp-content\\\/uploads\\\/2024\\\/09\\\/image.png\",\"width\":1024,\"height\":327,\"caption\":\"paynow\"},{\"@type\":\"BreadcrumbList\",\"@id\":\"https:\\\/\\\/www.drewnianamagia.pl\\\/index.php\\\/platnosci\\\/#breadcrumb\",\"itemListElement\":[{\"@type\":\"ListItem\",\"position\":1,\"name\":\"Strona g\u0142\u00f3wna\",\"item\":\"https:\\\/\\\/www.drewnianamagia.pl\\\/\"},{\"@type\":\"ListItem\",\"position\":2,\"name\":\"p\u0142atno\u015bci i dostawa\"}]},{\"@type\":\"WebSite\",\"@id\":\"https:\\\/\\\/www.drewnianamagia.pl\\\/#website\",\"url\":\"https:\\\/\\\/www.drewnianamagia.pl\\\/\",\"name\":\"Drewniana Magia\",\"description\":\"Personalizowane prezenty i dekoracje z drewna i druku 3D, na ka\u017cd\u0105 okazj\u0119 i okoliczno\u015b\u0107. Urodziny, Chrzest, Przyj\u0119cie, \u015awi\u0119ta, \u015alub\",\"publisher\":{\"@id\":\"https:\\\/\\\/www.drewnianamagia.pl\\\/#organization\"},\"potentialAction\":[{\"@type\":\"SearchAction\",\"target\":{\"@type\":\"EntryPoint\",\"urlTemplate\":\"https:\\\/\\\/www.drewnianamagia.pl\\\/?s={search_term_string}\"},\"query-input\":{\"@type\":\"PropertyValueSpecification\",\"valueRequired\":true,\"valueName\":\"search_term_string\"}}],\"inLanguage\":\"pl-PL\"},{\"@type\":\"Organization\",\"@id\":\"https:\\\/\\\/www.drewnianamagia.pl\\\/#organization\",\"name\":\"Drewniana Magia\",\"url\":\"https:\\\/\\\/www.drewnianamagia.pl\\\/\",\"logo\":{\"@type\":\"ImageObject\",\"inLanguage\":\"pl-PL\",\"@id\":\"https:\\\/\\\/www.drewnianamagia.pl\\\/#\\\/schema\\\/logo\\\/image\\\/\",\"url\":\"https:\\\/\\\/www.drewnianamagia.pl\\\/wp-content\\\/uploads\\\/2024\\\/02\\\/cropped-LOGO-DrewnianaMagia-375x188-1.png\",\"contentUrl\":\"https:\\\/\\\/www.drewnianamagia.pl\\\/wp-content\\\/uploads\\\/2024\\\/02\\\/cropped-LOGO-DrewnianaMagia-375x188-1.png\",\"width\":374,\"height\":188,\"caption\":\"Drewniana Magia\"},\"image\":{\"@id\":\"https:\\\/\\\/www.drewnianamagia.pl\\\/#\\\/schema\\\/logo\\\/image\\\/\"},\"sameAs\":[\"https:\\\/\\\/facebook.com\\\/BelasDrewnianaMagia\"]}]}<\/script>\n<!-- \/ Yoast SEO plugin. -->","yoast_head_json":{"title":"p\u0142atno\u015bci i dostawa - Drewniana Magia","robots":{"index":"index","follow":"follow","max-snippet":"max-snippet:-1","max-image-preview":"max-image-preview:large","max-video-preview":"max-video-preview:-1"},"canonical":"https:\/\/www.drewnianamagia.pl\/index.php\/platnosci\/","og_locale":"pl_PL","og_type":"article","og_title":"p\u0142atno\u015bci i dostawa - Drewniana Magia","og_description":"W naszym sklepie zam\u00f3wienie op\u0142acisz online za pomoc\u0105 elektronicznego systemu p\u0142atno\u015bci (BLIK, przelew online, p\u0142atno\u015b\u0107 odroczona, p\u0142atno\u015b\u0107 kart\u0105) lub przelewem tradycyjnym na nasz numer konta. W przypadku skorzystania z opcji przelewu tradycyjnego po z\u0142o\u017ceniu zam\u00f3wienia w jego podsumowaniu orzz korespondencji e-mail otrzymasz numer konta do wp\u0142aty. Rozliczenia transakcji za pomoc\u0105 elektronicznego systemu p\u0142atno\u015bci przeprowadzane s\u0105 [&hellip;]","og_url":"https:\/\/www.drewnianamagia.pl\/index.php\/platnosci\/","og_site_name":"Drewniana Magia","article_publisher":"https:\/\/facebook.com\/BelasDrewnianaMagia","article_modified_time":"2025-04-02T09:31:16+00:00","og_image":[{"width":1024,"height":327,"url":"https:\/\/www.drewnianamagia.pl\/wp-content\/uploads\/2024\/09\/image.png","type":"image\/png"}],"twitter_card":"summary_large_image","twitter_misc":{"Szacowany czas czytania":"2 minuty"},"schema":{"@context":"https:\/\/schema.org","@graph":[{"@type":"WebPage","@id":"https:\/\/www.drewnianamagia.pl\/index.php\/platnosci\/","url":"https:\/\/www.drewnianamagia.pl\/index.php\/platnosci\/","name":"p\u0142atno\u015bci i dostawa - Drewniana Magia","isPartOf":{"@id":"https:\/\/www.drewnianamagia.pl\/#website"},"primaryImageOfPage":{"@id":"https:\/\/www.drewnianamagia.pl\/index.php\/platnosci\/#primaryimage"},"image":{"@id":"https:\/\/www.drewnianamagia.pl\/index.php\/platnosci\/#primaryimage"},"thumbnailUrl":"https:\/\/www.drewnianamagia.pl\/wp-content\/uploads\/2024\/09\/image.png","datePublished":"2023-08-14T10:13:39+00:00","dateModified":"2025-04-02T09:31:16+00:00","breadcrumb":{"@id":"https:\/\/www.drewnianamagia.pl\/index.php\/platnosci\/#breadcrumb"},"inLanguage":"pl-PL","potentialAction":[{"@type":"ReadAction","target":["https:\/\/www.drewnianamagia.pl\/index.php\/platnosci\/"]}]},{"@type":"ImageObject","inLanguage":"pl-PL","@id":"https:\/\/www.drewnianamagia.pl\/index.php\/platnosci\/#primaryimage","url":"https:\/\/www.drewnianamagia.pl\/wp-content\/uploads\/2024\/09\/image.png","contentUrl":"https:\/\/www.drewnianamagia.pl\/wp-content\/uploads\/2024\/09\/image.png","width":1024,"height":327,"caption":"paynow"},{"@type":"BreadcrumbList","@id":"https:\/\/www.drewnianamagia.pl\/index.php\/platnosci\/#breadcrumb","itemListElement":[{"@type":"ListItem","position":1,"name":"Strona g\u0142\u00f3wna","item":"https:\/\/www.drewnianamagia.pl\/"},{"@type":"ListItem","position":2,"name":"p\u0142atno\u015bci i dostawa"}]},{"@type":"WebSite","@id":"https:\/\/www.drewnianamagia.pl\/#website","url":"https:\/\/www.drewnianamagia.pl\/","name":"Drewniana Magia","description":"Personalizowane prezenty i dekoracje z drewna i druku 3D, na ka\u017cd\u0105 okazj\u0119 i okoliczno\u015b\u0107. Urodziny, Chrzest, Przyj\u0119cie, \u015awi\u0119ta, \u015alub","publisher":{"@id":"https:\/\/www.drewnianamagia.pl\/#organization"},"potentialAction":[{"@type":"SearchAction","target":{"@type":"EntryPoint","urlTemplate":"https:\/\/www.drewnianamagia.pl\/?s={search_term_string}"},"query-input":{"@type":"PropertyValueSpecification","valueRequired":true,"valueName":"search_term_string"}}],"inLanguage":"pl-PL"},{"@type":"Organization","@id":"https:\/\/www.drewnianamagia.pl\/#organization","name":"Drewniana Magia","url":"https:\/\/www.drewnianamagia.pl\/","logo":{"@type":"ImageObject","inLanguage":"pl-PL","@id":"https:\/\/www.drewnianamagia.pl\/#\/schema\/logo\/image\/","url":"https:\/\/www.drewnianamagia.pl\/wp-content\/uploads\/2024\/02\/cropped-LOGO-DrewnianaMagia-375x188-1.png","contentUrl":"https:\/\/www.drewnianamagia.pl\/wp-content\/uploads\/2024\/02\/cropped-LOGO-DrewnianaMagia-375x188-1.png","width":374,"height":188,"caption":"Drewniana Magia"},"image":{"@id":"https:\/\/www.drewnianamagia.pl\/#\/schema\/logo\/image\/"},"sameAs":["https:\/\/facebook.com\/BelasDrewnianaMagia"]}]}},"_links":{"self":[{"href":"https:\/\/www.drewnianamagia.pl\/index.php\/wp-json\/wp\/v2\/pages\/53","targetHints":{"allow":["GET"]}}],"collection":[{"href":"https:\/\/www.drewnianamagia.pl\/index.php\/wp-json\/wp\/v2\/pages"}],"about":[{"href":"https:\/\/www.drewnianamagia.pl\/index.php\/wp-json\/wp\/v2\/types\/page"}],"author":[{"embeddable":true,"href":"https:\/\/www.drewnianamagia.pl\/index.php\/wp-json\/wp\/v2\/users\/1"}],"replies":[{"embeddable":true,"href":"https:\/\/www.drewnianamagia.pl\/index.php\/wp-json\/wp\/v2\/comments?post=53"}],"version-history":[{"count":0,"href":"https:\/\/www.drewnianamagia.pl\/index.php\/wp-json\/wp\/v2\/pages\/53\/revisions"}],"wp:attachment":[{"href":"https:\/\/www.drewnianamagia.pl\/index.php\/wp-json\/wp\/v2\/media?parent=53"}],"curies":[{"name":"wp","href":"https:\/\/api.w.org\/{rel}","templated":true}]}}