{"id":5066,"date":"2024-12-07T12:51:41","date_gmt":"2024-12-07T11:51:41","guid":{"rendered":"https:\/\/www.drewnianamagia.pl\/?page_id=5066"},"modified":"2026-03-18T20:47:18","modified_gmt":"2026-03-18T19:47:18","slug":"kalendarz-okazji","status":"publish","type":"page","link":"https:\/\/www.drewnianamagia.pl\/index.php\/kalendarz-okazji\/","title":{"rendered":"Kalendarz okazji"},"content":{"rendered":"\n<p>Poni\u017cej prezentujemy kalendarz okazji w postaci spisu najpopularniejszych wydarze\u0144 na kt\u00f3re mamy swoj\u0105 odpowied\u017a w postaci wyj\u0105tkowych upomink\u00f3w i ozd\u00f3b.<\/p>\n\n\n\n<ul class=\"wp-block-list\">\n<li>21.01 &#8211; <a href=\"https:\/\/www.drewnianamagia.pl\/index.php\/kategoria-produktu\/okazje\/dzien-babci-dzien-dziadka\/\">Dzie\u0144 Babci i Dziadka<\/a><\/li>\n\n\n\n<li>14.02 &#8211; <a href=\"https:\/\/www.drewnianamagia.pl\/index.php\/kategoria-produktu\/okazje\/walentynki\/\">Walentynki<\/a><\/li>\n\n\n\n<li>8.03 &#8211; <a href=\"https:\/\/www.drewnianamagia.pl\/index.php\/kategoria-produktu\/okazje\/dzien-kobiet\/\">Dzie\u0144 Kobiet<\/a><\/li>\n\n\n\n<li>05.04 &#8211; <a href=\"https:\/\/www.drewnianamagia.pl\/index.php\/kategoria-produktu\/okazje\/wielkanoc\/\">Wielkanoc (2026)<\/a><\/li>\n\n\n\n<li>26.05 &#8211; <a href=\"https:\/\/www.drewnianamagia.pl\/index.php\/kategoria-produktu\/okazje\/dzien-matki-dzien-ojca\/\">Dzie\u0144 Matki<\/a><\/li>\n\n\n\n<li>1.06 &#8211; <a href=\"https:\/\/www.drewnianamagia.pl\/index.php\/kategoria-produktu\/okazje\/dzien-dziecka\/\">Dzie\u0144 Dziecka<\/a><\/li>\n\n\n\n<li>23.06 &#8211; <a href=\"https:\/\/www.drewnianamagia.pl\/index.php\/kategoria-produktu\/okazje\/dzien-matki-dzien-ojca\/\">Dzie\u0144 Ojca<\/a><\/li>\n\n\n\n<li>27.06 &#8211; Zako\u0144czenie roku szkolnego (2025)<\/li>\n\n\n\n<li>1.09 &#8211; Rozpocz\u0119cie Roku Szkolnego (2025)<\/li>\n\n\n\n<li>30.09 &#8211; <a href=\"https:\/\/www.drewnianamagia.pl\/index.php\/kategoria-produktu\/okazje\/dzien-chlopaka\/\">Dzie\u0144 Ch\u0142opaka<\/a><\/li>\n\n\n\n<li>14.10 &#8211; <a href=\"https:\/\/www.drewnianamagia.pl\/index.php\/kategoria-produktu\/okazje\/dzien-nauczyciela\/\">Dzie\u0144 Edukacji Narodowej (pot. Dzie\u0144 Nauczyciela)<\/a><\/li>\n\n\n\n<li>25.12 &#8211; <a href=\"https:\/\/www.drewnianamagia.pl\/index.php\/kategoria-produktu\/okazje\/boze-narodzenie\/\">Bo\u017ce Narodzenie<\/a><\/li>\n<\/ul>\n\n\n\n<p>Powy\u017cszy spis jest na bie\u017c\u0105co aktualizowany wraz z linkami do produkt\u00f3w, kt\u00f3re idealnie wpasowuj\u0105 si\u0119 w te okazje.<\/p>\n","protected":false},"excerpt":{"rendered":"<p>Poni\u017cej prezentujemy kalendarz okazji w postaci spisu najpopularniejszych wydarze\u0144 na kt\u00f3re mamy swoj\u0105 odpowied\u017a w postaci wyj\u0105tkowych upomink\u00f3w i ozd\u00f3b. Powy\u017cszy spis jest na bie\u017c\u0105co aktualizowany wraz z linkami do produkt\u00f3w, kt\u00f3re idealnie wpasowuj\u0105 si\u0119 w te okazje.<\/p>\n","protected":false},"author":1,"featured_media":0,"parent":0,"menu_order":0,"comment_status":"closed","ping_status":"closed","template":"","meta":{"_acf_changed":false,"footnotes":""},"class_list":["post-5066","page","type-page","status-publish","hentry"],"acf":[],"yoast_head":"<!-- This site is optimized with the Yoast SEO plugin v27.5 - https:\/\/yoast.com\/product\/yoast-seo-wordpress\/ -->\n<title>Kalendarz okazji - Drewniana Magia<\/title>\n<meta name=\"description\" content=\"Skorzystaj z Naszego kalendarza okazji i b\u0142yskawicznie przejd\u017a do produkt\u00f3w, kt\u00f3re mog\u0105 Ci\u0119 zainteresowa\u0107..\" \/>\n<meta name=\"robots\" content=\"index, follow, max-snippet:-1, max-image-preview:large, max-video-preview:-1\" \/>\n<link rel=\"canonical\" href=\"https:\/\/www.drewnianamagia.pl\/index.php\/kalendarz-okazji\/\" \/>\n<meta property=\"og:locale\" content=\"pl_PL\" \/>\n<meta property=\"og:type\" content=\"article\" \/>\n<meta property=\"og:title\" content=\"Kalendarz okazji - Drewniana Magia\" \/>\n<meta property=\"og:description\" content=\"Skorzystaj z Naszego kalendarza okazji i b\u0142yskawicznie przejd\u017a do produkt\u00f3w, kt\u00f3re mog\u0105 Ci\u0119 zainteresowa\u0107..\" \/>\n<meta property=\"og:url\" content=\"https:\/\/www.drewnianamagia.pl\/index.php\/kalendarz-okazji\/\" \/>\n<meta property=\"og:site_name\" content=\"Drewniana Magia\" \/>\n<meta property=\"article:publisher\" content=\"https:\/\/facebook.com\/BelasDrewnianaMagia\" \/>\n<meta property=\"article:modified_time\" content=\"2026-03-18T19:47:18+00:00\" \/>\n<meta name=\"twitter:card\" content=\"summary_large_image\" \/>\n<meta name=\"twitter:label1\" content=\"Szacowany czas czytania\" \/>\n\t<meta name=\"twitter:data1\" content=\"1 minuta\" \/>\n<script type=\"application\/ld+json\" class=\"yoast-schema-graph\">{\"@context\":\"https:\\\/\\\/schema.org\",\"@graph\":[{\"@type\":\"WebPage\",\"@id\":\"https:\\\/\\\/www.drewnianamagia.pl\\\/index.php\\\/kalendarz-okazji\\\/\",\"url\":\"https:\\\/\\\/www.drewnianamagia.pl\\\/index.php\\\/kalendarz-okazji\\\/\",\"name\":\"Kalendarz okazji - Drewniana Magia\",\"isPartOf\":{\"@id\":\"https:\\\/\\\/www.drewnianamagia.pl\\\/#website\"},\"datePublished\":\"2024-12-07T11:51:41+00:00\",\"dateModified\":\"2026-03-18T19:47:18+00:00\",\"description\":\"Skorzystaj z Naszego kalendarza okazji i b\u0142yskawicznie przejd\u017a do produkt\u00f3w, kt\u00f3re mog\u0105 Ci\u0119 zainteresowa\u0107..\",\"breadcrumb\":{\"@id\":\"https:\\\/\\\/www.drewnianamagia.pl\\\/index.php\\\/kalendarz-okazji\\\/#breadcrumb\"},\"inLanguage\":\"pl-PL\",\"potentialAction\":[{\"@type\":\"ReadAction\",\"target\":[\"https:\\\/\\\/www.drewnianamagia.pl\\\/index.php\\\/kalendarz-okazji\\\/\"]}]},{\"@type\":\"BreadcrumbList\",\"@id\":\"https:\\\/\\\/www.drewnianamagia.pl\\\/index.php\\\/kalendarz-okazji\\\/#breadcrumb\",\"itemListElement\":[{\"@type\":\"ListItem\",\"position\":1,\"name\":\"Strona g\u0142\u00f3wna\",\"item\":\"https:\\\/\\\/www.drewnianamagia.pl\\\/\"},{\"@type\":\"ListItem\",\"position\":2,\"name\":\"Kalendarz okazji\"}]},{\"@type\":\"WebSite\",\"@id\":\"https:\\\/\\\/www.drewnianamagia.pl\\\/#website\",\"url\":\"https:\\\/\\\/www.drewnianamagia.pl\\\/\",\"name\":\"Drewniana Magia\",\"description\":\"Personalizowane prezenty i dekoracje z drewna i druku 3D, na ka\u017cd\u0105 okazj\u0119 i okoliczno\u015b\u0107. Urodziny, Chrzest, Przyj\u0119cie, \u015awi\u0119ta, \u015alub\",\"publisher\":{\"@id\":\"https:\\\/\\\/www.drewnianamagia.pl\\\/#organization\"},\"potentialAction\":[{\"@type\":\"SearchAction\",\"target\":{\"@type\":\"EntryPoint\",\"urlTemplate\":\"https:\\\/\\\/www.drewnianamagia.pl\\\/?s={search_term_string}\"},\"query-input\":{\"@type\":\"PropertyValueSpecification\",\"valueRequired\":true,\"valueName\":\"search_term_string\"}}],\"inLanguage\":\"pl-PL\"},{\"@type\":\"Organization\",\"@id\":\"https:\\\/\\\/www.drewnianamagia.pl\\\/#organization\",\"name\":\"Drewniana Magia\",\"url\":\"https:\\\/\\\/www.drewnianamagia.pl\\\/\",\"logo\":{\"@type\":\"ImageObject\",\"inLanguage\":\"pl-PL\",\"@id\":\"https:\\\/\\\/www.drewnianamagia.pl\\\/#\\\/schema\\\/logo\\\/image\\\/\",\"url\":\"https:\\\/\\\/www.drewnianamagia.pl\\\/wp-content\\\/uploads\\\/2024\\\/02\\\/cropped-LOGO-DrewnianaMagia-375x188-1.png\",\"contentUrl\":\"https:\\\/\\\/www.drewnianamagia.pl\\\/wp-content\\\/uploads\\\/2024\\\/02\\\/cropped-LOGO-DrewnianaMagia-375x188-1.png\",\"width\":374,\"height\":188,\"caption\":\"Drewniana Magia\"},\"image\":{\"@id\":\"https:\\\/\\\/www.drewnianamagia.pl\\\/#\\\/schema\\\/logo\\\/image\\\/\"},\"sameAs\":[\"https:\\\/\\\/facebook.com\\\/BelasDrewnianaMagia\"]}]}<\/script>\n<!-- \/ Yoast SEO plugin. -->","yoast_head_json":{"title":"Kalendarz okazji - Drewniana Magia","description":"Skorzystaj z Naszego kalendarza okazji i b\u0142yskawicznie przejd\u017a do produkt\u00f3w, kt\u00f3re mog\u0105 Ci\u0119 zainteresowa\u0107..","robots":{"index":"index","follow":"follow","max-snippet":"max-snippet:-1","max-image-preview":"max-image-preview:large","max-video-preview":"max-video-preview:-1"},"canonical":"https:\/\/www.drewnianamagia.pl\/index.php\/kalendarz-okazji\/","og_locale":"pl_PL","og_type":"article","og_title":"Kalendarz okazji - Drewniana Magia","og_description":"Skorzystaj z Naszego kalendarza okazji i b\u0142yskawicznie przejd\u017a do produkt\u00f3w, kt\u00f3re mog\u0105 Ci\u0119 zainteresowa\u0107..","og_url":"https:\/\/www.drewnianamagia.pl\/index.php\/kalendarz-okazji\/","og_site_name":"Drewniana Magia","article_publisher":"https:\/\/facebook.com\/BelasDrewnianaMagia","article_modified_time":"2026-03-18T19:47:18+00:00","twitter_card":"summary_large_image","twitter_misc":{"Szacowany czas czytania":"1 minuta"},"schema":{"@context":"https:\/\/schema.org","@graph":[{"@type":"WebPage","@id":"https:\/\/www.drewnianamagia.pl\/index.php\/kalendarz-okazji\/","url":"https:\/\/www.drewnianamagia.pl\/index.php\/kalendarz-okazji\/","name":"Kalendarz okazji - Drewniana Magia","isPartOf":{"@id":"https:\/\/www.drewnianamagia.pl\/#website"},"datePublished":"2024-12-07T11:51:41+00:00","dateModified":"2026-03-18T19:47:18+00:00","description":"Skorzystaj z Naszego kalendarza okazji i b\u0142yskawicznie przejd\u017a do produkt\u00f3w, kt\u00f3re mog\u0105 Ci\u0119 zainteresowa\u0107..","breadcrumb":{"@id":"https:\/\/www.drewnianamagia.pl\/index.php\/kalendarz-okazji\/#breadcrumb"},"inLanguage":"pl-PL","potentialAction":[{"@type":"ReadAction","target":["https:\/\/www.drewnianamagia.pl\/index.php\/kalendarz-okazji\/"]}]},{"@type":"BreadcrumbList","@id":"https:\/\/www.drewnianamagia.pl\/index.php\/kalendarz-okazji\/#breadcrumb","itemListElement":[{"@type":"ListItem","position":1,"name":"Strona g\u0142\u00f3wna","item":"https:\/\/www.drewnianamagia.pl\/"},{"@type":"ListItem","position":2,"name":"Kalendarz okazji"}]},{"@type":"WebSite","@id":"https:\/\/www.drewnianamagia.pl\/#website","url":"https:\/\/www.drewnianamagia.pl\/","name":"Drewniana Magia","description":"Personalizowane prezenty i dekoracje z drewna i druku 3D, na ka\u017cd\u0105 okazj\u0119 i okoliczno\u015b\u0107. Urodziny, Chrzest, Przyj\u0119cie, \u015awi\u0119ta, \u015alub","publisher":{"@id":"https:\/\/www.drewnianamagia.pl\/#organization"},"potentialAction":[{"@type":"SearchAction","target":{"@type":"EntryPoint","urlTemplate":"https:\/\/www.drewnianamagia.pl\/?s={search_term_string}"},"query-input":{"@type":"PropertyValueSpecification","valueRequired":true,"valueName":"search_term_string"}}],"inLanguage":"pl-PL"},{"@type":"Organization","@id":"https:\/\/www.drewnianamagia.pl\/#organization","name":"Drewniana Magia","url":"https:\/\/www.drewnianamagia.pl\/","logo":{"@type":"ImageObject","inLanguage":"pl-PL","@id":"https:\/\/www.drewnianamagia.pl\/#\/schema\/logo\/image\/","url":"https:\/\/www.drewnianamagia.pl\/wp-content\/uploads\/2024\/02\/cropped-LOGO-DrewnianaMagia-375x188-1.png","contentUrl":"https:\/\/www.drewnianamagia.pl\/wp-content\/uploads\/2024\/02\/cropped-LOGO-DrewnianaMagia-375x188-1.png","width":374,"height":188,"caption":"Drewniana Magia"},"image":{"@id":"https:\/\/www.drewnianamagia.pl\/#\/schema\/logo\/image\/"},"sameAs":["https:\/\/facebook.com\/BelasDrewnianaMagia"]}]}},"_links":{"self":[{"href":"https:\/\/www.drewnianamagia.pl\/index.php\/wp-json\/wp\/v2\/pages\/5066","targetHints":{"allow":["GET"]}}],"collection":[{"href":"https:\/\/www.drewnianamagia.pl\/index.php\/wp-json\/wp\/v2\/pages"}],"about":[{"href":"https:\/\/www.drewnianamagia.pl\/index.php\/wp-json\/wp\/v2\/types\/page"}],"author":[{"embeddable":true,"href":"https:\/\/www.drewnianamagia.pl\/index.php\/wp-json\/wp\/v2\/users\/1"}],"replies":[{"embeddable":true,"href":"https:\/\/www.drewnianamagia.pl\/index.php\/wp-json\/wp\/v2\/comments?post=5066"}],"version-history":[{"count":1,"href":"https:\/\/www.drewnianamagia.pl\/index.php\/wp-json\/wp\/v2\/pages\/5066\/revisions"}],"predecessor-version":[{"id":9586,"href":"https:\/\/www.drewnianamagia.pl\/index.php\/wp-json\/wp\/v2\/pages\/5066\/revisions\/9586"}],"wp:attachment":[{"href":"https:\/\/www.drewnianamagia.pl\/index.php\/wp-json\/wp\/v2\/media?parent=5066"}],"curies":[{"name":"wp","href":"https:\/\/api.w.org\/{rel}","templated":true}]}}