{"id":5050,"date":"2024-12-04T13:20:06","date_gmt":"2024-12-04T12:20:06","guid":{"rendered":"https:\/\/www.drewnianamagia.pl\/?page_id=5050"},"modified":"2024-12-04T13:20:07","modified_gmt":"2024-12-04T12:20:07","slug":"grawer-przyklady","status":"publish","type":"page","link":"https:\/\/www.drewnianamagia.pl\/index.php\/grawer-przyklady\/","title":{"rendered":"Grawer &#8211; przyk\u0142ady"},"content":{"rendered":"\n<p>Grawer laserowy jest bardzo dok\u0142adny, jednak mo\u017ce si\u0119 r\u00f3\u017cni\u0107 odcieniem i g\u0142\u0119boko\u015bci\u0105 w zale\u017cno\u015bci od zastosowanego materia\u0142u, jego wilgotno\u015bci, jako\u015bci oraz rozmiaru grawerowanych obiekt\u00f3w.<\/p>\n\n\n\n<p>Cz\u0119\u015b\u0107 zam\u00f3wie\u0144 to projekty na zam\u00f3wienie, kt\u00f3rych nie mo\u017cna zobaczy\u0107 przed ich wykonaniem. Wizualizacja z kolei nie zawsze w pe\u0142ni odzwierciedla wygl\u0105d finalnego produktu. <\/p>\n\n\n\n<p>W celu lepszego zobrazowania oferowanych przez nas produkt\u00f3w poni\u017cej kilka przyk\u0142adowych zdj\u0119\u0107 wykonanego graweru w wybranych materia\u0142ach:<\/p>\n\n\n\n<h3 class=\"wp-block-heading\">Sklejka<\/h3>\n\n\n\n<figure class=\"wp-block-gallery aligncenter has-nested-images columns-default is-cropped wp-block-gallery-1 is-layout-flex wp-block-gallery-is-layout-flex\">\n<figure class=\"wp-block-image size-full has-custom-border\"><img loading=\"lazy\" decoding=\"async\" width=\"1000\" height=\"1000\" data-id=\"5048\" src=\"https:\/\/www.drewnianamagia.pl\/wp-content\/uploads\/2024\/12\/grawer-sklejka-8.jpg\" alt=\"grawer - du\u017ce grafiki\" class=\"has-border-color has-vivid-red-border-color wp-image-5048\" style=\"border-width:2px;border-radius:20px\" srcset=\"https:\/\/www.drewnianamagia.pl\/wp-content\/uploads\/2024\/12\/grawer-sklejka-8.jpg 1000w, https:\/\/www.drewnianamagia.pl\/wp-content\/uploads\/2024\/12\/grawer-sklejka-8-324x324.jpg 324w, https:\/\/www.drewnianamagia.pl\/wp-content\/uploads\/2024\/12\/grawer-sklejka-8-100x100.jpg 100w, https:\/\/www.drewnianamagia.pl\/wp-content\/uploads\/2024\/12\/grawer-sklejka-8-416x416.jpg 416w, https:\/\/www.drewnianamagia.pl\/wp-content\/uploads\/2024\/12\/grawer-sklejka-8-300x300.jpg 300w, https:\/\/www.drewnianamagia.pl\/wp-content\/uploads\/2024\/12\/grawer-sklejka-8-150x150.jpg 150w, https:\/\/www.drewnianamagia.pl\/wp-content\/uploads\/2024\/12\/grawer-sklejka-8-768x768.jpg 768w\" sizes=\"auto, (max-width: 1000px) 100vw, 1000px\" \/><\/figure>\n\n\n\n<figure class=\"wp-block-image size-full has-custom-border\"><img loading=\"lazy\" decoding=\"async\" width=\"500\" height=\"500\" data-id=\"5043\" src=\"https:\/\/www.drewnianamagia.pl\/wp-content\/uploads\/2024\/12\/grawer-sklejka-3.jpg\" alt=\"grawer - wyra\u017ana czcionka\" class=\"has-border-color has-vivid-red-border-color wp-image-5043\" style=\"border-width:2px;border-radius:20px\" srcset=\"https:\/\/www.drewnianamagia.pl\/wp-content\/uploads\/2024\/12\/grawer-sklejka-3.jpg 500w, https:\/\/www.drewnianamagia.pl\/wp-content\/uploads\/2024\/12\/grawer-sklejka-3-324x324.jpg 324w, https:\/\/www.drewnianamagia.pl\/wp-content\/uploads\/2024\/12\/grawer-sklejka-3-100x100.jpg 100w, https:\/\/www.drewnianamagia.pl\/wp-content\/uploads\/2024\/12\/grawer-sklejka-3-416x416.jpg 416w, https:\/\/www.drewnianamagia.pl\/wp-content\/uploads\/2024\/12\/grawer-sklejka-3-300x300.jpg 300w, https:\/\/www.drewnianamagia.pl\/wp-content\/uploads\/2024\/12\/grawer-sklejka-3-150x150.jpg 150w\" sizes=\"auto, (max-width: 500px) 100vw, 500px\" \/><\/figure>\n\n\n\n<figure class=\"wp-block-image size-full has-custom-border\"><img loading=\"lazy\" decoding=\"async\" width=\"1000\" height=\"1000\" data-id=\"5047\" src=\"https:\/\/www.drewnianamagia.pl\/wp-content\/uploads\/2024\/12\/grawer-sklejka-7.jpg\" alt=\"grawer - du\u017ca ozdobna czcionka\" class=\"has-border-color has-vivid-red-border-color wp-image-5047\" style=\"border-width:2px;border-radius:20px\" srcset=\"https:\/\/www.drewnianamagia.pl\/wp-content\/uploads\/2024\/12\/grawer-sklejka-7.jpg 1000w, https:\/\/www.drewnianamagia.pl\/wp-content\/uploads\/2024\/12\/grawer-sklejka-7-324x324.jpg 324w, https:\/\/www.drewnianamagia.pl\/wp-content\/uploads\/2024\/12\/grawer-sklejka-7-100x100.jpg 100w, https:\/\/www.drewnianamagia.pl\/wp-content\/uploads\/2024\/12\/grawer-sklejka-7-416x416.jpg 416w, https:\/\/www.drewnianamagia.pl\/wp-content\/uploads\/2024\/12\/grawer-sklejka-7-300x300.jpg 300w, https:\/\/www.drewnianamagia.pl\/wp-content\/uploads\/2024\/12\/grawer-sklejka-7-150x150.jpg 150w, https:\/\/www.drewnianamagia.pl\/wp-content\/uploads\/2024\/12\/grawer-sklejka-7-768x768.jpg 768w\" sizes=\"auto, (max-width: 1000px) 100vw, 1000px\" \/><\/figure>\n\n\n\n<figure class=\"wp-block-image size-full has-custom-border\"><img loading=\"lazy\" decoding=\"async\" width=\"2000\" height=\"2000\" data-id=\"5046\" src=\"https:\/\/www.drewnianamagia.pl\/wp-content\/uploads\/2024\/12\/grawer-sklejka-6.jpg\" alt=\"grawer - ma\u0142e obiekty z grafik\u0105\" class=\"has-border-color has-vivid-red-border-color wp-image-5046\" style=\"border-width:2px;border-radius:20px\" srcset=\"https:\/\/www.drewnianamagia.pl\/wp-content\/uploads\/2024\/12\/grawer-sklejka-6.jpg 2000w, https:\/\/www.drewnianamagia.pl\/wp-content\/uploads\/2024\/12\/grawer-sklejka-6-324x324.jpg 324w, https:\/\/www.drewnianamagia.pl\/wp-content\/uploads\/2024\/12\/grawer-sklejka-6-100x100.jpg 100w, https:\/\/www.drewnianamagia.pl\/wp-content\/uploads\/2024\/12\/grawer-sklejka-6-416x416.jpg 416w, https:\/\/www.drewnianamagia.pl\/wp-content\/uploads\/2024\/12\/grawer-sklejka-6-300x300.jpg 300w, https:\/\/www.drewnianamagia.pl\/wp-content\/uploads\/2024\/12\/grawer-sklejka-6-1024x1024.jpg 1024w, https:\/\/www.drewnianamagia.pl\/wp-content\/uploads\/2024\/12\/grawer-sklejka-6-150x150.jpg 150w, https:\/\/www.drewnianamagia.pl\/wp-content\/uploads\/2024\/12\/grawer-sklejka-6-768x768.jpg 768w, https:\/\/www.drewnianamagia.pl\/wp-content\/uploads\/2024\/12\/grawer-sklejka-6-1536x1536.jpg 1536w\" sizes=\"auto, (max-width: 2000px) 100vw, 2000px\" \/><\/figure>\n\n\n\n<figure class=\"wp-block-image size-full has-custom-border\"><img loading=\"lazy\" decoding=\"async\" width=\"2000\" height=\"2000\" data-id=\"5045\" src=\"https:\/\/www.drewnianamagia.pl\/wp-content\/uploads\/2024\/12\/grawer-sklejka-5.jpg\" alt=\"grawer - ma\u0142e obiekty z grafik\u0105\" class=\"has-border-color has-vivid-red-border-color wp-image-5045\" style=\"border-width:2px;border-radius:20px\" srcset=\"https:\/\/www.drewnianamagia.pl\/wp-content\/uploads\/2024\/12\/grawer-sklejka-5.jpg 2000w, https:\/\/www.drewnianamagia.pl\/wp-content\/uploads\/2024\/12\/grawer-sklejka-5-324x324.jpg 324w, https:\/\/www.drewnianamagia.pl\/wp-content\/uploads\/2024\/12\/grawer-sklejka-5-100x100.jpg 100w, https:\/\/www.drewnianamagia.pl\/wp-content\/uploads\/2024\/12\/grawer-sklejka-5-416x416.jpg 416w, https:\/\/www.drewnianamagia.pl\/wp-content\/uploads\/2024\/12\/grawer-sklejka-5-300x300.jpg 300w, https:\/\/www.drewnianamagia.pl\/wp-content\/uploads\/2024\/12\/grawer-sklejka-5-1024x1024.jpg 1024w, https:\/\/www.drewnianamagia.pl\/wp-content\/uploads\/2024\/12\/grawer-sklejka-5-150x150.jpg 150w, https:\/\/www.drewnianamagia.pl\/wp-content\/uploads\/2024\/12\/grawer-sklejka-5-768x768.jpg 768w, https:\/\/www.drewnianamagia.pl\/wp-content\/uploads\/2024\/12\/grawer-sklejka-5-1536x1536.jpg 1536w\" sizes=\"auto, (max-width: 2000px) 100vw, 2000px\" \/><\/figure>\n<\/figure>\n\n\n\n<hr class=\"wp-block-separator has-alpha-channel-opacity\"\/>\n\n\n\n<h3 class=\"wp-block-heading\">HDF<\/h3>\n\n\n\n<figure class=\"wp-block-gallery aligncenter has-nested-images columns-default is-cropped wp-block-gallery-2 is-layout-flex wp-block-gallery-is-layout-flex\">\n<figure class=\"wp-block-image size-full has-custom-border\" style=\"margin-right:0;margin-left:0\"><img loading=\"lazy\" decoding=\"async\" width=\"1000\" height=\"1000\" data-id=\"5038\" src=\"https:\/\/www.drewnianamagia.pl\/wp-content\/uploads\/2024\/12\/grawer-kolorowy-hdf.jpg\" alt=\"grawer - du\u017ce  obiekty\" class=\"has-border-color has-vivid-red-border-color wp-image-5038\" style=\"border-width:2px;border-radius:20px\" srcset=\"https:\/\/www.drewnianamagia.pl\/wp-content\/uploads\/2024\/12\/grawer-kolorowy-hdf.jpg 1000w, https:\/\/www.drewnianamagia.pl\/wp-content\/uploads\/2024\/12\/grawer-kolorowy-hdf-324x324.jpg 324w, https:\/\/www.drewnianamagia.pl\/wp-content\/uploads\/2024\/12\/grawer-kolorowy-hdf-100x100.jpg 100w, https:\/\/www.drewnianamagia.pl\/wp-content\/uploads\/2024\/12\/grawer-kolorowy-hdf-416x416.jpg 416w, https:\/\/www.drewnianamagia.pl\/wp-content\/uploads\/2024\/12\/grawer-kolorowy-hdf-300x300.jpg 300w, https:\/\/www.drewnianamagia.pl\/wp-content\/uploads\/2024\/12\/grawer-kolorowy-hdf-150x150.jpg 150w, https:\/\/www.drewnianamagia.pl\/wp-content\/uploads\/2024\/12\/grawer-kolorowy-hdf-768x768.jpg 768w\" sizes=\"auto, (max-width: 1000px) 100vw, 1000px\" \/><\/figure>\n<\/figure>\n\n\n\n<hr class=\"wp-block-separator has-alpha-channel-opacity\"\/>\n\n\n\n<h2 class=\"wp-block-heading\">Kamie\u0144 &#8211; \u0142upek<\/h2>\n\n\n\n<figure class=\"wp-block-gallery aligncenter has-nested-images columns-default is-cropped wp-block-gallery-3 is-layout-flex wp-block-gallery-is-layout-flex\">\n<figure class=\"wp-block-image size-large has-custom-border\"><img loading=\"lazy\" decoding=\"async\" width=\"662\" height=\"1024\" data-id=\"5037\" src=\"https:\/\/www.drewnianamagia.pl\/wp-content\/uploads\/2024\/12\/grawer-lupek-662x1024.png\" alt=\"p\u0142ytki grawer na kamieniu\" class=\"has-border-color has-vivid-red-border-color wp-image-5037\" style=\"border-width:2px;border-radius:20px\" srcset=\"https:\/\/www.drewnianamagia.pl\/wp-content\/uploads\/2024\/12\/grawer-lupek-662x1024.png 662w, https:\/\/www.drewnianamagia.pl\/wp-content\/uploads\/2024\/12\/grawer-lupek-324x501.png 324w, https:\/\/www.drewnianamagia.pl\/wp-content\/uploads\/2024\/12\/grawer-lupek-416x644.png 416w, https:\/\/www.drewnianamagia.pl\/wp-content\/uploads\/2024\/12\/grawer-lupek-194x300.png 194w, https:\/\/www.drewnianamagia.pl\/wp-content\/uploads\/2024\/12\/grawer-lupek-768x1188.png 768w, https:\/\/www.drewnianamagia.pl\/wp-content\/uploads\/2024\/12\/grawer-lupek-993x1536.png 993w, https:\/\/www.drewnianamagia.pl\/wp-content\/uploads\/2024\/12\/grawer-lupek.png 1144w\" sizes=\"auto, (max-width: 662px) 100vw, 662px\" \/><\/figure>\n<\/figure>\n\n\n\n<hr class=\"wp-block-separator has-alpha-channel-opacity\"\/>\n\n\n\n<h2 class=\"wp-block-heading\">Sklejka malowana<\/h2>\n\n\n\n<figure class=\"wp-block-gallery aligncenter has-nested-images columns-default is-cropped wp-block-gallery-4 is-layout-flex wp-block-gallery-is-layout-flex\">\n<figure class=\"wp-block-image size-large has-custom-border\"><img loading=\"lazy\" decoding=\"async\" width=\"667\" height=\"667\" data-id=\"5051\" src=\"https:\/\/www.drewnianamagia.pl\/wp-content\/uploads\/2024\/12\/grawer-malowana-sklejka-edited.png\" alt=\"cie\u0144ki grawer na sklejce\" class=\"has-border-color has-vivid-red-border-color wp-image-5051\" style=\"border-width:2px;border-radius:20px\" srcset=\"https:\/\/www.drewnianamagia.pl\/wp-content\/uploads\/2024\/12\/grawer-malowana-sklejka-edited.png 667w, https:\/\/www.drewnianamagia.pl\/wp-content\/uploads\/2024\/12\/grawer-malowana-sklejka-edited-324x324.png 324w, https:\/\/www.drewnianamagia.pl\/wp-content\/uploads\/2024\/12\/grawer-malowana-sklejka-edited-100x100.png 100w, https:\/\/www.drewnianamagia.pl\/wp-content\/uploads\/2024\/12\/grawer-malowana-sklejka-edited-416x416.png 416w, https:\/\/www.drewnianamagia.pl\/wp-content\/uploads\/2024\/12\/grawer-malowana-sklejka-edited-300x300.png 300w, https:\/\/www.drewnianamagia.pl\/wp-content\/uploads\/2024\/12\/grawer-malowana-sklejka-edited-150x150.png 150w\" sizes=\"auto, (max-width: 667px) 100vw, 667px\" \/><\/figure>\n<\/figure>\n","protected":false},"excerpt":{"rendered":"<p>Grawer laserowy jest bardzo dok\u0142adny, jednak mo\u017ce si\u0119 r\u00f3\u017cni\u0107 odcieniem i g\u0142\u0119boko\u015bci\u0105 w zale\u017cno\u015bci od zastosowanego materia\u0142u, jego wilgotno\u015bci, jako\u015bci oraz rozmiaru grawerowanych obiekt\u00f3w. Cz\u0119\u015b\u0107 zam\u00f3wie\u0144 to projekty na zam\u00f3wienie, kt\u00f3rych nie mo\u017cna zobaczy\u0107 przed ich wykonaniem. Wizualizacja z kolei nie zawsze w pe\u0142ni odzwierciedla wygl\u0105d finalnego produktu. W celu lepszego zobrazowania oferowanych przez nas [&hellip;]<\/p>\n","protected":false},"author":1,"featured_media":0,"parent":0,"menu_order":0,"comment_status":"closed","ping_status":"closed","template":"","meta":{"_acf_changed":false,"footnotes":""},"class_list":["post-5050","page","type-page","status-publish","hentry"],"acf":[],"yoast_head":"<!-- This site is optimized with the Yoast SEO plugin v27.5 - https:\/\/yoast.com\/product\/yoast-seo-wordpress\/ -->\n<title>Grawer - przyk\u0142ady - Drewniana Magia<\/title>\n<meta name=\"description\" content=\"Przyk\u0142ad graweru na wybranych materia\u0142ach w drewnianamagia.pl\" \/>\n<meta name=\"robots\" content=\"index, follow, max-snippet:-1, max-image-preview:large, max-video-preview:-1\" \/>\n<link rel=\"canonical\" href=\"https:\/\/www.drewnianamagia.pl\/index.php\/grawer-przyklady\/\" \/>\n<meta property=\"og:locale\" content=\"pl_PL\" \/>\n<meta property=\"og:type\" content=\"article\" \/>\n<meta property=\"og:title\" content=\"Grawer - przyk\u0142ady - Drewniana Magia\" \/>\n<meta property=\"og:description\" content=\"Przyk\u0142ad graweru na wybranych materia\u0142ach w drewnianamagia.pl\" \/>\n<meta property=\"og:url\" content=\"https:\/\/www.drewnianamagia.pl\/index.php\/grawer-przyklady\/\" \/>\n<meta property=\"og:site_name\" content=\"Drewniana Magia\" \/>\n<meta property=\"article:publisher\" content=\"https:\/\/facebook.com\/BelasDrewnianaMagia\" \/>\n<meta property=\"article:modified_time\" content=\"2024-12-04T12:20:07+00:00\" \/>\n<meta property=\"og:image\" content=\"https:\/\/www.drewnianamagia.pl\/wp-content\/uploads\/2024\/12\/grawer-sklejka-8.jpg\" \/>\n\t<meta property=\"og:image:width\" content=\"1000\" \/>\n\t<meta property=\"og:image:height\" content=\"1000\" \/>\n\t<meta property=\"og:image:type\" content=\"image\/jpeg\" \/>\n<meta name=\"twitter:card\" content=\"summary_large_image\" \/>\n<meta name=\"twitter:label1\" content=\"Szacowany czas czytania\" \/>\n\t<meta name=\"twitter:data1\" content=\"3 minuty\" \/>\n<script type=\"application\/ld+json\" class=\"yoast-schema-graph\">{\"@context\":\"https:\\\/\\\/schema.org\",\"@graph\":[{\"@type\":\"WebPage\",\"@id\":\"https:\\\/\\\/www.drewnianamagia.pl\\\/index.php\\\/grawer-przyklady\\\/\",\"url\":\"https:\\\/\\\/www.drewnianamagia.pl\\\/index.php\\\/grawer-przyklady\\\/\",\"name\":\"Grawer - przyk\u0142ady - Drewniana Magia\",\"isPartOf\":{\"@id\":\"https:\\\/\\\/www.drewnianamagia.pl\\\/#website\"},\"primaryImageOfPage\":{\"@id\":\"https:\\\/\\\/www.drewnianamagia.pl\\\/index.php\\\/grawer-przyklady\\\/#primaryimage\"},\"image\":{\"@id\":\"https:\\\/\\\/www.drewnianamagia.pl\\\/index.php\\\/grawer-przyklady\\\/#primaryimage\"},\"thumbnailUrl\":\"https:\\\/\\\/www.drewnianamagia.pl\\\/wp-content\\\/uploads\\\/2024\\\/12\\\/grawer-sklejka-8.jpg\",\"datePublished\":\"2024-12-04T12:20:06+00:00\",\"dateModified\":\"2024-12-04T12:20:07+00:00\",\"description\":\"Przyk\u0142ad graweru na wybranych materia\u0142ach w drewnianamagia.pl\",\"breadcrumb\":{\"@id\":\"https:\\\/\\\/www.drewnianamagia.pl\\\/index.php\\\/grawer-przyklady\\\/#breadcrumb\"},\"inLanguage\":\"pl-PL\",\"potentialAction\":[{\"@type\":\"ReadAction\",\"target\":[\"https:\\\/\\\/www.drewnianamagia.pl\\\/index.php\\\/grawer-przyklady\\\/\"]}]},{\"@type\":\"ImageObject\",\"inLanguage\":\"pl-PL\",\"@id\":\"https:\\\/\\\/www.drewnianamagia.pl\\\/index.php\\\/grawer-przyklady\\\/#primaryimage\",\"url\":\"https:\\\/\\\/www.drewnianamagia.pl\\\/wp-content\\\/uploads\\\/2024\\\/12\\\/grawer-sklejka-8.jpg\",\"contentUrl\":\"https:\\\/\\\/www.drewnianamagia.pl\\\/wp-content\\\/uploads\\\/2024\\\/12\\\/grawer-sklejka-8.jpg\",\"width\":1000,\"height\":1000},{\"@type\":\"BreadcrumbList\",\"@id\":\"https:\\\/\\\/www.drewnianamagia.pl\\\/index.php\\\/grawer-przyklady\\\/#breadcrumb\",\"itemListElement\":[{\"@type\":\"ListItem\",\"position\":1,\"name\":\"Strona g\u0142\u00f3wna\",\"item\":\"https:\\\/\\\/www.drewnianamagia.pl\\\/\"},{\"@type\":\"ListItem\",\"position\":2,\"name\":\"Grawer &#8211; przyk\u0142ady\"}]},{\"@type\":\"WebSite\",\"@id\":\"https:\\\/\\\/www.drewnianamagia.pl\\\/#website\",\"url\":\"https:\\\/\\\/www.drewnianamagia.pl\\\/\",\"name\":\"Drewniana Magia\",\"description\":\"Personalizowane prezenty i dekoracje z drewna i druku 3D, na ka\u017cd\u0105 okazj\u0119 i okoliczno\u015b\u0107. Urodziny, Chrzest, Przyj\u0119cie, \u015awi\u0119ta, \u015alub\",\"publisher\":{\"@id\":\"https:\\\/\\\/www.drewnianamagia.pl\\\/#organization\"},\"potentialAction\":[{\"@type\":\"SearchAction\",\"target\":{\"@type\":\"EntryPoint\",\"urlTemplate\":\"https:\\\/\\\/www.drewnianamagia.pl\\\/?s={search_term_string}\"},\"query-input\":{\"@type\":\"PropertyValueSpecification\",\"valueRequired\":true,\"valueName\":\"search_term_string\"}}],\"inLanguage\":\"pl-PL\"},{\"@type\":\"Organization\",\"@id\":\"https:\\\/\\\/www.drewnianamagia.pl\\\/#organization\",\"name\":\"Drewniana Magia\",\"url\":\"https:\\\/\\\/www.drewnianamagia.pl\\\/\",\"logo\":{\"@type\":\"ImageObject\",\"inLanguage\":\"pl-PL\",\"@id\":\"https:\\\/\\\/www.drewnianamagia.pl\\\/#\\\/schema\\\/logo\\\/image\\\/\",\"url\":\"https:\\\/\\\/www.drewnianamagia.pl\\\/wp-content\\\/uploads\\\/2024\\\/02\\\/cropped-LOGO-DrewnianaMagia-375x188-1.png\",\"contentUrl\":\"https:\\\/\\\/www.drewnianamagia.pl\\\/wp-content\\\/uploads\\\/2024\\\/02\\\/cropped-LOGO-DrewnianaMagia-375x188-1.png\",\"width\":374,\"height\":188,\"caption\":\"Drewniana Magia\"},\"image\":{\"@id\":\"https:\\\/\\\/www.drewnianamagia.pl\\\/#\\\/schema\\\/logo\\\/image\\\/\"},\"sameAs\":[\"https:\\\/\\\/facebook.com\\\/BelasDrewnianaMagia\"]}]}<\/script>\n<!-- \/ Yoast SEO plugin. -->","yoast_head_json":{"title":"Grawer - przyk\u0142ady - Drewniana Magia","description":"Przyk\u0142ad graweru na wybranych materia\u0142ach w drewnianamagia.pl","robots":{"index":"index","follow":"follow","max-snippet":"max-snippet:-1","max-image-preview":"max-image-preview:large","max-video-preview":"max-video-preview:-1"},"canonical":"https:\/\/www.drewnianamagia.pl\/index.php\/grawer-przyklady\/","og_locale":"pl_PL","og_type":"article","og_title":"Grawer - przyk\u0142ady - Drewniana Magia","og_description":"Przyk\u0142ad graweru na wybranych materia\u0142ach w drewnianamagia.pl","og_url":"https:\/\/www.drewnianamagia.pl\/index.php\/grawer-przyklady\/","og_site_name":"Drewniana Magia","article_publisher":"https:\/\/facebook.com\/BelasDrewnianaMagia","article_modified_time":"2024-12-04T12:20:07+00:00","og_image":[{"width":1000,"height":1000,"url":"https:\/\/www.drewnianamagia.pl\/wp-content\/uploads\/2024\/12\/grawer-sklejka-8.jpg","type":"image\/jpeg"}],"twitter_card":"summary_large_image","twitter_misc":{"Szacowany czas czytania":"3 minuty"},"schema":{"@context":"https:\/\/schema.org","@graph":[{"@type":"WebPage","@id":"https:\/\/www.drewnianamagia.pl\/index.php\/grawer-przyklady\/","url":"https:\/\/www.drewnianamagia.pl\/index.php\/grawer-przyklady\/","name":"Grawer - przyk\u0142ady - Drewniana Magia","isPartOf":{"@id":"https:\/\/www.drewnianamagia.pl\/#website"},"primaryImageOfPage":{"@id":"https:\/\/www.drewnianamagia.pl\/index.php\/grawer-przyklady\/#primaryimage"},"image":{"@id":"https:\/\/www.drewnianamagia.pl\/index.php\/grawer-przyklady\/#primaryimage"},"thumbnailUrl":"https:\/\/www.drewnianamagia.pl\/wp-content\/uploads\/2024\/12\/grawer-sklejka-8.jpg","datePublished":"2024-12-04T12:20:06+00:00","dateModified":"2024-12-04T12:20:07+00:00","description":"Przyk\u0142ad graweru na wybranych materia\u0142ach w drewnianamagia.pl","breadcrumb":{"@id":"https:\/\/www.drewnianamagia.pl\/index.php\/grawer-przyklady\/#breadcrumb"},"inLanguage":"pl-PL","potentialAction":[{"@type":"ReadAction","target":["https:\/\/www.drewnianamagia.pl\/index.php\/grawer-przyklady\/"]}]},{"@type":"ImageObject","inLanguage":"pl-PL","@id":"https:\/\/www.drewnianamagia.pl\/index.php\/grawer-przyklady\/#primaryimage","url":"https:\/\/www.drewnianamagia.pl\/wp-content\/uploads\/2024\/12\/grawer-sklejka-8.jpg","contentUrl":"https:\/\/www.drewnianamagia.pl\/wp-content\/uploads\/2024\/12\/grawer-sklejka-8.jpg","width":1000,"height":1000},{"@type":"BreadcrumbList","@id":"https:\/\/www.drewnianamagia.pl\/index.php\/grawer-przyklady\/#breadcrumb","itemListElement":[{"@type":"ListItem","position":1,"name":"Strona g\u0142\u00f3wna","item":"https:\/\/www.drewnianamagia.pl\/"},{"@type":"ListItem","position":2,"name":"Grawer &#8211; przyk\u0142ady"}]},{"@type":"WebSite","@id":"https:\/\/www.drewnianamagia.pl\/#website","url":"https:\/\/www.drewnianamagia.pl\/","name":"Drewniana Magia","description":"Personalizowane prezenty i dekoracje z drewna i druku 3D, na ka\u017cd\u0105 okazj\u0119 i okoliczno\u015b\u0107. Urodziny, Chrzest, Przyj\u0119cie, \u015awi\u0119ta, \u015alub","publisher":{"@id":"https:\/\/www.drewnianamagia.pl\/#organization"},"potentialAction":[{"@type":"SearchAction","target":{"@type":"EntryPoint","urlTemplate":"https:\/\/www.drewnianamagia.pl\/?s={search_term_string}"},"query-input":{"@type":"PropertyValueSpecification","valueRequired":true,"valueName":"search_term_string"}}],"inLanguage":"pl-PL"},{"@type":"Organization","@id":"https:\/\/www.drewnianamagia.pl\/#organization","name":"Drewniana Magia","url":"https:\/\/www.drewnianamagia.pl\/","logo":{"@type":"ImageObject","inLanguage":"pl-PL","@id":"https:\/\/www.drewnianamagia.pl\/#\/schema\/logo\/image\/","url":"https:\/\/www.drewnianamagia.pl\/wp-content\/uploads\/2024\/02\/cropped-LOGO-DrewnianaMagia-375x188-1.png","contentUrl":"https:\/\/www.drewnianamagia.pl\/wp-content\/uploads\/2024\/02\/cropped-LOGO-DrewnianaMagia-375x188-1.png","width":374,"height":188,"caption":"Drewniana Magia"},"image":{"@id":"https:\/\/www.drewnianamagia.pl\/#\/schema\/logo\/image\/"},"sameAs":["https:\/\/facebook.com\/BelasDrewnianaMagia"]}]}},"_links":{"self":[{"href":"https:\/\/www.drewnianamagia.pl\/index.php\/wp-json\/wp\/v2\/pages\/5050","targetHints":{"allow":["GET"]}}],"collection":[{"href":"https:\/\/www.drewnianamagia.pl\/index.php\/wp-json\/wp\/v2\/pages"}],"about":[{"href":"https:\/\/www.drewnianamagia.pl\/index.php\/wp-json\/wp\/v2\/types\/page"}],"author":[{"embeddable":true,"href":"https:\/\/www.drewnianamagia.pl\/index.php\/wp-json\/wp\/v2\/users\/1"}],"replies":[{"embeddable":true,"href":"https:\/\/www.drewnianamagia.pl\/index.php\/wp-json\/wp\/v2\/comments?post=5050"}],"version-history":[{"count":0,"href":"https:\/\/www.drewnianamagia.pl\/index.php\/wp-json\/wp\/v2\/pages\/5050\/revisions"}],"wp:attachment":[{"href":"https:\/\/www.drewnianamagia.pl\/index.php\/wp-json\/wp\/v2\/media?parent=5050"}],"curies":[{"name":"wp","href":"https:\/\/api.w.org\/{rel}","templated":true}]}}