{"id":4842,"date":"2024-11-12T12:55:26","date_gmt":"2024-11-12T11:55:26","guid":{"rendered":"https:\/\/www.drewnianamagia.pl\/?page_id=4842"},"modified":"2025-04-02T11:44:02","modified_gmt":"2025-04-02T09:44:02","slug":"bezpieczenstwo-produktow","status":"publish","type":"page","link":"https:\/\/www.drewnianamagia.pl\/index.php\/bezpieczenstwo-produktow\/","title":{"rendered":"Bezpiecze\u0144stwo produkt\u00f3w"},"content":{"rendered":"\n<h2 class=\"wp-block-heading\">Informacje og\u00f3lne<\/h2>\n\n\n\n<p>Produkty dost\u0119pne na stronie drewnianamagia.pl wykonane s\u0105 z najwy\u017csz\u0105 staranno\u015bci\u0105 oraz dba\u0142o\u015bci\u0105 o szczeg\u00f3\u0142y. Dok\u0142adamy wszelkich stara\u0144 aby bezpiecze\u0144stwo ich u\u017cytkowania nie budzi\u0142o \u017cadnych w\u0105tpliwo\u015bci, dlatego prosimy o stosowanie og\u00f3lnych zasad bezpiecze\u0144stwa oraz u\u017cytkowania produkt\u00f3w zgodnie z przeznaczeniem.<\/p>\n\n\n\n<ul class=\"wp-block-list\">\n<li>Produkty nie s\u0105 zabawkami<\/li>\n\n\n\n<li>Produkty nie s\u0105 przeznaczone do ekspozycji na zewn\u0105trz<\/li>\n\n\n\n<li>Produkty nie s\u0105 przeznaczone do kontaktu z wod\u0105<\/li>\n\n\n\n<li>Produkty nie s\u0105 przeznaczone do kontaktu z \u017cywno\u015bci\u0105<\/li>\n\n\n\n<li>Produkty maj\u0105 bardzo ograniczon\u0105 odporno\u015b\u0107 na uszkodzenia mechaniczne.<\/li>\n\n\n\n<li>Produkt\u00f3w uszkodzonych mechanicznie nie nale\u017cy naprawia\u0107 ani ich u\u017cywa\u0107.<\/li>\n\n\n\n<li>Produkty s\u0105 podatne na warunki atmosferyczne, zw\u0142aszcza wilgotno\u015b\u0107 oraz temperatur\u0119, kt\u00f3re maj\u0105 wp\u0142yw na ich naturalny wygl\u0105d (zmiana barwy, odkszta\u0142cenie)<\/li>\n<\/ul>\n\n\n\n<h2 class=\"wp-block-heading\">Produkty ze sklejki<\/h2>\n\n\n\n<p>Sklejka, kt\u00f3rej u\u017cywamy w wi\u0119kszo\u015bci naszych produkt\u00f3w jest materia\u0142em przyjaznym dla \u015brodowiska. Wykonana z warstw drewna takiego jak brzoza, topola oraz lipa. <\/p>\n\n\n\n<p>Wszystkie produkty, w kt\u00f3rych u\u017cyta zosta\u0142a sklejka s\u0105 wycinane oraz grawerowane w technologii laserowej, co sprawia, \u017ce nie wyst\u0119puj\u0105 w nich postrz\u0119pienia oraz potencjalnie niebezpieczne miejsca kt\u00f3re mog\u0105 powodowa\u0107 skaleczenia &#8211; tak jak ma to miejsce w przypadku mechanicznej obr\u00f3bki drewna. Ka\u017cdy produkt jest dodatkowo r\u0119cznie szlifowany aby finalnie jego wygl\u0105d by\u0142 estetyczny i pozbawiony nadmiaru przypale\u0144 powstaj\u0105cych w procesie grawerowania.<\/p>\n\n\n\n<p>Produkty b\u0119d\u0105ce w ofercie sklepu nie s\u0105 zabawkami oraz nie s\u0105 przeznaczone do kontaktu z \u017cywno\u015bci\u0105.<\/p>\n\n\n\n<p>Miejsca ci\u0119cia laserowego posiadaj\u0105 ciemn\u0105 barw\u0119, kt\u00f3ra wynika z laserowego procesu obr\u00f3bki materia\u0142u. Wi\u0105zka lasera o du\u017cej skoncentrowanej mocy sprawia, \u017ce materia\u0142 w tym miejscu b\u0142yskawicznie odparowuje, a wysoka temperatura powoduje charakterystyczne opalenia. <\/p>\n\n\n\n<p>W przypadku produkt\u00f3w wykonywanych na zam\u00f3wienie (zw\u0142aszcza tych personalizowanych), kt\u00f3re s\u0105 wysy\u0142ane do klienta niezw\u0142ocznie po wykonaniu mo\u017ce by\u0107 wyczuwalna wo\u0144 palonego drewna, kt\u00f3ra po kilku dniach zanika. Wynika to z tego, \u017ce zapach nie zd\u0105\u017cy ulotni\u0107 si\u0119, zanim produkt dotrze do klienta. <\/p>\n\n\n\n<p>Drewno jest materia\u0142em naturalnym co ma wp\u0142yw na finalny wygl\u0105d produktu. Ka\u017cdy produkt mo\u017ce r\u00f3\u017cni\u0107 si\u0119 od siebie odcieniem, grubo\u015bci\u0105, intensywno\u015bci\u0105 i barw\u0105 graweru oraz u\u0142o\u017ceniem s\u0142oj\u00f3w. Materia\u0142 ten z racji swoich naturalnych w\u0142a\u015bciwo\u015bci jest podatny na zmiany wilgotno\u015bci powietrza, co sprawia, \u017ce mo\u017ce zmienia\u0107 odcie\u0144 oraz ulega\u0107 odkszta\u0142ceniom (przyjmuj\u0105c lub oddaj\u0105c wilgo\u0107 do otoczenia). Nale\u017cy unika\u0107 kontaktu z wod\u0105 oraz nadmiern\u0105 wilgoci\u0105 poniewa\u017c mo\u017ce to prowadzi\u0107 do wypaczania lub rozwarstwiania si\u0119 poszczeg\u00f3lnych warstw sklejki, z kt\u00f3rej zosta\u0142 wykonany produkt.<\/p>\n\n\n\n<p>Aby zachowa\u0107 pierwotny wygl\u0105d wykonanego produktu zaleca si\u0119 zabezpieczenie drewna stosuj\u0105c metody impregnacji lub lakierowania. Produkty wysy\u0142amy w naturalnej formie bez stosowania impregnat\u00f3w (chyba, \u017ce zosta\u0142o to zaznaczone w opisie oferty).<\/p>\n\n\n\n<h2 class=\"wp-block-heading\">Produkty z tekturki<\/h2>\n\n\n\n<p>Cz\u0119\u015b\u0107 produkt\u00f3w znajduj\u0105cych si\u0119 w naszej ofercie wykonana jest z tektury introligatorskiej (beermata). Jest to ekologiczny produkt wykonany z przetworzonej masy papierniczej. <\/p>\n\n\n\n<p>Produkty wykonane z tego materia\u0142u nie s\u0105 przeznaczone do bezpo\u015bredniego kontaktu z wod\u0105 oraz \u017cywno\u015bci\u0105.<\/p>\n\n\n\n<h2 class=\"wp-block-heading\">Produkty z HDF<\/h2>\n\n\n\n<p>Niekt\u00f3re z naszych produkt\u00f3w wykonane s\u0105 z materia\u0142u jakim jest HDF &#8211; czyli materia\u0142 wykonany z w\u0142\u00f3kien drzewnych o bardzo du\u017cej g\u0119sto\u015bci i twardo\u015bci. <\/p>\n\n\n\n<p>Nale\u017cy unika\u0107 kontaktu z wod\u0105. Produkty wykonane z tego materia\u0142u r\u00f3wnie\u017c nie s\u0105 przystosowane do kontaktu z \u017cywno\u015bci\u0105.<\/p>\n\n\n\n<h2 class=\"wp-block-heading\">Produkty z PLA<\/h2>\n\n\n\n<p>W cz\u0119\u015bci produkt\u00f3w mo\u017cna znale\u017a\u0107 r\u00f3wnie\u017c taki materia\u0142 jak PLA &#8211; czyli biodegradowalny polimer. Jest ekologiczny i bezpieczny. Nie s\u0142u\u017cy jednak do kontaktu z \u017cywno\u015bci\u0105 i nie zalecamy sta\u0142ego kontaktu z wod\u0105. Nie nale\u017cy wystawia\u0107 go na ekspozycj\u0119 wysokich temperatur czy bezpo\u015brednie promieniowanie s\u0142oneczne &#8211; poniewa\u017c mo\u017ce si\u0119 odkszta\u0142ci\u0107 (powy\u017cej 50st.C. staje si\u0119 plastyczny). <\/p>\n\n\n\n<hr class=\"wp-block-separator has-alpha-channel-opacity is-style-wide\"\/>\n\n\n\n<p class=\"has-vivid-red-color has-text-color has-link-color has-medium-font-size wp-elements-7f642766bbbd785884553c85d851c6a4\"><strong>Bezpiecze\u0144stwo Produkt\u00f3w<\/strong>:<\/p>\n\n\n\n<div class=\"wp-block-file\"><a id=\"wp-block-file--media-f38963e6-a614-4714-8b7d-381024e23e41\" href=\"https:\/\/www.drewnianamagia.pl\/wp-content\/uploads\/2025\/11\/DrewnianaMagia-Bezpieczenstwo-v-8-11-25.pdf\" target=\"_blank\" rel=\"noreferrer noopener\">Bezpiecze\u0144stwo produkt\u00f3w<\/a><a href=\"https:\/\/www.drewnianamagia.pl\/wp-content\/uploads\/2025\/11\/DrewnianaMagia-Bezpieczenstwo-v-8-11-25.pdf\" class=\"wp-block-file__button wp-element-button\" download aria-describedby=\"wp-block-file--media-f38963e6-a614-4714-8b7d-381024e23e41\">Pobierz<\/a><\/div>\n\n\n\n<p><\/p>\n\n\n\n\n<p><\/p>\n\n\n\n<p><\/p>\n\n\n\n<p><\/p>\n","protected":false},"excerpt":{"rendered":"<p>Informacje og\u00f3lne Produkty dost\u0119pne na stronie drewnianamagia.pl wykonane s\u0105 z najwy\u017csz\u0105 staranno\u015bci\u0105 oraz dba\u0142o\u015bci\u0105 o szczeg\u00f3\u0142y. Dok\u0142adamy wszelkich stara\u0144 aby bezpiecze\u0144stwo ich u\u017cytkowania nie budzi\u0142o \u017cadnych w\u0105tpliwo\u015bci, dlatego prosimy o stosowanie og\u00f3lnych zasad bezpiecze\u0144stwa oraz u\u017cytkowania produkt\u00f3w zgodnie z przeznaczeniem. Produkty ze sklejki Sklejka, kt\u00f3rej u\u017cywamy w wi\u0119kszo\u015bci naszych produkt\u00f3w jest materia\u0142em przyjaznym dla \u015brodowiska. [&hellip;]<\/p>\n","protected":false},"author":1,"featured_media":0,"parent":0,"menu_order":0,"comment_status":"closed","ping_status":"closed","template":"","meta":{"_acf_changed":false,"footnotes":""},"class_list":["post-4842","page","type-page","status-publish","hentry"],"acf":[],"yoast_head":"<!-- This site is optimized with the Yoast SEO plugin v27.5 - https:\/\/yoast.com\/product\/yoast-seo-wordpress\/ -->\n<title>Bezpiecze\u0144stwo produkt\u00f3w - Drewniana Magia<\/title>\n<meta name=\"description\" content=\"Og\u00f3lne informacje dotycz\u0105ce bezpiecze\u0144stwa u\u017cytkowania produkt\u00f3w.\" \/>\n<meta name=\"robots\" content=\"index, follow, max-snippet:-1, max-image-preview:large, max-video-preview:-1\" \/>\n<link rel=\"canonical\" href=\"https:\/\/www.drewnianamagia.pl\/index.php\/bezpieczenstwo-produktow\/\" \/>\n<meta property=\"og:locale\" content=\"pl_PL\" \/>\n<meta property=\"og:type\" content=\"article\" \/>\n<meta property=\"og:title\" content=\"Bezpiecze\u0144stwo produkt\u00f3w - Drewniana Magia\" \/>\n<meta property=\"og:description\" content=\"Og\u00f3lne informacje dotycz\u0105ce bezpiecze\u0144stwa u\u017cytkowania produkt\u00f3w.\" \/>\n<meta property=\"og:url\" content=\"https:\/\/www.drewnianamagia.pl\/index.php\/bezpieczenstwo-produktow\/\" \/>\n<meta property=\"og:site_name\" content=\"Drewniana Magia\" \/>\n<meta property=\"article:publisher\" content=\"https:\/\/facebook.com\/BelasDrewnianaMagia\" \/>\n<meta property=\"article:modified_time\" content=\"2025-04-02T09:44:02+00:00\" \/>\n<meta name=\"twitter:card\" content=\"summary_large_image\" \/>\n<meta name=\"twitter:label1\" content=\"Szacowany czas czytania\" \/>\n\t<meta name=\"twitter:data1\" content=\"4 minuty\" \/>\n<script type=\"application\/ld+json\" class=\"yoast-schema-graph\">{\"@context\":\"https:\\\/\\\/schema.org\",\"@graph\":[{\"@type\":\"WebPage\",\"@id\":\"https:\\\/\\\/www.drewnianamagia.pl\\\/index.php\\\/bezpieczenstwo-produktow\\\/\",\"url\":\"https:\\\/\\\/www.drewnianamagia.pl\\\/index.php\\\/bezpieczenstwo-produktow\\\/\",\"name\":\"Bezpiecze\u0144stwo produkt\u00f3w - Drewniana Magia\",\"isPartOf\":{\"@id\":\"https:\\\/\\\/www.drewnianamagia.pl\\\/#website\"},\"datePublished\":\"2024-11-12T11:55:26+00:00\",\"dateModified\":\"2025-04-02T09:44:02+00:00\",\"description\":\"Og\u00f3lne informacje dotycz\u0105ce bezpiecze\u0144stwa u\u017cytkowania produkt\u00f3w.\",\"breadcrumb\":{\"@id\":\"https:\\\/\\\/www.drewnianamagia.pl\\\/index.php\\\/bezpieczenstwo-produktow\\\/#breadcrumb\"},\"inLanguage\":\"pl-PL\",\"potentialAction\":[{\"@type\":\"ReadAction\",\"target\":[\"https:\\\/\\\/www.drewnianamagia.pl\\\/index.php\\\/bezpieczenstwo-produktow\\\/\"]}]},{\"@type\":\"BreadcrumbList\",\"@id\":\"https:\\\/\\\/www.drewnianamagia.pl\\\/index.php\\\/bezpieczenstwo-produktow\\\/#breadcrumb\",\"itemListElement\":[{\"@type\":\"ListItem\",\"position\":1,\"name\":\"Strona g\u0142\u00f3wna\",\"item\":\"https:\\\/\\\/www.drewnianamagia.pl\\\/\"},{\"@type\":\"ListItem\",\"position\":2,\"name\":\"Bezpiecze\u0144stwo produkt\u00f3w\"}]},{\"@type\":\"WebSite\",\"@id\":\"https:\\\/\\\/www.drewnianamagia.pl\\\/#website\",\"url\":\"https:\\\/\\\/www.drewnianamagia.pl\\\/\",\"name\":\"Drewniana Magia\",\"description\":\"Personalizowane prezenty i dekoracje z drewna i druku 3D, na ka\u017cd\u0105 okazj\u0119 i okoliczno\u015b\u0107. Urodziny, Chrzest, Przyj\u0119cie, \u015awi\u0119ta, \u015alub\",\"publisher\":{\"@id\":\"https:\\\/\\\/www.drewnianamagia.pl\\\/#organization\"},\"potentialAction\":[{\"@type\":\"SearchAction\",\"target\":{\"@type\":\"EntryPoint\",\"urlTemplate\":\"https:\\\/\\\/www.drewnianamagia.pl\\\/?s={search_term_string}\"},\"query-input\":{\"@type\":\"PropertyValueSpecification\",\"valueRequired\":true,\"valueName\":\"search_term_string\"}}],\"inLanguage\":\"pl-PL\"},{\"@type\":\"Organization\",\"@id\":\"https:\\\/\\\/www.drewnianamagia.pl\\\/#organization\",\"name\":\"Drewniana Magia\",\"url\":\"https:\\\/\\\/www.drewnianamagia.pl\\\/\",\"logo\":{\"@type\":\"ImageObject\",\"inLanguage\":\"pl-PL\",\"@id\":\"https:\\\/\\\/www.drewnianamagia.pl\\\/#\\\/schema\\\/logo\\\/image\\\/\",\"url\":\"https:\\\/\\\/www.drewnianamagia.pl\\\/wp-content\\\/uploads\\\/2024\\\/02\\\/cropped-LOGO-DrewnianaMagia-375x188-1.png\",\"contentUrl\":\"https:\\\/\\\/www.drewnianamagia.pl\\\/wp-content\\\/uploads\\\/2024\\\/02\\\/cropped-LOGO-DrewnianaMagia-375x188-1.png\",\"width\":374,\"height\":188,\"caption\":\"Drewniana Magia\"},\"image\":{\"@id\":\"https:\\\/\\\/www.drewnianamagia.pl\\\/#\\\/schema\\\/logo\\\/image\\\/\"},\"sameAs\":[\"https:\\\/\\\/facebook.com\\\/BelasDrewnianaMagia\"]}]}<\/script>\n<!-- \/ Yoast SEO plugin. -->","yoast_head_json":{"title":"Bezpiecze\u0144stwo produkt\u00f3w - Drewniana Magia","description":"Og\u00f3lne informacje dotycz\u0105ce bezpiecze\u0144stwa u\u017cytkowania produkt\u00f3w.","robots":{"index":"index","follow":"follow","max-snippet":"max-snippet:-1","max-image-preview":"max-image-preview:large","max-video-preview":"max-video-preview:-1"},"canonical":"https:\/\/www.drewnianamagia.pl\/index.php\/bezpieczenstwo-produktow\/","og_locale":"pl_PL","og_type":"article","og_title":"Bezpiecze\u0144stwo produkt\u00f3w - Drewniana Magia","og_description":"Og\u00f3lne informacje dotycz\u0105ce bezpiecze\u0144stwa u\u017cytkowania produkt\u00f3w.","og_url":"https:\/\/www.drewnianamagia.pl\/index.php\/bezpieczenstwo-produktow\/","og_site_name":"Drewniana Magia","article_publisher":"https:\/\/facebook.com\/BelasDrewnianaMagia","article_modified_time":"2025-04-02T09:44:02+00:00","twitter_card":"summary_large_image","twitter_misc":{"Szacowany czas czytania":"4 minuty"},"schema":{"@context":"https:\/\/schema.org","@graph":[{"@type":"WebPage","@id":"https:\/\/www.drewnianamagia.pl\/index.php\/bezpieczenstwo-produktow\/","url":"https:\/\/www.drewnianamagia.pl\/index.php\/bezpieczenstwo-produktow\/","name":"Bezpiecze\u0144stwo produkt\u00f3w - Drewniana Magia","isPartOf":{"@id":"https:\/\/www.drewnianamagia.pl\/#website"},"datePublished":"2024-11-12T11:55:26+00:00","dateModified":"2025-04-02T09:44:02+00:00","description":"Og\u00f3lne informacje dotycz\u0105ce bezpiecze\u0144stwa u\u017cytkowania produkt\u00f3w.","breadcrumb":{"@id":"https:\/\/www.drewnianamagia.pl\/index.php\/bezpieczenstwo-produktow\/#breadcrumb"},"inLanguage":"pl-PL","potentialAction":[{"@type":"ReadAction","target":["https:\/\/www.drewnianamagia.pl\/index.php\/bezpieczenstwo-produktow\/"]}]},{"@type":"BreadcrumbList","@id":"https:\/\/www.drewnianamagia.pl\/index.php\/bezpieczenstwo-produktow\/#breadcrumb","itemListElement":[{"@type":"ListItem","position":1,"name":"Strona g\u0142\u00f3wna","item":"https:\/\/www.drewnianamagia.pl\/"},{"@type":"ListItem","position":2,"name":"Bezpiecze\u0144stwo produkt\u00f3w"}]},{"@type":"WebSite","@id":"https:\/\/www.drewnianamagia.pl\/#website","url":"https:\/\/www.drewnianamagia.pl\/","name":"Drewniana Magia","description":"Personalizowane prezenty i dekoracje z drewna i druku 3D, na ka\u017cd\u0105 okazj\u0119 i okoliczno\u015b\u0107. Urodziny, Chrzest, Przyj\u0119cie, \u015awi\u0119ta, \u015alub","publisher":{"@id":"https:\/\/www.drewnianamagia.pl\/#organization"},"potentialAction":[{"@type":"SearchAction","target":{"@type":"EntryPoint","urlTemplate":"https:\/\/www.drewnianamagia.pl\/?s={search_term_string}"},"query-input":{"@type":"PropertyValueSpecification","valueRequired":true,"valueName":"search_term_string"}}],"inLanguage":"pl-PL"},{"@type":"Organization","@id":"https:\/\/www.drewnianamagia.pl\/#organization","name":"Drewniana Magia","url":"https:\/\/www.drewnianamagia.pl\/","logo":{"@type":"ImageObject","inLanguage":"pl-PL","@id":"https:\/\/www.drewnianamagia.pl\/#\/schema\/logo\/image\/","url":"https:\/\/www.drewnianamagia.pl\/wp-content\/uploads\/2024\/02\/cropped-LOGO-DrewnianaMagia-375x188-1.png","contentUrl":"https:\/\/www.drewnianamagia.pl\/wp-content\/uploads\/2024\/02\/cropped-LOGO-DrewnianaMagia-375x188-1.png","width":374,"height":188,"caption":"Drewniana Magia"},"image":{"@id":"https:\/\/www.drewnianamagia.pl\/#\/schema\/logo\/image\/"},"sameAs":["https:\/\/facebook.com\/BelasDrewnianaMagia"]}]}},"_links":{"self":[{"href":"https:\/\/www.drewnianamagia.pl\/index.php\/wp-json\/wp\/v2\/pages\/4842","targetHints":{"allow":["GET"]}}],"collection":[{"href":"https:\/\/www.drewnianamagia.pl\/index.php\/wp-json\/wp\/v2\/pages"}],"about":[{"href":"https:\/\/www.drewnianamagia.pl\/index.php\/wp-json\/wp\/v2\/types\/page"}],"author":[{"embeddable":true,"href":"https:\/\/www.drewnianamagia.pl\/index.php\/wp-json\/wp\/v2\/users\/1"}],"replies":[{"embeddable":true,"href":"https:\/\/www.drewnianamagia.pl\/index.php\/wp-json\/wp\/v2\/comments?post=4842"}],"version-history":[{"count":0,"href":"https:\/\/www.drewnianamagia.pl\/index.php\/wp-json\/wp\/v2\/pages\/4842\/revisions"}],"wp:attachment":[{"href":"https:\/\/www.drewnianamagia.pl\/index.php\/wp-json\/wp\/v2\/media?parent=4842"}],"curies":[{"name":"wp","href":"https:\/\/api.w.org\/{rel}","templated":true}]}}