{"id":3472,"date":"2024-07-11T09:51:19","date_gmt":"2024-07-11T07:51:19","guid":{"rendered":"https:\/\/www.drewnianamagia.pl\/?page_id=3472"},"modified":"2025-11-08T18:59:28","modified_gmt":"2025-11-08T17:59:28","slug":"zwroty","status":"publish","type":"page","link":"https:\/\/www.drewnianamagia.pl\/index.php\/zwroty\/","title":{"rendered":"Zwroty"},"content":{"rendered":"\n<p>Ka\u017cdy sprzedawany przez nas produkt, kt\u00f3ry nie jest personalizowany (nie zosta\u0142 wykonany na zam\u00f3wienie lub zmodyfikowany na \u017cyczenie klienta)&nbsp;<strong>mo\u017cna zwr\u00f3ci\u0107 w ci\u0105gu 14 dni<\/strong>&nbsp;od momentu odebrania przesy\u0142ki.<\/p>\n\n\n\n<p class=\"has-vivid-red-color has-text-color has-link-color wp-elements-1c34ea707f21e87ccf32c6562ae34d9e\"><strong>Je\u015bli zarejestrowa\u0142a\u015b\/e\u015b konto u\u017cytkownika podczas sk\u0142adania zam\u00f3wienia:<\/strong><\/p>\n\n\n\n<p>Zwrot produktu mo\u017cesz zg\u0142osi\u0107 korzystaj\u0105c z panelu klienta.<\/p>\n\n\n\n<p>W dziale&nbsp;<strong>MOJE KONTO \u2013&gt; ZAM\u00d3WIENIA,<\/strong>&nbsp;przy wybranym zam\u00f3wieniu nacisn\u0105\u0107 przycisk ZWROT i wype\u0142ni\u0107 formularz zwrotu.<\/p>\n\n\n\n<p>Po wype\u0142nieniu formularza zwrotu, otrzymasz wiadomo\u015b\u0107 mailow\u0105 potwierdzaj\u0105c\u0105 przyj\u0119cie wniosku o zwrot. Oczekuj na informacj\u0119 od nas, w kt\u00f3rej otrzymasz dalsze instrukcje post\u0119powania.<\/p>\n\n\n\n<p class=\"has-vivid-red-color has-text-color has-link-color wp-elements-932e6752ee2b17bb51f4a26f5b5c3e9e\"><strong>Je\u015bli zakupu dokona\u0142a\u015b\/e\u015b bez rejestracji:<\/strong><\/p>\n\n\n\n<p>W przypadku, gdy podczas sk\u0142adania zam\u00f3wienia nie zarejestrowa\u0142e\u015b\/a\u015b konta klienta na naszej stronie, ode\u015blij produkt z r\u0119cznie wype\u0142nionym formularzem zwrotu (do\u0142\u0105czamy go do maila z podsumowaniem zam\u00f3wienia) na adres: BELAS Bart\u0142omiej Belka, ul. Ks. Stanis\u0142awa Krausego 3 lok. 15, 86-100 \u015awiecie.<\/p>\n\n\n\n<p>Przed wysy\u0142k\u0105 towaru z wype\u0142nionym formularzem zwrotu zalecamy przes\u0142anie skanu\/zdj\u0119cia wype\u0142nionego formularza na nasz adres e-mail <a href=\"mailto:kontakt@drewnianamagia.pl\">kontakt@drewnianamagia.pl<\/a> co pozwoli Ci dochowa\u0107 14 dniowego terminu z\u0142o\u017cenia o\u015bwiadczenia o odst\u0105pieniu.<\/p>\n\n\n\n<p>Formularz zwrotu mo\u017cesz r\u00f3wnie\u017c pobra\u0107 poni\u017cej:<\/p>\n\n\n\n<div class=\"wp-block-file aligncenter\"><a id=\"wp-block-file--media-d7a415fa-37b9-4ff5-8a16-1412dba4082b\" href=\"https:\/\/www.drewnianamagia.pl\/wp-content\/uploads\/2025\/11\/Formularz-odstapienia-od-umowy-Drewniana-Magia-v-8-11-25.pdf\">Formularz odst\u0105pienia od umowy<\/a><a href=\"https:\/\/www.drewnianamagia.pl\/wp-content\/uploads\/2025\/11\/Formularz-odstapienia-od-umowy-Drewniana-Magia-v-8-11-25.pdf\" class=\"wp-block-file__button wp-element-button\" download aria-describedby=\"wp-block-file--media-d7a415fa-37b9-4ff5-8a16-1412dba4082b\">Pobierz<\/a><\/div>\n\n\n\n<div class=\"wp-block-group\"><div class=\"wp-block-group__inner-container is-layout-constrained wp-block-group-is-layout-constrained\">\n<p>Wp\u0142acon\u0105 kwot\u0119 zam\u00f3wienia zwr\u00f3cimy za pomoc\u0105 elektronicznego systemu p\u0142atno\u015bci na konto z kt\u00f3rego zosta\u0142o op\u0142acone zam\u00f3wienie. Gdyby jego identyfikacja nie by\u0142a mo\u017cliwa, w\u00f3wczas \u015brodki zostan\u0105 przelane na wskazany w formularzu zwrotu numer konta. Zwrotu dokonamy w ci\u0105gu 14 dni od z\u0142o\u017cenia o\u015bwiadczenia o odst\u0105pieniu, chyba, \u017ce w tym czasie nie zostanie do Nas odes\u0142any zwracany produkt, w\u00f3wczas zwrot nast\u0105pi niezw\u0142ocznie po zako\u0144czeniu procedury zwrotu (odes\u0142aniu towaru i jego weryfikacji).<\/p>\n\n\n\n<p>W przypadku skutecznego odst\u0105pienia dokonamy zwrotu:<\/p>\n\n\n\n<ul class=\"wp-block-list\">\n<li><strong>Ca\u0142o\u015bci wp\u0142aconej kwoty<\/strong> (produkty + dostawa) &#8211; je\u015bli zwrot dotyczy wszystkich pozycji zam\u00f3wienia, kt\u00f3re nadaj\u0105 si\u0119 do dalszej sprzeda\u017cy i zosta\u0142a wybrana najta\u0144sza dost\u0119pna forma dostawy<\/li>\n\n\n\n<li><strong>Cz\u0119\u015bciowo wp\u0142aconej kwoty<\/strong> w sytuacjach:\n<ul class=\"wp-block-list\">\n<li>Zwrot dotyczy\u0142 tylko cz\u0119\u015bci produkt\u00f3w &#8211; zwr\u00f3cimy w\u00f3wczas tylko kwot\u0119 wynikaj\u0105ca z zap\u0142aconej ceny tych produkt\u00f3w<\/li>\n\n\n\n<li>Zwrot dotyczy\u0142 wszystkich produkt\u00f3w jednak wybrano inn\u0105 ni\u017c najta\u0144sz\u0105 form\u0119 dostawy &#8211; zwr\u00f3cimy kwot\u0119 odpowiadaj\u0105c\u0105 warto\u015bci produkt\u00f3w oraz warto\u015b\u0107 najta\u0144szej dostawy, kt\u00f3ra by\u0142a dost\u0119pna w\u00f3wczas w ofercie.<\/li>\n\n\n\n<li>Zwracane produkty s\u0105 niekompletne, uszkodzone lub nosz\u0105 \u015blady u\u017cytkowania wykraczaj\u0105ce poza to co niezb\u0119dne do oceny ich funkcjonalno\u015bci &#8211; w\u00f3wczas otrzymasz zwrot skorygowany o utrat\u0119 warto\u015bci towaru.<\/li>\n<\/ul>\n<\/li>\n<\/ul>\n<\/div><\/div>\n\n\n\n<p>W praktyce zwrotu \u015brodk\u00f3w dokonujemy w ci\u0105gu 24h od odebrania przesy\u0142ki zwrotnej.<\/p>\n\n\n\n<p><strong>Pami\u0119taj, \u017ce nie odebranie przesy\u0142ki nie jest odst\u0105pieniem od umowy, poniewa\u017c nie ka\u017cdy produkt podlega zwrotowi a tak\u017ce dlatego, \u017ce do wykonania zwrotu \u015brodk\u00f3w potrzebujemy wyra\u017anej deklaracji klienta.<\/strong><\/p>\n","protected":false},"excerpt":{"rendered":"<p>Ka\u017cdy sprzedawany przez nas produkt, kt\u00f3ry nie jest personalizowany (nie zosta\u0142 wykonany na zam\u00f3wienie lub zmodyfikowany na \u017cyczenie klienta)&nbsp;mo\u017cna zwr\u00f3ci\u0107 w ci\u0105gu 14 dni&nbsp;od momentu odebrania przesy\u0142ki. Je\u015bli zarejestrowa\u0142a\u015b\/e\u015b konto u\u017cytkownika podczas sk\u0142adania zam\u00f3wienia: Zwrot produktu mo\u017cesz zg\u0142osi\u0107 korzystaj\u0105c z panelu klienta. W dziale&nbsp;MOJE KONTO \u2013&gt; ZAM\u00d3WIENIA,&nbsp;przy wybranym zam\u00f3wieniu nacisn\u0105\u0107 przycisk ZWROT i wype\u0142ni\u0107 formularz [&hellip;]<\/p>\n","protected":false},"author":1,"featured_media":0,"parent":0,"menu_order":0,"comment_status":"closed","ping_status":"closed","template":"","meta":{"_acf_changed":false,"footnotes":""},"class_list":["post-3472","page","type-page","status-publish","hentry"],"acf":[],"yoast_head":"<!-- This site is optimized with the Yoast SEO plugin v27.5 - https:\/\/yoast.com\/product\/yoast-seo-wordpress\/ -->\n<title>Zwroty - Drewniana Magia<\/title>\n<meta name=\"robots\" content=\"index, follow, max-snippet:-1, max-image-preview:large, max-video-preview:-1\" \/>\n<link rel=\"canonical\" href=\"https:\/\/www.drewnianamagia.pl\/index.php\/zwroty\/\" \/>\n<meta property=\"og:locale\" content=\"pl_PL\" \/>\n<meta property=\"og:type\" content=\"article\" \/>\n<meta property=\"og:title\" content=\"Zwroty - Drewniana Magia\" \/>\n<meta property=\"og:description\" content=\"Ka\u017cdy sprzedawany przez nas produkt, kt\u00f3ry nie jest personalizowany (nie zosta\u0142 wykonany na zam\u00f3wienie lub zmodyfikowany na \u017cyczenie klienta)&nbsp;mo\u017cna zwr\u00f3ci\u0107 w ci\u0105gu 14 dni&nbsp;od momentu odebrania przesy\u0142ki. Je\u015bli zarejestrowa\u0142a\u015b\/e\u015b konto u\u017cytkownika podczas sk\u0142adania zam\u00f3wienia: Zwrot produktu mo\u017cesz zg\u0142osi\u0107 korzystaj\u0105c z panelu klienta. W dziale&nbsp;MOJE KONTO \u2013&gt; ZAM\u00d3WIENIA,&nbsp;przy wybranym zam\u00f3wieniu nacisn\u0105\u0107 przycisk ZWROT i wype\u0142ni\u0107 formularz [&hellip;]\" \/>\n<meta property=\"og:url\" content=\"https:\/\/www.drewnianamagia.pl\/index.php\/zwroty\/\" \/>\n<meta property=\"og:site_name\" content=\"Drewniana Magia\" \/>\n<meta property=\"article:publisher\" content=\"https:\/\/facebook.com\/BelasDrewnianaMagia\" \/>\n<meta property=\"article:modified_time\" content=\"2025-11-08T17:59:28+00:00\" \/>\n<meta name=\"twitter:card\" content=\"summary_large_image\" \/>\n<meta name=\"twitter:label1\" content=\"Szacowany czas czytania\" \/>\n\t<meta name=\"twitter:data1\" content=\"3 minuty\" \/>\n<script type=\"application\/ld+json\" class=\"yoast-schema-graph\">{\"@context\":\"https:\\\/\\\/schema.org\",\"@graph\":[{\"@type\":\"WebPage\",\"@id\":\"https:\\\/\\\/www.drewnianamagia.pl\\\/index.php\\\/zwroty\\\/\",\"url\":\"https:\\\/\\\/www.drewnianamagia.pl\\\/index.php\\\/zwroty\\\/\",\"name\":\"Zwroty - Drewniana Magia\",\"isPartOf\":{\"@id\":\"https:\\\/\\\/www.drewnianamagia.pl\\\/#website\"},\"datePublished\":\"2024-07-11T07:51:19+00:00\",\"dateModified\":\"2025-11-08T17:59:28+00:00\",\"breadcrumb\":{\"@id\":\"https:\\\/\\\/www.drewnianamagia.pl\\\/index.php\\\/zwroty\\\/#breadcrumb\"},\"inLanguage\":\"pl-PL\",\"potentialAction\":[{\"@type\":\"ReadAction\",\"target\":[\"https:\\\/\\\/www.drewnianamagia.pl\\\/index.php\\\/zwroty\\\/\"]}]},{\"@type\":\"BreadcrumbList\",\"@id\":\"https:\\\/\\\/www.drewnianamagia.pl\\\/index.php\\\/zwroty\\\/#breadcrumb\",\"itemListElement\":[{\"@type\":\"ListItem\",\"position\":1,\"name\":\"Strona g\u0142\u00f3wna\",\"item\":\"https:\\\/\\\/www.drewnianamagia.pl\\\/\"},{\"@type\":\"ListItem\",\"position\":2,\"name\":\"Zwroty\"}]},{\"@type\":\"WebSite\",\"@id\":\"https:\\\/\\\/www.drewnianamagia.pl\\\/#website\",\"url\":\"https:\\\/\\\/www.drewnianamagia.pl\\\/\",\"name\":\"Drewniana Magia\",\"description\":\"Personalizowane prezenty i dekoracje z drewna i druku 3D, na ka\u017cd\u0105 okazj\u0119 i okoliczno\u015b\u0107. Urodziny, Chrzest, Przyj\u0119cie, \u015awi\u0119ta, \u015alub\",\"publisher\":{\"@id\":\"https:\\\/\\\/www.drewnianamagia.pl\\\/#organization\"},\"potentialAction\":[{\"@type\":\"SearchAction\",\"target\":{\"@type\":\"EntryPoint\",\"urlTemplate\":\"https:\\\/\\\/www.drewnianamagia.pl\\\/?s={search_term_string}\"},\"query-input\":{\"@type\":\"PropertyValueSpecification\",\"valueRequired\":true,\"valueName\":\"search_term_string\"}}],\"inLanguage\":\"pl-PL\"},{\"@type\":\"Organization\",\"@id\":\"https:\\\/\\\/www.drewnianamagia.pl\\\/#organization\",\"name\":\"Drewniana Magia\",\"url\":\"https:\\\/\\\/www.drewnianamagia.pl\\\/\",\"logo\":{\"@type\":\"ImageObject\",\"inLanguage\":\"pl-PL\",\"@id\":\"https:\\\/\\\/www.drewnianamagia.pl\\\/#\\\/schema\\\/logo\\\/image\\\/\",\"url\":\"https:\\\/\\\/www.drewnianamagia.pl\\\/wp-content\\\/uploads\\\/2024\\\/02\\\/cropped-LOGO-DrewnianaMagia-375x188-1.png\",\"contentUrl\":\"https:\\\/\\\/www.drewnianamagia.pl\\\/wp-content\\\/uploads\\\/2024\\\/02\\\/cropped-LOGO-DrewnianaMagia-375x188-1.png\",\"width\":374,\"height\":188,\"caption\":\"Drewniana Magia\"},\"image\":{\"@id\":\"https:\\\/\\\/www.drewnianamagia.pl\\\/#\\\/schema\\\/logo\\\/image\\\/\"},\"sameAs\":[\"https:\\\/\\\/facebook.com\\\/BelasDrewnianaMagia\"]}]}<\/script>\n<!-- \/ Yoast SEO plugin. -->","yoast_head_json":{"title":"Zwroty - Drewniana Magia","robots":{"index":"index","follow":"follow","max-snippet":"max-snippet:-1","max-image-preview":"max-image-preview:large","max-video-preview":"max-video-preview:-1"},"canonical":"https:\/\/www.drewnianamagia.pl\/index.php\/zwroty\/","og_locale":"pl_PL","og_type":"article","og_title":"Zwroty - Drewniana Magia","og_description":"Ka\u017cdy sprzedawany przez nas produkt, kt\u00f3ry nie jest personalizowany (nie zosta\u0142 wykonany na zam\u00f3wienie lub zmodyfikowany na \u017cyczenie klienta)&nbsp;mo\u017cna zwr\u00f3ci\u0107 w ci\u0105gu 14 dni&nbsp;od momentu odebrania przesy\u0142ki. Je\u015bli zarejestrowa\u0142a\u015b\/e\u015b konto u\u017cytkownika podczas sk\u0142adania zam\u00f3wienia: Zwrot produktu mo\u017cesz zg\u0142osi\u0107 korzystaj\u0105c z panelu klienta. W dziale&nbsp;MOJE KONTO \u2013&gt; ZAM\u00d3WIENIA,&nbsp;przy wybranym zam\u00f3wieniu nacisn\u0105\u0107 przycisk ZWROT i wype\u0142ni\u0107 formularz [&hellip;]","og_url":"https:\/\/www.drewnianamagia.pl\/index.php\/zwroty\/","og_site_name":"Drewniana Magia","article_publisher":"https:\/\/facebook.com\/BelasDrewnianaMagia","article_modified_time":"2025-11-08T17:59:28+00:00","twitter_card":"summary_large_image","twitter_misc":{"Szacowany czas czytania":"3 minuty"},"schema":{"@context":"https:\/\/schema.org","@graph":[{"@type":"WebPage","@id":"https:\/\/www.drewnianamagia.pl\/index.php\/zwroty\/","url":"https:\/\/www.drewnianamagia.pl\/index.php\/zwroty\/","name":"Zwroty - Drewniana Magia","isPartOf":{"@id":"https:\/\/www.drewnianamagia.pl\/#website"},"datePublished":"2024-07-11T07:51:19+00:00","dateModified":"2025-11-08T17:59:28+00:00","breadcrumb":{"@id":"https:\/\/www.drewnianamagia.pl\/index.php\/zwroty\/#breadcrumb"},"inLanguage":"pl-PL","potentialAction":[{"@type":"ReadAction","target":["https:\/\/www.drewnianamagia.pl\/index.php\/zwroty\/"]}]},{"@type":"BreadcrumbList","@id":"https:\/\/www.drewnianamagia.pl\/index.php\/zwroty\/#breadcrumb","itemListElement":[{"@type":"ListItem","position":1,"name":"Strona g\u0142\u00f3wna","item":"https:\/\/www.drewnianamagia.pl\/"},{"@type":"ListItem","position":2,"name":"Zwroty"}]},{"@type":"WebSite","@id":"https:\/\/www.drewnianamagia.pl\/#website","url":"https:\/\/www.drewnianamagia.pl\/","name":"Drewniana Magia","description":"Personalizowane prezenty i dekoracje z drewna i druku 3D, na ka\u017cd\u0105 okazj\u0119 i okoliczno\u015b\u0107. Urodziny, Chrzest, Przyj\u0119cie, \u015awi\u0119ta, \u015alub","publisher":{"@id":"https:\/\/www.drewnianamagia.pl\/#organization"},"potentialAction":[{"@type":"SearchAction","target":{"@type":"EntryPoint","urlTemplate":"https:\/\/www.drewnianamagia.pl\/?s={search_term_string}"},"query-input":{"@type":"PropertyValueSpecification","valueRequired":true,"valueName":"search_term_string"}}],"inLanguage":"pl-PL"},{"@type":"Organization","@id":"https:\/\/www.drewnianamagia.pl\/#organization","name":"Drewniana Magia","url":"https:\/\/www.drewnianamagia.pl\/","logo":{"@type":"ImageObject","inLanguage":"pl-PL","@id":"https:\/\/www.drewnianamagia.pl\/#\/schema\/logo\/image\/","url":"https:\/\/www.drewnianamagia.pl\/wp-content\/uploads\/2024\/02\/cropped-LOGO-DrewnianaMagia-375x188-1.png","contentUrl":"https:\/\/www.drewnianamagia.pl\/wp-content\/uploads\/2024\/02\/cropped-LOGO-DrewnianaMagia-375x188-1.png","width":374,"height":188,"caption":"Drewniana Magia"},"image":{"@id":"https:\/\/www.drewnianamagia.pl\/#\/schema\/logo\/image\/"},"sameAs":["https:\/\/facebook.com\/BelasDrewnianaMagia"]}]}},"_links":{"self":[{"href":"https:\/\/www.drewnianamagia.pl\/index.php\/wp-json\/wp\/v2\/pages\/3472","targetHints":{"allow":["GET"]}}],"collection":[{"href":"https:\/\/www.drewnianamagia.pl\/index.php\/wp-json\/wp\/v2\/pages"}],"about":[{"href":"https:\/\/www.drewnianamagia.pl\/index.php\/wp-json\/wp\/v2\/types\/page"}],"author":[{"embeddable":true,"href":"https:\/\/www.drewnianamagia.pl\/index.php\/wp-json\/wp\/v2\/users\/1"}],"replies":[{"embeddable":true,"href":"https:\/\/www.drewnianamagia.pl\/index.php\/wp-json\/wp\/v2\/comments?post=3472"}],"version-history":[{"count":1,"href":"https:\/\/www.drewnianamagia.pl\/index.php\/wp-json\/wp\/v2\/pages\/3472\/revisions"}],"predecessor-version":[{"id":9044,"href":"https:\/\/www.drewnianamagia.pl\/index.php\/wp-json\/wp\/v2\/pages\/3472\/revisions\/9044"}],"wp:attachment":[{"href":"https:\/\/www.drewnianamagia.pl\/index.php\/wp-json\/wp\/v2\/media?parent=3472"}],"curies":[{"name":"wp","href":"https:\/\/api.w.org\/{rel}","templated":true}]}}